{"id":139121,"date":"2025-09-19T08:26:50","date_gmt":"2025-09-19T08:26:50","guid":{"rendered":"https:\/\/store.evolve-fitness.eu\/product\/evolve-begimo-takelis-su-konsole-300-led\/"},"modified":"2026-02-03T11:59:14","modified_gmt":"2026-02-03T11:59:14","slug":"evolve-begimo-takelis-su-konsole-300-led","status":"publish","type":"product","link":"https:\/\/store.evolve-fitness.eu\/lt\/produktas\/evolve-begimo-takelis-su-konsole-300-led\/","title":{"rendered":"&#8222;Evolve&#8221; b\u0117gimo takelis su konsole 300 LED"},"content":{"rendered":"\n<section class=\"wp-block-group alignfull black-content has-white-color has-darkgray-background-color has-text-color has-background is-layout-constrained wp-block-group-is-layout-constrained\" style=\"padding-top:var(--wp--preset--spacing--section-bottom);padding-bottom:var(--wp--preset--spacing--section-bottom)\">\n<div class=\"wp-block-columns alignwide is-layout-flex wp-container-core-columns-is-layout-c45ee707 wp-block-columns-is-layout-flex\" style=\"margin-bottom:var(--wp--preset--spacing--side-padding);padding-top:var(--wp--preset--spacing--side-padding)\">\n<div class=\"wp-block-column is-vertically-aligned-center is-layout-flow wp-block-column-is-layout-flow\">\n<figure class=\"wp-block-image size-full is-style-rounded\"><img decoding=\"async\" src=\"https:\/\/evolve-fitness.eu\/wp-content\/uploads\/2025\/08\/Dizainas-be-pavadinimo-17.png\" alt=\"\" class=\"wp-image-204169\"\/><\/figure>\n<\/div>\n\n\n\n<div class=\"wp-block-column is-vertically-aligned-center is-layout-flow wp-block-column-is-layout-flow\">\n<h3 class=\"wp-block-heading\" style=\"margin-bottom:var(--wp--preset--spacing--h-3-bottom)\"><strong><strong>Funkcionalumas ir patogumas<\/strong><\/strong><\/h3>\n\n\n\n<p style=\"margin-bottom:var(--wp--preset--spacing--tb-section-padding)\">\u0160is modelis pasi\u017eymi paprastu valdymu ir ergonomi\u0161ku dizainu. Erdvus b\u0117gimo pavir\u0161ius u\u017etikrina komfort\u0105 \u012fvairaus \u016bgio ir fizinio pasirengimo lygio naudotojams, o tvirtas r\u0117mas u\u017etikrina stabilum\u0105 ir saugum\u0105 kiekvienos treniruot\u0117s metu. <\/p>\n<\/div>\n<\/div>\n\n\n\n<div class=\"wp-block-columns alignwide are-vertically-aligned-center mobile-reverse is-layout-flex wp-container-core-columns-is-layout-e8158c2f wp-block-columns-is-layout-flex\" style=\"padding-top:var(--wp--preset--spacing--side-padding)\">\n<div class=\"wp-block-column is-vertically-aligned-center is-layout-flow wp-block-column-is-layout-flow\">\n<h3 class=\"wp-block-heading\" style=\"margin-bottom:var(--wp--preset--spacing--h-3-bottom)\"><strong><strong><strong><strong><strong>Belaidis mobiliojo telefono \u012fkrovimas<\/strong><\/strong><\/strong><\/strong><\/strong><\/h3>\n\n\n\n<p style=\"margin-bottom:var(--wp--preset--spacing--tb-section-padding)\">B\u016bkite prisijung\u0119 ir \u012fkrauti savo sveikatingumo kelion\u0117je su &#8222;Evolve&#8221; b\u0117gimo takeliu su LED pulteliu 300 LED naujovi\u0161ka belaid\u017eio mobiliojo telefono \u012fkrovimo funkcija. B\u0117gdami b\u0117gimo takeliu \u012fveikite savo galimybi\u0173 ribas ir be vargo \u012fkraukite savo mobil\u0173j\u012f \u012frengin\u012f. \u0160is pa\u017eangiausias priedas u\u017etikrina, kad treniruot\u0117s nenutr\u016bkt\u0173 ir gal\u0117tum\u0117te naudotis m\u0117gstamomis program\u0117l\u0117mis, melodijomis ir turiniu, o \u012frenginys b\u016bt\u0173 paruo\u0161tas darbui. Patirkite fitneso ir technologij\u0173 sintez\u0119, kai belaid\u017eiu ry\u0161iu \u012fkraunate telefon\u0105 ir i\u0161 naujo apibr\u0117\u017eiate patogum\u0105 \u0161iuolaikiniam fitneso entuziastui.<\/p>\n<\/div>\n\n\n\n<div class=\"wp-block-column is-vertically-aligned-center is-layout-flow wp-block-column-is-layout-flow\">\n<figure class=\"wp-block-image size-large is-style-rounded\"><img decoding=\"async\" src=\"https:\/\/evolve-fitness.eu\/wp-content\/uploads\/2025\/08\/EV-TM-HT-300-LED1-1024x1024.png\" alt=\"\" class=\"wp-image-204932\"\/><\/figure>\n<\/div>\n<\/div>\n<\/section>\n\n<section class=\"wp-block-group alignfull black-content has-white-color has-darkgray-background-color has-text-color has-background is-layout-constrained wp-block-group-is-layout-constrained\" style=\"padding-top:var(--wp--preset--spacing--section-bottom);padding-bottom:var(--wp--preset--spacing--section-bottom)\">\n<div class=\"wp-block-columns alignwide is-layout-flex wp-container-core-columns-is-layout-c45ee707 wp-block-columns-is-layout-flex\" style=\"margin-bottom:var(--wp--preset--spacing--side-padding);padding-top:var(--wp--preset--spacing--side-padding)\">\n<div class=\"wp-block-column is-vertically-aligned-center is-layout-flow wp-block-column-is-layout-flow\">\n<figure class=\"wp-block-image size-full is-style-rounded\"><img decoding=\"async\" src=\"https:\/\/evolve-fitness.eu\/wp-content\/uploads\/2025\/08\/EV-TM-HT-300-LED-2-scaled.png\" alt=\"\" class=\"wp-image-206107\"\/><\/figure>\n<\/div>\n\n\n\n<div class=\"wp-block-column is-vertically-aligned-center is-layout-flow wp-block-column-is-layout-flow\">\n<h3 class=\"wp-block-heading\" style=\"margin-bottom:var(--wp--preset--spacing--h-3-bottom)\"><strong><strong><strong><strong><strong><strong>Sulankstomas ir taupantis viet\u0105<\/strong><\/strong><\/strong><\/strong><\/strong><\/strong><\/h3>\n\n\n\n<p style=\"margin-bottom:var(--wp--preset--spacing--tb-section-padding)\">Po kiekvienos treniruot\u0117s lengvai sulankstykite b\u0117gimo takel\u012f ir perkelkite j\u012f \u012f kit\u0105 viet\u0105 naudodami \u012fmontuotus transportavimo ratukus. Tai prakti\u0161kas vietos taupymo sprendimas, kuris puikiai dera prie bet kokios nam\u0173 sporto sal\u0117s \u012frangos.<\/p>\n<\/div>\n<\/div>\n\n\n\n<div class=\"wp-block-columns alignwide are-vertically-aligned-center mobile-reverse is-layout-flex wp-container-core-columns-is-layout-e8158c2f wp-block-columns-is-layout-flex\" style=\"padding-top:var(--wp--preset--spacing--side-padding)\">\n<div class=\"wp-block-column is-vertically-aligned-center is-layout-flow wp-block-column-is-layout-flow\">\n<h3 class=\"wp-block-heading\" style=\"margin-bottom:var(--wp--preset--spacing--h-3-bottom)\"><strong><strong><strong><strong><strong>LED konsol\u0117 &#8211; paprasta ir funkcionali<\/strong><\/strong><\/strong><\/strong><\/strong><\/h3>\n\n\n\n<p style=\"margin-bottom:var(--wp--preset--spacing--tb-section-padding)\">LED ekranas su <strong>4 jutikliniais mygtukais<\/strong> u\u017etikrina greit\u0105 ir intuityv\u0173 valdym\u0105. Su <strong>&#8222;Bluetooth&#8221; ry\u0161iu<\/strong>, <strong>\u0161irdies ritmo steb\u0117jimo<\/strong> funkcija ir <strong>ERP funkcija,<\/strong> skirta efektyviam rezultat\u0173 steb\u0117jimui, konsol\u0117 u\u017etikrina patogum\u0105 ir tikslum\u0105 kiekvienos treniruot\u0117s metu. <\/p>\n<\/div>\n\n\n\n<div class=\"wp-block-column is-vertically-aligned-center is-layout-flow wp-block-column-is-layout-flow\">\n<figure class=\"wp-block-image size-large is-style-rounded\"><img decoding=\"async\" src=\"https:\/\/evolve-fitness.eu\/wp-content\/uploads\/2025\/08\/300-LED-1024x1024.png\" alt=\"\" class=\"wp-image-206133\"\/><\/figure>\n<\/div>\n<\/div>\n<\/section>\n\n<section class=\"wp-block-group alignfull black-content has-white-color has-darkgray-background-color has-text-color has-background is-layout-constrained wp-block-group-is-layout-constrained\" style=\"padding-top:var(--wp--preset--spacing--section-bottom);padding-bottom:var(--wp--preset--spacing--section-bottom)\">\n<div class=\"wp-block-columns alignwide are-vertically-aligned-center is-layout-flex wp-container-core-columns-is-layout-e8158c2f wp-block-columns-is-layout-flex\" style=\"padding-top:var(--wp--preset--spacing--side-padding)\">\n<div class=\"wp-block-column is-vertically-aligned-center is-layout-flow wp-block-column-is-layout-flow\">\n<figure class=\"wp-block-image aligncenter size-full is-style-rounded\"><img decoding=\"async\" src=\"https:\/\/evolve-fitness.eu\/wp-content\/uploads\/2023\/08\/EV-HT-350-LED-7.jpg\" alt=\"\" class=\"wp-image-2609\"\/><\/figure>\n<\/div>\n\n\n\n<div class=\"wp-block-column is-vertically-aligned-center is-layout-flow wp-block-column-is-layout-flow\">\n<h3 class=\"wp-block-heading\" style=\"margin-bottom:var(--wp--preset--spacing--h-3-bottom)\"><strong><strong>\u0160irdies ritmo steb\u0117jimas<\/strong><\/strong><\/h3>\n\n\n\n<p><strong><em><strong>I\u0161manusis fitnesas<\/strong><\/em><\/strong><\/p>\n\n\n\n<p style=\"margin-bottom:var(--wp--preset--spacing--tb-section-padding)\">Steb\u0117kite savo \u0161irdies ritm\u0105, kad gal\u0117tum\u0117te optimizuoti treniruot\u0119. \u0160irdies ritmo sekimas ne tik padeda i\u0161vengti per didelio fizinio kr\u016bvio, bet ir leid\u017eia pasiekti tam tikras treniruo\u010di\u0173 zonas, taip padidinant \u0161irdies ir kraujagysli\u0173 treniruo\u010di\u0173 ir kalorij\u0173 deginimo seans\u0173 efektyvum\u0105.<\/p>\n<\/div>\n<\/div>\n\n\n\n<div class=\"wp-block-columns alignwide are-vertically-aligned-center is-layout-flex wp-container-core-columns-is-layout-e8158c2f wp-block-columns-is-layout-flex\" style=\"padding-top:var(--wp--preset--spacing--side-padding)\">\n<div class=\"wp-block-column is-vertically-aligned-center is-layout-flow wp-block-column-is-layout-flow\">\n<h3 class=\"wp-block-heading\" style=\"margin-bottom:var(--wp--preset--spacing--h-3-bottom)\"><strong><strong><strong><strong>B\u016bkite hidratuoti ir organizuoti<\/strong><\/strong><\/strong><\/strong><\/h3>\n\n\n\n<p><strong><em><strong>Vandens buteli\u0173 ir pried\u0173 laikikliai<\/strong><\/em><\/strong><\/p>\n\n\n\n<p style=\"margin-bottom:var(--wp--preset--spacing--tb-section-padding)\">I\u0161 abiej\u0173 pusi\u0173 integruoti laikikliai m\u0117gstamiausiems g\u0117rimams ir saugios vietos, padengtos neslid\u017eiais ra\u0161tais, treniruo\u010di\u0173 reikmenims laikyti. Viskas, ko reikia, bus pasiekiama ranka.<\/p>\n<\/div>\n\n\n\n<div class=\"wp-block-column is-vertically-aligned-center is-layout-flow wp-block-column-is-layout-flow\">\n<figure class=\"wp-block-image aligncenter size-full is-style-rounded\"><img decoding=\"async\" src=\"https:\/\/evolve-fitness.eu\/wp-content\/uploads\/2023\/08\/EV-HT-350-LED-8.jpg\" alt=\"\" class=\"wp-image-2611\"\/><\/figure>\n<\/div>\n<\/div>\n<\/section>\n\n<section class=\"wp-block-group alignfull black-content has-white-color has-darkgray-background-color has-text-color has-background is-layout-constrained wp-block-group-is-layout-constrained\" style=\"padding-top:var(--wp--preset--spacing--section-bottom);padding-bottom:var(--wp--preset--spacing--section-bottom)\">\n<div class=\"wp-block-columns alignwide are-vertically-aligned-center is-layout-flex wp-container-core-columns-is-layout-e8158c2f wp-block-columns-is-layout-flex\" style=\"padding-top:var(--wp--preset--spacing--side-padding)\">\n<div class=\"wp-block-column is-vertically-aligned-center is-layout-flow wp-block-column-is-layout-flow\">\n<figure class=\"wp-block-image aligncenter size-full is-style-rounded\"><img decoding=\"async\" src=\"https:\/\/evolve-fitness.eu\/wp-content\/uploads\/2023\/08\/EV-HT-350-LED-10.jpg\" alt=\"\" class=\"wp-image-2613\"\/><\/figure>\n<\/div>\n\n\n\n<div class=\"wp-block-column is-vertically-aligned-center is-layout-flow wp-block-column-is-layout-flow\">\n<h3 class=\"wp-block-heading\" style=\"margin-bottom:var(--wp--preset--spacing--h-3-bottom)\"><strong><strong><strong>Saugos raktas<\/strong><\/strong><\/strong><\/h3>\n\n\n\n<p><strong><em><strong><strong>Pirmenyb\u0119 teikite savo saugumui<\/strong><\/strong><\/em><\/strong><\/p>\n\n\n\n<p style=\"margin-bottom:var(--wp--preset--spacing--tb-section-padding)\">Prie\u0161 kiekvien\u0105 treniruot\u0119 prie drabu\u017ei\u0173 prisekite raudon\u0105 saugos rakt\u0105. Esant avarinei situacijai, apsauginis raktas i\u0161sijungia, tod\u0117l b\u0117gimo takelis i\u0161 karto sustoja. J\u016bs\u0173 saugumas mums yra svarbiausia.<\/p>\n<\/div>\n<\/div>\n<\/section>\n","protected":false},"excerpt":{"rendered":"<p>&#8222;Evolve EV-TM-HT-300-LED&#8221; yra patikimas b\u0117gimo takelis, skirtas tiek nam\u0173 fitneso entuziastams, tiek komercin\u0117ms sporto sal\u0117ms. Jame \u012frengta ai\u0161ki LED konsol\u0117, leid\u017eianti naudotojams lengvai steb\u0117ti treniruo\u010di\u0173 parametrus, tokius kaip greitis, laikas, atstumas, kalorijos ir \u0161irdies ritmas. <\/p>\n","protected":false},"featured_media":136135,"template":"","meta":{"_acf_changed":false,"inline_featured_image":false},"product_cat":[117,137,157],"product_tag":[2319],"class_list":{"0":"post-139121","1":"product","2":"type-product","3":"status-publish","4":"has-post-thumbnail","6":"product_cat-pagrindinis-puslapis","7":"product_cat-kardio-iranga","8":"product_cat-namu-kardio-iranga","9":"product_tag-kardio-iranga","11":"first","12":"instock","13":"shipping-taxable","14":"purchasable","15":"product-type-simple"},"acf":[],"_links":{"self":[{"href":"https:\/\/store.evolve-fitness.eu\/lt\/wp-json\/wp\/v2\/product\/139121","targetHints":{"allow":["GET"]}}],"collection":[{"href":"https:\/\/store.evolve-fitness.eu\/lt\/wp-json\/wp\/v2\/product"}],"about":[{"href":"https:\/\/store.evolve-fitness.eu\/lt\/wp-json\/wp\/v2\/types\/product"}],"wp:featuredmedia":[{"embeddable":true,"href":"https:\/\/store.evolve-fitness.eu\/lt\/wp-json\/wp\/v2\/media\/136135"}],"wp:attachment":[{"href":"https:\/\/store.evolve-fitness.eu\/lt\/wp-json\/wp\/v2\/media?parent=139121"}],"wp:term":[{"taxonomy":"product_cat","embeddable":true,"href":"https:\/\/store.evolve-fitness.eu\/lt\/wp-json\/wp\/v2\/product_cat?post=139121"},{"taxonomy":"product_tag","embeddable":true,"href":"https:\/\/store.evolve-fitness.eu\/lt\/wp-json\/wp\/v2\/product_tag?post=139121"}],"curies":[{"name":"wp","href":"https:\/\/api.w.org\/{rel}","templated":true}]}}