{"id":139052,"date":"2025-09-19T10:53:24","date_gmt":"2025-09-19T10:53:24","guid":{"rendered":"https:\/\/store.evolve-fitness.eu\/product\/evolve-begimo-takelis-su-238-coliu-tft-pultu\/"},"modified":"2026-04-02T12:00:46","modified_gmt":"2026-04-02T12:00:46","slug":"evolve-begimo-takelis-su-238-coliu-tft-pultu","status":"publish","type":"product","link":"https:\/\/store.evolve-fitness.eu\/lt\/produktas\/evolve-begimo-takelis-su-238-coliu-tft-pultu\/","title":{"rendered":"&#8222;Evolve&#8221; b\u0117gimo takelis su 23,8 coli\u0173 TFT pultu"},"content":{"rendered":"\n<section class=\"wp-block-group alignfull black-content has-white-color has-darkgray-background-color has-text-color has-background is-layout-constrained wp-block-group-is-layout-constrained\" style=\"padding-top:var(--wp--preset--spacing--section-bottom);padding-bottom:var(--wp--preset--spacing--section-bottom)\">\n<div class=\"wp-block-columns alignwide is-layout-flex wp-container-core-columns-is-layout-c45ee707 wp-block-columns-is-layout-flex\" style=\"margin-bottom:var(--wp--preset--spacing--side-padding);padding-top:var(--wp--preset--spacing--side-padding)\">\n<div class=\"wp-block-column is-vertically-aligned-center is-layout-flow wp-block-column-is-layout-flow\">\n<figure class=\"wp-block-image size-full is-style-rounded\"><img decoding=\"async\" src=\"https:\/\/evolve-fitness.eu\/wp-content\/uploads\/2025\/08\/Dizainas-be-pavadinimo-18.png\" alt=\"\" class=\"wp-image-204321\"\/><\/figure>\n<\/div>\n\n\n\n<div class=\"wp-block-column is-vertically-aligned-center is-layout-flow wp-block-column-is-layout-flow\">\n<h3 class=\"wp-block-heading\" style=\"margin-bottom:var(--wp--preset--spacing--h-3-bottom)\"><strong><strong>Veikimas ir sauga<\/strong><\/strong><\/h3>\n\n\n\n<p style=\"margin-bottom:var(--wp--preset--spacing--tb-section-padding)\">Konsol\u0117 gali pasiekti <strong>1,0-20 km\/val. gre<\/strong> it\u012f ir <strong>0-15 %<\/strong> nuolyd\u012f, tod\u0117l ja galima naudotis nuo lengvo \u0117jimo iki intensyvaus b\u0117gimo. \u012emontuotos saugos sistemos apima apsaug\u0105 nuo perkrovos ir vir\u0161\u012ftampi\u0173, apsaugos nuo grei\u010dio ir elektromagnetini\u0173 trukd\u017ei\u0173 funkcijas. <\/p>\n<\/div>\n<\/div>\n\n\n\n<div class=\"wp-block-columns alignwide are-vertically-aligned-center mobile-reverse is-layout-flex wp-container-core-columns-is-layout-e8158c2f wp-block-columns-is-layout-flex\" style=\"padding-top:var(--wp--preset--spacing--side-padding)\">\n<div class=\"wp-block-column is-vertically-aligned-center is-layout-flow wp-block-column-is-layout-flow\">\n<h3 class=\"wp-block-heading\" style=\"margin-bottom:var(--wp--preset--spacing--h-3-bottom)\"><strong><strong><strong><strong><strong><strong><strong><strong><strong>Belaidis mobiliojo telefono \u012fkrovimas<\/strong><\/strong><\/strong><\/strong><\/strong><\/strong><\/strong><\/strong><\/strong>     <\/h3>\n\n\n\n<p style=\"margin-bottom:var(--wp--preset--spacing--tb-section-padding)\">B\u016bkite prisijung\u0119 ir \u012fkrauti savo sveikatingumo kelion\u0117je su &#8222;Evolve&#8221; b\u0117gimo takeliu su 23,8 colio TFT konsole, turin\u010dia naujovi\u0161k\u0105 belaid\u017eio mobiliojo telefono \u012fkrovimo funkcij\u0105. B\u0117gdami b\u0117gimo takeliu \u012fveikite savo galimybi\u0173 ribas ir be vargo \u012fkraukite savo mobil\u0173j\u012f \u012frengin\u012f. \u0160is pa\u017eangiausias priedas u\u017etikrina, kad treniruot\u0117s nenutr\u016bkt\u0173 ir gal\u0117tum\u0117te naudotis m\u0117gstamomis program\u0117l\u0117mis, melodijomis ir turiniu, o \u012frenginys b\u016bt\u0173 paruo\u0161tas darbui. Patirkite fitneso ir technologij\u0173 sintez\u0119, kai belaid\u017eiu ry\u0161iu \u012fkraunate telefon\u0105 ir i\u0161 naujo apibr\u0117\u017eiate patogum\u0105 \u0161iuolaikiniam fitneso entuziastui.<\/p>\n<\/div>\n\n\n\n<div class=\"wp-block-column is-vertically-aligned-center is-layout-flow wp-block-column-is-layout-flow\">\n<figure class=\"wp-block-image size-large is-style-rounded\"><img decoding=\"async\" src=\"https:\/\/evolve-fitness.eu\/wp-content\/uploads\/2025\/08\/EV-TM-HT-300-TFT-1-1024x1024.png\" alt=\"\" class=\"wp-image-204959\"\/><\/figure>\n<\/div>\n<\/div>\n<\/section>\n\n<section class=\"wp-block-group alignfull black-content has-white-color has-darkgray-background-color has-text-color has-background is-layout-constrained wp-block-group-is-layout-constrained\" style=\"padding-top:var(--wp--preset--spacing--section-bottom);padding-bottom:var(--wp--preset--spacing--section-bottom)\">\n<div class=\"wp-block-columns alignwide is-layout-flex wp-container-core-columns-is-layout-c45ee707 wp-block-columns-is-layout-flex\" style=\"margin-bottom:var(--wp--preset--spacing--side-padding);padding-top:var(--wp--preset--spacing--side-padding)\">\n<div class=\"wp-block-column is-vertically-aligned-center is-layout-flow wp-block-column-is-layout-flow\">\n<figure class=\"wp-block-image size-full is-style-rounded\"><img decoding=\"async\" src=\"https:\/\/evolve-fitness.eu\/wp-content\/uploads\/2025\/08\/Dizainas-be-pavadinimo-23-scaled.png\" alt=\"\" class=\"wp-image-205036\"\/><\/figure>\n<\/div>\n\n\n\n<div class=\"wp-block-column is-vertically-aligned-center is-layout-flow wp-block-column-is-layout-flow\">\n<h3 class=\"wp-block-heading\" style=\"margin-bottom:var(--wp--preset--spacing--h-3-bottom)\"><strong><strong><strong>I\u0161maniosios pramogos ir ry\u0161iai<\/strong><\/strong><\/strong><\/h3>\n\n\n\n<p style=\"margin-bottom:var(--wp--preset--spacing--tb-section-padding)\">M\u0117gaukit\u0117s treniruot\u0117mis su integruotomis pramog\u0173 ir ry\u0161io funkcijomis. Naudokit\u0117s tokiomis program\u0117l\u0117mis kaip <strong>&#8222;YouTube&#8221;, &#8222;Netflix&#8221;, &#8222;Spotify&#8221;, &#8222;TikTok&#8221;, &#8222;Chrome&#8221;, &#8222;Instagram&#8221; ir &#8222;Facebook&#8221;<\/strong>, prisijunkite prie &#8222;Wi-Fi&#8221; arba susiekite \u012frenginius per &#8222;Bluetooth&#8221;, kad gal\u0117tum\u0117te steb\u0117ti \u0161irdies ritm\u0105 ir u\u017etikrinti skland\u017ei\u0105 integracij\u0105. <br\/><\/p>\n<\/div>\n<\/div>\n<\/section>\n\n<section class=\"wp-block-group alignfull black-content has-white-color has-darkgray-background-color has-text-color has-background is-layout-constrained wp-block-group-is-layout-constrained\" style=\"padding-top:var(--wp--preset--spacing--section-bottom);padding-bottom:var(--wp--preset--spacing--section-bottom)\">\n<div class=\"wp-block-columns alignwide are-vertically-aligned-center mobile-reverse is-layout-flex wp-container-core-columns-is-layout-e8158c2f wp-block-columns-is-layout-flex\" style=\"padding-top:var(--wp--preset--spacing--side-padding)\">\n<div class=\"wp-block-column is-vertically-aligned-center is-layout-flow wp-block-column-is-layout-flow\">\n<h3 class=\"wp-block-heading\" style=\"margin-bottom:var(--wp--preset--spacing--h-3-bottom)\"><strong><strong><strong><strong><strong><strong><strong><strong><strong>Konsol\u0117 &#8211; i\u0161maniosios treniruot\u0117s, nesibaigian\u010dios pramogos<\/strong><\/strong><\/strong><\/strong><\/strong><\/strong><\/strong><\/strong><\/strong><\/h3>\n\n\n\n<p style=\"margin-bottom:var(--wp--preset--spacing--tb-section-padding)\"><strong>23,8 coli\u0173 TFT konsol\u0117je<\/strong> su 1504 \u00d7 2560 px skiriam\u0105ja geba suderintos pa\u017eangios treniruo\u010di\u0173 funkcijos ir sklandus ry\u0161ys bei daugialyp\u0117 terp\u0117. Vartotojai gali rinktis <g id=\"gid_1\">greito paleidimo, programos, tikslo (laikas, atstumas, kalorijos, HR, KMI) ir realios scenos re\u017eimus,<\/g> kad treniruot\u0117s b\u016bt\u0173 individualizuotos. Veikia <strong>&#8222;Android 12&#8221;<\/strong> su <strong>2 GB RAM<\/strong> ir <strong>8 GB atminties (3 GB laisvos)<\/strong>, palaiko <strong>&#8222;Wi-Fi&#8221;<\/strong>, <strong>&#8222;Bluetooth&#8221;<\/strong> (HR monitoriams ir i\u0161maniesiems \u012frenginiams) ir <strong>prisijungim\u0105 prie naudotojo paskyros<\/strong>.    <\/p>\n<\/div>\n\n\n\n<div class=\"wp-block-column is-vertically-aligned-center is-layout-flow wp-block-column-is-layout-flow\">\n<figure class=\"wp-block-image size-large is-style-rounded\"><img decoding=\"async\" src=\"https:\/\/evolve-fitness.eu\/wp-content\/uploads\/2025\/08\/EV-TM-HT-300-TFT-1-1024x1024.png\" alt=\"\" class=\"wp-image-204959\"\/><\/figure>\n<\/div>\n<\/div>\n<\/section>\n\n<section class=\"wp-block-group alignfull black-content has-white-color has-darkgray-background-color has-text-color has-background is-layout-constrained wp-block-group-is-layout-constrained\" style=\"padding-top:var(--wp--preset--spacing--section-bottom);padding-bottom:var(--wp--preset--spacing--section-bottom)\">\n<div class=\"wp-block-columns alignwide is-layout-flex wp-container-core-columns-is-layout-c45ee707 wp-block-columns-is-layout-flex\" style=\"margin-bottom:var(--wp--preset--spacing--side-padding);padding-top:var(--wp--preset--spacing--side-padding)\">\n<div class=\"wp-block-column is-vertically-aligned-center is-layout-flow wp-block-column-is-layout-flow\">\n<figure class=\"wp-block-image size-full is-style-rounded\"><img decoding=\"async\" src=\"https:\/\/evolve-fitness.eu\/wp-content\/uploads\/2025\/08\/300TFT-scaled.png\" alt=\"\" class=\"wp-image-206158\"\/><\/figure>\n<\/div>\n\n\n\n<div class=\"wp-block-column is-vertically-aligned-center is-layout-flow wp-block-column-is-layout-flow\">\n<h3 class=\"wp-block-heading\" style=\"margin-bottom:var(--wp--preset--spacing--h-3-bottom)\"><strong><strong><strong><strong><strong><strong>Sulankstomas ir taupantis viet\u0105<\/strong><\/strong><\/strong><\/strong><\/strong><\/strong><\/h3>\n\n\n\n<p style=\"margin-bottom:var(--wp--preset--spacing--tb-section-padding)\">Po kiekvienos treniruot\u0117s lengvai sulankstykite b\u0117gimo takel\u012f ir perkelkite j\u012f \u012f kit\u0105 viet\u0105 naudodami \u012fmontuotus transportavimo ratukus. Tai prakti\u0161kas vietos taupymo sprendimas, kuris puikiai dera prie bet kokios nam\u0173 sporto sal\u0117s \u012frangos.<\/p>\n<\/div>\n<\/div>\n\n\n\n<section class=\"wp-block-group alignfull black-content has-white-color has-darkgray-background-color has-text-color has-background is-layout-constrained wp-block-group-is-layout-constrained\" style=\"padding-top:var(--wp--preset--spacing--section-bottom);padding-bottom:var(--wp--preset--spacing--section-bottom)\">\n<div class=\"wp-block-columns alignwide are-vertically-aligned-center is-layout-flex wp-container-core-columns-is-layout-e8158c2f wp-block-columns-is-layout-flex\" style=\"padding-top:var(--wp--preset--spacing--side-padding)\">\n<div class=\"wp-block-column is-vertically-aligned-center is-layout-flow wp-block-column-is-layout-flow\">\n<figure class=\"wp-block-image aligncenter size-full is-style-rounded\"><img decoding=\"async\" src=\"https:\/\/evolve-fitness.eu\/wp-content\/uploads\/2023\/08\/EV-HT-350-LED-7.jpg\" alt=\"\" class=\"wp-image-2609\"\/><\/figure>\n<\/div>\n\n\n\n<div class=\"wp-block-column is-vertically-aligned-center is-layout-flow wp-block-column-is-layout-flow\">\n<h3 class=\"wp-block-heading\" style=\"margin-bottom:var(--wp--preset--spacing--h-3-bottom)\"><strong><strong>\u0160irdies ritmo steb\u0117jimas<\/strong><\/strong><\/h3>\n\n\n\n<p><strong><em><strong>I\u0161manusis fitnesas<\/strong><\/em><\/strong><\/p>\n\n\n\n<p style=\"margin-bottom:var(--wp--preset--spacing--tb-section-padding)\">Steb\u0117kite savo \u0161irdies ritm\u0105, kad gal\u0117tum\u0117te optimizuoti treniruot\u0119. \u0160irdies ritmo sekimas ne tik padeda i\u0161vengti per didelio fizinio kr\u016bvio, bet ir leid\u017eia pasiekti tam tikras treniruo\u010di\u0173 zonas, taip padidinant \u0161irdies ir kraujagysli\u0173 treniruo\u010di\u0173 ir kalorij\u0173 deginimo seans\u0173 efektyvum\u0105.<\/p>\n<\/div>\n<\/div>\n\n\n\n<div class=\"wp-block-columns alignwide are-vertically-aligned-center is-layout-flex wp-container-core-columns-is-layout-e8158c2f wp-block-columns-is-layout-flex\" style=\"padding-top:var(--wp--preset--spacing--side-padding)\">\n<div class=\"wp-block-column is-vertically-aligned-center is-layout-flow wp-block-column-is-layout-flow\">\n<h3 class=\"wp-block-heading\" style=\"margin-bottom:var(--wp--preset--spacing--h-3-bottom)\"><strong><strong><strong><strong>B\u016bkite hidratuoti ir organizuoti<\/strong><\/strong><\/strong><\/strong><\/h3>\n\n\n\n<p><strong><em><strong>Vandens buteli\u0173 ir pried\u0173 laikikliai<\/strong><\/em><\/strong><\/p>\n\n\n\n<p style=\"margin-bottom:var(--wp--preset--spacing--tb-section-padding)\">I\u0161 abiej\u0173 pusi\u0173 integruoti laikikliai m\u0117gstamiausiems g\u0117rimams ir saugios vietos, padengtos neslid\u017eiais ra\u0161tais, treniruo\u010di\u0173 reikmenims laikyti. Viskas, ko reikia, bus pasiekiama ranka.<\/p>\n<\/div>\n\n\n\n<div class=\"wp-block-column is-vertically-aligned-center is-layout-flow wp-block-column-is-layout-flow\">\n<figure class=\"wp-block-image aligncenter size-full is-style-rounded\"><img decoding=\"async\" src=\"https:\/\/evolve-fitness.eu\/wp-content\/uploads\/2023\/08\/EV-HT-350-LED-8.jpg\" alt=\"\" class=\"wp-image-2611\"\/><\/figure>\n<\/div>\n<\/div>\n<\/section>\n\n\n\n<section class=\"wp-block-group alignfull black-content has-white-color has-darkgray-background-color has-text-color has-background is-layout-constrained wp-block-group-is-layout-constrained\" style=\"padding-top:var(--wp--preset--spacing--section-bottom);padding-bottom:var(--wp--preset--spacing--section-bottom)\">\n<div class=\"wp-block-columns alignwide are-vertically-aligned-center is-layout-flex wp-container-core-columns-is-layout-e8158c2f wp-block-columns-is-layout-flex\" style=\"padding-top:var(--wp--preset--spacing--side-padding)\">\n<div class=\"wp-block-column is-vertically-aligned-center is-layout-flow wp-block-column-is-layout-flow\">\n<figure class=\"wp-block-image aligncenter size-full is-style-rounded\"><img decoding=\"async\" src=\"https:\/\/evolve-fitness.eu\/wp-content\/uploads\/2023\/08\/EV-HT-350-LED-10.jpg\" alt=\"\" class=\"wp-image-2613\"\/><\/figure>\n<\/div>\n\n\n\n<div class=\"wp-block-column is-vertically-aligned-center is-layout-flow wp-block-column-is-layout-flow\">\n<h3 class=\"wp-block-heading\" style=\"margin-bottom:var(--wp--preset--spacing--h-3-bottom)\"><strong><strong><strong>Saugos raktas<\/strong><\/strong><\/strong><\/h3>\n\n\n\n<p><strong><em><strong><strong>Pirmenyb\u0119 teikite savo saugumui<\/strong><\/strong><\/em><\/strong><\/p>\n\n\n\n<p style=\"margin-bottom:var(--wp--preset--spacing--tb-section-padding)\">Prie\u0161 kiekvien\u0105 treniruot\u0119 prie drabu\u017ei\u0173 prisekite raudon\u0105 saugos rakt\u0105. Esant avarinei situacijai, apsauginis raktas i\u0161sijungia, tod\u0117l b\u0117gimo takelis i\u0161 karto sustoja. J\u016bs\u0173 saugumas mums yra svarbiausia.<\/p>\n<\/div>\n<\/div>\n\n\n\n<figure class=\"wp-block-image alignfull size-full is-style-rounded\"><img decoding=\"async\" src=\"https:\/\/evolve-fitness.eu\/wp-content\/uploads\/2023\/08\/EV-HT-350-TFT-Kinomap-and-Zwift-1.png\" alt=\"\" class=\"wp-image-7772\"\/><\/figure>\n<\/section>\n<\/section>\n","protected":false},"excerpt":{"rendered":"<p>Patirkite treniruotes 23,8 coli\u0173 TFT pulte su paprasta ir intuityvia s\u0105saja. Konsol\u0117je realiuoju laiku pateikiama gr\u012f\u017etamoji informacija apie greit\u012f, atstum\u0105, laik\u0105, nuolyd\u012f, kalorijas ir \u0161irdies ritm\u0105, tod\u0117l gal\u0117site kontroliuoti savo pa\u017eang\u0105. <\/p>\n","protected":false},"featured_media":137917,"template":"","meta":{"_acf_changed":false,"inline_featured_image":false},"product_cat":[117,137,157],"product_tag":[2319],"class_list":{"0":"post-139052","1":"product","2":"type-product","3":"status-publish","4":"has-post-thumbnail","6":"product_cat-pagrindinis-puslapis","7":"product_cat-kardio-iranga","8":"product_cat-namu-kardio-iranga","9":"product_tag-kardio-iranga","11":"first","12":"instock","13":"shipping-taxable","14":"purchasable","15":"product-type-simple"},"acf":[],"_links":{"self":[{"href":"https:\/\/store.evolve-fitness.eu\/lt\/wp-json\/wp\/v2\/product\/139052","targetHints":{"allow":["GET"]}}],"collection":[{"href":"https:\/\/store.evolve-fitness.eu\/lt\/wp-json\/wp\/v2\/product"}],"about":[{"href":"https:\/\/store.evolve-fitness.eu\/lt\/wp-json\/wp\/v2\/types\/product"}],"wp:featuredmedia":[{"embeddable":true,"href":"https:\/\/store.evolve-fitness.eu\/lt\/wp-json\/wp\/v2\/media\/137917"}],"wp:attachment":[{"href":"https:\/\/store.evolve-fitness.eu\/lt\/wp-json\/wp\/v2\/media?parent=139052"}],"wp:term":[{"taxonomy":"product_cat","embeddable":true,"href":"https:\/\/store.evolve-fitness.eu\/lt\/wp-json\/wp\/v2\/product_cat?post=139052"},{"taxonomy":"product_tag","embeddable":true,"href":"https:\/\/store.evolve-fitness.eu\/lt\/wp-json\/wp\/v2\/product_tag?post=139052"}],"curies":[{"name":"wp","href":"https:\/\/api.w.org\/{rel}","templated":true}]}}