{"id":138676,"date":"2025-10-30T11:26:45","date_gmt":"2025-10-30T11:26:45","guid":{"rendered":"https:\/\/store.evolve-fitness.eu\/product\/evolve-prime-series-pilateso-treniruoklis-pr-020\/"},"modified":"2026-04-04T12:00:40","modified_gmt":"2026-04-04T12:00:40","slug":"evolve-prime-series-pilateso-treniruoklis-pr-020","status":"publish","type":"product","link":"https:\/\/store.evolve-fitness.eu\/lt\/produktas\/evolve-prime-series-pilateso-treniruoklis-pr-020\/","title":{"rendered":"&#8222;Evolve Prime Series&#8221; pilateso treniruoklis (PR-020)"},"content":{"rendered":"\n<section class=\"wp-block-group alignfull black-content has-white-color has-darkgray-background-color has-text-color has-background is-layout-constrained wp-block-group-is-layout-constrained\" style=\"padding-top:var(--wp--preset--spacing--section-bottom);padding-bottom:var(--wp--preset--spacing--section-bottom)\">\n<div class=\"wp-block-columns alignwide mobile-reverse is-layout-flex wp-container-core-columns-is-layout-ca64bf2d wp-block-columns-is-layout-flex\" style=\"margin-bottom:var(--wp--preset--spacing--side-padding)\">\n<div class=\"wp-block-column is-vertically-aligned-center is-layout-flow wp-block-column-is-layout-flow\">\n<h3 class=\"wp-block-heading\" style=\"margin-bottom:var(--wp--preset--spacing--h-3-bottom)\"><strong><strong><strong><strong><strong>Profesionalus dizainas, u\u017etikrinantis tikslum\u0105 ir valdym\u0105<\/strong><\/strong><\/strong><\/strong><\/strong><\/h3>\n\n\n\n<p>&#8221; <strong>Evolve Prime&#8221; serijos pilateso treniruoklis &#8222;Evolve Reformer<\/strong> &#8221; pasi\u017eymi studijos kokyb\u0117s na\u0161umu, i\u0161skirtiniu stabilumu, patogumu ir universalumu. Sukurtas tiek profesionaliam, tiek asmeniniam naudojimui, jis u\u017etikrina skland\u0173 ir kontroliuojam\u0105 jud\u0117jim\u0105, kad pilateso treniruot\u0117s b\u016bt\u0173 saugios ir veiksmingos. <\/p>\n\n\n\n<p>Naudojant <strong>auk\u0161tos kokyb\u0117s med\u017eiagas<\/strong> ir <strong>reguliuojam\u0105 spyruokli\u0173 pasiprie\u0161inim\u0105<\/strong>, galima pritaikyti kiekvien\u0105 treniruot\u0119 prie savo fizinio pasirengimo lygio. Ergonomi\u0161ka koj\u0173 juosta, pamink\u0161tintas ve\u017eim\u0117lis ir skland\u017eiai slystanti sistema skatina tinkam\u0105 koordinacij\u0105 ir didina treniruo\u010di\u0173 komfort\u0105. <\/p>\n<\/div>\n\n\n\n<div class=\"wp-block-column is-vertically-aligned-center is-layout-flow wp-block-column-is-layout-flow\">\n<figure class=\"wp-block-image size-full\"><img decoding=\"async\" src=\"https:\/\/evolve-fitness.eu\/wp-content\/uploads\/2025\/10\/EV-PR-PR-020-1.png\" alt=\"\" class=\"wp-image-211413\"\/><\/figure>\n<\/div>\n<\/div>\n\n\n\n<div class=\"wp-block-columns alignwide mobile-reverse is-layout-flex wp-container-core-columns-is-layout-ca64bf2d wp-block-columns-is-layout-flex\" style=\"margin-bottom:var(--wp--preset--spacing--side-padding)\">\n<div class=\"wp-block-column is-vertically-aligned-center is-layout-flow wp-block-column-is-layout-flow\">\n<figure class=\"wp-block-image size-full is-style-rounded\"><img decoding=\"async\" src=\"https:\/\/evolve-fitness.eu\/wp-content\/uploads\/2025\/10\/EV-PR-PR-020-2.png\" alt=\"\" class=\"wp-image-211414\"\/><\/figure>\n<\/div>\n\n\n\n<div class=\"wp-block-column is-vertically-aligned-center is-layout-flow wp-block-column-is-layout-flow\">\n<h3 class=\"wp-block-heading\" style=\"margin-bottom:var(--wp--preset--spacing--h-3-bottom)\"><strong>Tikslinis funkcionalumas ir dizainas<\/strong><\/h3>\n\n\n\n<p>\u0160iame treniruoklyje yra <strong>pe\u010di\u0173 atramos, pakyla, rankenos, \u0161uolio lenta ir p\u0117d\u0173 platforma<\/strong>, tod\u0117l galima atlikti \u012fvairius pratimus nuo reabilitacijos iki pa\u017eengusi\u0173j\u0173 treniruo\u010di\u0173.<\/p>\n\n\n\n<p>D\u0117l <strong>vietos taupymo vertikalioje pad\u0117tyje<\/strong>, <strong>patvaraus r\u0117mo<\/strong> ir <strong>lengvos prie\u017ei\u016bros<\/strong> jis yra idealus pasirinkimas \u0161iuolaikin\u0117ms studijoms ir nam\u0173 treniruokli\u0173 sal\u0117ms, kuriose siekiama patikimumo ir na\u0161umo.<\/p>\n<\/div>\n<\/div>\n<\/section>\n","protected":false},"excerpt":{"rendered":"<p>Patirkite tikslum\u0105, kontrol\u0119 ir komfort\u0105 su &#8222;Evolve Prime&#8221; serijos pilateso treniruokliu. Jis sukurtas profesionalioms studijoms ir naudojimui namuose, turi reguliuojam\u0105 spyruokli\u0173 pasiprie\u0161inim\u0105, ergonomi\u0161k\u0105 dizain\u0105 ir tolyg\u0173 judes\u012f saugioms ir veiksmingoms viso k\u016bno treniruot\u0117ms. Sukurtas taip, kad b\u016bt\u0173 patvarus, na\u0161us ir lengvai laikomas vertikalioje pad\u0117tyje.  <\/p>\n","protected":false},"featured_media":138868,"template":"","meta":{"_acf_changed":false,"inline_featured_image":false},"product_cat":[192],"product_tag":[],"class_list":{"0":"post-138676","1":"product","2":"type-product","3":"status-publish","4":"has-post-thumbnail","6":"product_cat-studija","8":"first","9":"instock","10":"shipping-taxable","11":"purchasable","12":"product-type-simple"},"acf":[],"_links":{"self":[{"href":"https:\/\/store.evolve-fitness.eu\/lt\/wp-json\/wp\/v2\/product\/138676","targetHints":{"allow":["GET"]}}],"collection":[{"href":"https:\/\/store.evolve-fitness.eu\/lt\/wp-json\/wp\/v2\/product"}],"about":[{"href":"https:\/\/store.evolve-fitness.eu\/lt\/wp-json\/wp\/v2\/types\/product"}],"wp:featuredmedia":[{"embeddable":true,"href":"https:\/\/store.evolve-fitness.eu\/lt\/wp-json\/wp\/v2\/media\/138868"}],"wp:attachment":[{"href":"https:\/\/store.evolve-fitness.eu\/lt\/wp-json\/wp\/v2\/media?parent=138676"}],"wp:term":[{"taxonomy":"product_cat","embeddable":true,"href":"https:\/\/store.evolve-fitness.eu\/lt\/wp-json\/wp\/v2\/product_cat?post=138676"},{"taxonomy":"product_tag","embeddable":true,"href":"https:\/\/store.evolve-fitness.eu\/lt\/wp-json\/wp\/v2\/product_tag?post=138676"}],"curies":[{"name":"wp","href":"https:\/\/api.w.org\/{rel}","templated":true}]}}