{"id":135553,"date":"2025-09-17T12:42:32","date_gmt":"2025-09-17T12:42:32","guid":{"rendered":"https:\/\/store.evolve-fitness.eu\/?post_type=product&#038;p=135553"},"modified":"2026-01-21T11:59:15","modified_gmt":"2026-01-21T11:59:15","slug":"evolve-ultra-series-serijos-selektorinis-dvigubas-kabeliu-kryzius-1","status":"publish","type":"product","link":"https:\/\/store.evolve-fitness.eu\/lt\/produktas\/evolve-ultra-series-serijos-selektorinis-dvigubas-kabeliu-kryzius-1\/","title":{"rendered":"&#8222;Evolve Ultra Series&#8221; selektorinis nugaros prat\u0119simo aparatas"},"content":{"rendered":"\n<section class=\"wp-block-group alignfull black-content has-white-color has-darkgray-background-color has-text-color has-background is-layout-constrained wp-block-group-is-layout-constrained\" style=\"padding-top:var(--wp--preset--spacing--section-bottom);padding-bottom:var(--wp--preset--spacing--section-bottom)\">\n<section class=\"wp-block-group alignfull black-content has-white-color has-darkgray-background-color has-text-color has-background is-layout-constrained wp-block-group-is-layout-constrained\" style=\"margin-bottom:0;padding-top:var(--wp--preset--spacing--tb-padding);padding-bottom:var(--wp--preset--spacing--tb-padding)\">\n<div class=\"wp-block-columns alignwide mobile-reverse is-layout-flex wp-container-core-columns-is-layout-7a02faa9 wp-block-columns-is-layout-flex\" style=\"margin-bottom:var(--wp--preset--spacing--tb-section-padding)\">\n<div class=\"wp-block-column is-vertically-aligned-center is-layout-flow wp-block-column-is-layout-flow\">\n<h3 class=\"wp-block-heading\" style=\"margin-bottom:var(--wp--preset--spacing--h-3-bottom)\"><strong>TIKSLINGAS RAUMEN\u0172 VYSTYMASIS<\/strong><\/h3>\n\n\n\n<p><strong><em><strong><strong><strong><strong><strong><strong><strong><em><strong><em><strong><strong>Koncentruotas apatin\u0117s nugaros dalies ir \u0161erdies stiprinimas<\/strong><\/strong><\/em><\/strong><\/em><\/strong><\/strong><\/strong><\/strong><\/strong><\/strong><\/strong><\/em><\/strong><\/p>\n\n\n\n<p>&#8222;Evolve Ultra Series&#8221; selektorinis nugaros tiesimo aparatas sukurtas taip, kad tiksliai ir kontroliuojamai atliekant judesius padid\u0117t\u0173 apatin\u0117s nugaros dalies, s\u0117dmen\u0173 ir \u0161erdies raumen\u0173 \u012ftempimas. Jo pasirenkama svori\u0173 sistema leid\u017eia naudotojams efektyviai izoliuoti stuburo tiesiamuosius raumenis, taip skatinant j\u0117g\u0105, gerinant laikysen\u0105 ir u\u017epakalin\u0117s grandin\u0117s pusiausvyr\u0105. <\/p>\n\n\n\n<h3 class=\"wp-block-heading\"><strong>\u012e NAUDOTOJ\u0104 ORIENTUOTA STATYBA<\/strong><\/h3>\n\n\n\n<p><strong><em>Sukurtas, kad b\u016bt\u0173 patvarus ir skland\u017eiai veikt\u0173<\/em><\/strong><\/p>\n\n\n\n<p><br\/>\u0160i ma\u0161ina pagaminta i\u0161 patvaraus, sustiprinto plieno r\u0117mo ir auk\u0161\u010diausios kokyb\u0117s selektorini\u0173 komponent\u0173, tod\u0117l ji u\u017etikrina patikim\u0105 veikim\u0105 reguliariai ir intensyviai naudojant. Kruop\u0161\u010diai suprojektuotas ergonomi\u0161kas pamink\u0161tinimas ir stabili pad\u0117tis u\u017etikrina saugum\u0105 ir patogum\u0105 kiekvieno pakartojimo metu. <\/p>\n\n\n\n<h3 class=\"wp-block-heading\"><strong>J\u0116GOS TRENIRUO\u010cI\u0172 ATEITIS<\/strong><\/h3>\n\n\n\n<p><strong><em>Profesinio mokymo standart\u0173 k\u0117limas<\/em><\/strong><\/p>\n\n\n\n<p><br\/>&#8222;Evolve Ultra Back Extension Machine&#8221; &#8211; puikus funkcionalumo, saugumo ir kokyb\u0117s derinys. Jis pritaikytas \u0161iuolaikin\u0117ms sporto sal\u0117ms ir profesionalams, tod\u0117l si\u016blo vientis\u0105 patirt\u012f, kuri palaiko ilgalaik\u012f j\u0117gos ugdym\u0105 ir yra neprilygstamai patikima. <\/p>\n<\/div>\n\n\n\n<div class=\"wp-block-column is-vertically-aligned-center is-layout-flow wp-block-column-is-layout-flow\">\n<figure class=\"wp-block-image size-large\"><img decoding=\"async\" src=\"https:\/\/evolve-fitness.eu\/wp-content\/uploads\/2025\/08\/EV-SC-UL-400-Evolve-Ultra-Series-Back-Extension-1024x1024.png\" alt=\"\" class=\"wp-image-203120\"\/><\/figure>\n<\/div>\n<\/div>\n\n\n\n<div class=\"wp-block-columns alignwide mobile-reverse is-layout-flex wp-container-core-columns-is-layout-ca64bf2d wp-block-columns-is-layout-flex\" style=\"margin-bottom:var(--wp--preset--spacing--side-padding)\">\n<div class=\"wp-block-column is-vertically-aligned-center is-layout-flow wp-block-column-is-layout-flow\"><\/div>\n<\/div>\n<\/section>\n<\/section>\n","protected":false},"excerpt":{"rendered":"<p>&#8222;Evolve Ultra Series&#8221; selektorinis nugaros tiesimo treniruoklis (EV-SC-UL-400) sukurtas apatinei nugaros daliai, s\u0117dmenims ir pagrindinei k\u016bno daliai stiprinti, naudojant kontroliuojam\u0105 ir tolyg\u0173 pasiprie\u0161inim\u0105. D\u0117l patvarios konstrukcijos, ergonomi\u0161kos atramos ir lengvai reguliuojamo svorio jis yra patikimas pasirinkimas profesionalioms sporto sal\u0117ms ir sportininkams. <\/p>\n","protected":false},"featured_media":135655,"template":"","meta":{"_acf_changed":false,"inline_featured_image":false},"product_cat":[117,166,167],"product_tag":[],"class_list":{"0":"post-135553","1":"product","2":"type-product","3":"status-publish","4":"has-post-thumbnail","6":"product_cat-pagrindinis-puslapis","7":"product_cat-pasirinktines-masinos","8":"product_cat-ultra-series-selektorizuoti-treniruokliai","10":"first","11":"instock","12":"shipping-taxable","13":"purchasable","14":"product-type-simple"},"acf":[],"_links":{"self":[{"href":"https:\/\/store.evolve-fitness.eu\/lt\/wp-json\/wp\/v2\/product\/135553","targetHints":{"allow":["GET"]}}],"collection":[{"href":"https:\/\/store.evolve-fitness.eu\/lt\/wp-json\/wp\/v2\/product"}],"about":[{"href":"https:\/\/store.evolve-fitness.eu\/lt\/wp-json\/wp\/v2\/types\/product"}],"wp:featuredmedia":[{"embeddable":true,"href":"https:\/\/store.evolve-fitness.eu\/lt\/wp-json\/wp\/v2\/media\/135655"}],"wp:attachment":[{"href":"https:\/\/store.evolve-fitness.eu\/lt\/wp-json\/wp\/v2\/media?parent=135553"}],"wp:term":[{"taxonomy":"product_cat","embeddable":true,"href":"https:\/\/store.evolve-fitness.eu\/lt\/wp-json\/wp\/v2\/product_cat?post=135553"},{"taxonomy":"product_tag","embeddable":true,"href":"https:\/\/store.evolve-fitness.eu\/lt\/wp-json\/wp\/v2\/product_tag?post=135553"}],"curies":[{"name":"wp","href":"https:\/\/api.w.org\/{rel}","templated":true}]}}