{"id":135417,"date":"2025-09-16T13:10:23","date_gmt":"2025-09-16T13:10:23","guid":{"rendered":"https:\/\/store.evolve-fitness.eu\/?post_type=product&#038;p=135417"},"modified":"2025-10-31T12:31:37","modified_gmt":"2025-10-31T12:31:37","slug":"evolve-prime-series-plokstes-pakrauta-smith-masina-4","status":"publish","type":"product","link":"https:\/\/store.evolve-fitness.eu\/lt\/produktas\/evolve-prime-series-plokstes-pakrauta-smith-masina-4\/","title":{"rendered":"&#8222;Evolve Prime Series&#8221; plok\u0161\u010di\u0173 pakrautas nugaros prat\u0119simo aparatas (PR-330)"},"content":{"rendered":"\n<section class=\"wp-block-group alignfull black-content has-white-color has-darkgray-background-color has-text-color has-background is-layout-constrained wp-block-group-is-layout-constrained\" style=\"padding-top:var(--wp--preset--spacing--section-bottom);padding-bottom:var(--wp--preset--spacing--section-bottom)\">\n<h3 class=\"wp-block-heading has-text-align-center\"><strong><strong>EVOLIUCIONUOJA PLOK\u0160TEL\u0116 SU PAGRINDINE \u012eKROVA<\/strong><\/strong><\/h3>\n\n\n\n<p><\/p>\n\n\n\n<p><\/p>\n\n\n\n<p>&#8222;Evolve Plate Loaded Prime Series&#8221; gaminiuose meistri\u0161kumas yra standartas. Pagerinkite savo j\u0117gos treniruotes su treniruokliais, sukurtais patogiai, patvariai ir na\u0161iai. I\u0161nagrin\u0117kite vis\u0105 linij\u0105 \u0161iandien ir i\u0161 naujo apibr\u0117\u017ekite savo fitneso kelion\u0119.  <\/p>\n\n\n\n<section class=\"wp-block-group alignfull black-content has-white-color has-darkgray-background-color has-text-color has-background is-layout-constrained wp-block-group-is-layout-constrained\" style=\"padding-top:var(--wp--preset--spacing--section-bottom);padding-bottom:var(--wp--preset--spacing--section-bottom)\">\n<div class=\"wp-block-columns alignwide mobile-reverse is-layout-flex wp-container-core-columns-is-layout-ca64bf2d wp-block-columns-is-layout-flex\" style=\"margin-bottom:var(--wp--preset--spacing--side-padding)\">\n<div class=\"wp-block-column is-vertically-aligned-center is-layout-flow wp-block-column-is-layout-flow\">\n<h3 class=\"wp-block-heading\" style=\"margin-bottom:var(--wp--preset--spacing--h-3-bottom)\"><strong><strong><strong><strong>Tikslinis raumen\u0173 vystymasis<\/strong><\/strong><\/strong><\/strong><\/h3>\n\n\n\n<p><strong><em><strong><strong><em><strong><strong><em><strong><strong><em><strong>Apatin\u0117s nugaros dalies ir \u0161erdies j\u0117ga<\/strong><\/em><\/strong><\/strong><\/em><\/strong><\/strong><\/em><\/strong><\/strong><\/em><\/strong><\/p>\n\n\n\n<p style=\"margin-bottom:var(--wp--preset--spacing--tb-section-padding)\">&#8222;Evolve Prime Series&#8221; serijos &#8222;Plate Load Back Extension Machine&#8221; yra skirtas maksimaliai efektyviai stiprinti apatin\u0119 nugaros dal\u012f, s\u0117dmenis ir \u0161erd\u012f. Jis u\u017etikrina kontroliuojamus judesius, kurie izoliuoja stuburo tiesiamuosius raumenis ir kartu \u012fjungia stabilizuojan\u010dius raumenis, tod\u0117l yra labai svarbus stipriai ir subalansuotai u\u017epakalinei grandinei formuoti. <\/p>\n\n\n\n<h3 class=\"wp-block-heading\" style=\"margin-bottom:var(--wp--preset--spacing--h-3-bottom)\"><strong><strong><strong><strong><strong><strong>\u012e vartotoj\u0105 orientuota statyba<\/strong><\/strong><\/strong><\/strong><\/strong><\/strong><\/h3>\n\n\n\n<p><strong><em><strong><strong><strong><strong><em><strong><strong><em><strong><strong><em><strong>Patvari ir profesionali konstrukcija<\/strong><\/em><\/strong><\/strong><\/em><\/strong><\/strong><\/em><\/strong><\/strong><\/strong><\/strong><\/em><\/strong><\/p>\n\n\n\n<p>D\u0117l sustiprinto plieninio r\u0117mo ir plok\u0161\u010di\u0173 mechanizmo nugaros tiesimo ma\u0161ina u\u017etikrina ilgalaik\u012f patvarum\u0105 ir stabilum\u0105 intensyviai naudojant. Plati koj\u0173 platforma ir ergonomi\u0161kas pamink\u0161tinimas u\u017etikrina patogum\u0105 ir saugum\u0105, padeda u\u017etikrinti tinkam\u0105 technik\u0105 atliekant kiekvien\u0105 pakartojim\u0105. <\/p>\n\n\n\n<p><\/p>\n\n\n\n<h3 class=\"wp-block-heading\" style=\"margin-bottom:var(--wp--preset--spacing--h-3-bottom)\"><strong><strong><strong>J\u0117gos treniruo\u010di\u0173 ateitis<\/strong><\/strong><\/strong><\/h3>\n\n\n\n<p><strong><strong><em><strong><em><strong><strong><em><strong>Auk\u0161\u010diausios kokyb\u0117s dizainas rimtiems sportininkams<\/strong><\/em><\/strong><\/strong><\/em><\/strong><\/em><\/strong><\/strong><\/p>\n\n\n\n<p style=\"margin-bottom:var(--wp--preset--spacing--tb-section-padding)\">&#8222;Evolve Prime Series&#8221; nugaros tiesimo ma\u0161ina u\u017etikrina kokyb\u0119 ir patikimum\u0105, kokio sportininkai tikisi i\u0161 profesionalios \u012frangos. Tai stiprumo, saugumo ir funkcionalumo derinys, tod\u0117l tai yra privalomas sprendimas sporto sal\u0117ms, siekian\u010dioms pasi\u016blyti auk\u0161\u010diausios kokyb\u0117s treniruo\u010di\u0173 patirt\u012f ir ilgalaikius rezultatus. <\/p>\n<\/div>\n\n\n\n<div class=\"wp-block-column is-vertically-aligned-center is-layout-flow wp-block-column-is-layout-flow\">\n<figure class=\"wp-block-image size-full is-resized\"><img loading=\"lazy\" decoding=\"async\" width=\"600\" height=\"450\" src=\"https:\/\/store.evolve-fitness.eu\/wp-content\/uploads\/2025\/09\/Dizainas-be-pavadinimo-4-3.png\" alt=\"\" class=\"wp-image-135440\" style=\"width:721px;height:auto\" srcset=\"https:\/\/store.evolve-fitness.eu\/wp-content\/uploads\/2025\/09\/Dizainas-be-pavadinimo-4-3.png 600w, https:\/\/store.evolve-fitness.eu\/wp-content\/uploads\/2025\/09\/Dizainas-be-pavadinimo-4-3-300x225.png 300w\" sizes=\"auto, (max-width: 600px) 100vw, 600px\" \/><\/figure>\n\n\n\n<figure class=\"wp-block-gallery has-nested-images columns-default is-cropped wp-block-gallery-1 is-layout-flex wp-block-gallery-is-layout-flex\"><\/figure>\n<\/div>\n<\/div>\n<\/section>\n<\/section>\n","protected":false},"excerpt":{"rendered":"<p>&#8222;Evolve Prime Series&#8221; serijos &#8222;Plate Loaded Back Extension Machine&#8221; (EV-PL-PR-330) yra skirtas tikslingam apatin\u0117s nugaros dalies vystymuisi ir \u0161erdies stabilumui. Stiprus plieninis r\u0117mas, ergonomi\u0161kos atramin\u0117s pagalv\u0117l\u0117s ir plok\u0161t\u0117mis apkrauta sistema u\u017etikrina ilgaam\u017ei\u0161kum\u0105, saugum\u0105 ir veiksmingas j\u0117gos treniruotes profesionaliam naudojimui sporto sal\u0117je. <\/p>\n","protected":false},"featured_media":135454,"template":"","meta":{"_acf_changed":false,"inline_featured_image":false},"product_cat":[129,226],"product_tag":[],"class_list":{"0":"post-135417","1":"product","2":"type-product","3":"status-publish","4":"has-post-thumbnail","6":"product_cat-laisvu-svoriu-treniruokliai","7":"product_cat-prime-series-laisvu-svoriu-treniruokliai","9":"first","10":"instock","11":"shipping-taxable","12":"purchasable","13":"product-type-simple"},"acf":[],"_links":{"self":[{"href":"https:\/\/store.evolve-fitness.eu\/lt\/wp-json\/wp\/v2\/product\/135417","targetHints":{"allow":["GET"]}}],"collection":[{"href":"https:\/\/store.evolve-fitness.eu\/lt\/wp-json\/wp\/v2\/product"}],"about":[{"href":"https:\/\/store.evolve-fitness.eu\/lt\/wp-json\/wp\/v2\/types\/product"}],"wp:featuredmedia":[{"embeddable":true,"href":"https:\/\/store.evolve-fitness.eu\/lt\/wp-json\/wp\/v2\/media\/135454"}],"wp:attachment":[{"href":"https:\/\/store.evolve-fitness.eu\/lt\/wp-json\/wp\/v2\/media?parent=135417"}],"wp:term":[{"taxonomy":"product_cat","embeddable":true,"href":"https:\/\/store.evolve-fitness.eu\/lt\/wp-json\/wp\/v2\/product_cat?post=135417"},{"taxonomy":"product_tag","embeddable":true,"href":"https:\/\/store.evolve-fitness.eu\/lt\/wp-json\/wp\/v2\/product_tag?post=135417"}],"curies":[{"name":"wp","href":"https:\/\/api.w.org\/{rel}","templated":true}]}}