{"id":135073,"date":"2025-09-10T11:22:30","date_gmt":"2025-09-10T11:22:30","guid":{"rendered":"https:\/\/store.evolve-fitness.eu\/?post_type=product&#038;p=135073"},"modified":"2026-01-29T12:00:27","modified_gmt":"2026-01-29T12:00:27","slug":"evolve-crossfit-rogutes-1","status":"publish","type":"product","link":"https:\/\/store.evolve-fitness.eu\/lt\/produktas\/evolve-crossfit-rogutes-1\/","title":{"rendered":"&#8222;Evolve Crossfit&#8221; rogut\u0117s"},"content":{"rendered":"\n<section class=\"wp-block-group alignfull black-content has-white-color has-darkgray-background-color has-text-color has-background is-layout-constrained wp-block-group-is-layout-constrained\" style=\"padding-top:var(--wp--preset--spacing--section-bottom);padding-bottom:var(--wp--preset--spacing--section-bottom)\">\n<div class=\"wp-block-columns alignwide mobile-reverse is-layout-flex wp-container-core-columns-is-layout-ca64bf2d wp-block-columns-is-layout-flex\" style=\"margin-bottom:var(--wp--preset--spacing--side-padding)\">\n<div class=\"wp-block-column is-vertically-aligned-center is-layout-flow wp-block-column-is-layout-flow\">\n<h3 class=\"wp-block-heading\" style=\"margin-bottom:var(--wp--preset--spacing--h-3-bottom)\"><strong>Universalios mokymo galimyb\u0117s<\/strong><\/h3>\n\n\n\n<p><strong><em>Pritaikomas kiekvienam sportininkui<\/em><\/strong><\/p>\n\n\n\n<p style=\"margin-bottom:var(--wp--preset--spacing--tb-section-padding)\">&#8222;Evolve CrossFit&#8221; rog\u0117s i\u0161siskiria tuo, kad jose galima atlikti daugyb\u0119 pratim\u0173 &#8211; nuo st\u016bmimo iki traukimo &#8211; ir taip treniruoti vis\u0105 k\u016bn\u0105. Jos konstrukcija pritaikyta vis\u0173 lygi\u0173 sportininkams, kurie gali padidinti j\u0117g\u0105, greit\u012f ir i\u0161tverm\u0119 atlikdami \u012fvairias treniruotes.<\/p>\n<\/div>\n\n\n\n<div class=\"wp-block-column is-vertically-aligned-center is-layout-flow wp-block-column-is-layout-flow\">\n<figure class=\"wp-block-video\"><video autoplay=\"\" controls=\"\" loop=\"\" muted=\"\" src=\"https:\/\/evolve-fitness.eu\/wp-content\/uploads\/2024\/01\/Evolve-Crossfit-Sled-Video.mp4\"><\/video><\/figure>\n<\/div>\n<\/div>\n\n\n\n<div class=\"wp-block-columns alignwide is-layout-flex wp-container-core-columns-is-layout-c45ee707 wp-block-columns-is-layout-flex\" style=\"margin-bottom:var(--wp--preset--spacing--side-padding);padding-top:var(--wp--preset--spacing--side-padding)\">\n<div class=\"wp-block-column is-vertically-aligned-center is-layout-flow wp-block-column-is-layout-flow\">\n<figure class=\"wp-block-image size-large\"><img decoding=\"async\" src=\"https:\/\/evolve-fitness.eu\/wp-content\/uploads\/2024\/01\/Evolve-Crossfit-Sled-C2-683x1024.jpg\" alt=\"\" class=\"wp-image-10769\"\/><\/figure>\n<\/div>\n\n\n\n<div class=\"wp-block-column is-vertically-aligned-center is-layout-flow wp-block-column-is-layout-flow\">\n<h3 class=\"wp-block-heading\" style=\"margin-bottom:var(--wp--preset--spacing--h-3-bottom)\"><strong>Svorio plok\u0161t\u0117s suderinamumas<\/strong><\/h3>\n\n\n\n<p><strong><em>Padidinto atsparumo parinktys<\/em><\/strong><\/p>\n\n\n\n<p>&#8222;Evolve CrossFit&#8221; rog\u0117s suprojektuotos taip, kad jas b\u016bt\u0173 galima lengvai integruoti su standartin\u0117mis laisvojo svorio plok\u0161t\u0117mis ir taip lengvai reguliuoti treniruo\u010di\u0173 intensyvum\u0105. \u0160is suderinamumas u\u017etikrina, kad sportininkai gali palaipsniui didinti pasiprie\u0161inim\u0105 stipr\u0117jant, tod\u0117l rogut\u0117s yra lengvai pritaikoma priemon\u0117 nuolatiniam fizinio pasirengimo tobulinimui.<\/p>\n<\/div>\n<\/div>\n\n\n\n<div class=\"wp-block-columns alignwide is-layout-flex wp-container-core-columns-is-layout-c45ee707 wp-block-columns-is-layout-flex\" style=\"margin-bottom:var(--wp--preset--spacing--side-padding);padding-top:var(--wp--preset--spacing--side-padding)\">\n<div class=\"wp-block-column is-vertically-aligned-center is-layout-flow wp-block-column-is-layout-flow\">\n<h3 class=\"wp-block-heading\" style=\"margin-bottom:var(--wp--preset--spacing--h-3-bottom)\">Kompakti\u0161kas ir patogus dizainas<\/h3>\n\n\n\n<p><strong><em>Efektyvumas ir patogumas<\/em><\/strong><\/p>\n\n\n\n<p style=\"margin-bottom:var(--wp--preset--spacing--tb-section-padding)\">Nepaisant to, kad rog\u0117s yra tvirtos, jos pasi\u017eymi kompakti\u0161ka konstrukcija, tod\u0117l jas lengva laikyti ir transportuoti. \u0160is patogus naudoti aspektas u\u017etikrina, kad j\u016bs\u0173 treniruo\u010di\u0173 s\u0105ranka b\u016bt\u0173 veiksminga ir pritaikoma, nes puikiai tinka bet kurioje erdv\u0117je.<\/p>\n<\/div>\n\n\n\n<div class=\"wp-block-column is-vertically-aligned-center is-layout-flow wp-block-column-is-layout-flow\">\n<figure class=\"wp-block-image size-large\"><img decoding=\"async\" src=\"https:\/\/evolve-fitness.eu\/wp-content\/uploads\/2024\/01\/Evolve-Crossfit-Sled-C1-683x1024.jpg\" alt=\"\" class=\"wp-image-10767\"\/><\/figure>\n<\/div>\n<\/div>\n\n\n\n<div class=\"wp-block-columns alignwide is-layout-flex wp-container-core-columns-is-layout-c45ee707 wp-block-columns-is-layout-flex\" style=\"margin-bottom:var(--wp--preset--spacing--side-padding);padding-top:var(--wp--preset--spacing--side-padding)\">\n<div class=\"wp-block-column is-vertically-aligned-center is-layout-flow wp-block-column-is-layout-flow\">\n<figure class=\"wp-block-image size-large\"><img decoding=\"async\" src=\"https:\/\/evolve-fitness.eu\/wp-content\/uploads\/2024\/01\/Evolve-Crossfit-Sled-C4-1024x683.jpg\" alt=\"\" class=\"wp-image-10773\"\/><\/figure>\n<\/div>\n\n\n\n<div class=\"wp-block-column is-vertically-aligned-center is-layout-flow wp-block-column-is-layout-flow\">\n<h3 class=\"wp-block-heading\" style=\"margin-bottom:var(--wp--preset--spacing--h-3-bottom)\"><strong><strong><strong><strong>Neprilygstamas patvarumas<\/strong><\/strong><\/strong><\/strong><\/h3>\n\n\n\n<p><strong><em><strong>Sukurta, kad tarnaut\u0173 ilgai<\/strong><\/em><\/strong><\/p>\n\n\n\n<p>\u0160ios rog\u0117s pagamintos i\u0161 auk\u0161\u010diausios kokyb\u0117s med\u017eiag\u0173 ir yra ilgaam\u017e\u0117s. Jis atsparus intensyviam kasdieniam naudojimui, tod\u0117l daugel\u012f met\u0173 i\u0161liks j\u016bs\u0173 treniruokli\u0173 arsenale.<\/p>\n<\/div>\n<\/div>\n<\/section>\n\n<section class=\"wp-block-group alignfull has-lightgray-background-color has-background is-layout-constrained wp-block-group-is-layout-constrained\">\n<div class=\"wp-block-columns alignwide is-layout-flex wp-container-core-columns-is-layout-2edb0647 wp-block-columns-is-layout-flex\" style=\"margin-top:0;margin-bottom:0\">\n<div class=\"wp-block-column is-layout-flow wp-block-column-is-layout-flow\" style=\"flex-basis:33.33%\"><\/div>\n\n\n\n<div class=\"wp-block-column is-layout-flow wp-block-column-is-layout-flow\" style=\"flex-basis:66.66%\"><\/div>\n<\/div>\n<\/section>\n","protected":false},"excerpt":{"rendered":"<p>I\u0161laisvinkite maksimal\u0173 na\u0161um\u0105 ir universalum\u0105 treniruot\u0117se su &#8222;Evolve CrossFit&#8221; rog\u0117mis SL-010, sukurtomis sportininkams, kurie reikalauja geriausio. M\u016bs\u0173 rog\u0117s sukurtos taip, kad b\u016bt\u0173 patvarios ir lengvai pritaikomos, tod\u0117l puikiai tinka bet kokiam treniruo\u010di\u0173 scenarijui &#8211; lauke, lauke, ant \u017eol\u0117s ar grindinio. &#8222;Evolve CrossFit&#8221; rog\u0117s idealiai tinka tiek st\u016bmimo, tiek traukimo pratimams, yra kompakti\u0161kos, tod\u0117l jomis galima intensyviai treniruoti greit\u012f ir stiprinti raumenis. Jis suderinamas su daugybe pried\u0173, tod\u0117l gali b\u016bti pritaikomas pagal j\u016bs\u0173 treniruo\u010di\u0173 poreikius. Nesvarbu, ar ruo\u0161iat\u0117s var\u017eyboms, ar norite patobulinti savo treniruo\u010di\u0173 re\u017eim\u0105, &#8222;Evolve CrossFit&#8221; rog\u0117s yra j\u016bs\u0173 geriausias treniruo\u010di\u0173 partneris, kuris \u017eada prapl\u0117sti j\u016bs\u0173 galimybi\u0173 ribas ir pakeisti j\u016bs\u0173 j\u0117gas kaip niekada anks\u010diau.<\/p>\n","protected":false},"featured_media":135110,"template":"","meta":{"_acf_changed":false,"inline_featured_image":false},"product_cat":[117,119,120],"product_tag":[],"class_list":{"0":"post-135073","1":"product","2":"type-product","3":"status-publish","4":"has-post-thumbnail","6":"product_cat-pagrindinis-puslapis","7":"product_cat-kryzminis-ir-funkcinis","8":"product_cat-funkcine-iranga","10":"first","11":"instock","12":"shipping-taxable","13":"purchasable","14":"product-type-simple"},"acf":[],"_links":{"self":[{"href":"https:\/\/store.evolve-fitness.eu\/lt\/wp-json\/wp\/v2\/product\/135073","targetHints":{"allow":["GET"]}}],"collection":[{"href":"https:\/\/store.evolve-fitness.eu\/lt\/wp-json\/wp\/v2\/product"}],"about":[{"href":"https:\/\/store.evolve-fitness.eu\/lt\/wp-json\/wp\/v2\/types\/product"}],"wp:featuredmedia":[{"embeddable":true,"href":"https:\/\/store.evolve-fitness.eu\/lt\/wp-json\/wp\/v2\/media\/135110"}],"wp:attachment":[{"href":"https:\/\/store.evolve-fitness.eu\/lt\/wp-json\/wp\/v2\/media?parent=135073"}],"wp:term":[{"taxonomy":"product_cat","embeddable":true,"href":"https:\/\/store.evolve-fitness.eu\/lt\/wp-json\/wp\/v2\/product_cat?post=135073"},{"taxonomy":"product_tag","embeddable":true,"href":"https:\/\/store.evolve-fitness.eu\/lt\/wp-json\/wp\/v2\/product_tag?post=135073"}],"curies":[{"name":"wp","href":"https:\/\/api.w.org\/{rel}","templated":true}]}}