{"id":131584,"date":"2025-06-30T13:09:59","date_gmt":"2025-06-30T13:09:59","guid":{"rendered":"https:\/\/store.evolve-fitness.eu\/?post_type=product&#038;p=131584"},"modified":"2025-11-07T10:27:25","modified_gmt":"2025-11-07T10:27:25","slug":"evolve-urethane-body-pump-rinkinys-195-kg-6","status":"publish","type":"product","link":"https:\/\/store.evolve-fitness.eu\/lt\/produktas\/evolve-urethane-body-pump-rinkinys-195-kg-6\/","title":{"rendered":"&#8222;Evolve Ultra Series&#8221; stryp\u0173 rinkiniai su CPU uretano svori\u0173 plok\u0161tel\u0117mis"},"content":{"rendered":"\n<section class=\"wp-block-group alignfull black-content has-white-color has-darkgray-background-color has-text-color has-background is-layout-constrained wp-block-group-is-layout-constrained\" style=\"padding-top:var(--wp--preset--spacing--section-bottom);padding-bottom:var(--wp--preset--spacing--section-bottom)\">\n<section class=\"wp-block-group alignfull black-content has-white-color has-darkgray-background-color has-text-color has-background is-layout-constrained wp-block-group-is-layout-constrained\" style=\"padding-top:var(--wp--preset--spacing--section-bottom);padding-bottom:var(--wp--preset--spacing--section-bottom)\">\n<div class=\"wp-block-columns alignwide mobile-reverse is-layout-flex wp-container-core-columns-is-layout-ca64bf2d wp-block-columns-is-layout-flex\" style=\"margin-bottom:var(--wp--preset--spacing--side-padding)\">\n<div class=\"wp-block-column is-vertically-aligned-center is-layout-flow wp-block-column-is-layout-flow\">\n<h3 class=\"wp-block-heading\" style=\"margin-bottom:var(--wp--preset--spacing--h-3-bottom)\"><strong><strong>&#8222;Evolve&#8221; j\u0117gos treniruo\u010di\u0173 rinkinys &#8211; &#8222;Prime Series&#8221; strypas su &#8222;Ultra Series CPU Urethane&#8221; svori\u0173 plok\u0161tel\u0117mis<\/strong><\/strong><\/h3>\n\n\n\n<p style=\"margin-bottom:var(--wp--preset--spacing--tb-section-padding)\">Atnaujinkite savo treniruo\u010di\u0173 arsenal\u0105 su &#8222;Evolve&#8221; j\u0117gos treniruo\u010di\u0173 rinkiniu, kuriame yra elitinio lygio <strong>&#8222;Evolve Prime&#8221; serijos olimpinis \u0161tangos strypas (220 cm \/ 20 kg)<\/strong>, precizi\u0161kai suprojektuotos <strong>&#8222;Evolve Ultra&#8221; serijos CPU uretano svarmen\u0173 plok\u0161tel\u0117s (1,25-25 kg)<\/strong> ir saugios &#8222;Evolve&#8221; olimpin\u0117s \u0161tangos apykakl\u0117s. \u0160is rinkinys skirtas sportininkams ir fitneso profesionalams, kurie reikalauja i\u0161skirtinio na\u0161umo, ilgalaikio patvarumo ir profesionali\u0173 sporto sal\u0117s standart\u0173 kiekviename k\u0117lime. <\/p>\n<\/div>\n\n\n\n<div class=\"wp-block-column is-vertically-aligned-center is-layout-flow wp-block-column-is-layout-flow\">\n<figure class=\"wp-block-image size-large is-style-rounded\"><img decoding=\"async\" src=\"https:\/\/evolve-fitness.eu\/wp-content\/uploads\/2025\/06\/A7_02417-1024x683.jpg\" alt=\"\" class=\"wp-image-198606\"\/><\/figure>\n<\/div>\n<\/div>\n\n\n\n<div class=\"wp-block-columns alignwide is-layout-flex wp-container-core-columns-is-layout-c45ee707 wp-block-columns-is-layout-flex\" style=\"margin-bottom:var(--wp--preset--spacing--side-padding);padding-top:var(--wp--preset--spacing--side-padding)\">\n<div class=\"wp-block-column is-vertically-aligned-center is-layout-flow wp-block-column-is-layout-flow\">\n<figure class=\"wp-block-video\"><video height=\"2160\" style=\"aspect-ratio: 3840 \/ 2160;\" width=\"3840\" controls=\"\" src=\"https:\/\/store.evolve-fitness.eu\/wp-content\/uploads\/2025\/05\/EV-OB-CK-201-Evolve-Cerakote-Series-Olympic-Woman-201-cm-15-kg-1.mp4\"><\/video><\/figure>\n<\/div>\n\n\n\n<div class=\"wp-block-column is-vertically-aligned-center is-layout-flow wp-block-column-is-layout-flow\">\n<h3 class=\"wp-block-heading\" style=\"margin-bottom:var(--wp--preset--spacing--h-3-bottom)\"><strong>&#8222;Elite Performance&#8221; &#8211; &#8222;Evolve Prime Series&#8221; olimpinis \u0161tangos strypas<\/strong><\/h3>\n\n\n\n<p style=\"margin-bottom:var(--wp--preset--spacing--tb-section-padding)\">\u0160io rinkinio pagrindas &#8211; &#8222;Evolve Prime&#8221; serijos &#8222;Olympic Man Bar&#8221;. 220 cm ilgio ir 20 kg svorio \u0161tanga skirta didel\u0117s apkrovos j\u0117gos treniruot\u0117ms. Pagaminta i\u0161 termi\u0161kai apdoroto legiruoto plieno, \u0161tanga u\u017etikrina puiki\u0105 tempimo j\u0117gos ir lankstumo pusiausvyr\u0105. Tiksl\u016bs adatiniai guoliai u\u017etikrina skland\u0173 \u012fvor\u0117s sukim\u0105si, idealiai tinkant\u012f olimpiniams pak\u0117limams ir dinami\u0161kiems \u0161tangos judesiams. Smulkiai i\u0161gaubtas pavir\u0161ius u\u017etikrina saug\u0173 ir patog\u0173 sukibim\u0105 atliekant vis\u0173 tip\u0173 treniruotes &#8211; nuo prit\u016bpim\u0173 iki valym\u0173.    <\/p>\n<\/div>\n<\/div>\n\n\n\n<div class=\"wp-block-columns alignwide mobile-reverse is-layout-flex wp-container-core-columns-is-layout-ca64bf2d wp-block-columns-is-layout-flex\" style=\"margin-bottom:var(--wp--preset--spacing--side-padding)\">\n<div class=\"wp-block-column is-vertically-aligned-center is-layout-flow wp-block-column-is-layout-flow\">\n<h3 class=\"wp-block-heading\" style=\"margin-bottom:var(--wp--preset--spacing--h-3-bottom)\"><strong>Saug\u016bs ir patikimi &#8211; olimpini\u0173 stryp\u0173 antkakliai<\/strong><\/h3>\n\n\n\n<p style=\"margin-bottom:var(--wp--preset--spacing--tb-section-padding)\">Pridedami &#8222;Evolve&#8221; olimpini\u0173 stryp\u0173 apvadai yra sukurti greitam ir saugiam plok\u0161teli\u0173 keitimui. \u0160ios apykakl\u0117s, sukurtos tvirtai u\u017efiksuoti svorio plok\u0161tes, kai atliekami didelio intensyvumo pak\u0117limai, u\u017etikrina stabil\u0173 ir kontroliuojam\u0105 \u0161tangos nustatym\u0105. J\u0173 greito fiksavimo mechanizmas leid\u017eia be vargo u\u017ed\u0117ti ir nuimti l\u0117k\u0161tes nesuma\u017einant saugumo ir stabilumo.  <\/p>\n<\/div>\n\n\n\n<div class=\"wp-block-column is-vertically-aligned-center is-layout-flow wp-block-column-is-layout-flow\">\n<figure class=\"wp-block-video\"><video height=\"1080\" style=\"aspect-ratio: 1920 \/ 1080;\" width=\"1920\" controls=\"\" src=\"https:\/\/store.evolve-fitness.eu\/wp-content\/uploads\/2025\/05\/EV-OC-CC-02-1.mp4\"><\/video><\/figure>\n<\/div>\n<\/div>\n\n\n\n<div class=\"wp-block-columns alignwide is-layout-flex wp-container-core-columns-is-layout-c45ee707 wp-block-columns-is-layout-flex\" style=\"margin-bottom:var(--wp--preset--spacing--side-padding);padding-top:var(--wp--preset--spacing--side-padding)\">\n<div class=\"wp-block-column is-vertically-aligned-center is-layout-flow wp-block-column-is-layout-flow\">\n<figure class=\"wp-block-image size-large is-style-rounded\"><img decoding=\"async\" src=\"https:\/\/evolve-fitness.eu\/wp-content\/uploads\/2025\/06\/A7_02441-1024x683.jpg\" alt=\"\" class=\"wp-image-198631\"\/><\/figure>\n<\/div>\n\n\n\n<div class=\"wp-block-column is-vertically-aligned-center is-layout-flow wp-block-column-is-layout-flow\">\n<h3 class=\"wp-block-heading\" style=\"margin-bottom:var(--wp--preset--spacing--h-3-bottom)\"><strong>Tikslumas ir ilgaam\u017ei\u0161kumas &#8211; &#8222;Ultra Series CPU Urethane Weight Plates<\/strong><\/h3>\n\n\n\n<p>\u0160iame rinkinyje yra &#8221; <strong>Evolve Ultra&#8221; serijos CPU uretano svori\u0173 plok\u0161t\u0117s<\/strong>, pasi\u017eymin\u010dios neprilygstamu atsparumu nusid\u0117v\u0117jimui, blukimui ir sm\u016bgiams. Pagamintos i\u0161 auk\u0161tos kokyb\u0117s CPU uretano ir 1,25-25 kg dyd\u017eio, \u0161ios plok\u0161t\u0117s yra tiksliai sukalibruotos ir pritaikytos intensyviam ir ilgalaikiam naudojimui. Kiekvienoje plok\u0161tel\u0117je yra ergonomi\u0161kos rankenos, kad b\u016bt\u0173 lengviau valdyti, neblizga pavir\u0161ius, apsaugantis sporto sal\u0117s grindis, ir lazeriu i\u0161rai\u017eyti logotipai bei svorio indikatoriai, u\u017etikrinantys ilgalaik\u012f ai\u0161kum\u0105.  <\/p>\n<\/div>\n<\/div>\n\n\n\n<div class=\"wp-block-columns alignwide is-layout-flex wp-container-core-columns-is-layout-c45ee707 wp-block-columns-is-layout-flex\" style=\"margin-bottom:var(--wp--preset--spacing--side-padding);padding-top:var(--wp--preset--spacing--side-padding)\">\n<div class=\"wp-block-column is-vertically-aligned-center is-layout-flow wp-block-column-is-layout-flow\">\n<h3 class=\"wp-block-heading\" style=\"margin-bottom:var(--wp--preset--spacing--h-3-bottom)\"><strong>Treniruokit\u0117s kaip profesionalas &#8211; sukurtas pa\u017eangai ir na\u0161umui<\/strong><\/h3>\n\n\n\n<p>\u0160is j\u0117gos treniruokli\u0173 rinkinys idealiai tinka sportininkams, ie\u0161kantiems profesionalios \u012frangos, kurioje pa\u017eangi in\u017einerija derinama su \u0161varia, modernia estetika. Nesvarbu, ar treniruotum\u0117t\u0117s namuose, ar \u012frengtum\u0117te komercin\u0119 patalp\u0105, \u0161is treniruokli\u0173 komplektas suteikia pasitik\u0117jimo, saugumo ir efektyvumo, reikaling\u0173 rimtam j\u0117gos ugdymui. <\/p>\n<\/div>\n\n\n\n<div class=\"wp-block-column is-vertically-aligned-center is-layout-flow wp-block-column-is-layout-flow\">\n<div class=\"wp-block-columns is-layout-flex wp-container-core-columns-is-layout-9d6595d7 wp-block-columns-is-layout-flex\">\n<div class=\"wp-block-column is-layout-flow wp-block-column-is-layout-flow\">\n<figure class=\"wp-block-image size-large is-style-rounded\"><img decoding=\"async\" src=\"https:\/\/evolve-fitness.eu\/wp-content\/uploads\/2025\/06\/A7_02443-1024x683.jpg\" alt=\"\" class=\"wp-image-198681\"\/><\/figure>\n<\/div>\n<\/div>\n<\/div>\n<\/div>\n<\/section>\n<\/section>\n","protected":false},"excerpt":{"rendered":"<p>Atnaujinkite savo treniruo\u010di\u0173 arsenal\u0105 su &#8222;Evolve&#8221; j\u0117gos treniruo\u010di\u0173 rinkiniu, kuriame yra elitinio lygio &#8222;Evolve Prime&#8221; serijos olimpinis \u0161tangos strypas (220 cm \/ 20 kg), precizi\u0161kai suprojektuotos &#8222;Evolve Ultra&#8221; serijos CPU uretano svarmen\u0173 plok\u0161tel\u0117s (1,25-25 kg) ir saugios &#8222;Evolve&#8221; olimpin\u0117s \u0161tangos apykakl\u0117s. \u0160is rinkinys skirtas sportininkams ir fitneso profesionalams, kurie reikalauja i\u0161skirtinio na\u0161umo, ilgalaikio patvarumo ir profesionali\u0173 sporto sal\u0117s standart\u0173 kiekviename k\u0117lime.<\/p>\n","protected":false},"featured_media":129678,"template":"","meta":{"_acf_changed":false,"inline_featured_image":false},"product_cat":[127,2155],"product_tag":[],"class_list":{"0":"post-131584","1":"product","2":"type-product","3":"status-publish","4":"has-post-thumbnail","6":"product_cat-laisvieji-svarmenys","7":"product_cat-baru-rinkiniai","9":"first","10":"outofstock","11":"shipping-taxable","12":"purchasable","13":"product-type-variable"},"acf":[],"_links":{"self":[{"href":"https:\/\/store.evolve-fitness.eu\/lt\/wp-json\/wp\/v2\/product\/131584","targetHints":{"allow":["GET"]}}],"collection":[{"href":"https:\/\/store.evolve-fitness.eu\/lt\/wp-json\/wp\/v2\/product"}],"about":[{"href":"https:\/\/store.evolve-fitness.eu\/lt\/wp-json\/wp\/v2\/types\/product"}],"wp:featuredmedia":[{"embeddable":true,"href":"https:\/\/store.evolve-fitness.eu\/lt\/wp-json\/wp\/v2\/media\/129678"}],"wp:attachment":[{"href":"https:\/\/store.evolve-fitness.eu\/lt\/wp-json\/wp\/v2\/media?parent=131584"}],"wp:term":[{"taxonomy":"product_cat","embeddable":true,"href":"https:\/\/store.evolve-fitness.eu\/lt\/wp-json\/wp\/v2\/product_cat?post=131584"},{"taxonomy":"product_tag","embeddable":true,"href":"https:\/\/store.evolve-fitness.eu\/lt\/wp-json\/wp\/v2\/product_tag?post=131584"}],"curies":[{"name":"wp","href":"https:\/\/api.w.org\/{rel}","templated":true}]}}