{"id":130771,"date":"2025-06-19T14:53:40","date_gmt":"2025-06-19T14:53:40","guid":{"rendered":"https:\/\/store.evolve-fitness.eu\/?post_type=product&#038;p=130771"},"modified":"2025-07-23T00:59:40","modified_gmt":"2025-07-23T00:59:40","slug":"evolve-urethane-body-pump-rinkinys-195-kg-5","status":"publish","type":"product","link":"https:\/\/store.evolve-fitness.eu\/lt\/produktas\/evolve-urethane-body-pump-rinkinys-195-kg-5\/","title":{"rendered":"&#8222;Evolve Cerakote&#8221; \u0161tang\u0173 rinkiniai su &#8222;Bumper&#8221; svarmenimis"},"content":{"rendered":"\n<section class=\"wp-block-group alignfull black-content has-white-color has-darkgray-background-color has-text-color has-background is-layout-constrained wp-block-group-is-layout-constrained\" style=\"padding-top:var(--wp--preset--spacing--section-bottom);padding-bottom:var(--wp--preset--spacing--section-bottom)\">\n<section class=\"wp-block-group alignfull black-content has-white-color has-darkgray-background-color has-text-color has-background is-layout-constrained wp-block-group-is-layout-constrained\" style=\"padding-top:var(--wp--preset--spacing--section-bottom);padding-bottom:var(--wp--preset--spacing--section-bottom)\">\n<div class=\"wp-block-columns alignwide mobile-reverse is-layout-flex wp-container-core-columns-is-layout-ca64bf2d wp-block-columns-is-layout-flex\" style=\"margin-bottom:var(--wp--preset--spacing--side-padding)\">\n<div class=\"wp-block-column is-vertically-aligned-center is-layout-flow wp-block-column-is-layout-flow\">\n<h3 class=\"wp-block-heading\" style=\"margin-bottom:var(--wp--preset--spacing--h-3-bottom)\"><strong><strong><strong>Pilnas olimpini\u0173 \u0161tang\u0173 rinkinys su Cerakote \u0161tanga, Hi-Temp Bumper plok\u0161tel\u0117mis ir fiksavimo apvadais<\/strong><\/strong><\/strong><\/h3>\n\n\n\n<p style=\"margin-bottom:var(--wp--preset--spacing--tb-section-padding)\">Pagerinkite savo j\u0117gos treniruotes su \u0161iuo auk\u0161\u010diausios kokyb\u0117s olimpini\u0173 \u0161tang\u0173 rinkiniu, kuris pasi\u017eymi ilgaam\u017ei\u0161kumu, na\u0161umu ir saugumu. \u0160\u012f rinkin\u012f sudaro &#8221; <strong>Evolve Cerakote&#8221; serijos olimpin\u0117 \u0161tanga (220 cm, 20 kg)<\/strong>, <strong>&#8222;Evolve Hi-Temp X Bumper Plates&#8221; (5-25 kg)<\/strong> ir pora <strong>saugi\u0173 olimpin\u0117s \u0161tangos apvad\u0173 &#8211; idealiai tinka<\/strong>tiek funkcin\u0117ms treniruo\u010di\u0173 zonoms, tiek profesionaliam k\u0117limui. <\/p>\n<\/div>\n\n\n\n<div class=\"wp-block-column is-vertically-aligned-center is-layout-flow wp-block-column-is-layout-flow\">\n<figure class=\"wp-block-image size-large is-style-rounded\"><img decoding=\"async\" src=\"https:\/\/evolve-fitness.eu\/wp-content\/uploads\/2025\/06\/A7_02372-1024x683.jpg\" alt=\"\" class=\"wp-image-200370\"\/><\/figure>\n<\/div>\n<\/div>\n\n\n\n<div class=\"wp-block-columns alignwide is-layout-flex wp-container-core-columns-is-layout-c45ee707 wp-block-columns-is-layout-flex\" style=\"margin-bottom:var(--wp--preset--spacing--side-padding);padding-top:var(--wp--preset--spacing--side-padding)\">\n<div class=\"wp-block-column is-vertically-aligned-center is-layout-flow wp-block-column-is-layout-flow\">\n<figure class=\"wp-block-video\"><video height=\"2160\" style=\"aspect-ratio: 3840 \/ 2160;\" width=\"3840\" controls=\"\" src=\"https:\/\/store.evolve-fitness.eu\/wp-content\/uploads\/2025\/05\/EV-OB-CK-201-Evolve-Cerakote-Series-Olympic-Woman-201-cm-15-kg-1.mp4\"><\/video><\/figure>\n<\/div>\n\n\n\n<div class=\"wp-block-column is-vertically-aligned-center is-layout-flow wp-block-column-is-layout-flow\">\n<h3 class=\"wp-block-heading\" style=\"margin-bottom:var(--wp--preset--spacing--h-3-bottom)\"><strong><br\/><strong>&#8222;Evolve Cerakote&#8221; serijos olimpin\u0117 \u0161tanga &#8211; 220 cm \/ 20 kg<\/strong><\/strong><\/h3>\n\n\n\n<p style=\"margin-bottom:var(--wp--preset--spacing--tb-section-padding)\">&#8222;Evolve Cerakote Olympic Bar&#8221; &#8211; tai auk\u0161\u010diausios klas\u0117s profesionaliems treniruo\u010di\u0173 ir nam\u0173 sportininkams skirtas treniruoklis, pasi\u017eymintis did\u017eiausia j\u0117ga ir patvarumu. \u012esp\u016bdingo 220 cm ilgio ir 20 kg svorio \u0161tanga sukurta taip, kad i\u0161laikyt\u0173 did\u017eiausi\u0105 1043 kg apkrov\u0105, tod\u0117l idealiai tinka sunkiems svoriams kelti. Turinti 8 adatinius guolius ir 2 varines \u012fvores, ji u\u017etikrina skland\u0173 sukim\u0105si ir stabilum\u0105 j\u0105 naudojant. Jos \u00d850 mm skersmens \u012fvor\u0117s pritaikytos standartiniams svoriams, o \u00d828 mm skersmens vidin\u0117 \u0161tangos dalis pagerina sukibim\u0105 ir kontrol\u0119.     <\/p>\n<\/div>\n<\/div>\n\n\n\n<div class=\"wp-block-columns alignwide mobile-reverse is-layout-flex wp-container-core-columns-is-layout-ca64bf2d wp-block-columns-is-layout-flex\" style=\"margin-bottom:var(--wp--preset--spacing--side-padding)\">\n<div class=\"wp-block-column is-vertically-aligned-center is-layout-flow wp-block-column-is-layout-flow\">\n<h3 class=\"wp-block-heading\" style=\"margin-bottom:var(--wp--preset--spacing--h-3-bottom)\"><strong>Saug\u016bs ir patikimi &#8211; olimpini\u0173 stryp\u0173 antkakliai<\/strong><\/h3>\n\n\n\n<p style=\"margin-bottom:var(--wp--preset--spacing--tb-section-padding)\">Pridedami &#8222;Evolve&#8221; olimpini\u0173 stryp\u0173 apvadai yra sukurti greitam ir saugiam plok\u0161teli\u0173 keitimui. \u0160ios apykakl\u0117s, sukurtos tvirtai u\u017efiksuoti svorio plok\u0161tes, kai atliekami didelio intensyvumo pak\u0117limai, u\u017etikrina stabil\u0173 ir kontroliuojam\u0105 \u0161tangos nustatym\u0105. J\u0173 greito fiksavimo mechanizmas leid\u017eia be vargo u\u017ed\u0117ti ir nuimti l\u0117k\u0161tes nesuma\u017einant saugumo ir stabilumo.  <\/p>\n<\/div>\n\n\n\n<div class=\"wp-block-column is-vertically-aligned-center is-layout-flow wp-block-column-is-layout-flow\">\n<figure class=\"wp-block-video\"><video height=\"1080\" style=\"aspect-ratio: 1920 \/ 1080;\" width=\"1920\" controls=\"\" src=\"https:\/\/store.evolve-fitness.eu\/wp-content\/uploads\/2025\/05\/EV-OC-CC-02-1.mp4\"><\/video><\/figure>\n<\/div>\n<\/div>\n\n\n\n<div class=\"wp-block-columns alignwide is-layout-flex wp-container-core-columns-is-layout-c45ee707 wp-block-columns-is-layout-flex\" style=\"margin-bottom:var(--wp--preset--spacing--side-padding);padding-top:var(--wp--preset--spacing--side-padding)\">\n<div class=\"wp-block-column is-vertically-aligned-center is-layout-flow wp-block-column-is-layout-flow\">\n<figure class=\"wp-block-image size-large is-style-rounded\"><img decoding=\"async\" src=\"https:\/\/evolve-fitness.eu\/wp-content\/uploads\/2025\/06\/A7_02389-1024x683.jpg\" alt=\"\" class=\"wp-image-200395\"\/><\/figure>\n<\/div>\n\n\n\n<div class=\"wp-block-column is-vertically-aligned-center is-layout-flow wp-block-column-is-layout-flow\">\n<h3 class=\"wp-block-heading\" style=\"margin-bottom:var(--wp--preset--spacing--h-3-bottom)\"><strong>Patvarios Hi-Temp bamperio plok\u0161tel\u0117s<\/strong><\/h3>\n\n\n\n<p>\u012e \u0161\u012f rinkin\u012f \u012feina <strong>&#8222;Evolve Hi-Temp X Bumper Plates&#8221;<\/strong>(5, 10, 15, 20 ir 25 kg poros). \u0160ios plok\u0161t\u0117s, pagamintos i\u0161 didelio tankio gumos ir sukurtos taip, kad sugert\u0173 sm\u016bg\u012f po sm\u016bgio, idealiai tinka triuk\u0161mui ma\u017einti ir grindims apsaugoti intensyviose treniruot\u0117se. Ma\u017eai atsitrenkianti med\u017eiaga u\u017etikrina saug\u0173 ir nuosekl\u0173 veikim\u0105.  <\/p>\n<\/div>\n<\/div>\n\n\n\n<div class=\"wp-block-columns alignwide is-layout-flex wp-container-core-columns-is-layout-c45ee707 wp-block-columns-is-layout-flex\" style=\"margin-bottom:var(--wp--preset--spacing--side-padding);padding-top:var(--wp--preset--spacing--side-padding)\">\n<div class=\"wp-block-column is-vertically-aligned-center is-layout-flow wp-block-column-is-layout-flow\">\n<h3 class=\"wp-block-heading\" style=\"margin-bottom:var(--wp--preset--spacing--h-3-bottom)\"><strong>Pritaikomi svorio variantai<\/strong><\/h3>\n\n\n\n<p>\u0160\u012f \u0161tang\u0173 rinkin\u012f galima \u012fsigyti \u012fvairi\u0173 komplekt\u0173 konfig\u016bracij\u0173, tod\u0117l j\u012f galima pritaikyti savo treniruo\u010di\u0173 tikslams &#8211; nesvarbu, ar statote pagrindin\u0119 nam\u0173 sporto sal\u0119, ar \u012frengin\u0117jate komercin\u0119 patalp\u0105. Pasirinkite savo poreikius atitinkant\u012f buferini\u0173 plok\u0161\u010di\u0173 derin\u012f, o bendras rinkinio svoris svyruoja nuo <strong>90 kg iki 170 kg ir daugiau.<\/strong> <\/p>\n<\/div>\n\n\n\n<div class=\"wp-block-column is-vertically-aligned-center is-layout-flow wp-block-column-is-layout-flow\">\n<div class=\"wp-block-columns is-layout-flex wp-container-core-columns-is-layout-9d6595d7 wp-block-columns-is-layout-flex\">\n<div class=\"wp-block-column is-layout-flow wp-block-column-is-layout-flow\">\n<figure class=\"wp-block-image size-large is-style-rounded\"><img decoding=\"async\" src=\"https:\/\/evolve-fitness.eu\/wp-content\/uploads\/2025\/06\/A7_02383-1024x683.jpg\" alt=\"\" class=\"wp-image-200445\"\/><\/figure>\n<\/div>\n<\/div>\n<\/div>\n<\/div>\n<\/section>\n<\/section>\n\n<p><\/p>\n","protected":false},"excerpt":{"rendered":"<p>Pagerinkite savo j\u0117gos treniruotes su \u0161iuo auk\u0161\u010diausios kokyb\u0117s olimpini\u0173 \u0161tang\u0173 rinkiniu, kuris pasi\u017eymi ilgaam\u017ei\u0161kumu, na\u0161umu ir saugumu. \u0160\u012f rinkin\u012f sudaro &#8222;Evolve Cerakote&#8221; serijos olimpin\u0117 \u0161tanga (220 cm, 20 kg), &#8222;Evolve Hi-Temp X Bumper Plates&#8221; (5-25 kg) ir pora saugi\u0173 olimpin\u0117s \u0161tangos apvad\u0173 &#8211; idealiai tinka tiek funkcin\u0117ms treniruo\u010di\u0173 zonoms, tiek profesionaliam k\u0117limui. <\/p>\n","protected":false},"featured_media":131404,"template":"","meta":{"_acf_changed":false,"inline_featured_image":false},"product_cat":[127,2155],"product_tag":[],"class_list":{"0":"post-130771","1":"product","2":"type-product","3":"status-publish","4":"has-post-thumbnail","6":"product_cat-laisvieji-svarmenys","7":"product_cat-baru-rinkiniai","9":"first","10":"outofstock","11":"shipping-taxable","12":"purchasable","13":"product-type-variable"},"acf":[],"_links":{"self":[{"href":"https:\/\/store.evolve-fitness.eu\/lt\/wp-json\/wp\/v2\/product\/130771","targetHints":{"allow":["GET"]}}],"collection":[{"href":"https:\/\/store.evolve-fitness.eu\/lt\/wp-json\/wp\/v2\/product"}],"about":[{"href":"https:\/\/store.evolve-fitness.eu\/lt\/wp-json\/wp\/v2\/types\/product"}],"wp:featuredmedia":[{"embeddable":true,"href":"https:\/\/store.evolve-fitness.eu\/lt\/wp-json\/wp\/v2\/media\/131404"}],"wp:attachment":[{"href":"https:\/\/store.evolve-fitness.eu\/lt\/wp-json\/wp\/v2\/media?parent=130771"}],"wp:term":[{"taxonomy":"product_cat","embeddable":true,"href":"https:\/\/store.evolve-fitness.eu\/lt\/wp-json\/wp\/v2\/product_cat?post=130771"},{"taxonomy":"product_tag","embeddable":true,"href":"https:\/\/store.evolve-fitness.eu\/lt\/wp-json\/wp\/v2\/product_tag?post=130771"}],"curies":[{"name":"wp","href":"https:\/\/api.w.org\/{rel}","templated":true}]}}