{"id":129399,"date":"2025-05-13T13:09:48","date_gmt":"2025-05-13T13:09:48","guid":{"rendered":"https:\/\/store.evolve-fitness.eu\/?post_type=product&#038;p=129399"},"modified":"2025-07-23T00:59:10","modified_gmt":"2025-07-23T00:59:10","slug":"evolve-urethane-body-pump-rinkinys-195-kg-4","status":"publish","type":"product","link":"https:\/\/store.evolve-fitness.eu\/lt\/produktas\/evolve-urethane-body-pump-rinkinys-195-kg-4\/","title":{"rendered":"&#8222;Evolve Econ&#8221; serijos stryp\u0173 rinkinys su TPU uretano svorio plok\u0161tel\u0117mis"},"content":{"rendered":"\n<section class=\"wp-block-group alignfull black-content has-white-color has-darkgray-background-color has-text-color has-background is-layout-constrained wp-block-group-is-layout-constrained\" style=\"padding-top:var(--wp--preset--spacing--section-bottom);padding-bottom:var(--wp--preset--spacing--section-bottom)\">\n<section class=\"wp-block-group alignfull black-content has-white-color has-darkgray-background-color has-text-color has-background is-layout-constrained wp-block-group-is-layout-constrained\" style=\"padding-top:var(--wp--preset--spacing--section-bottom);padding-bottom:var(--wp--preset--spacing--section-bottom)\">\n<div class=\"wp-block-columns alignwide mobile-reverse is-layout-flex wp-container-core-columns-is-layout-ca64bf2d wp-block-columns-is-layout-flex\" style=\"margin-bottom:var(--wp--preset--spacing--side-padding)\">\n<div class=\"wp-block-column is-vertically-aligned-center is-layout-flow wp-block-column-is-layout-flow\">\n<h3 class=\"wp-block-heading\" style=\"margin-bottom:var(--wp--preset--spacing--h-3-bottom)\">&#8222;Evolve Econ&#8221; serijos stryp\u0173 rinkinys su TPU uretano svori\u0173 plok\u0161tel\u0117mis &#8211; tikslumas ir ilgaam\u017ei\u0161kumas j\u016bs\u0173 j\u0117gos treniruot\u0117ms<\/h3>\n\n\n\n<p style=\"margin-bottom:var(--wp--preset--spacing--tb-section-padding)\">&#8221; <strong>Evolve Econ&#8221; serijos \u0161tang\u0173 rinkinys su TPU uretano svori\u0173 plok\u0161t\u0117mis<\/strong> skirtas sportininkams, ie\u0161kantiems patvarios, auk\u0161tos kokyb\u0117s \u012frangos savo sporto sal\u0117je. \u0160\u012f i\u0161sam\u0173 rinkin\u012f sudaro patikimas <strong>&#8222;Evolve Econ Series&#8221; olimpinis strypas (220 cm \/ 20 kg)<\/strong>, saug\u016bs <strong>&#8222;Evolve&#8221; olimpinio strypo apvadai<\/strong> ir elastingos <strong>TPU uretano svori\u0173 plok\u0161t\u0117s (1,25-25 kg)<\/strong>. \u0160is rinkinys idealiai tinka j\u0117gos treniruo\u010di\u0173 entuziastams, nes puikiai suderina na\u0161um\u0105, saugum\u0105 ir universalum\u0105.  <\/p>\n<\/div>\n\n\n\n<div class=\"wp-block-column is-vertically-aligned-center is-layout-flow wp-block-column-is-layout-flow\">\n<figure class=\"wp-block-image size-large is-style-rounded\"><img decoding=\"async\" src=\"https:\/\/evolve-fitness.eu\/wp-content\/uploads\/2025\/05\/EV-WP-TP-1-1024x683.jpg\" alt=\"\" class=\"wp-image-197977\"\/><\/figure>\n<\/div>\n<\/div>\n\n\n\n<div class=\"wp-block-columns alignwide is-layout-flex wp-container-core-columns-is-layout-c45ee707 wp-block-columns-is-layout-flex\" style=\"margin-bottom:var(--wp--preset--spacing--side-padding);padding-top:var(--wp--preset--spacing--side-padding)\">\n<div class=\"wp-block-column is-vertically-aligned-center is-layout-flow wp-block-column-is-layout-flow\">\n<figure class=\"wp-block-video\"><video height=\"2160\" style=\"aspect-ratio: 3840 \/ 2160;\" width=\"3840\" controls=\"\" src=\"https:\/\/store.evolve-fitness.eu\/wp-content\/uploads\/2025\/05\/EV-OB-CK-201-Evolve-Cerakote-Series-Olympic-Woman-201-cm-15-kg-1.mp4\"><\/video><\/figure>\n<\/div>\n\n\n\n<div class=\"wp-block-column is-vertically-aligned-center is-layout-flow wp-block-column-is-layout-flow\">\n<h3 class=\"wp-block-heading\" style=\"margin-bottom:var(--wp--preset--spacing--h-3-bottom)\">Tvirtas ir patikimas &#8211; &#8222;Econ&#8221; serijos olimpinis strypas<\/h3>\n\n\n\n<p style=\"margin-bottom:var(--wp--preset--spacing--tb-section-padding)\">Pagrindinis \u0161io rinkinio elementas &#8211; &#8221; <strong>Evolve Econ&#8221; serijos olimpin\u0117 \u0161tanga<\/strong>, kurios ilgis &#8211; 220 cm, o svoris &#8211; 20 kg. Pagaminta i\u0161 tvirto plieno, ji u\u017etikrina i\u0161skirtin\u012f patvarum\u0105 ir stabilum\u0105 treniruo\u010di\u0173 metu. Vidutinio gylio rai\u0161teliai u\u017etikrina saug\u0173 ir patog\u0173 su\u0117mim\u0105, tod\u0117l tinka \u012fvairioms k\u0117limo technikoms. \u0160is \u0161tangos strypas sukurtas taip, kad atlaikyt\u0173 grie\u017etas treniruotes, i\u0161laikyt\u0173 savo form\u0105 ir funkcij\u0105 net esant didel\u0117ms apkrovoms.   <\/p>\n<\/div>\n<\/div>\n\n\n\n<div class=\"wp-block-columns alignwide mobile-reverse is-layout-flex wp-container-core-columns-is-layout-ca64bf2d wp-block-columns-is-layout-flex\" style=\"margin-bottom:var(--wp--preset--spacing--side-padding)\">\n<div class=\"wp-block-column is-vertically-aligned-center is-layout-flow wp-block-column-is-layout-flow\">\n<h3 class=\"wp-block-heading\" style=\"margin-bottom:var(--wp--preset--spacing--h-3-bottom)\">Saug\u016bs ir patikimi &#8211; olimpini\u0173 stryp\u0173 antkakliai<\/h3>\n\n\n\n<p style=\"margin-bottom:var(--wp--preset--spacing--tb-section-padding)\">Rinkinyje yra <strong>&#8222;Evolve&#8221; olimpini\u0173 \u0161tang\u0173 apvadai<\/strong>, u\u017etikrinantys saugum\u0105 k\u0117limo treniruo\u010di\u0173 metu. \u0160ios apykakl\u0117s patikimai fiksuoja ir neleid\u017eia svorio plok\u0161t\u0117ms jud\u0117ti intensyvi\u0173 treniruo\u010di\u0173 metu. Juos lengva pritvirtinti ir atlaisvinti, tod\u0117l jie yra b\u016btini norint i\u0161laikyti pusiausvyr\u0105 ir saugum\u0105 j\u016bs\u0173 \u0161tangos s\u0105rankoje.  <\/p>\n<\/div>\n\n\n\n<div class=\"wp-block-column is-vertically-aligned-center is-layout-flow wp-block-column-is-layout-flow\">\n<figure class=\"wp-block-video\"><video height=\"1080\" style=\"aspect-ratio: 1920 \/ 1080;\" width=\"1920\" controls=\"\" src=\"https:\/\/store.evolve-fitness.eu\/wp-content\/uploads\/2025\/05\/EV-OC-CC-02-1.mp4\"><\/video><\/figure>\n<\/div>\n<\/div>\n\n\n\n<div class=\"wp-block-columns alignwide is-layout-flex wp-container-core-columns-is-layout-c45ee707 wp-block-columns-is-layout-flex\" style=\"margin-bottom:var(--wp--preset--spacing--side-padding);padding-top:var(--wp--preset--spacing--side-padding)\">\n<div class=\"wp-block-column is-vertically-aligned-center is-layout-flow wp-block-column-is-layout-flow\">\n<figure class=\"wp-block-image size-large is-style-rounded\"><img decoding=\"async\" src=\"https:\/\/evolve-fitness.eu\/wp-content\/uploads\/2025\/05\/EV-WP-TP-5-1024x683.jpg\" alt=\"\" class=\"wp-image-197952\"\/><\/figure>\n<\/div>\n\n\n\n<div class=\"wp-block-column is-vertically-aligned-center is-layout-flow wp-block-column-is-layout-flow\">\n<h3 class=\"wp-block-heading\" style=\"margin-bottom:var(--wp--preset--spacing--h-3-bottom)\">Patvarios ir eleganti\u0161kos &#8211; TPU uretano svorio plok\u0161t\u0117s<\/h3>\n\n\n\n<p>\u012e \u0161\u012f rinkin\u012f \u012ftrauktos <strong>TPU uretano svarmen\u0173 plok\u0161tel\u0117s<\/strong> sukurtos taip, kad der\u0117t\u0173 ilgaam\u017ei\u0161kumas ir estetinis patrauklumas. \u0160ios plok\u0161t\u0117s, kuri\u0173 svoris svyruoja nuo 1,25 iki 25 kg, yra pagamintos i\u0161 auk\u0161tos kokyb\u0117s uretano ir pasi\u017eymi ypatingu atsparumu nusid\u0117v\u0117jimui. J\u0173 neblizgantis pavir\u0161ius apsaugo sporto sal\u0117s grindis, o eleganti\u0161ka apdaila pagerina profesionali\u0105 j\u016bs\u0173 nam\u0173 sporto sal\u0117s i\u0161vaizd\u0105. Ergonomi\u0161kas dizainas u\u017etikrina lengv\u0105 valdym\u0105 ir greit\u0105 svorio reguliavim\u0105.   <\/p>\n<\/div>\n<\/div>\n\n\n\n<div class=\"wp-block-columns alignwide is-layout-flex wp-container-core-columns-is-layout-c45ee707 wp-block-columns-is-layout-flex\" style=\"margin-bottom:var(--wp--preset--spacing--side-padding);padding-top:var(--wp--preset--spacing--side-padding)\">\n<div class=\"wp-block-column is-vertically-aligned-center is-layout-flow wp-block-column-is-layout-flow\">\n<h3 class=\"wp-block-heading\" style=\"margin-bottom:var(--wp--preset--spacing--h-3-bottom)\">Treniruokit\u0117s u\u017etikrintai ir stilingai<\/h3>\n\n\n\n<p>&#8221; <strong>Evolve Econ&#8221; serijos stryp\u0173 rinkinys su TPU uretano svori\u0173 plok\u0161t\u0117mis<\/strong> yra puikus pasirinkimas tiems, kurie vertina tikslum\u0105, saugum\u0105 ir ilgaam\u017ei\u0161kum\u0105 savo j\u0117gos treniruo\u010di\u0173 \u012frangoje. Nesvarbu, ar atliekate prit\u016bpimus, atsispaudimus ant suoliuko, ar mirtinus prisitraukimus, \u0161is rinkinys u\u017etikrina nuosekl\u0173 veikim\u0105 ir profesionali\u0105 k\u0117limo patirt\u012f. <\/p>\n<\/div>\n\n\n\n<div class=\"wp-block-column is-vertically-aligned-center is-layout-flow wp-block-column-is-layout-flow\">\n<div class=\"wp-block-columns is-layout-flex wp-container-core-columns-is-layout-9d6595d7 wp-block-columns-is-layout-flex\">\n<div class=\"wp-block-column is-layout-flow wp-block-column-is-layout-flow\">\n<figure class=\"wp-block-image size-large is-style-rounded\"><img decoding=\"async\" src=\"https:\/\/evolve-fitness.eu\/wp-content\/uploads\/2025\/05\/EV-WP-TP-9-1024x683.jpg\" alt=\"\" class=\"wp-image-197927\"\/><\/figure>\n<\/div>\n<\/div>\n<\/div>\n<\/div>\n<\/section>\n<\/section>\n","protected":false},"excerpt":{"rendered":"<p>&#8222;Evolve Econ&#8221; serijos stryp\u0173 rinkinys su TPU uretano svori\u0173 plok\u0161tel\u0117mis sukurtas sportininkams, ie\u0161kantiems patvarios, auk\u0161tos kokyb\u0117s sporto sal\u0117s \u012frangos. \u0160\u012f i\u0161sam\u0173 rinkin\u012f sudaro patikimas &#8222;Evolve Econ Series&#8221; olimpinis strypas (220 cm \/ 20 kg), saug\u016bs &#8222;Evolve&#8221; olimpinio strypo apvadai ir elastingos TPU uretano svori\u0173 plok\u0161tel\u0117s (1,25-25 kg). \u0160is rinkinys idealiai tinka j\u0117gos treniruo\u010di\u0173 entuziastams, nes puikiai suderina na\u0161um\u0105, saugum\u0105 ir universalum\u0105.<\/p>\n","protected":false},"featured_media":129678,"template":"","meta":{"_acf_changed":false,"inline_featured_image":false},"product_cat":[127,2155],"product_tag":[],"class_list":{"0":"post-129399","1":"product","2":"type-product","3":"status-publish","4":"has-post-thumbnail","6":"product_cat-laisvieji-svarmenys","7":"product_cat-baru-rinkiniai","9":"first","10":"outofstock","11":"shipping-taxable","12":"purchasable","13":"product-type-variable"},"acf":[],"_links":{"self":[{"href":"https:\/\/store.evolve-fitness.eu\/lt\/wp-json\/wp\/v2\/product\/129399","targetHints":{"allow":["GET"]}}],"collection":[{"href":"https:\/\/store.evolve-fitness.eu\/lt\/wp-json\/wp\/v2\/product"}],"about":[{"href":"https:\/\/store.evolve-fitness.eu\/lt\/wp-json\/wp\/v2\/types\/product"}],"wp:featuredmedia":[{"embeddable":true,"href":"https:\/\/store.evolve-fitness.eu\/lt\/wp-json\/wp\/v2\/media\/129678"}],"wp:attachment":[{"href":"https:\/\/store.evolve-fitness.eu\/lt\/wp-json\/wp\/v2\/media?parent=129399"}],"wp:term":[{"taxonomy":"product_cat","embeddable":true,"href":"https:\/\/store.evolve-fitness.eu\/lt\/wp-json\/wp\/v2\/product_cat?post=129399"},{"taxonomy":"product_tag","embeddable":true,"href":"https:\/\/store.evolve-fitness.eu\/lt\/wp-json\/wp\/v2\/product_tag?post=129399"}],"curies":[{"name":"wp","href":"https:\/\/api.w.org\/{rel}","templated":true}]}}