{"id":129177,"date":"2025-05-13T11:24:35","date_gmt":"2025-05-13T11:24:35","guid":{"rendered":"https:\/\/store.evolve-fitness.eu\/?post_type=product&#038;p=129177"},"modified":"2025-07-23T00:58:41","modified_gmt":"2025-07-23T00:58:41","slug":"evolve-urethane-body-pump-rinkinys-195-kg-3","status":"publish","type":"product","link":"https:\/\/store.evolve-fitness.eu\/lt\/produktas\/evolve-urethane-body-pump-rinkinys-195-kg-3\/","title":{"rendered":"&#8222;Evolve Econ&#8221; serijos stryp\u0173 rinkinys su gumin\u0117mis svorio plok\u0161tel\u0117mis"},"content":{"rendered":"\n<section class=\"wp-block-group alignfull black-content has-white-color has-darkgray-background-color has-text-color has-background is-layout-constrained wp-block-group-is-layout-constrained\" style=\"padding-top:var(--wp--preset--spacing--section-bottom);padding-bottom:var(--wp--preset--spacing--section-bottom)\">\n<section class=\"wp-block-group alignfull black-content has-white-color has-darkgray-background-color has-text-color has-background is-layout-constrained wp-block-group-is-layout-constrained\" style=\"padding-top:var(--wp--preset--spacing--section-bottom);padding-bottom:var(--wp--preset--spacing--section-bottom)\">\n<div class=\"wp-block-columns alignwide mobile-reverse is-layout-flex wp-container-core-columns-is-layout-ca64bf2d wp-block-columns-is-layout-flex\" style=\"margin-bottom:var(--wp--preset--spacing--side-padding)\">\n<div class=\"wp-block-column is-vertically-aligned-center is-layout-flow wp-block-column-is-layout-flow\">\n<h3 class=\"wp-block-heading\" style=\"margin-bottom:var(--wp--preset--spacing--h-3-bottom)\">&#8222;Evolve Econ&#8221; serijos stryp\u0173 rinkinys &#8211; patikima j\u0117gos treniruot\u0117 j\u016bs\u0173 nam\u0173 sporto sal\u0117je<\/h3>\n\n\n\n<p style=\"margin-bottom:var(--wp--preset--spacing--tb-section-padding)\">&#8221; <strong>Evolve Econ&#8221; serijos stryp\u0173 rinkinys<\/strong> skirtas fitneso entuziastams, ie\u0161kantiems nebrangaus ir kokybi\u0161ko j\u0117gos treniruo\u010di\u0173 sprendimo. \u0160\u012f rinkin\u012f sudaro patvarus <strong>&#8222;Evolve Econ Series&#8221; olimpinis strypas (220 cm \/ 20 kg)<\/strong>, saug\u016bs <strong>&#8222;Evolve&#8221; olimpinio strypo apvadai<\/strong> ir universalios <strong>&#8222;Evolve&#8221; gumin\u0117s svarmen\u0173 plok\u0161tel\u0117s (1,25-25 kg)<\/strong>. Nesvarbu, ar statote nauj\u0105 nam\u0173 sporto sal\u0119, ar atnaujinate esam\u0105, \u0161is rinkinys u\u017etikrins patikim\u0105 veikim\u0105 atliekant \u012fvairias j\u0117gos treniruotes.  <\/p>\n<\/div>\n\n\n\n<div class=\"wp-block-column is-vertically-aligned-center is-layout-flow wp-block-column-is-layout-flow\">\n<figure class=\"wp-block-image size-large is-style-rounded\"><img loading=\"lazy\" decoding=\"async\" width=\"1024\" height=\"683\" src=\"https:\/\/store.evolve-fitness.eu\/wp-content\/uploads\/2025\/05\/EV-WP-RB-1-1024x683.jpg\" alt=\"\" class=\"wp-image-128671\" srcset=\"https:\/\/store.evolve-fitness.eu\/wp-content\/uploads\/2025\/05\/EV-WP-RB-1-1024x683.jpg 1024w, https:\/\/store.evolve-fitness.eu\/wp-content\/uploads\/2025\/05\/EV-WP-RB-1-300x200.jpg 300w, https:\/\/store.evolve-fitness.eu\/wp-content\/uploads\/2025\/05\/EV-WP-RB-1-768x512.jpg 768w, https:\/\/store.evolve-fitness.eu\/wp-content\/uploads\/2025\/05\/EV-WP-RB-1-1536x1024.jpg 1536w, https:\/\/store.evolve-fitness.eu\/wp-content\/uploads\/2025\/05\/EV-WP-RB-1-2048x1365.jpg 2048w, https:\/\/store.evolve-fitness.eu\/wp-content\/uploads\/2025\/05\/EV-WP-RB-1-600x400.jpg 600w\" sizes=\"auto, (max-width: 1024px) 100vw, 1024px\" \/><\/figure>\n<\/div>\n<\/div>\n\n\n\n<div class=\"wp-block-columns alignwide is-layout-flex wp-container-core-columns-is-layout-c45ee707 wp-block-columns-is-layout-flex\" style=\"margin-bottom:var(--wp--preset--spacing--side-padding);padding-top:var(--wp--preset--spacing--side-padding)\">\n<div class=\"wp-block-column is-vertically-aligned-center is-layout-flow wp-block-column-is-layout-flow\">\n<figure class=\"wp-block-video\"><video height=\"2160\" style=\"aspect-ratio: 3840 \/ 2160;\" width=\"3840\" controls=\"\" src=\"https:\/\/store.evolve-fitness.eu\/wp-content\/uploads\/2025\/05\/EV-OB-CK-201-Evolve-Cerakote-Series-Olympic-Woman-201-cm-15-kg-1.mp4\"><\/video><\/figure>\n<\/div>\n\n\n\n<div class=\"wp-block-column is-vertically-aligned-center is-layout-flow wp-block-column-is-layout-flow\">\n<h3 class=\"wp-block-heading\" style=\"margin-bottom:var(--wp--preset--spacing--h-3-bottom)\">Patvarus ir funkcionalus &#8211; &#8222;Econ&#8221; serijos olimpinis strypas<\/h3>\n\n\n\n<p style=\"margin-bottom:var(--wp--preset--spacing--tb-section-padding)\">Rinkinio pagrind\u0105 sudaro <strong>&#8222;Evolve Econ&#8221; serijos olimpin\u0117 \u0161tanga<\/strong>, kurios ilgis &#8211; 220 cm, o svoris &#8211; 20 kg. Pagaminta i\u0161 auk\u0161tos kokyb\u0117s plieno, ji u\u017etikrina patikim\u0105 tvirtum\u0105 ir ilgaam\u017ei\u0161kum\u0105. Strypas pasi\u017eymi vidutinio gylio rai\u017eymu, kad b\u016bt\u0173 patogu ir saugu laikyti, idealiai tinka \u012fvairiems k\u0117limo b\u016bdams. Jos tvirta konstrukcija u\u017etikrina stabilum\u0105 net per didelio intensyvumo treniruotes.   <\/p>\n<\/div>\n<\/div>\n\n\n\n<div class=\"wp-block-columns alignwide mobile-reverse is-layout-flex wp-container-core-columns-is-layout-ca64bf2d wp-block-columns-is-layout-flex\" style=\"margin-bottom:var(--wp--preset--spacing--side-padding)\">\n<div class=\"wp-block-column is-vertically-aligned-center is-layout-flow wp-block-column-is-layout-flow\">\n<h3 class=\"wp-block-heading\" style=\"margin-bottom:var(--wp--preset--spacing--h-3-bottom)\">Saugus k\u0117limas &#8211; olimpini\u0173 bar\u0173 apykakl\u0117s<\/h3>\n\n\n\n<p style=\"margin-bottom:var(--wp--preset--spacing--tb-section-padding)\">Siekiant padidinti saugum\u0105 k\u0117limo metu, \u012f rinkin\u012f \u012ftraukti <strong>&#8222;Evolve&#8221; olimpini\u0173 \u0161tang\u0173 apvadai<\/strong>. \u0160ios apykakl\u0117s skirtos saugiai u\u017efiksuoti svori\u0173 plok\u0161tes, kad jos kuo ma\u017eiau jud\u0117t\u0173 ir i\u0161laikyt\u0173 pusiausvyr\u0105 treniruo\u010di\u0173 metu. Greitai ir lengvai naudojami, jie padidina j\u016bs\u0173 j\u0117gos treniruo\u010di\u0173 rutinos saugum\u0105.  <\/p>\n<\/div>\n\n\n\n<div class=\"wp-block-column is-vertically-aligned-center is-layout-flow wp-block-column-is-layout-flow\">\n<figure class=\"wp-block-video\"><video height=\"1080\" style=\"aspect-ratio: 1920 \/ 1080;\" width=\"1920\" controls=\"\" src=\"https:\/\/store.evolve-fitness.eu\/wp-content\/uploads\/2025\/05\/EV-OC-CC-02-1.mp4\"><\/video><\/figure>\n<\/div>\n<\/div>\n\n\n\n<div class=\"wp-block-columns alignwide is-layout-flex wp-container-core-columns-is-layout-c45ee707 wp-block-columns-is-layout-flex\" style=\"margin-bottom:var(--wp--preset--spacing--side-padding);padding-top:var(--wp--preset--spacing--side-padding)\">\n<div class=\"wp-block-column is-vertically-aligned-center is-layout-flow wp-block-column-is-layout-flow\">\n<figure class=\"wp-block-image size-large is-style-rounded\"><img loading=\"lazy\" decoding=\"async\" width=\"1024\" height=\"683\" src=\"https:\/\/store.evolve-fitness.eu\/wp-content\/uploads\/2025\/05\/EV-WP-RB-11-1024x683.jpg\" alt=\"\" class=\"wp-image-128771\" srcset=\"https:\/\/store.evolve-fitness.eu\/wp-content\/uploads\/2025\/05\/EV-WP-RB-11-1024x683.jpg 1024w, https:\/\/store.evolve-fitness.eu\/wp-content\/uploads\/2025\/05\/EV-WP-RB-11-300x200.jpg 300w, https:\/\/store.evolve-fitness.eu\/wp-content\/uploads\/2025\/05\/EV-WP-RB-11-768x512.jpg 768w, https:\/\/store.evolve-fitness.eu\/wp-content\/uploads\/2025\/05\/EV-WP-RB-11-1536x1024.jpg 1536w, https:\/\/store.evolve-fitness.eu\/wp-content\/uploads\/2025\/05\/EV-WP-RB-11-2048x1365.jpg 2048w, https:\/\/store.evolve-fitness.eu\/wp-content\/uploads\/2025\/05\/EV-WP-RB-11-600x400.jpg 600w\" sizes=\"auto, (max-width: 1024px) 100vw, 1024px\" \/><\/figure>\n<\/div>\n\n\n\n<div class=\"wp-block-column is-vertically-aligned-center is-layout-flow wp-block-column-is-layout-flow\">\n<h3 class=\"wp-block-heading\" style=\"margin-bottom:var(--wp--preset--spacing--h-3-bottom)\">Universalios ir atsparios &#8211; gumin\u0117s svarmen\u0173 plok\u0161t\u0117s<\/h3>\n\n\n\n<p>Rinkinyje yra <strong>&#8222;Evolve&#8221; gumin\u0117s svarmen\u0173 plok\u0161t\u0117s<\/strong> nuo 1,25 iki 25 kg, tod\u0117l jis tinka ir pradedantiesiems, ir patyrusiems sunkiaatle\u010diams. Patvari gumin\u0117 konstrukcija suma\u017eina triuk\u0161m\u0105 ir grind\u0173 pa\u017eeidimus, o precizi\u0161kai suformuota konstrukcija u\u017etikrina stabil\u0173 ir subalansuot\u0105 svorio paskirstym\u0105. \u0160ios plok\u0161t\u0117s idealiai tinka \u012fvairiems pratimams, \u012fskaitant prit\u016bpimus, prisitraukimus ir atsispaudimus ant suoliuko.  <\/p>\n<\/div>\n<\/div>\n\n\n\n<div class=\"wp-block-columns alignwide is-layout-flex wp-container-core-columns-is-layout-c45ee707 wp-block-columns-is-layout-flex\" style=\"margin-bottom:var(--wp--preset--spacing--side-padding);padding-top:var(--wp--preset--spacing--side-padding)\">\n<div class=\"wp-block-column is-vertically-aligned-center is-layout-flow wp-block-column-is-layout-flow\">\n<h3 class=\"wp-block-heading\" style=\"margin-bottom:var(--wp--preset--spacing--h-3-bottom)\">Pagerinkite savo mokym\u0105 su &#8222;Evolve<\/h3>\n\n\n\n<p>&#8221; <strong>Evolve Econ&#8221; serijos stryp\u0173 rinkinys<\/strong> skirtas tiems, kurie ie\u0161ko patvarumo, funkcionalumo ir \u012fperkamumo j\u0117gos treniruokli\u0173 \u012frangoje. Kokybi\u0161ki komponentai ir apgalvotas dizainas padeda maksimaliai padidinti savo na\u0161um\u0105 ir efektyviai siekti fitneso tiksl\u0173. <br\/><\/p>\n<\/div>\n\n\n\n<div class=\"wp-block-column is-vertically-aligned-center is-layout-flow wp-block-column-is-layout-flow\">\n<div class=\"wp-block-columns is-layout-flex wp-container-core-columns-is-layout-9d6595d7 wp-block-columns-is-layout-flex\">\n<div class=\"wp-block-column is-layout-flow wp-block-column-is-layout-flow\">\n<figure class=\"wp-block-image size-large is-style-rounded\"><img loading=\"lazy\" decoding=\"async\" width=\"1024\" height=\"683\" src=\"https:\/\/store.evolve-fitness.eu\/wp-content\/uploads\/2025\/05\/EV-WP-RB-6-1024x683.jpg\" alt=\"\" class=\"wp-image-128796\" srcset=\"https:\/\/store.evolve-fitness.eu\/wp-content\/uploads\/2025\/05\/EV-WP-RB-6-1024x683.jpg 1024w, https:\/\/store.evolve-fitness.eu\/wp-content\/uploads\/2025\/05\/EV-WP-RB-6-300x200.jpg 300w, https:\/\/store.evolve-fitness.eu\/wp-content\/uploads\/2025\/05\/EV-WP-RB-6-768x512.jpg 768w, https:\/\/store.evolve-fitness.eu\/wp-content\/uploads\/2025\/05\/EV-WP-RB-6-1536x1024.jpg 1536w, https:\/\/store.evolve-fitness.eu\/wp-content\/uploads\/2025\/05\/EV-WP-RB-6-2048x1365.jpg 2048w, https:\/\/store.evolve-fitness.eu\/wp-content\/uploads\/2025\/05\/EV-WP-RB-6-600x400.jpg 600w\" sizes=\"auto, (max-width: 1024px) 100vw, 1024px\" \/><\/figure>\n<\/div>\n<\/div>\n<\/div>\n<\/div>\n<\/section>\n<\/section>\n","protected":false},"excerpt":{"rendered":"<p>&#8222;Evolve Econ&#8221; serijos stryp\u0173 rinkinys skirtas fitneso entuziastams, ie\u0161kantiems nebrangaus ir kokybi\u0161ko j\u0117gos treniruo\u010di\u0173 sprendimo. \u0160\u012f rinkin\u012f sudaro patvarus &#8222;Evolve Econ Series&#8221; olimpinis strypas (220 cm \/ 20 kg), saug\u016bs &#8222;Evolve&#8221; olimpinio strypo apvadai ir universalios &#8222;Evolve&#8221; gumin\u0117s svarmen\u0173 plok\u0161tel\u0117s (1,25-25 kg). Nesvarbu, ar statote nauj\u0105 nam\u0173 sporto sal\u0119, ar atnaujinate esam\u0105, \u0161is rinkinys u\u017etikrins patikim\u0105 veikim\u0105 atliekant \u012fvairias j\u0117gos treniruotes.<\/p>\n","protected":false},"featured_media":128660,"template":"","meta":{"_acf_changed":false,"inline_featured_image":false},"product_cat":[127,2155],"product_tag":[],"class_list":{"0":"post-129177","1":"product","2":"type-product","3":"status-publish","4":"has-post-thumbnail","6":"product_cat-laisvieji-svarmenys","7":"product_cat-baru-rinkiniai","9":"first","10":"outofstock","11":"shipping-taxable","12":"purchasable","13":"product-type-variable"},"acf":[],"_links":{"self":[{"href":"https:\/\/store.evolve-fitness.eu\/lt\/wp-json\/wp\/v2\/product\/129177","targetHints":{"allow":["GET"]}}],"collection":[{"href":"https:\/\/store.evolve-fitness.eu\/lt\/wp-json\/wp\/v2\/product"}],"about":[{"href":"https:\/\/store.evolve-fitness.eu\/lt\/wp-json\/wp\/v2\/types\/product"}],"wp:featuredmedia":[{"embeddable":true,"href":"https:\/\/store.evolve-fitness.eu\/lt\/wp-json\/wp\/v2\/media\/128660"}],"wp:attachment":[{"href":"https:\/\/store.evolve-fitness.eu\/lt\/wp-json\/wp\/v2\/media?parent=129177"}],"wp:term":[{"taxonomy":"product_cat","embeddable":true,"href":"https:\/\/store.evolve-fitness.eu\/lt\/wp-json\/wp\/v2\/product_cat?post=129177"},{"taxonomy":"product_tag","embeddable":true,"href":"https:\/\/store.evolve-fitness.eu\/lt\/wp-json\/wp\/v2\/product_tag?post=129177"}],"curies":[{"name":"wp","href":"https:\/\/api.w.org\/{rel}","templated":true}]}}