{"id":128623,"date":"2025-05-13T07:50:55","date_gmt":"2025-05-13T07:50:55","guid":{"rendered":"https:\/\/store.evolve-fitness.eu\/?post_type=product&#038;p=128623"},"modified":"2025-11-07T10:26:39","modified_gmt":"2025-11-07T10:26:39","slug":"evolve-urethane-body-pump-rinkinys-195-kg-2","status":"publish","type":"product","link":"https:\/\/store.evolve-fitness.eu\/lt\/produktas\/evolve-urethane-body-pump-rinkinys-195-kg-2\/","title":{"rendered":"&#8222;Evolve Home&#8221; serijos bar\u0173 rinkinys su gumin\u0117mis svorio plok\u0161t\u0117mis"},"content":{"rendered":"\n<section class=\"wp-block-group alignfull black-content has-white-color has-darkgray-background-color has-text-color has-background is-layout-constrained wp-block-group-is-layout-constrained\" style=\"padding-top:var(--wp--preset--spacing--section-bottom);padding-bottom:var(--wp--preset--spacing--section-bottom)\">\n<section class=\"wp-block-group alignfull black-content has-white-color has-darkgray-background-color has-text-color has-background is-layout-constrained wp-block-group-is-layout-constrained\" style=\"padding-top:var(--wp--preset--spacing--section-bottom);padding-bottom:var(--wp--preset--spacing--section-bottom)\">\n<div class=\"wp-block-columns alignwide mobile-reverse is-layout-flex wp-container-core-columns-is-layout-ca64bf2d wp-block-columns-is-layout-flex\" style=\"margin-bottom:var(--wp--preset--spacing--side-padding)\">\n<div class=\"wp-block-column is-vertically-aligned-center is-layout-flow wp-block-column-is-layout-flow\">\n<h3 class=\"wp-block-heading\" style=\"margin-bottom:var(--wp--preset--spacing--h-3-bottom)\"><strong>&#8222;Evolve Home Series Bar Set&#8221; &#8211; j\u016bs\u0173 pilnas j\u0117gos treniruo\u010di\u0173 sprendimas<\/strong><\/h3>\n\n\n\n<p><em><strong>Sukurtas fitneso entuziastams, ie\u0161kantiems patikimo<\/strong><\/em><\/p>\n\n\n\n<p style=\"margin-bottom:var(--wp--preset--spacing--tb-section-padding)\">Pristatome &#8221; <strong>Evolve Home Series Bar Set&#8221;<\/strong>, skirt\u0105 fitneso entuziastams, ie\u0161kantiems patikimo, patvaraus ir universalaus j\u0117gos treniruoklio. \u0160\u012f i\u0161sam\u0173 rinkin\u012f sudaro auk\u0161tos kokyb\u0117s <g id=\"gid_1\">&#8222;Evolve Home Series&#8221; olimpinis strypas (220 cm \/ 20 kg)<\/g>, saug\u016bs <g id=\"gid_2\">&#8222;Evolve&#8221; olimpinio strypo apvadai<\/g> ir \u012fvairios <g id=\"gid_3\">&#8222;Evolve&#8221; gumin\u0117s svarmen\u0173 plok\u0161t\u0117s (1,25-25 kg)<\/g>. Puikiai pritaikytas nam\u0173 sporto sal\u0117ms, \u0161is rinkinys u\u017etikrina efektyv\u0173 ir saug\u0173 svori\u0173 kilnojim\u0105.  <\/p>\n<\/div>\n\n\n\n<div class=\"wp-block-column is-vertically-aligned-center is-layout-flow wp-block-column-is-layout-flow\">\n<figure class=\"wp-block-image size-large is-style-rounded\"><img loading=\"lazy\" decoding=\"async\" width=\"1024\" height=\"683\" src=\"https:\/\/store.evolve-fitness.eu\/wp-content\/uploads\/2025\/05\/EV-WP-RB-1-1024x683.jpg\" alt=\"\" class=\"wp-image-128671\" srcset=\"https:\/\/store.evolve-fitness.eu\/wp-content\/uploads\/2025\/05\/EV-WP-RB-1-1024x683.jpg 1024w, https:\/\/store.evolve-fitness.eu\/wp-content\/uploads\/2025\/05\/EV-WP-RB-1-300x200.jpg 300w, https:\/\/store.evolve-fitness.eu\/wp-content\/uploads\/2025\/05\/EV-WP-RB-1-768x512.jpg 768w, https:\/\/store.evolve-fitness.eu\/wp-content\/uploads\/2025\/05\/EV-WP-RB-1-1536x1024.jpg 1536w, https:\/\/store.evolve-fitness.eu\/wp-content\/uploads\/2025\/05\/EV-WP-RB-1-2048x1365.jpg 2048w, https:\/\/store.evolve-fitness.eu\/wp-content\/uploads\/2025\/05\/EV-WP-RB-1-600x400.jpg 600w\" sizes=\"auto, (max-width: 1024px) 100vw, 1024px\" \/><\/figure>\n<\/div>\n<\/div>\n\n\n\n<div class=\"wp-block-columns alignwide is-layout-flex wp-container-core-columns-is-layout-c45ee707 wp-block-columns-is-layout-flex\" style=\"margin-bottom:var(--wp--preset--spacing--side-padding);padding-top:var(--wp--preset--spacing--side-padding)\">\n<div class=\"wp-block-column is-vertically-aligned-center is-layout-flow wp-block-column-is-layout-flow\">\n<figure class=\"wp-block-video\"><video height=\"2160\" style=\"aspect-ratio: 3840 \/ 2160;\" width=\"3840\" controls=\"\" src=\"https:\/\/store.evolve-fitness.eu\/wp-content\/uploads\/2025\/05\/EV-OB-CK-201-Evolve-Cerakote-Series-Olympic-Woman-201-cm-15-kg-1.mp4\"><\/video><\/figure>\n<\/div>\n\n\n\n<div class=\"wp-block-column is-vertically-aligned-center is-layout-flow wp-block-column-is-layout-flow\">\n<h3 class=\"wp-block-heading\" style=\"margin-bottom:var(--wp--preset--spacing--h-3-bottom)\">Auk\u0161\u010diausios kokyb\u0117s olimpinis strypas &#8211; tikslumas ir na\u0161umas<\/h3>\n\n\n\n<p style=\"margin-bottom:var(--wp--preset--spacing--tb-section-padding)\">\u0160io rinkinio pagrindas &#8211; 220 cm ilgio ir 20 kg sverianti <strong>&#8222;Evolve Home Series&#8221; olimpin\u0117 \u0161tanga<\/strong>. Pagaminta i\u0161 auk\u0161tos kokyb\u0117s plieno, ji u\u017etikrina ilgalaik\u012f patvarum\u0105 ir optimal\u0173 veikim\u0105. D\u0117l precizi\u0161ko \u012fbr\u0117\u017eimo u\u017etikrintas saugus sukibimas, o tvirta konstrukcija atlaiko intensyvias j\u0117gos treniruotes.  <\/p>\n<\/div>\n<\/div>\n\n\n\n<div class=\"wp-block-columns alignwide mobile-reverse is-layout-flex wp-container-core-columns-is-layout-ca64bf2d wp-block-columns-is-layout-flex\" style=\"margin-bottom:var(--wp--preset--spacing--side-padding)\">\n<div class=\"wp-block-column is-vertically-aligned-center is-layout-flow wp-block-column-is-layout-flow\">\n<h3 class=\"wp-block-heading\" style=\"margin-bottom:var(--wp--preset--spacing--h-3-bottom)\">Saug\u016bs ir stabil\u016bs &#8211; olimpini\u0173 stryp\u0173 antkakliai<\/h3>\n\n\n\n<p style=\"margin-bottom:var(--wp--preset--spacing--tb-section-padding)\">&#8221; <strong>Evolve&#8221; olimpini\u0173 stryp\u0173 apvadai<\/strong> u\u017etikrina tvirt\u0105 ir patikim\u0105 j\u016bs\u0173 treniruo\u010di\u0173 saugum\u0105, tod\u0117l jie tvirtai ir patikimai laiko j\u016bs\u0173 svori\u0173 l\u0117k\u0161tes. Sukurti taip, kad greitai ir be vargo u\u017esifiksuot\u0173, jie neleid\u017eia plok\u0161tel\u0117ms jud\u0117ti k\u0117limo metu, tod\u0117l galite sutelkti d\u0117mes\u012f \u012f savo rezultatus. <\/p>\n<\/div>\n\n\n\n<div class=\"wp-block-column is-vertically-aligned-center is-layout-flow wp-block-column-is-layout-flow\">\n<figure class=\"wp-block-video\"><video height=\"1080\" style=\"aspect-ratio: 1920 \/ 1080;\" width=\"1920\" controls=\"\" src=\"https:\/\/store.evolve-fitness.eu\/wp-content\/uploads\/2025\/05\/EV-OC-CC-02-1.mp4\"><\/video><\/figure>\n<\/div>\n<\/div>\n\n\n\n<div class=\"wp-block-columns alignwide is-layout-flex wp-container-core-columns-is-layout-c45ee707 wp-block-columns-is-layout-flex\" style=\"margin-bottom:var(--wp--preset--spacing--side-padding);padding-top:var(--wp--preset--spacing--side-padding)\">\n<div class=\"wp-block-column is-vertically-aligned-center is-layout-flow wp-block-column-is-layout-flow\">\n<figure class=\"wp-block-image size-large is-style-rounded\"><img loading=\"lazy\" decoding=\"async\" width=\"1024\" height=\"683\" src=\"https:\/\/store.evolve-fitness.eu\/wp-content\/uploads\/2025\/05\/EV-WP-RB-11-1024x683.jpg\" alt=\"\" class=\"wp-image-128771\" srcset=\"https:\/\/store.evolve-fitness.eu\/wp-content\/uploads\/2025\/05\/EV-WP-RB-11-1024x683.jpg 1024w, https:\/\/store.evolve-fitness.eu\/wp-content\/uploads\/2025\/05\/EV-WP-RB-11-300x200.jpg 300w, https:\/\/store.evolve-fitness.eu\/wp-content\/uploads\/2025\/05\/EV-WP-RB-11-768x512.jpg 768w, https:\/\/store.evolve-fitness.eu\/wp-content\/uploads\/2025\/05\/EV-WP-RB-11-1536x1024.jpg 1536w, https:\/\/store.evolve-fitness.eu\/wp-content\/uploads\/2025\/05\/EV-WP-RB-11-2048x1365.jpg 2048w, https:\/\/store.evolve-fitness.eu\/wp-content\/uploads\/2025\/05\/EV-WP-RB-11-600x400.jpg 600w\" sizes=\"auto, (max-width: 1024px) 100vw, 1024px\" \/><\/figure>\n<\/div>\n\n\n\n<div class=\"wp-block-column is-vertically-aligned-center is-layout-flow wp-block-column-is-layout-flow\">\n<h3 class=\"wp-block-heading\" style=\"margin-bottom:var(--wp--preset--spacing--h-3-bottom)\">Universalios svorio plok\u0161t\u0117s &#8211; tvirtos ir atsparios<\/h3>\n\n\n\n<p>Rinkin\u012f sudaro <strong>&#8222;Evolve&#8221; gumin\u0117s svarmen\u0173 l\u0117k\u0161t\u0117s<\/strong> nuo 1,25 iki 25 kg, kurios suteikia lankstumo laipsni\u0161kam j\u0117gos lavinimui. Pagamintos i\u0161 patvarios gumos, \u0161ios plok\u0161t\u0117s ma\u017eina triuk\u0161m\u0105 ir apsaugo sporto sal\u0117s grindis nuo pa\u017eeidim\u0173. Ergonomi\u0161ka j\u0173 konstrukcija u\u017etikrina lengv\u0105 valdym\u0105 ir tiksl\u0173 svorio reguliavim\u0105, tod\u0117l jos tinka \u012fvairiems pratimams atlikti.  <\/p>\n<\/div>\n<\/div>\n\n\n\n<div class=\"wp-block-columns alignwide is-layout-flex wp-container-core-columns-is-layout-c45ee707 wp-block-columns-is-layout-flex\" style=\"margin-bottom:var(--wp--preset--spacing--side-padding);padding-top:var(--wp--preset--spacing--side-padding)\">\n<div class=\"wp-block-column is-vertically-aligned-center is-layout-flow wp-block-column-is-layout-flow\">\n<h3 class=\"wp-block-heading\" style=\"margin-bottom:var(--wp--preset--spacing--h-3-bottom)\">I\u0161laisvinkite savo potencial\u0105 su &#8222;Evolve<\/h3>\n\n\n\n<p>Naudodami &#8221; <strong>Evolve Home Series Bar Set&#8221;<\/strong> gal\u0117site rengti \u012fvairiapuses treniruotes, nesvarbu, ar tai b\u016bt\u0173 j\u0117gos, i\u0161tverm\u0117s, ar raumen\u0173 stiprinimo treniruot\u0117s. \u0160is rinkinys idealiai tinka tiek pradedantiesiems, tiek pa\u017eengusiems naudotojams, nes u\u017etikrina kokyb\u0119 ir na\u0161um\u0105, kad atitikt\u0173 j\u016bs\u0173 besikei\u010dian\u010dius fitneso tikslus. <\/p>\n<\/div>\n\n\n\n<div class=\"wp-block-column is-vertically-aligned-center is-layout-flow wp-block-column-is-layout-flow\">\n<div class=\"wp-block-columns is-layout-flex wp-container-core-columns-is-layout-9d6595d7 wp-block-columns-is-layout-flex\">\n<div class=\"wp-block-column is-layout-flow wp-block-column-is-layout-flow\">\n<figure class=\"wp-block-image size-large is-style-rounded\"><img loading=\"lazy\" decoding=\"async\" width=\"1024\" height=\"683\" src=\"https:\/\/store.evolve-fitness.eu\/wp-content\/uploads\/2025\/05\/EV-WP-RB-6-1024x683.jpg\" alt=\"\" class=\"wp-image-128796\" srcset=\"https:\/\/store.evolve-fitness.eu\/wp-content\/uploads\/2025\/05\/EV-WP-RB-6-1024x683.jpg 1024w, https:\/\/store.evolve-fitness.eu\/wp-content\/uploads\/2025\/05\/EV-WP-RB-6-300x200.jpg 300w, https:\/\/store.evolve-fitness.eu\/wp-content\/uploads\/2025\/05\/EV-WP-RB-6-768x512.jpg 768w, https:\/\/store.evolve-fitness.eu\/wp-content\/uploads\/2025\/05\/EV-WP-RB-6-1536x1024.jpg 1536w, https:\/\/store.evolve-fitness.eu\/wp-content\/uploads\/2025\/05\/EV-WP-RB-6-2048x1365.jpg 2048w, https:\/\/store.evolve-fitness.eu\/wp-content\/uploads\/2025\/05\/EV-WP-RB-6-600x400.jpg 600w\" sizes=\"auto, (max-width: 1024px) 100vw, 1024px\" \/><\/figure>\n<\/div>\n<\/div>\n<\/div>\n<\/div>\n<\/section>\n<\/section>\n","protected":false},"excerpt":{"rendered":"<p>Pristatome &#8222;Evolve Home Series Bar Set&#8221;, skirt\u0105 fitneso entuziastams, ie\u0161kantiems patikimo, patvaraus ir universalaus j\u0117gos treniruoklio. \u0160\u012f i\u0161sam\u0173 rinkin\u012f sudaro auk\u0161tos kokyb\u0117s &#8222;Evolve Home Series&#8221; olimpinis strypas (220 cm \/ 20 kg), saug\u016bs &#8222;Evolve&#8221; olimpinio strypo apvadai ir \u012fvairios &#8222;Evolve&#8221; gumin\u0117s svarmen\u0173 plok\u0161t\u0117s (1,25-25 kg). Puikiai pritaikytas nam\u0173 sporto sal\u0117ms, \u0161is rinkinys u\u017etikrina efektyv\u0173 ir saug\u0173 svori\u0173 kilnojim\u0105.<\/p>\n","protected":false},"featured_media":128660,"template":"","meta":{"_acf_changed":false,"inline_featured_image":false},"product_cat":[127,2155],"product_tag":[],"class_list":{"0":"post-128623","1":"product","2":"type-product","3":"status-publish","4":"has-post-thumbnail","6":"product_cat-laisvieji-svarmenys","7":"product_cat-baru-rinkiniai","9":"first","10":"instock","11":"shipping-taxable","12":"purchasable","13":"product-type-variable"},"acf":[],"_links":{"self":[{"href":"https:\/\/store.evolve-fitness.eu\/lt\/wp-json\/wp\/v2\/product\/128623","targetHints":{"allow":["GET"]}}],"collection":[{"href":"https:\/\/store.evolve-fitness.eu\/lt\/wp-json\/wp\/v2\/product"}],"about":[{"href":"https:\/\/store.evolve-fitness.eu\/lt\/wp-json\/wp\/v2\/types\/product"}],"wp:featuredmedia":[{"embeddable":true,"href":"https:\/\/store.evolve-fitness.eu\/lt\/wp-json\/wp\/v2\/media\/128660"}],"wp:attachment":[{"href":"https:\/\/store.evolve-fitness.eu\/lt\/wp-json\/wp\/v2\/media?parent=128623"}],"wp:term":[{"taxonomy":"product_cat","embeddable":true,"href":"https:\/\/store.evolve-fitness.eu\/lt\/wp-json\/wp\/v2\/product_cat?post=128623"},{"taxonomy":"product_tag","embeddable":true,"href":"https:\/\/store.evolve-fitness.eu\/lt\/wp-json\/wp\/v2\/product_tag?post=128623"}],"curies":[{"name":"wp","href":"https:\/\/api.w.org\/{rel}","templated":true}]}}