{"id":127672,"date":"2025-04-25T13:13:24","date_gmt":"2025-04-25T13:13:24","guid":{"rendered":"https:\/\/store.evolve-fitness.eu\/?post_type=product&#038;p=127672"},"modified":"2025-04-25T13:27:06","modified_gmt":"2025-04-25T13:27:06","slug":"evolve-econ-serijos-svorio-ploksciu-stovas-1","status":"publish","type":"product","link":"https:\/\/store.evolve-fitness.eu\/lt\/produktas\/evolve-econ-serijos-svorio-ploksciu-stovas-1\/","title":{"rendered":"&#8222;Evolve Econ&#8221; serijos svorio plok\u0161\u010di\u0173 stovas"},"content":{"rendered":"\n<section class=\"wp-block-group alignfull black-content has-white-color has-darkgray-background-color has-text-color has-background is-layout-constrained wp-block-group-is-layout-constrained\" style=\"padding-top:var(--wp--preset--spacing--section-bottom);padding-bottom:var(--wp--preset--spacing--section-bottom)\">\n<div class=\"wp-block-columns alignwide mobile-reverse is-layout-flex wp-container-core-columns-is-layout-ca64bf2d wp-block-columns-is-layout-flex\" style=\"margin-bottom:var(--wp--preset--spacing--side-padding)\">\n<div class=\"wp-block-column is-vertically-aligned-center is-layout-flow wp-block-column-is-layout-flow\">\n<h3 class=\"wp-block-heading\" style=\"margin-bottom:var(--wp--preset--spacing--h-3-bottom)\"><strong><strong><strong><strong><strong><strong><strong><strong><strong>Kompakti\u0161kas ir efektyvus plok\u0161teli\u0173 laikymo sprendimas<\/strong><\/strong><\/strong><\/strong><\/strong><\/strong><\/strong><\/strong><\/strong><\/h3>\n\n\n\n<p>&#8222;Evolve Econ&#8221; serijos &#8222;EV-RS-WP-100&#8221; svori\u0173 plok\u0161\u010di\u0173 stovas sukurtas taip, kad b\u016bt\u0173 patikimas ir taupantis viet\u0105 olimpini\u0173 svori\u0173 plok\u0161\u010di\u0173 laikymo b\u016bdas bet kurioje sporto sal\u0117je. D\u0117l kompakti\u0161ko ploto ir daugyb\u0117s laikymo kabliuk\u0173 \u0161is stovas padeda palaikyti \u0161vari\u0105 ir prieinam\u0105 treniruo\u010di\u0173 aplink\u0105, kartu prailgindamas j\u016bs\u0173 \u012frangos tarnavimo laik\u0105. <\/p>\n<\/div>\n\n\n\n<div class=\"wp-block-column is-vertically-aligned-center is-layout-flow wp-block-column-is-layout-flow\">\n<figure class=\"wp-block-image alignright size-full is-resized is-style-rounded\"><img loading=\"lazy\" decoding=\"async\" width=\"2970\" height=\"2970\" src=\"https:\/\/store.evolve-fitness.eu\/wp-content\/uploads\/2025\/03\/Dizainas-be-pavadinimo-43-2.png\" alt=\"\" class=\"wp-image-123873\" style=\"object-fit:cover;width:680px;height:600px\" srcset=\"https:\/\/store.evolve-fitness.eu\/wp-content\/uploads\/2025\/03\/Dizainas-be-pavadinimo-43-2.png 2970w, https:\/\/store.evolve-fitness.eu\/wp-content\/uploads\/2025\/03\/Dizainas-be-pavadinimo-43-2-300x300.png 300w, https:\/\/store.evolve-fitness.eu\/wp-content\/uploads\/2025\/03\/Dizainas-be-pavadinimo-43-2-1024x1024.png 1024w, https:\/\/store.evolve-fitness.eu\/wp-content\/uploads\/2025\/03\/Dizainas-be-pavadinimo-43-2-150x150.png 150w, https:\/\/store.evolve-fitness.eu\/wp-content\/uploads\/2025\/03\/Dizainas-be-pavadinimo-43-2-768x768.png 768w, https:\/\/store.evolve-fitness.eu\/wp-content\/uploads\/2025\/03\/Dizainas-be-pavadinimo-43-2-1536x1536.png 1536w, https:\/\/store.evolve-fitness.eu\/wp-content\/uploads\/2025\/03\/Dizainas-be-pavadinimo-43-2-2048x2048.png 2048w, https:\/\/store.evolve-fitness.eu\/wp-content\/uploads\/2025\/03\/Dizainas-be-pavadinimo-43-2-600x600.png 600w, https:\/\/store.evolve-fitness.eu\/wp-content\/uploads\/2025\/03\/Dizainas-be-pavadinimo-43-2-100x100.png 100w\" sizes=\"auto, (max-width: 2970px) 100vw, 2970px\" \/><\/figure>\n<\/div>\n<\/div>\n\n\n\n<div class=\"wp-block-columns alignwide is-layout-flex wp-container-core-columns-is-layout-c45ee707 wp-block-columns-is-layout-flex\" style=\"margin-bottom:var(--wp--preset--spacing--side-padding);padding-top:var(--wp--preset--spacing--side-padding)\">\n<div class=\"wp-block-column is-vertically-aligned-center is-layout-flow wp-block-column-is-layout-flow\">\n<figure class=\"wp-block-image size-large\"><img loading=\"lazy\" decoding=\"async\" width=\"1024\" height=\"1024\" src=\"https:\/\/store.evolve-fitness.eu\/wp-content\/uploads\/2025\/03\/Dizainas-be-pavadinimo-43-3-1024x1024.png\" alt=\"\" class=\"wp-image-123898\" srcset=\"https:\/\/store.evolve-fitness.eu\/wp-content\/uploads\/2025\/03\/Dizainas-be-pavadinimo-43-3-1024x1024.png 1024w, https:\/\/store.evolve-fitness.eu\/wp-content\/uploads\/2025\/03\/Dizainas-be-pavadinimo-43-3-300x300.png 300w, https:\/\/store.evolve-fitness.eu\/wp-content\/uploads\/2025\/03\/Dizainas-be-pavadinimo-43-3-150x150.png 150w, https:\/\/store.evolve-fitness.eu\/wp-content\/uploads\/2025\/03\/Dizainas-be-pavadinimo-43-3-768x768.png 768w, https:\/\/store.evolve-fitness.eu\/wp-content\/uploads\/2025\/03\/Dizainas-be-pavadinimo-43-3-1536x1536.png 1536w, https:\/\/store.evolve-fitness.eu\/wp-content\/uploads\/2025\/03\/Dizainas-be-pavadinimo-43-3-2048x2048.png 2048w, https:\/\/store.evolve-fitness.eu\/wp-content\/uploads\/2025\/03\/Dizainas-be-pavadinimo-43-3-600x600.png 600w, https:\/\/store.evolve-fitness.eu\/wp-content\/uploads\/2025\/03\/Dizainas-be-pavadinimo-43-3-100x100.png 100w\" sizes=\"auto, (max-width: 1024px) 100vw, 1024px\" \/><\/figure>\n<\/div>\n\n\n\n<div class=\"wp-block-column is-vertically-aligned-center is-layout-constrained wp-block-column-is-layout-constrained\">\n<h3 class=\"wp-block-heading\" style=\"margin-bottom:var(--wp--preset--spacing--h-3-bottom)\"><strong><strong><strong><strong><strong><strong><strong><strong><strong>Tvirta konstrukcija ir funkcionalus dizainas<\/strong><\/strong><\/strong><\/strong><\/strong><\/strong><\/strong><\/strong><\/strong><\/h3>\n\n\n\n<p>Pagamintas i\u0161 patvaraus plieno ir padengtas apsaugine milteline danga, EV-RS-WP-100 u\u017etikrina ilgalaik\u012f veikim\u0105 da\u017enai naudojant. Stove yra \u0161e\u0161i horizontal\u016bs kai\u0161\u010diai, i\u0161d\u0117styti skirtingame auk\u0161tyje, kad tilpt\u0173 skirtingo dyd\u017eio plok\u0161t\u0117s ir b\u016bt\u0173 galima greitai pakrauti ir i\u0161krauti. Platus pagrindas ir sustiprinta konstrukcija u\u017etikrina puik\u0173 stabilum\u0105, o gumin\u0117s kojel\u0117s apsaugo grindis ir neleid\u017eia paslysti.  <br\/><\/p>\n<\/div>\n<\/div>\n\n\n\n<p class=\"has-text-align-center has-medium-2-font-size\" style=\"padding-top:var(--wp--preset--spacing--tb-padding);padding-bottom:var(--wp--preset--spacing--tb-padding)\"><\/p>\n<\/section>\n","protected":false},"excerpt":{"rendered":"<p>&#8222;Evolve Econ&#8221; serijos &#8222;EV-RS-WP-100&#8221; svori\u0173 plok\u0161\u010di\u0173 stovas sukurtas taip, kad b\u016bt\u0173 patikimas ir taupantis viet\u0105 olimpini\u0173 svori\u0173 plok\u0161\u010di\u0173 laikymo b\u016bdas bet kurioje sporto sal\u0117je. D\u0117l kompakti\u0161ko ploto ir daugyb\u0117s laikymo kabliuk\u0173 \u0161is stovas padeda palaikyti \u0161vari\u0105 ir prieinam\u0105 treniruo\u010di\u0173 aplink\u0105, kartu prailgindamas j\u016bs\u0173 \u012frangos tarnavimo laik\u0105.<\/p>\n","protected":false},"featured_media":127834,"template":"","meta":{"_acf_changed":false,"inline_featured_image":false},"product_cat":[127,153],"product_tag":[],"class_list":{"0":"post-127672","1":"product","2":"type-product","3":"status-publish","4":"has-post-thumbnail","6":"product_cat-laisvieji-svarmenys","7":"product_cat-stelazai-ir-saugojimo-sprendimai","9":"first","10":"instock","11":"shipping-taxable","12":"purchasable","13":"product-type-simple"},"acf":[],"_links":{"self":[{"href":"https:\/\/store.evolve-fitness.eu\/lt\/wp-json\/wp\/v2\/product\/127672","targetHints":{"allow":["GET"]}}],"collection":[{"href":"https:\/\/store.evolve-fitness.eu\/lt\/wp-json\/wp\/v2\/product"}],"about":[{"href":"https:\/\/store.evolve-fitness.eu\/lt\/wp-json\/wp\/v2\/types\/product"}],"wp:featuredmedia":[{"embeddable":true,"href":"https:\/\/store.evolve-fitness.eu\/lt\/wp-json\/wp\/v2\/media\/127834"}],"wp:attachment":[{"href":"https:\/\/store.evolve-fitness.eu\/lt\/wp-json\/wp\/v2\/media?parent=127672"}],"wp:term":[{"taxonomy":"product_cat","embeddable":true,"href":"https:\/\/store.evolve-fitness.eu\/lt\/wp-json\/wp\/v2\/product_cat?post=127672"},{"taxonomy":"product_tag","embeddable":true,"href":"https:\/\/store.evolve-fitness.eu\/lt\/wp-json\/wp\/v2\/product_tag?post=127672"}],"curies":[{"name":"wp","href":"https:\/\/api.w.org\/{rel}","templated":true}]}}