{"id":125373,"date":"2025-04-14T07:30:34","date_gmt":"2025-04-14T07:30:34","guid":{"rendered":"https:\/\/store.evolve-fitness.eu\/?post_type=product&#038;p=125373"},"modified":"2025-04-14T07:38:38","modified_gmt":"2025-04-14T07:38:38","slug":"evolve-tpu-10-poru-sesiakampiu-hanteliu-rinkinys-2-x-125-35-kg","status":"publish","type":"product","link":"https:\/\/store.evolve-fitness.eu\/lt\/produktas\/evolve-tpu-10-poru-sesiakampiu-hanteliu-rinkinys-2-x-125-35-kg\/","title":{"rendered":"&#8222;Evolve TPU&#8221; 10 por\u0173 \u0161e\u0161iakampi\u0173 hanteli\u0173 rinkinys 2 x 12,5 &#8211; 35 kg"},"content":{"rendered":"\n<section class=\"wp-block-group alignfull black-content has-white-color has-darkgray-background-color has-text-color has-background is-layout-constrained wp-block-group-is-layout-constrained\" style=\"padding-top:var(--wp--preset--spacing--section-bottom);padding-bottom:var(--wp--preset--spacing--section-bottom)\">\n<div class=\"wp-block-columns alignwide is-layout-flex wp-container-core-columns-is-layout-c45ee707 wp-block-columns-is-layout-flex\" style=\"margin-bottom:var(--wp--preset--spacing--side-padding);padding-top:var(--wp--preset--spacing--side-padding)\">\n<div class=\"wp-block-column is-vertically-aligned-center is-layout-flow wp-block-column-is-layout-flow\">\n<div class=\"wp-block-columns is-layout-flex wp-container-core-columns-is-layout-9d6595d7 wp-block-columns-is-layout-flex\">\n<div class=\"wp-block-column is-layout-flow wp-block-column-is-layout-flow\">\n<figure class=\"wp-block-image size-full is-style-rounded\"><img decoding=\"async\" src=\"https:\/\/evolve-fitness.eu\/wp-content\/uploads\/2023\/11\/Evolve-hex-dumbbells-5.png\" alt=\"\" class=\"wp-image-5356\"\/><\/figure>\n<\/div>\n<\/div>\n<\/div>\n\n\n\n<div class=\"wp-block-column is-vertically-aligned-center is-layout-flow wp-block-column-is-layout-flow\">\n<h3 class=\"wp-block-heading\"><strong>Funkcinis dizainas kiekvienai treniruotei<\/strong><\/h3>\n\n\n\n<p><strong><em><strong><em>Per\u017eenkite savo ribas<\/em><\/strong><\/em><\/strong><\/p>\n\n\n\n<p>M\u016bs\u0173 hanteliai, sukurti atsi\u017evelgiant \u012f prakti\u0161kum\u0105, turi guma aptrauktas galvutes, kad b\u016bt\u0173 patvaresni, apsaugot\u0173 j\u016bs\u0173 erdv\u0119 ir suma\u017eint\u0173 triuk\u0161m\u0105. Naujovi\u0161ka \u0161e\u0161iakampio forma neleid\u017eia ried\u0117ti ir palengvina \u012fvairius pratimus tiems, kurie m\u0117gsta funkcines ar crossfit treniruotes. Ai\u0161kiai \u012fspausti ir lazeriu i\u0161pjauti svorio numeriai leid\u017eia lengvai pasirinkti svor\u012f ir u\u017etikrinti skland\u0173 per\u0117jim\u0105 nuo vieno svorio prie kito.<\/p>\n<\/div>\n<\/div>\n\n\n\n<div class=\"wp-block-columns alignwide is-layout-flex wp-container-core-columns-is-layout-c45ee707 wp-block-columns-is-layout-flex\" style=\"margin-bottom:var(--wp--preset--spacing--side-padding);padding-top:var(--wp--preset--spacing--side-padding)\">\n<div class=\"wp-block-column is-vertically-aligned-center is-layout-flow wp-block-column-is-layout-flow\">\n<h3 class=\"wp-block-heading\"><strong>Ergonomin\u0117 kompetencija<\/strong><\/h3>\n\n\n\n<p><strong><em><strong><em>Did\u017eiausias na\u0161umas<\/em><\/strong><\/em><\/strong><\/p>\n\n\n\n<p style=\"margin-bottom:var(--wp--preset--spacing--tb-section-padding)\">Patirkite m\u016bs\u0173 ergonomi\u0161k\u0173 hanteli\u0173 patogum\u0105. Kiekviena rankena yra kruop\u0161\u010diai i\u0161lenkta ir padengta kieta chromo danga, kuri ne tik suteikia eleganti\u0161kumo ir modernumo, bet ir apsaugo nuo r\u016bd\u017ei\u0173. Rantytas ra\u0161tas u\u017etikrina tvirt\u0105 sukibim\u0105, tod\u0117l naudotojai gali treniruotis u\u017etikrintai ir saugiai.<\/p>\n<\/div>\n\n\n\n<div class=\"wp-block-column is-vertically-aligned-center is-layout-flow wp-block-column-is-layout-flow\">\n<div class=\"wp-block-columns is-layout-flex wp-container-core-columns-is-layout-9d6595d7 wp-block-columns-is-layout-flex\">\n<div class=\"wp-block-column is-layout-flow wp-block-column-is-layout-flow\">\n<figure class=\"wp-block-image size-full is-resized is-style-rounded\"><img decoding=\"async\" src=\"https:\/\/evolve-fitness.eu\/wp-content\/uploads\/2023\/12\/A7_05929.jpg\" alt=\"\" class=\"wp-image-7933\" style=\"object-fit:cover;width:680px;height:600px\"\/><\/figure>\n<\/div>\n<\/div>\n<\/div>\n<\/div>\n\n\n\n<div class=\"wp-block-columns alignwide is-layout-flex wp-container-core-columns-is-layout-c45ee707 wp-block-columns-is-layout-flex\" style=\"margin-bottom:var(--wp--preset--spacing--side-padding);padding-top:var(--wp--preset--spacing--side-padding)\">\n<div class=\"wp-block-column is-vertically-aligned-center is-layout-flow wp-block-column-is-layout-flow\">\n<figure class=\"wp-block-image size-full is-resized is-style-rounded\"><img decoding=\"async\" src=\"https:\/\/evolve-fitness.eu\/wp-content\/uploads\/2023\/11\/Evolve-hex-dumbbells.png\" alt=\"\" class=\"wp-image-5346\" style=\"object-fit:cover;width:680px;height:600px\"\/><\/figure>\n<\/div>\n\n\n\n<div class=\"wp-block-column is-vertically-aligned-center is-layout-constrained wp-block-column-is-layout-constrained\">\n<h3 class=\"wp-block-heading\"><strong>Pritaikymas j\u016bs\u0173 prek\u0117s \u017eenklui i\u0161ry\u0161kinti<\/strong><\/h3>\n\n\n\n<p><strong><em><strong><em>&#8222;Evolve Custom Fit&#8221; hanteliai<\/em><\/strong><\/em><\/strong><\/p>\n\n\n\n<p>Padidinkite savo \u012fstaigos patrauklum\u0105 naudodami &#8222;Evolve&#8221; \u0161e\u0161iakampius hantelius. Si\u016blome ne tik puiki\u0105 treniruo\u010di\u0173 \u012frang\u0105, bet ir teikiame pritaikymo paslaugas, kad atitikt\u0173 j\u016bs\u0173 prek\u0117s \u017eenklo estetik\u0105. Pasirinkite skland\u017eiai integruoti savo prek\u0117s \u017eenklo spalvas ir logotip\u0105 \u012f m\u016bs\u0173 lazerinio pjovimo ir uretano infuzijos proces\u0105. Su &#8222;Evolve&#8221; j\u016bs\u0173 treniruokli\u0173 \u012franga &#8211; tai ne tik treniruo\u010di\u0173 \u012frankis, bet ir j\u016bs\u0173 \u012fsipareigojimo kokybei ir stiliui atspindys.<\/p>\n<\/div>\n<\/div>\n\n\n\n<div class=\"wp-block-columns alignwide is-layout-flex wp-container-core-columns-is-layout-c45ee707 wp-block-columns-is-layout-flex\" style=\"margin-bottom:var(--wp--preset--spacing--side-padding);padding-top:var(--wp--preset--spacing--side-padding)\">\n<div class=\"wp-block-column is-vertically-aligned-center is-layout-flow wp-block-column-is-layout-flow\">\n<h3 class=\"wp-block-heading\"><strong>Platus svori\u0173 spektras<\/strong><\/h3>\n\n\n\n<p><strong><em><strong><em>Per\u017eenkite savo ribas<\/em><\/strong><\/em><\/strong><\/p>\n\n\n\n<p>M\u016bs\u0173 \u012fvairi\u0173 svori\u0173 asortimentas &#8211; nuo 1 kg iki 60 kg &#8211; tinka visiems j\u0117gos ir treniruo\u010di\u0173 \u012fg\u016bd\u017ei\u0173 lygiams. &#8222;Evolve&#8221; \u0161e\u0161iakampiai hanteliai, kuriuos galima \u012fsigyti poromis arba rinkiniais, tinka visiems naudotojams &#8211; nuo naujok\u0173, pradedan\u010di\u0173 fitneso kelion\u0119, iki patyrusi\u0173 sportinink\u0173, siekian\u010di\u0173 per\u017eengti savo galimybi\u0173 ribas.<\/p>\n<\/div>\n\n\n\n<div class=\"wp-block-column is-vertically-aligned-center is-layout-flow wp-block-column-is-layout-flow\">\n<div class=\"wp-block-columns is-layout-flex wp-container-core-columns-is-layout-9d6595d7 wp-block-columns-is-layout-flex\">\n<div class=\"wp-block-column is-layout-flow wp-block-column-is-layout-flow\">\n<figure class=\"wp-block-image size-full is-style-rounded\"><img decoding=\"async\" src=\"https:\/\/evolve-fitness.eu\/wp-content\/uploads\/2023\/11\/Evolve-hex-dumbbells-4-1.png\" alt=\"\" class=\"wp-image-5354\"\/><\/figure>\n<\/div>\n<\/div>\n<\/div>\n<\/div>\n\n\n\n<div class=\"wp-block-columns alignwide is-layout-flex wp-container-core-columns-is-layout-c45ee707 wp-block-columns-is-layout-flex\" style=\"margin-bottom:var(--wp--preset--spacing--side-padding);padding-top:var(--wp--preset--spacing--side-padding)\">\n<div class=\"wp-block-column is-vertically-aligned-center is-layout-flow wp-block-column-is-layout-flow\">\n<div class=\"wp-block-columns is-layout-flex wp-container-core-columns-is-layout-9d6595d7 wp-block-columns-is-layout-flex\">\n<div class=\"wp-block-column is-layout-flow wp-block-column-is-layout-flow\">\n<figure class=\"wp-block-video\"><video autoplay=\"\" controls=\"\" loop=\"\" muted=\"\" src=\"https:\/\/evolve-fitness.eu\/wp-content\/uploads\/2023\/11\/1.mp4\"><\/video><\/figure>\n<\/div>\n<\/div>\n<\/div>\n\n\n\n<div class=\"wp-block-column is-vertically-aligned-center is-layout-flow wp-block-column-is-layout-flow\">\n<h3 class=\"wp-block-heading\"><strong>Technin\u0117 elegancija<\/strong><\/h3>\n\n\n\n<p><strong><em><strong>Ilgalaikis veikimas<\/strong><\/em><\/strong><\/p>\n\n\n\n<p>&#8222;Evolve&#8221; \u0161e\u0161iakampiai hanteliai yra techninio rafinuotumo ir estetinio dizaino pavyzdys &#8211; nuo guma aptraukt\u0173 galvu\u010di\u0173 iki kont\u016brin\u0117s chromuotos rankenos. \u0160e\u0161iakampio forma i\u0161laiko pusiausvyr\u0105, o lazeriu i\u0161pjaustytos detal\u0117s atspindi m\u016bs\u0173 \u012fsipareigojim\u0105 siekti meistri\u0161kumo. Tobul\u0117kite kartu su mumis ir \u017eenkite pirm\u0105 \u017eingsn\u012f \u012f auk\u0161\u010diausios kokyb\u0117s mokymus.<\/p>\n<\/div>\n<\/div>\n<\/section>\n","protected":false},"excerpt":{"rendered":"<p>&#8222;Evolve&#8221; \u0161e\u0161iakampiai guminiai hanteliai yra pagaminti i\u0161 patvarios gumos dangos, apsaugan\u010dios metalo lydin\u012f nuo pa\u017eeidim\u0173 ir korozijos. Chromuota rankena su rakteliais, \u012fspausta svorio nuoroda, lazeriu i\u0161pjautas ir uretanu i\u0161lietas logotipas bei svorio nuoroda u\u017etikrina funkcionalum\u0105. Rinkin\u012f sudaro 10 por\u0173 hanteli\u0173: 12,5 kg \/ 15 kg \/ 17,5 kg \/ 20 kg \/ 22,5 kg \/ 25 kg \/ 27,5 kg \/ 30 kg \/ 32,5 kg \/ 35 kg. Bendras svoris &#8211; 475 kg.  <\/p>\n","protected":false},"featured_media":94855,"template":"","meta":{"_acf_changed":false,"inline_featured_image":false},"product_cat":[127,131],"product_tag":[],"class_list":{"0":"post-125373","1":"product","2":"type-product","3":"status-publish","4":"has-post-thumbnail","6":"product_cat-laisvieji-svarmenys","7":"product_cat-hanteliai","9":"first","10":"instock","11":"shipping-taxable","12":"purchasable","13":"product-type-simple"},"acf":[],"_links":{"self":[{"href":"https:\/\/store.evolve-fitness.eu\/lt\/wp-json\/wp\/v2\/product\/125373","targetHints":{"allow":["GET"]}}],"collection":[{"href":"https:\/\/store.evolve-fitness.eu\/lt\/wp-json\/wp\/v2\/product"}],"about":[{"href":"https:\/\/store.evolve-fitness.eu\/lt\/wp-json\/wp\/v2\/types\/product"}],"wp:featuredmedia":[{"embeddable":true,"href":"https:\/\/store.evolve-fitness.eu\/lt\/wp-json\/wp\/v2\/media\/94855"}],"wp:attachment":[{"href":"https:\/\/store.evolve-fitness.eu\/lt\/wp-json\/wp\/v2\/media?parent=125373"}],"wp:term":[{"taxonomy":"product_cat","embeddable":true,"href":"https:\/\/store.evolve-fitness.eu\/lt\/wp-json\/wp\/v2\/product_cat?post=125373"},{"taxonomy":"product_tag","embeddable":true,"href":"https:\/\/store.evolve-fitness.eu\/lt\/wp-json\/wp\/v2\/product_tag?post=125373"}],"curies":[{"name":"wp","href":"https:\/\/api.w.org\/{rel}","templated":true}]}}