{"id":124150,"date":"2025-03-31T08:24:03","date_gmt":"2025-03-31T08:24:03","guid":{"rendered":"https:\/\/store.evolve-fitness.eu\/?post_type=product&#038;p=124150"},"modified":"2025-11-06T12:49:53","modified_gmt":"2025-11-06T12:49:53","slug":"evolve-econ-series-plokstes-pakrautas-pritupimas","status":"publish","type":"product","link":"https:\/\/store.evolve-fitness.eu\/lt\/produktas\/evolve-econ-series-plokstes-pakrautas-pritupimas\/","title":{"rendered":"&#8222;Evolve Econ Series&#8221; plok\u0161teli\u0173 pakrautas prit\u016bpimas (EC-041)"},"content":{"rendered":"\n<section class=\"wp-block-group alignfull black-content has-white-color has-darkgray-background-color has-text-color has-background is-layout-constrained wp-block-group-is-layout-constrained\" style=\"padding-top:var(--wp--preset--spacing--section-bottom);padding-bottom:var(--wp--preset--spacing--section-bottom)\">\n<div class=\"wp-block-columns alignwide mobile-reverse is-layout-flex wp-container-core-columns-is-layout-ca64bf2d wp-block-columns-is-layout-flex\" style=\"margin-bottom:var(--wp--preset--spacing--side-padding)\">\n<div class=\"wp-block-column is-vertically-aligned-center is-layout-flow wp-block-column-is-layout-flow\">\n<h3 class=\"wp-block-heading\" style=\"margin-bottom:var(--wp--preset--spacing--h-3-bottom)\"><strong><strong><strong><strong><strong><strong><strong><strong><strong><strong>Efektyvus apatin\u0117s k\u016bno dalies mokymas naudojant nat\u016bral\u0173 judes\u012f<\/strong><\/strong><\/strong><\/strong><\/strong><\/strong><\/strong><\/strong><\/strong><\/strong><\/h3>\n\n\n\n<p>&#8222;Evolve Econ&#8221; serijos &#8222;EV-PL-EC-041&#8221; prit\u016bpim\u0173 treniruoklis su plok\u0161tel\u0117mis sukurtas tikslingai ir kontroliuojamai apatin\u0117s k\u016bno dalies treniruotei. \u0160is treniruoklis sukurtas taip, kad imituot\u0173 nat\u016bralaus prit\u016bpimo biomechanik\u0105, tod\u0117l juo naudotojai gali stiprinti keturgalvius, str\u0117nas, s\u0117dmenis ir blauzdas, i\u0161laikydami taisykling\u0105 laikysen\u0105 ir ma\u017eindami s\u0105nari\u0173 apkrov\u0105. Tai idealus priedas \u012f j\u0117g\u0105 orientuotose treniruo\u010di\u0173 aplinkose, kuriose pirmenyb\u0117 teikiama saugiam ir efektyviam darbui.  <\/p>\n<\/div>\n\n\n\n<div class=\"wp-block-column is-vertically-aligned-center is-layout-flow wp-block-column-is-layout-flow\">\n<figure class=\"wp-block-image size-large\"><img loading=\"lazy\" decoding=\"async\" width=\"1024\" height=\"1024\" src=\"https:\/\/store.evolve-fitness.eu\/wp-content\/uploads\/2025\/03\/Dizainas-be-pavadinimo-26-4-1024x1024.png\" alt=\"\" class=\"wp-image-124248\" srcset=\"https:\/\/store.evolve-fitness.eu\/wp-content\/uploads\/2025\/03\/Dizainas-be-pavadinimo-26-4-1024x1024.png 1024w, https:\/\/store.evolve-fitness.eu\/wp-content\/uploads\/2025\/03\/Dizainas-be-pavadinimo-26-4-300x300.png 300w, https:\/\/store.evolve-fitness.eu\/wp-content\/uploads\/2025\/03\/Dizainas-be-pavadinimo-26-4-150x150.png 150w, https:\/\/store.evolve-fitness.eu\/wp-content\/uploads\/2025\/03\/Dizainas-be-pavadinimo-26-4-768x768.png 768w, https:\/\/store.evolve-fitness.eu\/wp-content\/uploads\/2025\/03\/Dizainas-be-pavadinimo-26-4-1536x1536.png 1536w, https:\/\/store.evolve-fitness.eu\/wp-content\/uploads\/2025\/03\/Dizainas-be-pavadinimo-26-4-2048x2048.png 2048w, https:\/\/store.evolve-fitness.eu\/wp-content\/uploads\/2025\/03\/Dizainas-be-pavadinimo-26-4-600x600.png 600w, https:\/\/store.evolve-fitness.eu\/wp-content\/uploads\/2025\/03\/Dizainas-be-pavadinimo-26-4-100x100.png 100w\" sizes=\"auto, (max-width: 1024px) 100vw, 1024px\" \/><\/figure>\n<\/div>\n<\/div>\n\n\n\n<div class=\"wp-block-columns alignwide is-layout-flex wp-container-core-columns-is-layout-c45ee707 wp-block-columns-is-layout-flex\" style=\"margin-bottom:var(--wp--preset--spacing--side-padding);padding-top:var(--wp--preset--spacing--side-padding)\">\n<div class=\"wp-block-column is-vertically-aligned-center is-layout-flow wp-block-column-is-layout-flow\">\n<figure class=\"wp-block-image size-large\"><img loading=\"lazy\" decoding=\"async\" width=\"1024\" height=\"1024\" src=\"https:\/\/store.evolve-fitness.eu\/wp-content\/uploads\/2025\/03\/Dizainas-be-pavadinimo-26-4-1024x1024.png\" alt=\"\" class=\"wp-image-124248\" srcset=\"https:\/\/store.evolve-fitness.eu\/wp-content\/uploads\/2025\/03\/Dizainas-be-pavadinimo-26-4-1024x1024.png 1024w, https:\/\/store.evolve-fitness.eu\/wp-content\/uploads\/2025\/03\/Dizainas-be-pavadinimo-26-4-300x300.png 300w, https:\/\/store.evolve-fitness.eu\/wp-content\/uploads\/2025\/03\/Dizainas-be-pavadinimo-26-4-150x150.png 150w, https:\/\/store.evolve-fitness.eu\/wp-content\/uploads\/2025\/03\/Dizainas-be-pavadinimo-26-4-768x768.png 768w, https:\/\/store.evolve-fitness.eu\/wp-content\/uploads\/2025\/03\/Dizainas-be-pavadinimo-26-4-1536x1536.png 1536w, https:\/\/store.evolve-fitness.eu\/wp-content\/uploads\/2025\/03\/Dizainas-be-pavadinimo-26-4-2048x2048.png 2048w, https:\/\/store.evolve-fitness.eu\/wp-content\/uploads\/2025\/03\/Dizainas-be-pavadinimo-26-4-600x600.png 600w, https:\/\/store.evolve-fitness.eu\/wp-content\/uploads\/2025\/03\/Dizainas-be-pavadinimo-26-4-100x100.png 100w\" sizes=\"auto, (max-width: 1024px) 100vw, 1024px\" \/><\/figure>\n<\/div>\n\n\n\n<div class=\"wp-block-column is-vertically-aligned-center is-layout-constrained wp-block-column-is-layout-constrained\">\n<h3 class=\"wp-block-heading\" style=\"margin-bottom:var(--wp--preset--spacing--h-3-bottom)\"><strong><strong><strong><strong><strong><strong><strong><strong><strong><strong>Stabili konstrukcija ir tolygus plok\u0161\u010di\u0173 pasiprie\u0161inimas<\/strong><\/strong><\/strong><\/strong><\/strong><\/strong><\/strong><\/strong><\/strong><\/strong><\/h3>\n\n\n\n<p>EV-PL-EC-041 turi tvirt\u0105 plienin\u012f r\u0117m\u0105, padengt\u0105 ilgaam\u017ee milteline danga, tod\u0117l yra patvarus ir stabilus intensyvi\u0173 treniruo\u010di\u0173 metu. Plok\u0161tel\u0117mis apkrautas mechanizmas u\u017etikrina reguliuojam\u0105 pasiprie\u0161inim\u0105, o ergonomi\u0161kas atlo\u0161as ir pe\u010di\u0173 pagalv\u0117l\u0117s u\u017etikrina patogum\u0105 ir i\u0161lyginim\u0105. Didel\u0117, neslystanti koj\u0173 platforma palaiko \u012fvairias pozicijas, tod\u0117l galima efektyviai treniruoti konkre\u010dias raumen\u0173 grupes.  <\/p>\n<\/div>\n<\/div>\n\n\n\n<p class=\"has-text-align-center has-medium-2-font-size\" style=\"padding-top:var(--wp--preset--spacing--tb-padding);padding-bottom:var(--wp--preset--spacing--tb-padding)\"><\/p>\n<\/section>\n","protected":false},"excerpt":{"rendered":"<p>&#8222;Evolve Econ&#8221; serijos &#8222;EV-PL-EC-041&#8221; prit\u016bpim\u0173 treniruoklis su plok\u0161tel\u0117mis sukurtas tikslingai ir kontroliuojamai apatin\u0117s k\u016bno dalies treniruotei. \u0160is treniruoklis sukurtas taip, kad imituot\u0173 nat\u016bralaus prit\u016bpimo biomechanik\u0105, tod\u0117l juo naudotojai gali stiprinti keturgalvius, str\u0117nas, s\u0117dmenis ir blauzdas, i\u0161laikydami taisykling\u0105 laikysen\u0105 ir ma\u017eindami s\u0105nari\u0173 apkrov\u0105. Tai idealus priedas \u012f j\u0117g\u0105 orientuotose treniruo\u010di\u0173 aplinkose, kuriose pirmenyb\u0117 teikiama saugiam ir efektyviam darbui.<\/p>\n","protected":false},"featured_media":124187,"template":"","meta":{"_acf_changed":false,"inline_featured_image":false},"product_cat":[129,224],"product_tag":[],"class_list":{"0":"post-124150","1":"product","2":"type-product","3":"status-publish","4":"has-post-thumbnail","6":"product_cat-laisvu-svoriu-treniruokliai","7":"product_cat-econ-serijos-laisvu-svoriu-treniruokliai","9":"first","10":"instock","11":"shipping-taxable","12":"purchasable","13":"product-type-simple"},"acf":[],"_links":{"self":[{"href":"https:\/\/store.evolve-fitness.eu\/lt\/wp-json\/wp\/v2\/product\/124150","targetHints":{"allow":["GET"]}}],"collection":[{"href":"https:\/\/store.evolve-fitness.eu\/lt\/wp-json\/wp\/v2\/product"}],"about":[{"href":"https:\/\/store.evolve-fitness.eu\/lt\/wp-json\/wp\/v2\/types\/product"}],"wp:featuredmedia":[{"embeddable":true,"href":"https:\/\/store.evolve-fitness.eu\/lt\/wp-json\/wp\/v2\/media\/124187"}],"wp:attachment":[{"href":"https:\/\/store.evolve-fitness.eu\/lt\/wp-json\/wp\/v2\/media?parent=124150"}],"wp:term":[{"taxonomy":"product_cat","embeddable":true,"href":"https:\/\/store.evolve-fitness.eu\/lt\/wp-json\/wp\/v2\/product_cat?post=124150"},{"taxonomy":"product_tag","embeddable":true,"href":"https:\/\/store.evolve-fitness.eu\/lt\/wp-json\/wp\/v2\/product_tag?post=124150"}],"curies":[{"name":"wp","href":"https:\/\/api.w.org\/{rel}","templated":true}]}}