{"id":124050,"date":"2025-03-31T08:04:22","date_gmt":"2025-03-31T08:04:22","guid":{"rendered":"https:\/\/store.evolve-fitness.eu\/?post_type=product&#038;p=124050"},"modified":"2025-03-31T08:42:43","modified_gmt":"2025-03-31T08:42:43","slug":"evolve-econ-serijos-klubu-traukos-suolelis","status":"publish","type":"product","link":"https:\/\/store.evolve-fitness.eu\/lt\/produktas\/evolve-econ-serijos-klubu-traukos-suolelis\/","title":{"rendered":"&#8222;Evolve Econ&#8221; serijos klub\u0173 traukos suolelis"},"content":{"rendered":"\n<section class=\"wp-block-group alignfull black-content has-white-color has-darkgray-background-color has-text-color has-background is-layout-constrained wp-block-group-is-layout-constrained\" style=\"padding-top:var(--wp--preset--spacing--section-bottom);padding-bottom:var(--wp--preset--spacing--section-bottom)\">\n<div class=\"wp-block-columns alignwide mobile-reverse is-layout-flex wp-container-core-columns-is-layout-ca64bf2d wp-block-columns-is-layout-flex\" style=\"margin-bottom:var(--wp--preset--spacing--side-padding)\">\n<div class=\"wp-block-column is-vertically-aligned-center is-layout-flow wp-block-column-is-layout-flow\">\n<h3 class=\"wp-block-heading\" style=\"margin-bottom:var(--wp--preset--spacing--h-3-bottom)\"><strong><strong><strong>Tikslin\u0117s s\u0117dmen\u0173 treniruot\u0117s su stabilumu ir parama<\/strong><\/strong><\/strong><\/h3>\n\n\n\n<p style=\"margin-bottom:var(--wp--preset--spacing--tb-section-padding)\">EV-BN-EC-530 &#8222;Evolve Econ&#8221; serijos klub\u0173 tempimo suolelis sukurtas specialiai veiksmingiems ir saugiems s\u0117dmen\u0173 aktyvacijos pratimams atlikti. \u0160is suoliukas idealiai tinka tiek komercin\u0117se, tiek nam\u0173 sporto sal\u0117se, nes suteikia stabili\u0105 atram\u0105 klub\u0173 st\u016bmimo, s\u0117dmen\u0173 tilt\u0173 ir kitiems apatin\u0117s k\u016bno dalies judesiams, kuriuos atliekant \u012fjungiama u\u017epakalin\u0117 grandin\u0117. D\u0117l kompakti\u0161kos, laisvai pastatomos konstrukcijos j\u012f lengva pastatyti ir integruoti \u012f \u012fvairias treniruo\u010di\u0173 vietas.  <\/p>\n<\/div>\n\n\n\n<div class=\"wp-block-column is-vertically-aligned-center is-layout-flow wp-block-column-is-layout-flow\">\n<figure class=\"wp-block-image size-large\"><img loading=\"lazy\" decoding=\"async\" width=\"1024\" height=\"1024\" src=\"https:\/\/store.evolve-fitness.eu\/wp-content\/uploads\/2025\/03\/Dizainas-be-pavadinimo-45-1024x1024.png\" alt=\"\" class=\"wp-image-124073\" srcset=\"https:\/\/store.evolve-fitness.eu\/wp-content\/uploads\/2025\/03\/Dizainas-be-pavadinimo-45-1024x1024.png 1024w, https:\/\/store.evolve-fitness.eu\/wp-content\/uploads\/2025\/03\/Dizainas-be-pavadinimo-45-300x300.png 300w, https:\/\/store.evolve-fitness.eu\/wp-content\/uploads\/2025\/03\/Dizainas-be-pavadinimo-45-150x150.png 150w, https:\/\/store.evolve-fitness.eu\/wp-content\/uploads\/2025\/03\/Dizainas-be-pavadinimo-45-768x768.png 768w, https:\/\/store.evolve-fitness.eu\/wp-content\/uploads\/2025\/03\/Dizainas-be-pavadinimo-45-1536x1536.png 1536w, https:\/\/store.evolve-fitness.eu\/wp-content\/uploads\/2025\/03\/Dizainas-be-pavadinimo-45-2048x2048.png 2048w, https:\/\/store.evolve-fitness.eu\/wp-content\/uploads\/2025\/03\/Dizainas-be-pavadinimo-45-600x600.png 600w, https:\/\/store.evolve-fitness.eu\/wp-content\/uploads\/2025\/03\/Dizainas-be-pavadinimo-45-100x100.png 100w\" sizes=\"auto, (max-width: 1024px) 100vw, 1024px\" \/><\/figure>\n<\/div>\n<\/div>\n\n\n\n<div class=\"wp-block-columns alignwide is-layout-flex wp-container-core-columns-is-layout-c45ee707 wp-block-columns-is-layout-flex\" style=\"margin-bottom:var(--wp--preset--spacing--side-padding);padding-top:var(--wp--preset--spacing--side-padding)\">\n<div class=\"wp-block-column is-vertically-aligned-center is-layout-flow wp-block-column-is-layout-flow\">\n<figure class=\"wp-block-image size-large\"><img loading=\"lazy\" decoding=\"async\" width=\"1024\" height=\"1024\" src=\"https:\/\/store.evolve-fitness.eu\/wp-content\/uploads\/2025\/03\/Dizainas-be-pavadinimo-45-1-1024x1024.png\" alt=\"\" class=\"wp-image-124098\" srcset=\"https:\/\/store.evolve-fitness.eu\/wp-content\/uploads\/2025\/03\/Dizainas-be-pavadinimo-45-1-1024x1024.png 1024w, https:\/\/store.evolve-fitness.eu\/wp-content\/uploads\/2025\/03\/Dizainas-be-pavadinimo-45-1-300x300.png 300w, https:\/\/store.evolve-fitness.eu\/wp-content\/uploads\/2025\/03\/Dizainas-be-pavadinimo-45-1-150x150.png 150w, https:\/\/store.evolve-fitness.eu\/wp-content\/uploads\/2025\/03\/Dizainas-be-pavadinimo-45-1-768x768.png 768w, https:\/\/store.evolve-fitness.eu\/wp-content\/uploads\/2025\/03\/Dizainas-be-pavadinimo-45-1-1536x1536.png 1536w, https:\/\/store.evolve-fitness.eu\/wp-content\/uploads\/2025\/03\/Dizainas-be-pavadinimo-45-1-2048x2048.png 2048w, https:\/\/store.evolve-fitness.eu\/wp-content\/uploads\/2025\/03\/Dizainas-be-pavadinimo-45-1-600x600.png 600w, https:\/\/store.evolve-fitness.eu\/wp-content\/uploads\/2025\/03\/Dizainas-be-pavadinimo-45-1-100x100.png 100w\" sizes=\"auto, (max-width: 1024px) 100vw, 1024px\" \/><\/figure>\n<\/div>\n\n\n\n<div class=\"wp-block-column is-vertically-aligned-center is-layout-flow wp-block-column-is-layout-flow\">\n<h3 class=\"wp-block-heading\" style=\"margin-bottom:var(--wp--preset--spacing--h-3-bottom)\"><strong><strong><strong>Patvarus r\u0117mas ir \u012f naudotoj\u0105 orientuotas dizainas<\/strong><\/strong><\/strong><\/h3>\n\n\n\n<p>EV-BN-EC-530 pagamintas i\u0161 tvirto plieninio r\u0117mo ir padengtas patvaria milteline danga, tod\u0117l jis atsparus nuolatiniam naudojimui judrioje sporto sal\u0117s aplinkoje. Pamink\u0161tintas atlo\u0161as u\u017etikrina naudotojo patogum\u0105 ir stabilum\u0105 viso pratimo metu, o platus pagrindas neleid\u017eia jam pasvirti ar jud\u0117ti. Neslystan\u010dios gumin\u0117s kojel\u0117s apsaugo grindis ir i\u0161laiko \u012frengin\u012f vietoje naudojimo metu.  <\/p>\n<\/div>\n<\/div>\n<\/section>\n","protected":false},"excerpt":{"rendered":"<p>EV-BN-EC-530 &#8222;Evolve Econ&#8221; serijos klub\u0173 tempimo suolelis sukurtas specialiai veiksmingiems ir saugiems s\u0117dmen\u0173 aktyvacijos pratimams atlikti. \u0160is suoliukas idealiai tinka tiek komercin\u0117se, tiek nam\u0173 sporto sal\u0117se, nes suteikia stabili\u0105 atram\u0105 klub\u0173 st\u016bmimo, s\u0117dmen\u0173 tilt\u0173 ir kitiems apatin\u0117s k\u016bno dalies judesiams, kuriuos atliekant \u012fjungiama u\u017epakalin\u0117 grandin\u0117. D\u0117l kompakti\u0161kos, laisvai pastatomos konstrukcijos j\u012f lengva pastatyti ir integruoti \u012f \u012fvairias treniruo\u010di\u0173 vietas.  <\/p>\n","protected":false},"featured_media":124137,"template":"","meta":{"_acf_changed":false,"inline_featured_image":false},"product_cat":[132,133],"product_tag":[],"class_list":{"0":"post-124050","1":"product","2":"type-product","3":"status-publish","4":"has-post-thumbnail","6":"product_cat-suoliukai","7":"product_cat-econ-serijos-suoliukai","9":"first","10":"instock","11":"shipping-taxable","12":"purchasable","13":"product-type-simple"},"acf":[],"_links":{"self":[{"href":"https:\/\/store.evolve-fitness.eu\/lt\/wp-json\/wp\/v2\/product\/124050","targetHints":{"allow":["GET"]}}],"collection":[{"href":"https:\/\/store.evolve-fitness.eu\/lt\/wp-json\/wp\/v2\/product"}],"about":[{"href":"https:\/\/store.evolve-fitness.eu\/lt\/wp-json\/wp\/v2\/types\/product"}],"wp:featuredmedia":[{"embeddable":true,"href":"https:\/\/store.evolve-fitness.eu\/lt\/wp-json\/wp\/v2\/media\/124137"}],"wp:attachment":[{"href":"https:\/\/store.evolve-fitness.eu\/lt\/wp-json\/wp\/v2\/media?parent=124050"}],"wp:term":[{"taxonomy":"product_cat","embeddable":true,"href":"https:\/\/store.evolve-fitness.eu\/lt\/wp-json\/wp\/v2\/product_cat?post=124050"},{"taxonomy":"product_tag","embeddable":true,"href":"https:\/\/store.evolve-fitness.eu\/lt\/wp-json\/wp\/v2\/product_tag?post=124050"}],"curies":[{"name":"wp","href":"https:\/\/api.w.org\/{rel}","templated":true}]}}