{"id":123673,"date":"2025-03-31T07:08:56","date_gmt":"2025-03-31T07:08:56","guid":{"rendered":"https:\/\/store.evolve-fitness.eu\/?post_type=product&#038;p=123673"},"modified":"2025-09-25T12:05:09","modified_gmt":"2025-09-25T12:05:09","slug":"evolve-econ-series-barbell-rack-1","status":"publish","type":"product","link":"https:\/\/store.evolve-fitness.eu\/lt\/produktas\/evolve-econ-series-barbell-rack-1\/","title":{"rendered":"&#8222;Evolve Econ Series Barbell Rack"},"content":{"rendered":"\n<section class=\"wp-block-group alignfull black-content has-white-color has-darkgray-background-color has-text-color has-background is-layout-constrained wp-block-group-is-layout-constrained\" style=\"padding-top:var(--wp--preset--spacing--section-bottom);padding-bottom:var(--wp--preset--spacing--section-bottom)\">\n<div class=\"wp-block-columns alignwide mobile-reverse is-layout-flex wp-container-core-columns-is-layout-ca64bf2d wp-block-columns-is-layout-flex\" style=\"margin-bottom:var(--wp--preset--spacing--side-padding)\">\n<div class=\"wp-block-column is-vertically-aligned-center is-layout-flow wp-block-column-is-layout-flow\">\n<h3 class=\"wp-block-heading\" style=\"margin-bottom:var(--wp--preset--spacing--h-3-bottom)\"><strong><strong><strong><strong><strong><strong><strong><strong>Profesionali \u0161tang\u0173 saugykla, skirta efektyviam sporto sal\u0117s organizavimui<\/strong><\/strong><\/strong><\/strong><\/strong><\/strong><\/strong><\/strong><\/h3>\n\n\n\n<p>&#8222;Evolve Econ&#8221; serijos EV-RS-BR-200 \u0161tang\u0173 stovas skirtas saugiai ir taupiai vertikaliai laikyti iki 10 stacionari\u0173 \u0161tang\u0173. Nesvarbu, ar \u012frengin\u0117jate komercin\u0119 sporto sal\u0119, asmenini\u0173 treniruo\u010di\u0173 studij\u0105, ar nam\u0173 treniruo\u010di\u0173 erdv\u0119, \u0161is stovas u\u017etikrina, kad j\u016bs\u0173 \u0161tangos bus visada pasiekiamos, o treniruo\u010di\u0173 erdv\u0117 bus \u0161vari ir tvarkinga. <\/p>\n<\/div>\n\n\n\n<div class=\"wp-block-column is-vertically-aligned-center is-layout-flow wp-block-column-is-layout-flow\">\n<figure class=\"wp-block-image alignright size-full is-resized is-style-rounded\"><img loading=\"lazy\" decoding=\"async\" width=\"3375\" height=\"3375\" src=\"https:\/\/store.evolve-fitness.eu\/wp-content\/uploads\/2025\/03\/Dizainas-be-pavadinimo-27-1.png\" alt=\"\" class=\"wp-image-123721\" style=\"object-fit:cover;width:680px;height:600px\" srcset=\"https:\/\/store.evolve-fitness.eu\/wp-content\/uploads\/2025\/03\/Dizainas-be-pavadinimo-27-1.png 3375w, https:\/\/store.evolve-fitness.eu\/wp-content\/uploads\/2025\/03\/Dizainas-be-pavadinimo-27-1-300x300.png 300w, https:\/\/store.evolve-fitness.eu\/wp-content\/uploads\/2025\/03\/Dizainas-be-pavadinimo-27-1-1024x1024.png 1024w, https:\/\/store.evolve-fitness.eu\/wp-content\/uploads\/2025\/03\/Dizainas-be-pavadinimo-27-1-150x150.png 150w, https:\/\/store.evolve-fitness.eu\/wp-content\/uploads\/2025\/03\/Dizainas-be-pavadinimo-27-1-768x768.png 768w, https:\/\/store.evolve-fitness.eu\/wp-content\/uploads\/2025\/03\/Dizainas-be-pavadinimo-27-1-1536x1536.png 1536w, https:\/\/store.evolve-fitness.eu\/wp-content\/uploads\/2025\/03\/Dizainas-be-pavadinimo-27-1-2048x2048.png 2048w, https:\/\/store.evolve-fitness.eu\/wp-content\/uploads\/2025\/03\/Dizainas-be-pavadinimo-27-1-600x600.png 600w, https:\/\/store.evolve-fitness.eu\/wp-content\/uploads\/2025\/03\/Dizainas-be-pavadinimo-27-1-100x100.png 100w\" sizes=\"auto, (max-width: 3375px) 100vw, 3375px\" \/><\/figure>\n<\/div>\n<\/div>\n\n\n\n<div class=\"wp-block-columns alignwide is-layout-flex wp-container-core-columns-is-layout-c45ee707 wp-block-columns-is-layout-flex\" style=\"margin-bottom:var(--wp--preset--spacing--side-padding);padding-top:var(--wp--preset--spacing--side-padding)\">\n<div class=\"wp-block-column is-vertically-aligned-center is-layout-flow wp-block-column-is-layout-flow\">\n<figure class=\"wp-block-image size-large\"><img loading=\"lazy\" decoding=\"async\" width=\"1024\" height=\"1024\" src=\"https:\/\/store.evolve-fitness.eu\/wp-content\/uploads\/2025\/03\/Dizainas-be-pavadinimo-27-2-1024x1024.png\" alt=\"\" class=\"wp-image-123746\" srcset=\"https:\/\/store.evolve-fitness.eu\/wp-content\/uploads\/2025\/03\/Dizainas-be-pavadinimo-27-2-1024x1024.png 1024w, https:\/\/store.evolve-fitness.eu\/wp-content\/uploads\/2025\/03\/Dizainas-be-pavadinimo-27-2-300x300.png 300w, https:\/\/store.evolve-fitness.eu\/wp-content\/uploads\/2025\/03\/Dizainas-be-pavadinimo-27-2-150x150.png 150w, https:\/\/store.evolve-fitness.eu\/wp-content\/uploads\/2025\/03\/Dizainas-be-pavadinimo-27-2-768x768.png 768w, https:\/\/store.evolve-fitness.eu\/wp-content\/uploads\/2025\/03\/Dizainas-be-pavadinimo-27-2-1536x1536.png 1536w, https:\/\/store.evolve-fitness.eu\/wp-content\/uploads\/2025\/03\/Dizainas-be-pavadinimo-27-2-2048x2048.png 2048w, https:\/\/store.evolve-fitness.eu\/wp-content\/uploads\/2025\/03\/Dizainas-be-pavadinimo-27-2-600x600.png 600w, https:\/\/store.evolve-fitness.eu\/wp-content\/uploads\/2025\/03\/Dizainas-be-pavadinimo-27-2-100x100.png 100w\" sizes=\"auto, (max-width: 1024px) 100vw, 1024px\" \/><\/figure>\n<\/div>\n\n\n\n<div class=\"wp-block-column is-vertically-aligned-center is-layout-constrained wp-block-column-is-layout-constrained\">\n<h3 class=\"wp-block-heading\" style=\"margin-bottom:var(--wp--preset--spacing--h-3-bottom)\"><strong><strong><strong><strong><strong><strong><strong><strong>Patvarus dizainas ir prakti\u0161kos funkcijos<\/strong><\/strong><\/strong><\/strong><\/strong><\/strong><\/strong><\/strong><\/h3>\n\n\n\n<p>EV-RS-BR-200 pagamintas i\u0161 tvirto plieno ir padengtas auk\u0161tos kokyb\u0117s milteline danga, jis pritaikytas intensyviam kasdieniam naudojimui. Stabilus r\u0117mas atlaiko tiek tiesias, tiek EZ lenkimo \u0161tangas, o guma i\u0161kloti laikikliai apsaugo \u012frang\u0105 ir suma\u017eina triuk\u0161m\u0105 j\u0105 dedant. Platus pagrindas ir neslystan\u010dios kojel\u0117s padidina bendr\u0105 stabilum\u0105 ir padeda saugoti grindis.  <\/p>\n<\/div>\n<\/div>\n\n\n\n<p class=\"has-text-align-center has-medium-2-font-size\" style=\"padding-top:var(--wp--preset--spacing--tb-padding);padding-bottom:var(--wp--preset--spacing--tb-padding)\"><\/p>\n<\/section>\n","protected":false},"excerpt":{"rendered":"<p>&#8222;Evolve Econ&#8221; serijos EV-RS-BR-200 \u0161tang\u0173 stovas skirtas saugiai ir taupiai vertikaliai laikyti iki 10 stacionari\u0173 \u0161tang\u0173. Nesvarbu, ar \u012frengin\u0117jate komercin\u0119 sporto sal\u0119, asmenini\u0173 treniruo\u010di\u0173 studij\u0105, ar nam\u0173 treniruo\u010di\u0173 erdv\u0119, \u0161is stovas u\u017etikrina, kad j\u016bs\u0173 \u0161tangos bus visada pasiekiamos, o treniruo\u010di\u0173 erdv\u0117 bus \u0161vari ir tvarkinga.<\/p>\n","protected":false},"featured_media":123811,"template":"","meta":{"_acf_changed":false,"inline_featured_image":false},"product_cat":[127,153],"product_tag":[],"class_list":{"0":"post-123673","1":"product","2":"type-product","3":"status-publish","4":"has-post-thumbnail","6":"product_cat-laisvieji-svarmenys","7":"product_cat-stelazai-ir-saugojimo-sprendimai","9":"first","10":"instock","11":"shipping-taxable","12":"purchasable","13":"product-type-simple"},"acf":[],"_links":{"self":[{"href":"https:\/\/store.evolve-fitness.eu\/lt\/wp-json\/wp\/v2\/product\/123673","targetHints":{"allow":["GET"]}}],"collection":[{"href":"https:\/\/store.evolve-fitness.eu\/lt\/wp-json\/wp\/v2\/product"}],"about":[{"href":"https:\/\/store.evolve-fitness.eu\/lt\/wp-json\/wp\/v2\/types\/product"}],"wp:featuredmedia":[{"embeddable":true,"href":"https:\/\/store.evolve-fitness.eu\/lt\/wp-json\/wp\/v2\/media\/123811"}],"wp:attachment":[{"href":"https:\/\/store.evolve-fitness.eu\/lt\/wp-json\/wp\/v2\/media?parent=123673"}],"wp:term":[{"taxonomy":"product_cat","embeddable":true,"href":"https:\/\/store.evolve-fitness.eu\/lt\/wp-json\/wp\/v2\/product_cat?post=123673"},{"taxonomy":"product_tag","embeddable":true,"href":"https:\/\/store.evolve-fitness.eu\/lt\/wp-json\/wp\/v2\/product_tag?post=123673"}],"curies":[{"name":"wp","href":"https:\/\/api.w.org\/{rel}","templated":true}]}}