{"id":123245,"date":"2025-03-27T12:37:18","date_gmt":"2025-03-27T12:37:18","guid":{"rendered":"https:\/\/store.evolve-fitness.eu\/?post_type=product&#038;p=123245"},"modified":"2026-02-27T13:05:00","modified_gmt":"2026-02-27T13:05:00","slug":"evolve-gym-rankenu-stovas-1","status":"publish","type":"product","link":"https:\/\/store.evolve-fitness.eu\/lt\/produktas\/evolve-gym-rankenu-stovas-1\/","title":{"rendered":"&#8222;Evolve Gym&#8221; ranken\u0173 stovas"},"content":{"rendered":"\n<section class=\"wp-block-group alignfull black-content has-white-color has-darkgray-background-color has-text-color has-background is-layout-constrained wp-block-group-is-layout-constrained\" style=\"padding-top:var(--wp--preset--spacing--section-bottom);padding-bottom:var(--wp--preset--spacing--section-bottom)\">\n<div class=\"wp-block-columns alignwide mobile-reverse is-layout-flex wp-container-core-columns-is-layout-ca64bf2d wp-block-columns-is-layout-flex\" style=\"margin-bottom:var(--wp--preset--spacing--side-padding)\">\n<div class=\"wp-block-column is-vertically-aligned-center is-layout-flow wp-block-column-is-layout-flow\">\n<h3 class=\"wp-block-heading\" style=\"margin-bottom:var(--wp--preset--spacing--h-3-bottom)\">Laikykit\u0117s \u0161varos, laikykit\u0117s prasm\u0117s<\/h3>\n\n\n\n<p>Organizuokite savo sporto sal\u0117s erdv\u0119 kaip profesionalas su &#8221; <strong>Evolve Gym&#8221; ranken\u0173 stovu<\/strong> &#8211; puikiu saugojimo sprendimu, kad treniruo\u010di\u0173 erdv\u0117 b\u016bt\u0173 tvarkinga, saugi ir efektyvi. \u0160is kompakti\u0161kas stovas, skirtas specialiai treniruokli\u0173 rankenoms, rankenoms, virv\u0117ms ir priedams, padeda i\u0161vengti netvarkos ir u\u017etikrina, kad j\u016bs\u0173 \u012frankiai visada b\u016bt\u0173 pasiekiami. <\/p>\n<\/div>\n\n\n\n<div class=\"wp-block-column is-vertically-aligned-center is-layout-flow wp-block-column-is-layout-flow\">\n<figure class=\"wp-block-image size-large is-style-rounded\"><img loading=\"lazy\" decoding=\"async\" width=\"1024\" height=\"683\" src=\"https:\/\/store.evolve-fitness.eu\/wp-content\/uploads\/2025\/03\/EV-RS-GH-020-Evolve-Gym-Handles-Rack-6-1024x683.jpg\" alt=\"\" class=\"wp-image-123268\" srcset=\"https:\/\/store.evolve-fitness.eu\/wp-content\/uploads\/2025\/03\/EV-RS-GH-020-Evolve-Gym-Handles-Rack-6-1024x683.jpg 1024w, https:\/\/store.evolve-fitness.eu\/wp-content\/uploads\/2025\/03\/EV-RS-GH-020-Evolve-Gym-Handles-Rack-6-300x200.jpg 300w, https:\/\/store.evolve-fitness.eu\/wp-content\/uploads\/2025\/03\/EV-RS-GH-020-Evolve-Gym-Handles-Rack-6-768x512.jpg 768w, https:\/\/store.evolve-fitness.eu\/wp-content\/uploads\/2025\/03\/EV-RS-GH-020-Evolve-Gym-Handles-Rack-6-1536x1024.jpg 1536w, https:\/\/store.evolve-fitness.eu\/wp-content\/uploads\/2025\/03\/EV-RS-GH-020-Evolve-Gym-Handles-Rack-6-2048x1365.jpg 2048w, https:\/\/store.evolve-fitness.eu\/wp-content\/uploads\/2025\/03\/EV-RS-GH-020-Evolve-Gym-Handles-Rack-6-600x400.jpg 600w\" sizes=\"auto, (max-width: 1024px) 100vw, 1024px\" \/><\/figure>\n<\/div>\n<\/div>\n\n\n\n<div class=\"wp-block-columns is-layout-flex wp-container-core-columns-is-layout-9d6595d7 wp-block-columns-is-layout-flex\">\n<div class=\"wp-block-column is-layout-flow wp-block-column-is-layout-flow\">\n<div class=\"wp-block-columns is-layout-flex wp-container-core-columns-is-layout-9d6595d7 wp-block-columns-is-layout-flex\">\n<div class=\"wp-block-column is-layout-flow wp-block-column-is-layout-flow\">\n<figure class=\"wp-block-image size-large is-style-rounded\"><img loading=\"lazy\" decoding=\"async\" width=\"1024\" height=\"683\" src=\"https:\/\/store.evolve-fitness.eu\/wp-content\/uploads\/2025\/03\/EV-RS-GH-020-Evolve-Gym-Handles-Rack-10-1024x683.jpg\" alt=\"\" class=\"wp-image-123293\" srcset=\"https:\/\/store.evolve-fitness.eu\/wp-content\/uploads\/2025\/03\/EV-RS-GH-020-Evolve-Gym-Handles-Rack-10-1024x683.jpg 1024w, https:\/\/store.evolve-fitness.eu\/wp-content\/uploads\/2025\/03\/EV-RS-GH-020-Evolve-Gym-Handles-Rack-10-300x200.jpg 300w, https:\/\/store.evolve-fitness.eu\/wp-content\/uploads\/2025\/03\/EV-RS-GH-020-Evolve-Gym-Handles-Rack-10-768x512.jpg 768w, https:\/\/store.evolve-fitness.eu\/wp-content\/uploads\/2025\/03\/EV-RS-GH-020-Evolve-Gym-Handles-Rack-10-1536x1024.jpg 1536w, https:\/\/store.evolve-fitness.eu\/wp-content\/uploads\/2025\/03\/EV-RS-GH-020-Evolve-Gym-Handles-Rack-10-2048x1365.jpg 2048w, https:\/\/store.evolve-fitness.eu\/wp-content\/uploads\/2025\/03\/EV-RS-GH-020-Evolve-Gym-Handles-Rack-10-600x400.jpg 600w\" sizes=\"auto, (max-width: 1024px) 100vw, 1024px\" \/><\/figure>\n<\/div>\n\n\n\n<div class=\"wp-block-column is-layout-flow wp-block-column-is-layout-flow\">\n<h3 class=\"wp-block-heading\" style=\"margin-bottom:var(--wp--preset--spacing--h-3-bottom)\">I\u0161manus dizainas, patikima konstrukcija<\/h3>\n\n\n\n<p>\u0160is stela\u017eas pagamintas i\u0161 auk\u0161tos kokyb\u0117s plieno ir padengtas eleganti\u0161ka milteline danga. Daugelio kabli\u0173 konstrukcija suteikia daug vietos visiems j\u016bs\u0173 kabeli\u0173 priedams &#8211; nuo triceps\u0173 virvi\u0173 iki D formos ranken\u0173 &#8211; ir tuo pat metu u\u017eima nedaug vietos. Idealiai tinka komercin\u0117ms sporto sal\u0117ms, treniruokli\u0173 studijoms ar nam\u0173 \u012frenginiams, kuriems reikia profesionalaus lygio organizavimo.  <\/p>\n<\/div>\n<\/div>\n<\/div>\n<\/div>\n<\/section>\n","protected":false},"excerpt":{"rendered":"<p>Organizuokite savo sporto sal\u0117s erdv\u0119 kaip profesionalas su &#8222;Evolve Gym&#8221; ranken\u0173 stovu &#8211; puikiu saugojimo sprendimu, kad treniruo\u010di\u0173 erdv\u0117 b\u016bt\u0173 tvarkinga, saugi ir efektyvi. \u0160is kompakti\u0161kas stovas, skirtas specialiai treniruokli\u0173 rankenoms, rankenoms, virv\u0117ms ir priedams, padeda i\u0161vengti netvarkos ir u\u017etikrina, kad j\u016bs\u0173 \u012frankiai visada b\u016bt\u0173 pasiekiami.<\/p>\n","protected":false},"featured_media":123407,"template":"","meta":{"_acf_changed":false,"inline_featured_image":false},"product_cat":[150],"product_tag":[],"class_list":{"0":"post-123245","1":"product","2":"type-product","3":"status-publish","4":"has-post-thumbnail","6":"product_cat-priedai-lt","8":"first","9":"instock","10":"shipping-taxable","11":"purchasable","12":"product-type-simple"},"acf":[],"_links":{"self":[{"href":"https:\/\/store.evolve-fitness.eu\/lt\/wp-json\/wp\/v2\/product\/123245","targetHints":{"allow":["GET"]}}],"collection":[{"href":"https:\/\/store.evolve-fitness.eu\/lt\/wp-json\/wp\/v2\/product"}],"about":[{"href":"https:\/\/store.evolve-fitness.eu\/lt\/wp-json\/wp\/v2\/types\/product"}],"wp:featuredmedia":[{"embeddable":true,"href":"https:\/\/store.evolve-fitness.eu\/lt\/wp-json\/wp\/v2\/media\/123407"}],"wp:attachment":[{"href":"https:\/\/store.evolve-fitness.eu\/lt\/wp-json\/wp\/v2\/media?parent=123245"}],"wp:term":[{"taxonomy":"product_cat","embeddable":true,"href":"https:\/\/store.evolve-fitness.eu\/lt\/wp-json\/wp\/v2\/product_cat?post=123245"},{"taxonomy":"product_tag","embeddable":true,"href":"https:\/\/store.evolve-fitness.eu\/lt\/wp-json\/wp\/v2\/product_tag?post=123245"}],"curies":[{"name":"wp","href":"https:\/\/api.w.org\/{rel}","templated":true}]}}