{"id":123095,"date":"2025-03-27T12:23:20","date_gmt":"2025-03-27T12:23:20","guid":{"rendered":"https:\/\/store.evolve-fitness.eu\/?post_type=product&#038;p=123095"},"modified":"2025-10-23T17:34:36","modified_gmt":"2025-10-23T14:34:36","slug":"evolve-gym-rankenu-stovas-traukimo-rankenos","status":"publish","type":"product","link":"https:\/\/store.evolve-fitness.eu\/lt\/produktas\/evolve-gym-rankenu-stovas-traukimo-rankenos\/","title":{"rendered":"&#8222;Evolve Gym&#8221; ranken\u0173 stovas + traukimo rankenos"},"content":{"rendered":"\n<section class=\"wp-block-group alignfull black-content has-white-color has-darkgray-background-color has-text-color has-background is-layout-constrained wp-block-group-is-layout-constrained\" style=\"padding-top:var(--wp--preset--spacing--section-bottom);padding-bottom:var(--wp--preset--spacing--section-bottom)\">\n<div class=\"wp-block-columns alignwide mobile-reverse is-layout-flex wp-container-core-columns-is-layout-ca64bf2d wp-block-columns-is-layout-flex\" style=\"margin-bottom:var(--wp--preset--spacing--side-padding)\">\n<div class=\"wp-block-column is-vertically-aligned-center is-layout-flow wp-block-column-is-layout-flow\">\n<h3 class=\"wp-block-heading\" style=\"margin-bottom:var(--wp--preset--spacing--h-3-bottom)\">Lengvai organizuokite, u\u017etikrintai mokykit\u0117s<\/h3>\n\n\n\n<p><strong><em><strong>Kompakti\u0161kas stovas &#8211; did\u017eiausias komfortas<\/strong><\/em><\/strong><\/p>\n\n\n\n<p>&#8222;Evolve&#8221; neopreno ranken\u0173 rinkinys ne tik u\u017etikrina \u0161var\u0105 ir tvark\u0105 treniruo\u010di\u0173 zonoje, bet ir pagerina treniruo\u010di\u0173 patirt\u012f d\u0117l auk\u0161tos kokyb\u0117s ergonomi\u0161k\u0173 neopreno ranken\u0173. Rankenos apgalvotai suprojektuotos taip, kad \u012fdarbint\u0173 vir\u0161utin\u0117s k\u016bno dalies raumenis ir veiksmingai veikt\u0173 rankas, pe\u010dius, nugar\u0105 ir kr\u016btin\u0119 atliekant \u012fvairius traukimo judesius. \u0160ios rankenos idealiai tinka lyn\u0173 treniruokliams ar pasiprie\u0161inimo treniruokliams, nes yra itin universalios, patvarios ir patogios. Nesvarbu, ar esate fitneso entuziastas, ar profesionalus treneris, \u012ftrauk\u0119 \u0161ias neopreno traukimo rankenas \u012f savo rutin\u0105, pasieksite subalansuot\u0105 vir\u0161utin\u0117s k\u016bno dalies j\u0117g\u0105, pagerinsite i\u0161tverm\u0119 ir optimal\u0173 bendr\u0105 fizin\u012f pasirengim\u0105.   <\/p>\n<\/div>\n\n\n\n<div class=\"wp-block-column is-vertically-aligned-center is-layout-flow wp-block-column-is-layout-flow\">\n<figure class=\"wp-block-video\"><video controls=\"\" src=\"https:\/\/evolve-fitness.eu\/wp-content\/uploads\/2025\/03\/VIDEO-EV-GH-PR-100-Evolve-Prime-Series-Neoprene-Gym-Handle-Set-1.mp4\"><\/video><\/figure>\n<\/div>\n<\/div>\n\n\n\n<div class=\"wp-block-columns is-layout-flex wp-container-core-columns-is-layout-9d6595d7 wp-block-columns-is-layout-flex\">\n<div class=\"wp-block-column is-layout-flow wp-block-column-is-layout-flow\">\n<div class=\"wp-block-columns is-layout-flex wp-container-core-columns-is-layout-9d6595d7 wp-block-columns-is-layout-flex\">\n<div class=\"wp-block-column is-layout-flow wp-block-column-is-layout-flow\">\n<figure class=\"wp-block-image size-large is-style-rounded\"><img decoding=\"async\" src=\"https:\/\/evolve-fitness.eu\/wp-content\/uploads\/2025\/03\/EV-GH-PR-100-Evolve-Prime-Series-Neoprene-Gym-Handle-Set-10-3-1024x683.jpg\" alt=\"\" class=\"wp-image-189545\"\/><\/figure>\n<\/div>\n\n\n\n<div class=\"wp-block-column is-layout-flow wp-block-column-is-layout-flow\">\n<h3 class=\"wp-block-heading\" style=\"margin-bottom:var(--wp--preset--spacing--h-3-bottom)\">Atnaujinkite sporto sal\u0117s organizavim\u0105<\/h3>\n\n\n\n<p>Atnaujinkite savo sporto sal\u0117s organizavim\u0105 naudodami &#8222;Evolve&#8221; neoprenini\u0173 ranken\u0173 komplekt\u0105: Tai universali, patikima sistema, sukurta taip, kad maksimaliai padidint\u0173 treniruo\u010di\u0173 erdv\u0119. Patvarus stovas patogiai saugo patogias neoprenu dengtas rankenas, tod\u0117l jas lengva pasiekti, jos ilgaam\u017ei\u0161kesn\u0117s ir atrodo profesionaliai bet kurioje sporto sal\u0117je. \u0160is rinkinys idealiai tinka tiek komercin\u0117ms patalpoms, tiek nam\u0173 sporto sal\u0117ms, nes u\u017etikrina skland\u017eias treniruotes, didesn\u012f saugum\u0105 ir puik\u0173 komfort\u0105 vis\u0173 lygi\u0173 sportininkams.  <\/p>\n<\/div>\n<\/div>\n<\/div>\n<\/div>\n<\/section>\n","protected":false},"excerpt":{"rendered":"<p>&#8222;Evolve&#8221; neoprenini\u0173 ranken\u0173 rinkinys: Tai prakti\u0161kas, tvirtas ir universalus laikymo sprendimas, skirtas treniruo\u010di\u0173 vietai supaprastinti. (EV-RS-GH-020SET) I\u0161 kokybi\u0161ko neopreno pagamintos traukimo rankenos u\u017etikrina i\u0161skirtin\u012f komfort\u0105, saugum\u0105 ir puiki\u0105 rankenos kontrol\u0119, tod\u0117l puikiai tinka bet kokio fizinio pasirengimo lygio naudotojams. Nesvarbu, ar tai b\u016bt\u0173 nam\u0173, ar komercin\u0117s sporto sal\u0117s aplinka, \u0161is rinkinys pagerina treniruo\u010di\u0173 erdv\u0119, nes tvarkingai sutvarko svarbiausi\u0105 \u012frang\u0105 ir suteikia greit\u0105 prieig\u0105 prie pried\u0173.<\/p>\n","protected":false},"featured_media":123132,"template":"","meta":{"_acf_changed":false,"inline_featured_image":false},"product_cat":[150],"product_tag":[],"class_list":{"0":"post-123095","1":"product","2":"type-product","3":"status-publish","4":"has-post-thumbnail","6":"product_cat-priedai-lt","8":"first","9":"instock","10":"shipping-taxable","11":"purchasable","12":"product-type-simple"},"acf":[],"_links":{"self":[{"href":"https:\/\/store.evolve-fitness.eu\/lt\/wp-json\/wp\/v2\/product\/123095","targetHints":{"allow":["GET"]}}],"collection":[{"href":"https:\/\/store.evolve-fitness.eu\/lt\/wp-json\/wp\/v2\/product"}],"about":[{"href":"https:\/\/store.evolve-fitness.eu\/lt\/wp-json\/wp\/v2\/types\/product"}],"wp:featuredmedia":[{"embeddable":true,"href":"https:\/\/store.evolve-fitness.eu\/lt\/wp-json\/wp\/v2\/media\/123132"}],"wp:attachment":[{"href":"https:\/\/store.evolve-fitness.eu\/lt\/wp-json\/wp\/v2\/media?parent=123095"}],"wp:term":[{"taxonomy":"product_cat","embeddable":true,"href":"https:\/\/store.evolve-fitness.eu\/lt\/wp-json\/wp\/v2\/product_cat?post=123095"},{"taxonomy":"product_tag","embeddable":true,"href":"https:\/\/store.evolve-fitness.eu\/lt\/wp-json\/wp\/v2\/product_tag?post=123095"}],"curies":[{"name":"wp","href":"https:\/\/api.w.org\/{rel}","templated":true}]}}