{"id":122877,"date":"2025-02-17T12:55:08","date_gmt":"2025-02-17T12:55:08","guid":{"rendered":"https:\/\/store.evolve-fitness.eu\/product\/sandeliavimo-sistema-vertikaliu-hanteliu-saugykla-v1\/"},"modified":"2025-02-17T12:55:08","modified_gmt":"2025-02-17T12:55:08","slug":"sandeliavimo-sistema-vertikaliu-hanteliu-saugykla-v1","status":"publish","type":"product","link":"https:\/\/store.evolve-fitness.eu\/lt\/produktas\/sandeliavimo-sistema-vertikaliu-hanteliu-saugykla-v1\/","title":{"rendered":"Sand\u0117liavimo sistema + vertikali\u0173 hanteli\u0173 saugykla V1"},"content":{"rendered":"","protected":false},"excerpt":{"rendered":"","protected":false},"featured_media":112979,"template":"","meta":{"_acf_changed":false,"inline_featured_image":false},"product_cat":[119,2142],"product_tag":[],"class_list":{"0":"post-122877","1":"product","2":"type-product","3":"status-publish","4":"has-post-thumbnail","6":"product_cat-kryzminis-ir-funkcinis","7":"product_cat-saugykla-lt","9":"first","10":"instock","11":"shipping-taxable","12":"purchasable","13":"product-type-simple"},"acf":[],"_links":{"self":[{"href":"https:\/\/store.evolve-fitness.eu\/lt\/wp-json\/wp\/v2\/product\/122877","targetHints":{"allow":["GET"]}}],"collection":[{"href":"https:\/\/store.evolve-fitness.eu\/lt\/wp-json\/wp\/v2\/product"}],"about":[{"href":"https:\/\/store.evolve-fitness.eu\/lt\/wp-json\/wp\/v2\/types\/product"}],"wp:featuredmedia":[{"embeddable":true,"href":"https:\/\/store.evolve-fitness.eu\/lt\/wp-json\/wp\/v2\/media\/112979"}],"wp:attachment":[{"href":"https:\/\/store.evolve-fitness.eu\/lt\/wp-json\/wp\/v2\/media?parent=122877"}],"wp:term":[{"taxonomy":"product_cat","embeddable":true,"href":"https:\/\/store.evolve-fitness.eu\/lt\/wp-json\/wp\/v2\/product_cat?post=122877"},{"taxonomy":"product_tag","embeddable":true,"href":"https:\/\/store.evolve-fitness.eu\/lt\/wp-json\/wp\/v2\/product_tag?post=122877"}],"curies":[{"name":"wp","href":"https:\/\/api.w.org\/{rel}","templated":true}]}}