{"id":122819,"date":"2025-02-17T14:09:56","date_gmt":"2025-02-17T14:09:56","guid":{"rendered":"https:\/\/store.evolve-fitness.eu\/product\/saugojimo-sistema-v7\/"},"modified":"2025-02-17T14:09:56","modified_gmt":"2025-02-17T14:09:56","slug":"saugojimo-sistema-v7","status":"publish","type":"product","link":"https:\/\/store.evolve-fitness.eu\/lt\/produktas\/saugojimo-sistema-v7\/","title":{"rendered":"Saugojimo sistema V7"},"content":{"rendered":"","protected":false},"excerpt":{"rendered":"<p>\u0160i komercin\u0117 treniruokli\u0173 \u012franga, sukurta didelio intensyvumo treniruo\u010di\u0173 aplinkai, yra pagrindinis bet kurios profesionalios sporto sal\u0117s elementas. Modulin\u0117 konstrukcija vienu metu palaiko kelis naudotojus ir leid\u017eia skland\u017eiai pereiti nuo j\u0117gos trikov\u0117s, k\u016bno svorio treniruo\u010di\u0173 iki funkcini\u0173 pratim\u0173. Sustiprinta plienin\u0117 konstrukcija u\u017etikrina did\u017eiausi\u0105 patvarum\u0105 esant didel\u0117ms apkrovoms, o reguliuojami komponentai tinka vis\u0173 lygi\u0173 sportininkams. Integruoti laikymo sprendimai padeda organizuoti treniruo\u010di\u0173 erdves, o pasirenkamieji priedai padidina treniruo\u010di\u0173 \u012fvairov\u0119. Nesvarbu, ar tai b\u016bt\u0173 \u012f j\u0117g\u0105 orientuota treniruokli\u0173 sal\u0117, ar CrossFit bokso, ar \u012fvairios paskirties sporto sal\u0117, \u0161is treniruoklis u\u017etikrina patikimum\u0105, saugum\u0105 ir universalum\u0105, reikaling\u0105 auk\u0161\u010diausiems rezultatams ir ilgaam\u017ei\u0161kumui.    <\/p>\n","protected":false},"featured_media":147364,"template":"","meta":{"_acf_changed":false,"inline_featured_image":false},"product_cat":[119,2142],"product_tag":[],"class_list":{"0":"post-122819","1":"product","2":"type-product","3":"status-publish","4":"has-post-thumbnail","6":"product_cat-kryzminis-ir-funkcinis","7":"product_cat-saugykla-lt","9":"first","10":"instock","11":"shipping-taxable","12":"purchasable","13":"product-type-simple"},"acf":[],"_links":{"self":[{"href":"https:\/\/store.evolve-fitness.eu\/lt\/wp-json\/wp\/v2\/product\/122819","targetHints":{"allow":["GET"]}}],"collection":[{"href":"https:\/\/store.evolve-fitness.eu\/lt\/wp-json\/wp\/v2\/product"}],"about":[{"href":"https:\/\/store.evolve-fitness.eu\/lt\/wp-json\/wp\/v2\/types\/product"}],"wp:featuredmedia":[{"embeddable":true,"href":"https:\/\/store.evolve-fitness.eu\/lt\/wp-json\/wp\/v2\/media\/147364"}],"wp:attachment":[{"href":"https:\/\/store.evolve-fitness.eu\/lt\/wp-json\/wp\/v2\/media?parent=122819"}],"wp:term":[{"taxonomy":"product_cat","embeddable":true,"href":"https:\/\/store.evolve-fitness.eu\/lt\/wp-json\/wp\/v2\/product_cat?post=122819"},{"taxonomy":"product_tag","embeddable":true,"href":"https:\/\/store.evolve-fitness.eu\/lt\/wp-json\/wp\/v2\/product_tag?post=122819"}],"curies":[{"name":"wp","href":"https:\/\/api.w.org\/{rel}","templated":true}]}}