{"id":121746,"date":"2025-03-26T09:53:29","date_gmt":"2025-03-26T09:53:29","guid":{"rendered":"https:\/\/store.evolve-fitness.eu\/?post_type=product&#038;p=121746"},"modified":"2025-11-07T10:42:46","modified_gmt":"2025-11-07T10:42:46","slug":"evolve-grindu-plyteles-100-x-100-cm-10-30-mm","status":"publish","type":"product","link":"https:\/\/store.evolve-fitness.eu\/lt\/produktas\/evolve-grindu-plyteles-100-x-100-cm-10-30-mm\/","title":{"rendered":"&#8222;Evolve&#8221; grind\u0173 plytel\u0117s 100 x 100 cm, 10 &#8211; 30 mm"},"content":{"rendered":"\n<p><\/p>\n\n<section class=\"wp-block-group alignfull has-lightgray-background-color has-background is-layout-constrained wp-block-group-is-layout-constrained\">\n<div class=\"wp-block-columns alignwide is-layout-flex wp-container-core-columns-is-layout-2edb0647 wp-block-columns-is-layout-flex\" style=\"margin-top:0;margin-bottom:0\">\n<div class=\"wp-block-column is-layout-flow wp-block-column-is-layout-flow\" style=\"flex-basis:33.33%\"><\/div>\n\n\n\n<div class=\"wp-block-column is-layout-flow wp-block-column-is-layout-flow\" style=\"flex-basis:66.66%\"><\/div>\n<\/div>\n<\/section>\n","protected":false},"excerpt":{"rendered":"<p>&#8222;Evolve&#8221; gumin\u0117s grindys yra patvarus ir universalus sprendimas sporto ir treniruokli\u0173 sal\u0117ms. \u012evairaus storio \u0161ios grindys u\u017etikrina puiki\u0105 apsaug\u0105 ir komfort\u0105, tod\u0117l idealiai tinka intensyviam naudojimui. Blokuojanti PUZZLE konstrukcija u\u017etikrina lengv\u0105 \u012frengim\u0105, o paprastos kvadratin\u0117s plytel\u0117s yra paprastas variantas didesniems plotams. Didelio tankio gumos med\u017eiaga u\u017etikrina ilgalaik\u012f veikim\u0105, atsparum\u0105 sm\u016bgiams ir triuk\u0161mo ma\u017einim\u0105, tod\u0117l puikiai tinka tiek nam\u0173, tiek komercin\u0117ms sporto sal\u0117ms. 100 x 100 x 10 &#8211; 30 mm &#8222;Evolve Indoor Floor Tiles&#8221; grind\u0173 plytel\u0117s. Storis: 10 mm \/ 15 mm \/ 20 mm \/ 25 mm \/ 30 mm.     Tankis 1000 kg\/m3.<\/p>\n","protected":false},"featured_media":84817,"template":"","meta":{"_acf_changed":false,"inline_featured_image":false},"product_cat":[193,194],"product_tag":[],"class_list":{"0":"post-121746","1":"product","2":"type-product","3":"status-publish","4":"has-post-thumbnail","6":"product_cat-platformos-ir-grindys","7":"product_cat-grindys","9":"first","10":"outofstock","11":"shipping-taxable","12":"purchasable","13":"product-type-variable"},"acf":[],"_links":{"self":[{"href":"https:\/\/store.evolve-fitness.eu\/lt\/wp-json\/wp\/v2\/product\/121746","targetHints":{"allow":["GET"]}}],"collection":[{"href":"https:\/\/store.evolve-fitness.eu\/lt\/wp-json\/wp\/v2\/product"}],"about":[{"href":"https:\/\/store.evolve-fitness.eu\/lt\/wp-json\/wp\/v2\/types\/product"}],"wp:featuredmedia":[{"embeddable":true,"href":"https:\/\/store.evolve-fitness.eu\/lt\/wp-json\/wp\/v2\/media\/84817"}],"wp:attachment":[{"href":"https:\/\/store.evolve-fitness.eu\/lt\/wp-json\/wp\/v2\/media?parent=121746"}],"wp:term":[{"taxonomy":"product_cat","embeddable":true,"href":"https:\/\/store.evolve-fitness.eu\/lt\/wp-json\/wp\/v2\/product_cat?post=121746"},{"taxonomy":"product_tag","embeddable":true,"href":"https:\/\/store.evolve-fitness.eu\/lt\/wp-json\/wp\/v2\/product_tag?post=121746"}],"curies":[{"name":"wp","href":"https:\/\/api.w.org\/{rel}","templated":true}]}}