{"id":120124,"date":"2025-03-20T12:59:25","date_gmt":"2025-03-20T12:59:25","guid":{"rendered":"https:\/\/store.evolve-fitness.eu\/?post_type=product&#038;p=120124"},"modified":"2025-11-10T09:53:17","modified_gmt":"2025-11-10T09:53:17","slug":"evolve-krepsinio-kamuolys","status":"publish","type":"product","link":"https:\/\/store.evolve-fitness.eu\/lt\/produktas\/evolve-krepsinio-kamuolys\/","title":{"rendered":"EVOLVE krep\u0161inio kamuolys"},"content":{"rendered":"\n<section class=\"wp-block-group alignfull black-content has-white-color has-darkgray-background-color has-text-color has-background is-layout-constrained wp-block-group-is-layout-constrained\" style=\"padding-top:var(--wp--preset--spacing--section-bottom);padding-bottom:var(--wp--preset--spacing--section-bottom)\">\n<div class=\"wp-block-columns alignwide mobile-reverse is-layout-flex wp-container-core-columns-is-layout-ca64bf2d wp-block-columns-is-layout-flex\" style=\"margin-bottom:var(--wp--preset--spacing--side-padding)\">\n<div class=\"wp-block-column is-vertically-aligned-center is-layout-flow wp-block-column-is-layout-flow\">\n<h3 class=\"wp-block-heading\" style=\"margin-bottom:var(--wp--preset--spacing--h-3-bottom)\"><strong><strong><strong>Patvarus ir universalus krep\u0161inio kamuolys, skirtas \u017eaisti patalpose ir lauke<\/strong><\/strong><\/strong><\/h3>\n\n\n\n<p style=\"margin-bottom:var(--wp--preset--spacing--tb-section-padding)\">&#8221; <strong>EVOLVE&#8221; 7 dyd\u017eio krep\u0161inio kamuolys<\/strong> skirtas naudoti tiek patalpose, tiek lauke, u\u017etikrina puik\u0173 sukibim\u0105, patvarum\u0105 ir kontrol\u0119. Nesvarbu, ar treniruojat\u0117s aik\u0161tel\u0117je, ar \u017eaid\u017eiate var\u017eybas, \u0161is krep\u0161inio kamuolys u\u017etikrina <strong>optimal\u0173 veikim\u0105<\/strong> vis\u0173 \u012fg\u016bd\u017ei\u0173 lygi\u0173 \u017eaid\u0117jams. <\/p>\n<\/div>\n\n\n\n<div class=\"wp-block-column is-vertically-aligned-center is-layout-flow wp-block-column-is-layout-flow\">\n<figure class=\"wp-block-image size-large\"><img loading=\"lazy\" decoding=\"async\" width=\"1024\" height=\"576\" src=\"https:\/\/store.evolve-fitness.eu\/wp-content\/uploads\/2025\/03\/Basketball-stand-9-1024x576.png\" alt=\"\" class=\"wp-image-120172\" srcset=\"https:\/\/store.evolve-fitness.eu\/wp-content\/uploads\/2025\/03\/Basketball-stand-9-1024x576.png 1024w, https:\/\/store.evolve-fitness.eu\/wp-content\/uploads\/2025\/03\/Basketball-stand-9-300x169.png 300w, https:\/\/store.evolve-fitness.eu\/wp-content\/uploads\/2025\/03\/Basketball-stand-9-768x432.png 768w, https:\/\/store.evolve-fitness.eu\/wp-content\/uploads\/2025\/03\/Basketball-stand-9-1536x864.png 1536w, https:\/\/store.evolve-fitness.eu\/wp-content\/uploads\/2025\/03\/Basketball-stand-9-2048x1152.png 2048w, https:\/\/store.evolve-fitness.eu\/wp-content\/uploads\/2025\/03\/Basketball-stand-9-600x338.png 600w\" sizes=\"auto, (max-width: 1024px) 100vw, 1024px\" \/><\/figure>\n<\/div>\n<\/div>\n<\/section>\n","protected":false},"excerpt":{"rendered":"<p>&#8222;EVOLVE&#8221; 7 dyd\u017eio krep\u0161inio kamuolys skirtas naudoti tiek patalpose, tiek lauke, u\u017etikrina puik\u0173 sukibim\u0105, patvarum\u0105 ir kontrol\u0119. Nesvarbu, ar treniruojat\u0117s aik\u0161tel\u0117je, ar \u017eaid\u017eiate var\u017eybas, \u0161is krep\u0161inio kamuolys u\u017etikrina optimal\u0173 veikim\u0105 vis\u0173 \u012fg\u016bd\u017ei\u0173 lygi\u0173 \u017eaid\u0117jams. <\/p>\n","protected":false},"featured_media":120161,"template":"","meta":{"_acf_changed":false,"inline_featured_image":false},"product_cat":[2259],"product_tag":[],"class_list":{"0":"post-120124","1":"product","2":"type-product","3":"status-publish","4":"has-post-thumbnail","6":"product_cat-basketball-equipment","8":"first","9":"instock","10":"sale","11":"shipping-taxable","12":"purchasable","13":"product-type-simple"},"acf":[],"_links":{"self":[{"href":"https:\/\/store.evolve-fitness.eu\/lt\/wp-json\/wp\/v2\/product\/120124","targetHints":{"allow":["GET"]}}],"collection":[{"href":"https:\/\/store.evolve-fitness.eu\/lt\/wp-json\/wp\/v2\/product"}],"about":[{"href":"https:\/\/store.evolve-fitness.eu\/lt\/wp-json\/wp\/v2\/types\/product"}],"wp:featuredmedia":[{"embeddable":true,"href":"https:\/\/store.evolve-fitness.eu\/lt\/wp-json\/wp\/v2\/media\/120161"}],"wp:attachment":[{"href":"https:\/\/store.evolve-fitness.eu\/lt\/wp-json\/wp\/v2\/media?parent=120124"}],"wp:term":[{"taxonomy":"product_cat","embeddable":true,"href":"https:\/\/store.evolve-fitness.eu\/lt\/wp-json\/wp\/v2\/product_cat?post=120124"},{"taxonomy":"product_tag","embeddable":true,"href":"https:\/\/store.evolve-fitness.eu\/lt\/wp-json\/wp\/v2\/product_tag?post=120124"}],"curies":[{"name":"wp","href":"https:\/\/api.w.org\/{rel}","templated":true}]}}