{"id":118944,"date":"2025-03-19T13:52:58","date_gmt":"2025-03-19T13:52:58","guid":{"rendered":"https:\/\/store.evolve-fitness.eu\/?post_type=product&#038;p=118944"},"modified":"2025-09-25T12:02:23","modified_gmt":"2025-09-25T12:02:23","slug":"evolve-kovine-virve-38-cm-x-15-m","status":"publish","type":"product","link":"https:\/\/store.evolve-fitness.eu\/lt\/produktas\/evolve-kovine-virve-38-cm-x-15-m\/","title":{"rendered":"&#8222;Evolve&#8221; kovin\u0117 virv\u0117 3,8 cm x 15 m"},"content":{"rendered":"\n<section class=\"wp-block-group alignfull black-content has-white-color has-darkgray-background-color has-text-color has-background is-layout-constrained wp-block-group-is-layout-constrained\" style=\"padding-top:var(--wp--preset--spacing--section-bottom);padding-bottom:var(--wp--preset--spacing--section-bottom)\">\n<div class=\"wp-block-columns alignwide mobile-reverse is-layout-flex wp-container-core-columns-is-layout-ca64bf2d wp-block-columns-is-layout-flex\" style=\"margin-bottom:var(--wp--preset--spacing--side-padding)\">\n<div class=\"wp-block-column is-vertically-aligned-center is-layout-flow wp-block-column-is-layout-flow\">\n<h3 class=\"wp-block-heading\" style=\"margin-bottom:var(--wp--preset--spacing--h-3-bottom)\">I\u0161laisvinkite sprogstam\u0105j\u0105 gali\u0105<\/h3>\n\n\n\n<p><strong><em><strong>Didelio intensyvumo treniruot\u0117s su kiekvienu \u0161\u016bviu<\/strong><\/em><\/strong><\/p>\n\n\n\n<p>&#8222;Evolve EV-RP-BR-385 Battle Rope&#8221; &#8211; tai puikus sprendimas sportininkams, siekiantiems ugdyti sprogstam\u0105j\u0105 j\u0117g\u0105, raumen\u0173 i\u0161tverm\u0119 ir koordinacij\u0105. D\u0117l patvarios, auk\u0161tos kokyb\u0117s konstrukcijos \u0161i kovin\u0117 virv\u0117 atlaiko grie\u017et\u0105, daugkartin\u012f naudojim\u0105, u\u017etikrina pastov\u0173 na\u0161um\u0105 ir neprilygstam\u0105 ilgaam\u017ei\u0161kum\u0105. Specialiai sukurta dinami\u0161kiems, vis\u0105 k\u016bn\u0105 apimantiems judesiams, tokiems kaip bangos, sm\u016bgiai ir spiral\u0117s, ji vienu metu aktyvuoja kelias raumen\u0173 grupes, skirtas rankoms, pe\u010diams, \u0161erd\u017eiai, nugarai ir apatinei k\u016bno daliai. Idealiai tinka CrossFit treniruot\u0117ms, auk\u0161to intensyvumo intervalin\u0117ms treniruot\u0117ms ir funkcinio fitneso grandin\u0117ms, tod\u0117l EV-RP-BR-385 &#8222;Battle Rope&#8221; padeda greitai padidinti j\u0117g\u0105, pagreitinti kalorij\u0173 deginim\u0105 ir gerokai pagerinti bendr\u0105 fizin\u012f pasirengim\u0105 bei sportinius rezultatus.   <\/p>\n<\/div>\n\n\n\n<div class=\"wp-block-column is-vertically-aligned-center is-layout-flow wp-block-column-is-layout-flow\">\n<figure class=\"wp-block-image size-large\"><img loading=\"lazy\" decoding=\"async\" width=\"1024\" height=\"683\" src=\"https:\/\/store.evolve-fitness.eu\/wp-content\/uploads\/2025\/03\/EV-RP-BR-385-Evolve-Battle-Rope-3.8-cm-x-15-m-15-1024x683.jpg\" alt=\"\" class=\"wp-image-122724\" srcset=\"https:\/\/store.evolve-fitness.eu\/wp-content\/uploads\/2025\/03\/EV-RP-BR-385-Evolve-Battle-Rope-3.8-cm-x-15-m-15-1024x683.jpg 1024w, https:\/\/store.evolve-fitness.eu\/wp-content\/uploads\/2025\/03\/EV-RP-BR-385-Evolve-Battle-Rope-3.8-cm-x-15-m-15-300x200.jpg 300w, https:\/\/store.evolve-fitness.eu\/wp-content\/uploads\/2025\/03\/EV-RP-BR-385-Evolve-Battle-Rope-3.8-cm-x-15-m-15-768x512.jpg 768w, https:\/\/store.evolve-fitness.eu\/wp-content\/uploads\/2025\/03\/EV-RP-BR-385-Evolve-Battle-Rope-3.8-cm-x-15-m-15-1536x1024.jpg 1536w, https:\/\/store.evolve-fitness.eu\/wp-content\/uploads\/2025\/03\/EV-RP-BR-385-Evolve-Battle-Rope-3.8-cm-x-15-m-15-2048x1365.jpg 2048w, https:\/\/store.evolve-fitness.eu\/wp-content\/uploads\/2025\/03\/EV-RP-BR-385-Evolve-Battle-Rope-3.8-cm-x-15-m-15-600x400.jpg 600w\" sizes=\"auto, (max-width: 1024px) 100vw, 1024px\" \/><\/figure>\n<\/div>\n<\/div>\n<\/section>\n\n<p><\/p>\n","protected":false},"excerpt":{"rendered":"<p>Perkelkite treniruotes \u012f kit\u0105 lyg\u012f su &#8222;Evolve EV-RP-BR-385 Battle Rope&#8221;, skirta didelio intensyvumo treniruot\u0117ms, kurios didina j\u0117g\u0105, i\u0161tverm\u0119 ir koordinacij\u0105. \u0160i sunkiasvor\u0117 virv\u0117 puikiai tinka funkcinei treniruotei, padeda ugdyti sprogstam\u0105j\u0105 j\u0117g\u0105, \u012fdarbinant kelias raumen\u0173 grupes. <\/p>\n<p>\n","protected":false},"featured_media":147063,"template":"","meta":{"_acf_changed":false,"inline_featured_image":false},"product_cat":[120,192],"product_tag":[],"class_list":{"0":"post-118944","1":"product","2":"type-product","3":"status-publish","4":"has-post-thumbnail","6":"product_cat-funkcine-iranga","7":"product_cat-studija","9":"first","10":"instock","11":"shipping-taxable","12":"purchasable","13":"product-type-simple"},"acf":[],"_links":{"self":[{"href":"https:\/\/store.evolve-fitness.eu\/lt\/wp-json\/wp\/v2\/product\/118944","targetHints":{"allow":["GET"]}}],"collection":[{"href":"https:\/\/store.evolve-fitness.eu\/lt\/wp-json\/wp\/v2\/product"}],"about":[{"href":"https:\/\/store.evolve-fitness.eu\/lt\/wp-json\/wp\/v2\/types\/product"}],"wp:featuredmedia":[{"embeddable":true,"href":"https:\/\/store.evolve-fitness.eu\/lt\/wp-json\/wp\/v2\/media\/147063"}],"wp:attachment":[{"href":"https:\/\/store.evolve-fitness.eu\/lt\/wp-json\/wp\/v2\/media?parent=118944"}],"wp:term":[{"taxonomy":"product_cat","embeddable":true,"href":"https:\/\/store.evolve-fitness.eu\/lt\/wp-json\/wp\/v2\/product_cat?post=118944"},{"taxonomy":"product_tag","embeddable":true,"href":"https:\/\/store.evolve-fitness.eu\/lt\/wp-json\/wp\/v2\/product_tag?post=118944"}],"curies":[{"name":"wp","href":"https:\/\/api.w.org\/{rel}","templated":true}]}}