{"id":118894,"date":"2025-03-19T13:46:36","date_gmt":"2025-03-19T13:46:36","guid":{"rendered":"https:\/\/store.evolve-fitness.eu\/?post_type=product&#038;p=118894"},"modified":"2026-03-30T10:25:11","modified_gmt":"2026-03-30T10:25:11","slug":"evolve-mini-band-set-3-in-1-1","status":"publish","type":"product","link":"https:\/\/store.evolve-fitness.eu\/lt\/produktas\/evolve-mini-band-set-3-in-1-1\/","title":{"rendered":"&#8222;Evolve Mini Band Set 3 in 1"},"content":{"rendered":"\n<p><\/p>\n\n<p><\/p>\n","protected":false},"excerpt":{"rendered":"<p>Pagerinkite savo treniruotes su &#8222;Evolve EV-BD-FB-300&#8221; pasiprie\u0161inimo juostomis, skirtomis j\u0117gos treniruot\u0117ms, reabilitacijai ir lankstumo pratimams. Pagamintos i\u0161 auk\u0161tos kokyb\u0117s, patvaraus latekso, \u0161ios juostos suteikia pastov\u0173 pasiprie\u0161inim\u0105 \u012fvairiems fizinio pasirengimo lygiams, padeda stiprinti raumenis, gerinti judrum\u0105 ir didinti i\u0161tverm\u0119. <\/p>\n<p>\n","protected":false},"featured_media":123635,"template":"","meta":{"_acf_changed":false,"inline_featured_image":false},"product_cat":[2405,120,192],"product_tag":[],"class_list":{"0":"post-118894","1":"product","2":"type-product","3":"status-publish","4":"has-post-thumbnail","6":"product_cat-hyrox-gear","7":"product_cat-funkcine-iranga","8":"product_cat-studija","10":"first","11":"instock","12":"shipping-taxable","13":"purchasable","14":"product-type-simple"},"acf":[],"_links":{"self":[{"href":"https:\/\/store.evolve-fitness.eu\/lt\/wp-json\/wp\/v2\/product\/118894","targetHints":{"allow":["GET"]}}],"collection":[{"href":"https:\/\/store.evolve-fitness.eu\/lt\/wp-json\/wp\/v2\/product"}],"about":[{"href":"https:\/\/store.evolve-fitness.eu\/lt\/wp-json\/wp\/v2\/types\/product"}],"wp:featuredmedia":[{"embeddable":true,"href":"https:\/\/store.evolve-fitness.eu\/lt\/wp-json\/wp\/v2\/media\/123635"}],"wp:attachment":[{"href":"https:\/\/store.evolve-fitness.eu\/lt\/wp-json\/wp\/v2\/media?parent=118894"}],"wp:term":[{"taxonomy":"product_cat","embeddable":true,"href":"https:\/\/store.evolve-fitness.eu\/lt\/wp-json\/wp\/v2\/product_cat?post=118894"},{"taxonomy":"product_tag","embeddable":true,"href":"https:\/\/store.evolve-fitness.eu\/lt\/wp-json\/wp\/v2\/product_tag?post=118894"}],"curies":[{"name":"wp","href":"https:\/\/api.w.org\/{rel}","templated":true}]}}