{"id":118844,"date":"2025-03-19T13:27:06","date_gmt":"2025-03-19T13:27:06","guid":{"rendered":"https:\/\/store.evolve-fitness.eu\/?post_type=product&#038;p=118844"},"modified":"2025-09-25T11:59:57","modified_gmt":"2025-09-25T11:59:57","slug":"evolve-balance-cushion","status":"publish","type":"product","link":"https:\/\/store.evolve-fitness.eu\/lt\/produktas\/evolve-balance-cushion\/","title":{"rendered":"&#8222;Evolve Balance Cushion"},"content":{"rendered":"\n<p><\/p>\n\n\n\n<p><\/p>\n","protected":false},"excerpt":{"rendered":"<p>&#8222;Evolve&#8221; pusiausvyros pagalv\u0117l\u0117 (EV-BP-BC-025) yra naujovi\u0161ka priemon\u0117, skirta k\u016bno pusiausvyrai, koordinacijai gerinti ir raumenims stiprinti. Pagaminta i\u0161 auk\u0161tos kokyb\u0117s med\u017eiag\u0173, \u0161i pagalv\u0117l\u0117 padeda atlikti \u012fvairius fizinius pratimus, u\u017etikrindama stabilum\u0105 ir patogum\u0105. Ji idealiai tinka tiek pradedantiesiems, tiek pa\u017eengusiems naudotojams, norintiems pagerinti laikysen\u0105 ir treniruoti giliuosius raumenis. Puikiai tinka naudoti namuose arba sporto sal\u0117je.     <\/p>\n<p>\n","protected":false},"featured_media":118881,"template":"","meta":{"_acf_changed":false,"inline_featured_image":false},"product_cat":[192],"product_tag":[],"class_list":{"0":"post-118844","1":"product","2":"type-product","3":"status-publish","4":"has-post-thumbnail","6":"product_cat-studija","8":"first","9":"instock","10":"shipping-taxable","11":"purchasable","12":"product-type-simple"},"acf":[],"_links":{"self":[{"href":"https:\/\/store.evolve-fitness.eu\/lt\/wp-json\/wp\/v2\/product\/118844","targetHints":{"allow":["GET"]}}],"collection":[{"href":"https:\/\/store.evolve-fitness.eu\/lt\/wp-json\/wp\/v2\/product"}],"about":[{"href":"https:\/\/store.evolve-fitness.eu\/lt\/wp-json\/wp\/v2\/types\/product"}],"wp:featuredmedia":[{"embeddable":true,"href":"https:\/\/store.evolve-fitness.eu\/lt\/wp-json\/wp\/v2\/media\/118881"}],"wp:attachment":[{"href":"https:\/\/store.evolve-fitness.eu\/lt\/wp-json\/wp\/v2\/media?parent=118844"}],"wp:term":[{"taxonomy":"product_cat","embeddable":true,"href":"https:\/\/store.evolve-fitness.eu\/lt\/wp-json\/wp\/v2\/product_cat?post=118844"},{"taxonomy":"product_tag","embeddable":true,"href":"https:\/\/store.evolve-fitness.eu\/lt\/wp-json\/wp\/v2\/product_tag?post=118844"}],"curies":[{"name":"wp","href":"https:\/\/api.w.org\/{rel}","templated":true}]}}