{"id":118768,"date":"2025-03-19T13:05:09","date_gmt":"2025-03-19T13:05:09","guid":{"rendered":"https:\/\/store.evolve-fitness.eu\/?post_type=product&#038;p=118768"},"modified":"2025-09-25T11:59:50","modified_gmt":"2025-09-25T11:59:50","slug":"evolve-body-pump-rack-ev-rs-pr-200-1","status":"publish","type":"product","link":"https:\/\/store.evolve-fitness.eu\/lt\/produktas\/evolve-body-pump-rack-ev-rs-pr-200-1\/","title":{"rendered":"&#8222;Evolve Body-Pump Rack&#8221;, EV-RS-PR-200"},"content":{"rendered":"","protected":false},"excerpt":{"rendered":"<p>&#8222;Evolve Body Pump Rack&#8221; stovas pad\u0117s i\u0161laikyti tvarking\u0105 ir efektyvi\u0105 treniruo\u010di\u0173 erdv\u0119. \u0160is stovas, skirtas keliems k\u016bno pompos rinkiniams laikyti, u\u017etikrina lengv\u0105 prieig\u0105 ir organizavim\u0105, tod\u0117l jis yra b\u016btinas bet kurios sporto sal\u0117s ar fitneso studijos priedas. Tvirta konstrukcija ir viet\u0105 taupantis dizainas leid\u017eia j\u012f skland\u017eiai integruoti \u012f bet koki\u0105 treniruo\u010di\u0173 aplink\u0105 ir padeda naudotojams palaikyti tvarking\u0105 ir profesionali\u0105 treniruo\u010di\u0173 erdv\u0119.<\/p>\n","protected":false},"featured_media":118805,"template":"","meta":{"_acf_changed":false,"inline_featured_image":false},"product_cat":[127,153],"product_tag":[],"class_list":{"0":"post-118768","1":"product","2":"type-product","3":"status-publish","4":"has-post-thumbnail","6":"product_cat-laisvieji-svarmenys","7":"product_cat-stelazai-ir-saugojimo-sprendimai","9":"first","10":"instock","11":"shipping-taxable","12":"purchasable","13":"product-type-simple"},"acf":[],"_links":{"self":[{"href":"https:\/\/store.evolve-fitness.eu\/lt\/wp-json\/wp\/v2\/product\/118768","targetHints":{"allow":["GET"]}}],"collection":[{"href":"https:\/\/store.evolve-fitness.eu\/lt\/wp-json\/wp\/v2\/product"}],"about":[{"href":"https:\/\/store.evolve-fitness.eu\/lt\/wp-json\/wp\/v2\/types\/product"}],"wp:featuredmedia":[{"embeddable":true,"href":"https:\/\/store.evolve-fitness.eu\/lt\/wp-json\/wp\/v2\/media\/118805"}],"wp:attachment":[{"href":"https:\/\/store.evolve-fitness.eu\/lt\/wp-json\/wp\/v2\/media?parent=118768"}],"wp:term":[{"taxonomy":"product_cat","embeddable":true,"href":"https:\/\/store.evolve-fitness.eu\/lt\/wp-json\/wp\/v2\/product_cat?post=118768"},{"taxonomy":"product_tag","embeddable":true,"href":"https:\/\/store.evolve-fitness.eu\/lt\/wp-json\/wp\/v2\/product_tag?post=118768"}],"curies":[{"name":"wp","href":"https:\/\/api.w.org\/{rel}","templated":true}]}}