{"id":118340,"date":"2025-03-17T12:14:37","date_gmt":"2025-03-17T12:14:37","guid":{"rendered":"https:\/\/store.evolve-fitness.eu\/?post_type=product&#038;p=118340"},"modified":"2025-10-28T19:29:02","modified_gmt":"2025-10-28T17:29:02","slug":"evolve-econ-serijos-sissy-squat-1","status":"publish","type":"product","link":"https:\/\/store.evolve-fitness.eu\/lt\/produktas\/evolve-econ-serijos-sissy-squat-1\/","title":{"rendered":"&#8222;Evolve Econ&#8221; serijos &#8222;Sissy Squat Bench&#8221; (EC-038)"},"content":{"rendered":"\n<section class=\"wp-block-group alignfull black-content has-white-color has-darkgray-background-color has-text-color has-background is-layout-constrained wp-block-group-is-layout-constrained\" style=\"padding-top:var(--wp--preset--spacing--section-bottom);padding-bottom:var(--wp--preset--spacing--section-bottom)\">\n<h3 class=\"wp-block-heading has-text-align-center\" style=\"margin-bottom:var(--wp--preset--spacing--tb-section-padding)\"><strong><br>  <strong><br>    <strong>EVOLVE <\/strong><br>  <\/strong><br><\/strong>Econ serijos suoliukai<\/h3>\n\n\n\n<div class=\"wp-block-columns alignwide mobile-reverse is-layout-flex wp-container-core-columns-is-layout-ca64bf2d wp-block-columns-is-layout-flex\" style=\"margin-bottom:var(--wp--preset--spacing--side-padding)\">\n<div class=\"wp-block-column is-vertically-aligned-center is-layout-flow wp-block-column-is-layout-flow\">\n<h3 class=\"wp-block-heading\" style=\"margin-bottom:var(--wp--preset--spacing--h-3-bottom)\"><strong><strong><strong><strong><strong><strong>Auk\u0161tos kokyb\u0117s<\/strong><\/strong><\/strong><\/strong><\/strong><\/strong><\/h3>\n\n\n\n<p><strong><em><strong><strong><strong><strong>Patvarus dizainas<\/strong><\/strong><\/strong><\/strong><\/em><\/strong><\/p>\n\n\n\n<p style=\"margin-bottom:var(--wp--preset--spacing--tb-section-padding)\">M\u016bs\u0173 treniruokli\u0173 suolai pagaminti taip, kad b\u016bt\u0173 ilgaam\u017eiai, o j\u0173 tvirtas metalinis r\u0117mas pagamintas i\u0161 suvirint\u0173 apskrit\u0173 vamzd\u017ei\u0173. Pa\u017eangi termoreaktyvi\u0173j\u0173 milteli\u0173 elektrostatinio pur\u0161kimo technologija ne tik suteikia pavir\u0161iui eleganti\u0161k\u0105 i\u0161vaizd\u0105, bet ir puikiai apsaugo nuo r\u016bd\u017ei\u0173. M\u016bs\u0173 &#8222;Evolve&#8221; suoliukai sukurti taip, kad atitikt\u0173 j\u016bs\u0173 poreikius, nesvarbu, ar sportuojate namuose, ar profesionalioje sporto sal\u0117je. Jie taip pat puikiai tinka komercin\u0117ms treniruokli\u0173 sal\u0117ms karin\u0117se baz\u0117se, vie\u0161bu\u010diuose, nakvyn\u0117s namuose ir reabilitacijos centruose.<\/p>\n\n\n\n<h3 class=\"wp-block-heading\" style=\"margin-bottom:var(--wp--preset--spacing--h-3-bottom)\"><strong><strong><strong><strong><strong><strong><strong><strong>Reguliuojamas kr\u016btin\u0117s spaudos suolas<\/strong><\/strong><\/strong><\/strong><\/strong><\/strong><\/strong><\/strong><\/h3>\n\n\n\n<p><strong><em><strong><strong><strong><strong><strong>Pritaikykite vir\u0161utin\u0117s k\u016bno dalies treniruotes<\/strong><\/strong><\/strong><\/strong><\/strong><\/em><\/strong><\/p>\n\n\n\n<p>\u0160is suoliukas skirtas kr\u016btin\u0117s, pe\u010di\u0173 ir triceps\u0173 raumenims treniruoti, o jo nustatymus galima reguliuoti nuo\u017eulnioje, plok\u0161\u010dioje ir \u017eem\u0117jan\u010dioje pad\u0117tyse. Ergonomi\u0161ka konstrukcija idealiai tinka \u012fvairiems pratimams, pavyzd\u017eiui, kr\u016btin\u0117s spaudimui, pe\u010di\u0173 spaudimui ir kt., atlikti, nes u\u017etikrina maksimal\u0173 komfort\u0105 ir efektyvum\u0105. Tvirtos konstrukcijos ir kompakti\u0161ko ploto suoliukas puikiai tinka bet kurioje treniruokli\u0173 sal\u0117je, nes u\u017etikrina rezultatus be kompromis\u0173.  <\/p>\n<\/div>\n\n\n\n<div class=\"wp-block-column is-vertically-aligned-center is-layout-flow wp-block-column-is-layout-flow\">\n<figure class=\"wp-block-image size-full is-style-rounded\"><img decoding=\"async\" src=\"https:\/\/evolve-fitness.eu\/wp-content\/uploads\/2025\/01\/EV-BN-EC-086-Evolve-Econ-Series-Adjustable-Chest-Press-Bench.png\" alt=\"EV-BN-EC-086\" class=\"wp-image-172329\" style=\"object-fit:cover\"\/><\/figure>\n<\/div>\n<\/div>\n<\/section>\n","protected":false},"excerpt":{"rendered":"<p>&#8222;Evolve Econ&#8221; serijos &#8222;Sissy Squat Bench&#8221; yra kompakti\u0161kas, ta\u010diau galingas apatin\u0117s k\u016bno dalies treniruoklis, skirtas keturgalviams treniruokliams vystyti, branduolio stabilumui stiprinti ir funkciniams judesiams gerinti. \u0160i \u012franga idealiai tinka sprogstamajai koj\u0173 j\u0117gai ugdyti, tod\u0117l puikiai tinka sportininkams, fitneso entuziastams ir reabilitacijos treniruot\u0117ms. Nesvarbu, ar &#8222;Sissy Squat&#8221; naudojamas prit\u016bpimams su k\u016bno svoriu, ar su svoriais, jis veiksmingai izoliuoja keturgalvius \u0161launies raumenis, tod\u0117l j\u012f b\u016btina tur\u0117ti visiems, norintiems patobulinti koj\u0173 treniruotes.  <\/p>\n","protected":false},"featured_media":130746,"template":"","meta":{"_acf_changed":true,"inline_featured_image":false},"product_cat":[132,133],"product_tag":[],"class_list":{"0":"post-118340","1":"product","2":"type-product","3":"status-publish","4":"has-post-thumbnail","6":"product_cat-suoliukai","7":"product_cat-econ-serijos-suoliukai","9":"first","10":"outofstock","11":"shipping-taxable","12":"purchasable","13":"product-type-simple"},"acf":[],"_links":{"self":[{"href":"https:\/\/store.evolve-fitness.eu\/lt\/wp-json\/wp\/v2\/product\/118340","targetHints":{"allow":["GET"]}}],"collection":[{"href":"https:\/\/store.evolve-fitness.eu\/lt\/wp-json\/wp\/v2\/product"}],"about":[{"href":"https:\/\/store.evolve-fitness.eu\/lt\/wp-json\/wp\/v2\/types\/product"}],"wp:featuredmedia":[{"embeddable":true,"href":"https:\/\/store.evolve-fitness.eu\/lt\/wp-json\/wp\/v2\/media\/130746"}],"wp:attachment":[{"href":"https:\/\/store.evolve-fitness.eu\/lt\/wp-json\/wp\/v2\/media?parent=118340"}],"wp:term":[{"taxonomy":"product_cat","embeddable":true,"href":"https:\/\/store.evolve-fitness.eu\/lt\/wp-json\/wp\/v2\/product_cat?post=118340"},{"taxonomy":"product_tag","embeddable":true,"href":"https:\/\/store.evolve-fitness.eu\/lt\/wp-json\/wp\/v2\/product_tag?post=118340"}],"curies":[{"name":"wp","href":"https:\/\/api.w.org\/{rel}","templated":true}]}}