{"id":118255,"date":"2025-03-12T11:17:31","date_gmt":"2025-03-12T11:17:31","guid":{"rendered":"https:\/\/store.evolve-fitness.eu\/?post_type=product&#038;p=118255"},"modified":"2025-10-03T13:05:46","modified_gmt":"2025-10-03T13:05:46","slug":"evolve-prime-serijos-ploksciu-pakraunama-linijine-eilute","status":"publish","type":"product","link":"https:\/\/store.evolve-fitness.eu\/lt\/produktas\/evolve-prime-serijos-ploksciu-pakraunama-linijine-eilute\/","title":{"rendered":"Evolve Prime Series laisv\u0173 svori\u0173 horizontaliems traukimams treniruoklis"},"content":{"rendered":"\n<section class=\"wp-block-group alignfull black-content has-white-color has-darkgray-background-color has-text-color has-background is-layout-constrained wp-block-group-is-layout-constrained\" style=\"padding-top:var(--wp--preset--spacing--section-bottom);padding-bottom:var(--wp--preset--spacing--section-bottom)\">\n<h3 class=\"wp-block-heading has-text-align-center\"><strong><strong>Apkrova reguliuojama laisvais svoriais<\/strong><\/strong><\/h3>\n\n\n\n<p>Evolve Plate Loaded Prime Series gaminiuose meistri\u0161kumas yra standartas. Pagerinkite savo j\u0117gos treniruotes su treniruokliais, sukurtais patogiai, patvariai ir na\u0161iai. I\u0161nagrin\u0117kite vis\u0105 linij\u0105 \u0161iandien ir i\u0161 naujo apibr\u0117\u017ekite savo fitneso kelion\u0119.<\/p>\n\n\n\n<section class=\"wp-block-group alignfull black-content has-white-color has-darkgray-background-color has-text-color has-background is-layout-constrained wp-block-group-is-layout-constrained\" style=\"padding-top:var(--wp--preset--spacing--section-bottom);padding-bottom:var(--wp--preset--spacing--section-bottom)\">\n<div class=\"wp-block-columns alignwide mobile-reverse is-layout-flex wp-container-core-columns-is-layout-ca64bf2d wp-block-columns-is-layout-flex\" style=\"margin-bottom:var(--wp--preset--spacing--side-padding)\">\n<div class=\"wp-block-column is-vertically-aligned-center is-layout-flow wp-block-column-is-layout-flow\">\n<h3 class=\"wp-block-heading\" style=\"margin-bottom:var(--wp--preset--spacing--h-3-bottom)\"><strong><strong><strong><strong><strong><strong><strong><strong><strong><strong><br>Evolve Prime Series laisv\u0173 svori\u0173 horizontaliems traukimams treniruoklis<\/strong><\/strong><\/strong><\/strong><\/strong><\/strong><\/strong><\/strong><\/strong><\/strong><\/h3>\n\n\n\n<p><strong><em><strong><strong><strong><strong>Didinkite nugaros stiprum\u0105 kontroliuojamu ir efektyviu irklavimo judesiu<\/strong><\/strong><\/strong><\/strong><\/em><\/strong><\/p>\n\n\n\n<p style=\"margin-bottom:var(--wp--preset--spacing--tb-section-padding)\"><strong>Evolve Prime  serijos linijin\u0117 treniruokl\u0117 su plok\u0161tel\u0117mis<\/strong> sukurta taip, kad b\u016bt\u0173 galinga ir efektyvi nugaros treniruot\u0117, skirta tiesiajai, trapecinei ir romboidinei raumenims, atliekant nat\u016bralius traukimo judesius. \u0160is treniruoklis turi ergonomi\u0161k\u0105 kr\u016btin\u0117s pagalv\u0117l\u0119, reguliuojamas ranken\u0173 pad\u0117tis ir skland\u017ei\u0105 plok\u0161teli\u0173 apkrovos pasiprie\u0161inimo sistem\u0105, tod\u0117l u\u017etikrina tinkam\u0105 biomechanik\u0105, kad b\u016bt\u0173 maksimaliai suaktyvinti raumenys ir suma\u017eintas apatin\u0117s nugaros dalies \u012ftempimas. \u0160is treniruoklis, sukurtas siekiant u\u017etikrinti ilgaam\u017ei\u0161kum\u0105 ir stabilum\u0105, yra svarbi priemon\u0117 vir\u0161utin\u0117s k\u016bno dalies j\u0117gai ugdyti ir laikysenai gerinti.<\/p>\n\n\n\n<h3 class=\"wp-block-heading\" style=\"margin-bottom:var(--wp--preset--spacing--h-3-bottom)\"><strong><strong><strong><strong><strong><strong><strong><strong><strong>Pagerinkite savo irklavimo rezultatus<\/strong><\/strong><\/strong><\/strong><\/strong><\/strong><\/strong><\/strong><\/strong><\/h3>\n\n\n\n<p><strong><em><strong><strong><strong><strong>Sklandus ir kontroliuojamas judesys optimaliam raumen\u0173 \u012ftempimui<\/strong><\/strong><\/strong><\/strong><\/em><\/strong><\/p>\n\n\n\n<p> <strong><strong><strong><strong><strong><strong><strong><strong><strong><strong><strong>Evolve Prime Series laisv\u0173 svori\u0173 horizontaliems traukimams treniruoklis<\/strong><\/strong><\/strong><\/strong><\/strong><\/strong><\/strong><\/strong><\/strong><\/strong><\/strong> yra orientuotas jud\u0117jimo kelias, kuris pa\u0161alina nereikaling\u0105 \u012ftamp\u0105 ir leid\u017eia tiksliai ir efektyviai aktyvuoti raumenis. Nepriklausomas rank\u0173 jud\u0117jimas skatina subalansuot\u0105 vystym\u0105si, o plok\u0161t\u0117mis apkrauta sistema leid\u017eia laipsni\u0161kai didinti apkrov\u0105, tod\u0117l tinka visiems fizinio pasirengimo lygiams. D\u0117l tvirtos konstrukcijos ir patogios atramos \u0161is treniruoklis idealiai tinka sportininkams ir fitneso entuziastams, norintiems pagerinti nugaros j\u0117g\u0105, i\u0161tverm\u0119 ir bendr\u0105 vir\u0161utin\u0117s k\u016bno dalies b\u016bkl\u0119.<\/p>\n<\/div>\n\n\n\n<div class=\"wp-block-column is-vertically-aligned-center is-layout-flow wp-block-column-is-layout-flow\">\n<figure class=\"wp-block-image size-large\"><img loading=\"lazy\" decoding=\"async\" width=\"1024\" height=\"1024\" src=\"https:\/\/store.evolve-fitness.eu\/wp-content\/uploads\/2025\/03\/EV-PL-PR-119-Evolve-Prime-Series-Plate-Loaded-Linear-Row-Recovered-1024x1024.png\" alt=\"\" class=\"wp-image-118278\" srcset=\"https:\/\/store.evolve-fitness.eu\/wp-content\/uploads\/2025\/03\/EV-PL-PR-119-Evolve-Prime-Series-Plate-Loaded-Linear-Row-Recovered-1024x1024.png 1024w, https:\/\/store.evolve-fitness.eu\/wp-content\/uploads\/2025\/03\/EV-PL-PR-119-Evolve-Prime-Series-Plate-Loaded-Linear-Row-Recovered-300x300.png 300w, https:\/\/store.evolve-fitness.eu\/wp-content\/uploads\/2025\/03\/EV-PL-PR-119-Evolve-Prime-Series-Plate-Loaded-Linear-Row-Recovered-150x150.png 150w, https:\/\/store.evolve-fitness.eu\/wp-content\/uploads\/2025\/03\/EV-PL-PR-119-Evolve-Prime-Series-Plate-Loaded-Linear-Row-Recovered-768x768.png 768w, https:\/\/store.evolve-fitness.eu\/wp-content\/uploads\/2025\/03\/EV-PL-PR-119-Evolve-Prime-Series-Plate-Loaded-Linear-Row-Recovered-1536x1536.png 1536w, https:\/\/store.evolve-fitness.eu\/wp-content\/uploads\/2025\/03\/EV-PL-PR-119-Evolve-Prime-Series-Plate-Loaded-Linear-Row-Recovered-2048x2048.png 2048w, https:\/\/store.evolve-fitness.eu\/wp-content\/uploads\/2025\/03\/EV-PL-PR-119-Evolve-Prime-Series-Plate-Loaded-Linear-Row-Recovered-600x600.png 600w, https:\/\/store.evolve-fitness.eu\/wp-content\/uploads\/2025\/03\/EV-PL-PR-119-Evolve-Prime-Series-Plate-Loaded-Linear-Row-Recovered-100x100.png 100w\" sizes=\"auto, (max-width: 1024px) 100vw, 1024px\" \/><\/figure>\n<\/div>\n<\/div>\n<\/section>\n<\/section>\n\n\n\n<p><\/p>\n","protected":false},"excerpt":{"rendered":"<p>Evolve Prime Series laisv\u0173 svori\u0173 horizontali\u0173 traukim\u0173 treniruoklis sukurtas u\u017etikrinti intensyvi\u0105 ir efektyvi\u0105 nugaros raumen\u0173 treniruot\u0119, tiksliai lavinant tiesiuosius, trapecinius bei romboidinius raumenis nat\u016brali\u0173 traukimo judesi\u0173 metu. \u012erenginys pasi\u017eymi ergonomi\u0161ka kr\u016btin\u0117s atrama, reguliuojamomis ranken\u0173 pad\u0117timis ir skland\u017eia plok\u0161teli\u0173 apkrovos pasiprie\u0161inimo sistema, u\u017etikrinan\u010dia optimali\u0105 biomechanik\u0105, maksimali\u0105 raumen\u0173 aktyvacij\u0105 bei suma\u017eint\u0105 apatin\u0117s nugaros dalies apkrov\u0105. Tvirtas ir patvarus konstrukcijos sprendimas garantuoja ilgalaik\u012f stabilum\u0105, tod\u0117l \u0161is treniruoklis yra nepakei\u010diamas \u012frankis vir\u0161utin\u0117s k\u016bno dalies j\u0117gai stiprinti bei laikysenai gerinti.<\/p>\n","protected":false},"featured_media":118292,"template":"","meta":{"_acf_changed":true,"inline_featured_image":false},"product_cat":[129,226],"product_tag":[],"class_list":{"0":"post-118255","1":"product","2":"type-product","3":"status-publish","4":"has-post-thumbnail","6":"product_cat-laisvu-svoriu-treniruokliai","7":"product_cat-prime-series-laisvu-svoriu-treniruokliai","9":"first","10":"instock","11":"shipping-taxable","12":"purchasable","13":"product-type-simple"},"acf":[],"_links":{"self":[{"href":"https:\/\/store.evolve-fitness.eu\/lt\/wp-json\/wp\/v2\/product\/118255","targetHints":{"allow":["GET"]}}],"collection":[{"href":"https:\/\/store.evolve-fitness.eu\/lt\/wp-json\/wp\/v2\/product"}],"about":[{"href":"https:\/\/store.evolve-fitness.eu\/lt\/wp-json\/wp\/v2\/types\/product"}],"wp:featuredmedia":[{"embeddable":true,"href":"https:\/\/store.evolve-fitness.eu\/lt\/wp-json\/wp\/v2\/media\/118292"}],"wp:attachment":[{"href":"https:\/\/store.evolve-fitness.eu\/lt\/wp-json\/wp\/v2\/media?parent=118255"}],"wp:term":[{"taxonomy":"product_cat","embeddable":true,"href":"https:\/\/store.evolve-fitness.eu\/lt\/wp-json\/wp\/v2\/product_cat?post=118255"},{"taxonomy":"product_tag","embeddable":true,"href":"https:\/\/store.evolve-fitness.eu\/lt\/wp-json\/wp\/v2\/product_tag?post=118255"}],"curies":[{"name":"wp","href":"https:\/\/api.w.org\/{rel}","templated":true}]}}