{"id":118155,"date":"2025-03-12T10:52:42","date_gmt":"2025-03-12T10:52:42","guid":{"rendered":"https:\/\/store.evolve-fitness.eu\/?post_type=product&#038;p=118155"},"modified":"2025-10-06T12:11:13","modified_gmt":"2025-10-06T12:11:13","slug":"evolve-prime-series-plokstes-pakrauta-smith-masina","status":"publish","type":"product","link":"https:\/\/store.evolve-fitness.eu\/lt\/produktas\/evolve-prime-series-plokstes-pakrauta-smith-masina\/","title":{"rendered":"Evolve Prime Series laisv\u0173 svori\u0173 Smito treniruoklis"},"content":{"rendered":"\n<section class=\"wp-block-group alignfull black-content has-white-color has-darkgray-background-color has-text-color has-background is-layout-constrained wp-block-group-is-layout-constrained\" style=\"padding-top:var(--wp--preset--spacing--section-bottom);padding-bottom:var(--wp--preset--spacing--section-bottom)\">\n<h3 class=\"wp-block-heading has-text-align-center\"><strong><strong>EVOLVE LAISV\u0172 SVORI\u0172 PRIME SERIJA \u2013 MEISTRI\u0160KUMO STANDARTAS J\u016aS\u0172 TRENIRUOT\u0116SE<\/strong><\/strong><\/h3>\n\n\n\n<p>Evolve Plate Loaded Prime Series gaminiuose meistri\u0161kumas yra standartas. Pagerinkite savo j\u0117gos treniruotes su treniruokliais, sukurtais patogiai, patvariai ir na\u0161iai. I\u0161nagrin\u0117kite vis\u0105 linij\u0105 \u0161iandien ir i\u0161 naujo apibr\u0117\u017ekite savo fitneso kelion\u0119.<\/p>\n\n\n\n<section class=\"wp-block-group alignfull black-content has-white-color has-darkgray-background-color has-text-color has-background is-layout-constrained wp-block-group-is-layout-constrained\" style=\"padding-top:var(--wp--preset--spacing--section-bottom);padding-bottom:var(--wp--preset--spacing--section-bottom)\">\n<div class=\"wp-block-columns alignwide mobile-reverse is-layout-flex wp-container-core-columns-is-layout-ca64bf2d wp-block-columns-is-layout-flex\" style=\"margin-bottom:var(--wp--preset--spacing--side-padding)\">\n<div class=\"wp-block-column is-vertically-aligned-center is-layout-flow wp-block-column-is-layout-flow\">\n<h3 class=\"wp-block-heading\" style=\"margin-bottom:var(--wp--preset--spacing--h-3-bottom)\"><strong><strong><strong><strong><strong><strong><strong><strong><strong>Evolve Prime Series plok\u0161t\u0117s pakrauta Smith ma\u0161ina<\/strong><\/strong><\/strong><\/strong><\/strong><\/strong><\/strong><\/strong><\/strong><\/h3>\n\n\n\n<p><strong><em><strong><strong><strong>Universalus ir saugus j\u0117gos lavinimas siekiant maksimali\u0173 rezultat\u0173<\/strong><\/strong><\/strong><\/em><\/strong><\/p>\n\n\n\n<p style=\"margin-bottom:var(--wp--preset--spacing--tb-section-padding)\">Evolve Prime serijos Evolve Prime Series laisv\u0173 svori\u0173 Smito treniruoklis sukurtas taip, kad u\u017etikrint\u0173 kontroliuojam\u0105 ir stabili\u0105 j\u0117gos treniruo\u010di\u0173 aplink\u0105, leid\u017eian\u010di\u0105 naudotojams saugiau ir efektyviau atlikti \u012fvairius pratimus. \u0160is treniruoklis, turintis skland\u0173, valdom\u0105 \u0161tangos keli\u0105, patvari\u0105 konstrukcij\u0105 ir plok\u0161tel\u0117mis apkraut\u0105 pasiprie\u0161inimo sistem\u0105, u\u017etikrina tinkam\u0105 biomechanik\u0105 ir suma\u017eina traum\u0173 rizik\u0105. Idealiai tinka prit\u016bpimams, atsispaudimams, atsispaudimams, i\u0161st\u016bmimams ir kitiems pratimams, palaiko laipsni\u0161k\u0105 perkrov\u0105 ir raumen\u0173 vystym\u0105si visuose fizinio pasirengimo lygiuose.<\/p>\n\n\n\n<h3 class=\"wp-block-heading\" style=\"margin-bottom:var(--wp--preset--spacing--h-3-bottom)\"><strong><strong><strong><strong><strong><strong><strong><strong>Didinkite j\u0117g\u0105 kontroliuojamais judesiais<\/strong><\/strong><\/strong><\/strong><\/strong><\/strong><\/strong><\/strong><\/h3>\n\n\n\n<p><strong><em><strong><strong><strong>Sklandaus jud\u0117jimo technologija sistema saugiam ir veiksmingam mokymui<\/strong><\/strong><\/strong><\/em><\/strong><\/p>\n\n\n\n<p>Evolve Prime serijos Plate Loaded Smith Machine si\u016blo skland\u0173 k\u0117lim\u0105 d\u0117l tiksliai suprojektuot\u0173 kreipiam\u0173j\u0173 b\u0117gi\u0173, u\u017etikrinan\u010di\u0173 skland\u0173 ir nuosekl\u0173 judes\u012f. Kelios apsaugin\u0117s stotel\u0117s leid\u017eia u\u017etikrintai kelti krovinius be steb\u0117tojo, tod\u0117l tai puiki priemon\u0117 savaranki\u0161koms treniruot\u0117ms. Stiprus r\u0117mas u\u017etikrina didesn\u012f stabilum\u0105, o plok\u0161tel\u0117mis apkrauta sistema suteikia individualiai pritaikom\u0105 pasiprie\u0161inim\u0105 treniruot\u0117ms. Nesvarbu, ar daugiausia d\u0117mesio skiriate raumen\u0173 stiprinimui, i\u0161tvermei, ar reabilitacijai, \u0161is Evolve Prime Series laisv\u0173 svori\u0173 Smito treniruoklis yra patikimas ir efektyvus j\u0117gos treniruo\u010di\u0173 sprendimas.<\/p>\n<\/div>\n\n\n\n<div class=\"wp-block-column is-vertically-aligned-center is-layout-flow wp-block-column-is-layout-flow\">\n<figure class=\"wp-block-image size-large\"><img loading=\"lazy\" decoding=\"async\" width=\"1024\" height=\"1024\" src=\"https:\/\/store.evolve-fitness.eu\/wp-content\/uploads\/2025\/03\/EV-PL-PR-116-Evolve-Prime-Series-Plate-Loaded-Smith-Machine-Recovered-1024x1024.png\" alt=\"\" class=\"wp-image-118178\" srcset=\"https:\/\/store.evolve-fitness.eu\/wp-content\/uploads\/2025\/03\/EV-PL-PR-116-Evolve-Prime-Series-Plate-Loaded-Smith-Machine-Recovered-1024x1024.png 1024w, https:\/\/store.evolve-fitness.eu\/wp-content\/uploads\/2025\/03\/EV-PL-PR-116-Evolve-Prime-Series-Plate-Loaded-Smith-Machine-Recovered-300x300.png 300w, https:\/\/store.evolve-fitness.eu\/wp-content\/uploads\/2025\/03\/EV-PL-PR-116-Evolve-Prime-Series-Plate-Loaded-Smith-Machine-Recovered-150x150.png 150w, https:\/\/store.evolve-fitness.eu\/wp-content\/uploads\/2025\/03\/EV-PL-PR-116-Evolve-Prime-Series-Plate-Loaded-Smith-Machine-Recovered-768x768.png 768w, https:\/\/store.evolve-fitness.eu\/wp-content\/uploads\/2025\/03\/EV-PL-PR-116-Evolve-Prime-Series-Plate-Loaded-Smith-Machine-Recovered-1536x1536.png 1536w, https:\/\/store.evolve-fitness.eu\/wp-content\/uploads\/2025\/03\/EV-PL-PR-116-Evolve-Prime-Series-Plate-Loaded-Smith-Machine-Recovered-2048x2048.png 2048w, https:\/\/store.evolve-fitness.eu\/wp-content\/uploads\/2025\/03\/EV-PL-PR-116-Evolve-Prime-Series-Plate-Loaded-Smith-Machine-Recovered-600x600.png 600w, https:\/\/store.evolve-fitness.eu\/wp-content\/uploads\/2025\/03\/EV-PL-PR-116-Evolve-Prime-Series-Plate-Loaded-Smith-Machine-Recovered-100x100.png 100w\" sizes=\"auto, (max-width: 1024px) 100vw, 1024px\" \/><\/figure>\n<\/div>\n<\/div>\n<\/section>\n<\/section>\n","protected":false},"excerpt":{"rendered":"<p>Evolve Prime serijos laisv\u0173 svori\u0173 Smito treniruoklis sukurtas taip, kad u\u017etikrint\u0173 kontroliuojam\u0105 ir stabili\u0105 j\u0117gos treniruo\u010di\u0173 aplink\u0105, leid\u017eian\u010di\u0105 naudotojams saugiau ir efektyviau atlikti \u012fvairius pratimus. \u0160is treniruoklis, turintis skland\u0173, valdom\u0105 \u0161tangos keli\u0105, patvari\u0105 konstrukcij\u0105 ir plok\u0161tel\u0117mis apkraut\u0105 pasiprie\u0161inimo sistem\u0105, u\u017etikrina tinkam\u0105 biomechanik\u0105 ir suma\u017eina traum\u0173 rizik\u0105. Idealiai tinka prit\u016bpimams, atsispaudimams, atsispaudimams, i\u0161st\u016bmimams ir kitiems pratimams, palaiko laipsni\u0161k\u0105 perkrov\u0105 ir raumen\u0173 vystym\u0105si visuose fizinio pasirengimo lygiuose.<\/p>\n","protected":false},"featured_media":118217,"template":"","meta":{"_acf_changed":true,"inline_featured_image":false},"product_cat":[129,226],"product_tag":[],"class_list":{"0":"post-118155","1":"product","2":"type-product","3":"status-publish","4":"has-post-thumbnail","6":"product_cat-laisvu-svoriu-treniruokliai","7":"product_cat-prime-series-laisvu-svoriu-treniruokliai","9":"first","10":"outofstock","11":"shipping-taxable","12":"purchasable","13":"product-type-simple"},"acf":[],"_links":{"self":[{"href":"https:\/\/store.evolve-fitness.eu\/lt\/wp-json\/wp\/v2\/product\/118155","targetHints":{"allow":["GET"]}}],"collection":[{"href":"https:\/\/store.evolve-fitness.eu\/lt\/wp-json\/wp\/v2\/product"}],"about":[{"href":"https:\/\/store.evolve-fitness.eu\/lt\/wp-json\/wp\/v2\/types\/product"}],"wp:featuredmedia":[{"embeddable":true,"href":"https:\/\/store.evolve-fitness.eu\/lt\/wp-json\/wp\/v2\/media\/118217"}],"wp:attachment":[{"href":"https:\/\/store.evolve-fitness.eu\/lt\/wp-json\/wp\/v2\/media?parent=118155"}],"wp:term":[{"taxonomy":"product_cat","embeddable":true,"href":"https:\/\/store.evolve-fitness.eu\/lt\/wp-json\/wp\/v2\/product_cat?post=118155"},{"taxonomy":"product_tag","embeddable":true,"href":"https:\/\/store.evolve-fitness.eu\/lt\/wp-json\/wp\/v2\/product_tag?post=118155"}],"curies":[{"name":"wp","href":"https:\/\/api.w.org\/{rel}","templated":true}]}}