{"id":118055,"date":"2025-03-12T09:32:47","date_gmt":"2025-03-12T09:32:47","guid":{"rendered":"https:\/\/store.evolve-fitness.eu\/?post_type=product&#038;p=118055"},"modified":"2025-10-07T06:05:55","modified_gmt":"2025-10-07T06:05:55","slug":"evolve-prime-series-ploksciu-pakelimas-i-sona","status":"publish","type":"product","link":"https:\/\/store.evolve-fitness.eu\/lt\/produktas\/evolve-prime-series-ploksciu-pakelimas-i-sona\/","title":{"rendered":"Evolve Prime Series laisv\u0173 svori\u0173 pe\u010di\u0173 \u0161onini\u0173 k\u0117lim\u0173 treniruoklis (PR-115)"},"content":{"rendered":"\n<section class=\"wp-block-group alignfull black-content has-white-color has-darkgray-background-color has-text-color has-background is-layout-constrained wp-block-group-is-layout-constrained\" style=\"padding-top:var(--wp--preset--spacing--section-bottom);padding-bottom:var(--wp--preset--spacing--section-bottom)\">\n<h3 class=\"wp-block-heading has-text-align-center\"><strong><strong>EVOLVE LAISV\u0172 SVORI\u0172 PRIME SERIJA \u2013 MEISTRI\u0160KUMO STANDARTAS J\u016aS\u0172 TRENIRUOT\u0116SE<\/strong><\/strong><\/h3>\n\n\n\n<p>Evolve Plate Loaded Prime Series gaminiuose meistri\u0161kumas yra standartas. Pagerinkite savo j\u0117gos treniruotes su treniruokliais, sukurtais patogiai, patvariai ir na\u0161iai. I\u0161nagrin\u0117kite vis\u0105 linij\u0105 \u0161iandien ir i\u0161 naujo apibr\u0117\u017ekite savo fitneso kelion\u0119.<\/p>\n\n\n\n<section class=\"wp-block-group alignfull black-content has-white-color has-darkgray-background-color has-text-color has-background is-layout-constrained wp-block-group-is-layout-constrained\" style=\"padding-top:var(--wp--preset--spacing--section-bottom);padding-bottom:var(--wp--preset--spacing--section-bottom)\">\n<div class=\"wp-block-columns alignwide mobile-reverse is-layout-flex wp-container-core-columns-is-layout-ca64bf2d wp-block-columns-is-layout-flex\" style=\"margin-bottom:var(--wp--preset--spacing--side-padding)\">\n<div class=\"wp-block-column is-vertically-aligned-center is-layout-flow wp-block-column-is-layout-flow\">\n<h3 class=\"wp-block-heading\" style=\"margin-bottom:var(--wp--preset--spacing--h-3-bottom)\"><strong><strong><strong><strong><strong><strong><strong>Evolve Prime Series plok\u0161\u010di\u0173 pak\u0117limas \u012f \u0161on\u0105<\/strong><\/strong><\/strong><\/strong><\/strong><\/strong><\/strong><\/h3>\n\n\n\n<p><strong><em><strong><strong>Tikslingai ir precizi\u0161kai stiprinkite pe\u010dius<\/strong><\/strong><\/em><\/strong><\/p>\n\n\n\n<p style=\"margin-bottom:var(--wp--preset--spacing--tb-section-padding)\">Evolve Prime Series laisv\u0173 svori\u0173 pe\u010di\u0173 \u0161onini\u0173 k\u0117lim\u0173 treniruoklis (PR-115) skirtas \u0161oniniams deltiniams raumenims izoliuoti ir lavinti, didinti pe\u010di\u0173 plot\u012f ir j\u0117g\u0105 naudojant kontroliuojam\u0105 pasiprie\u0161inim\u0105. \u0160is treniruoklis su ergonomi\u0161ka s\u0117dyne, reguliuojamomis rank\u0173 pagalv\u0117l\u0117mis ir skland\u017eia plok\u0161teli\u0173 pasiprie\u0161inimo sistema u\u017etikrina tinkam\u0105 biomechanik\u0105 ir veiksming\u0105 raumen\u0173 aktyvinim\u0105. D\u0117l tvirtos konstrukcijos ir tolygaus judesio \u0161is treniruoklis yra b\u016btinas bet kurios sporto sal\u0117s priedas naudotojams, norintiems pagerinti pe\u010di\u0173 apibr\u0117\u017et\u012f ir bendr\u0105 vir\u0161utin\u0117s k\u016bno dalies j\u0117g\u0105.<\/p>\n\n\n\n<h3 class=\"wp-block-heading\" style=\"margin-bottom:var(--wp--preset--spacing--h-3-bottom)\"><strong><strong><strong><strong><strong><strong><strong>Pasiekite platesnius, stipresnius pe\u010dius<\/strong><\/strong><\/strong><\/strong><\/strong><\/strong><\/strong><\/h3>\n\n\n\n<p><strong><em><strong><strong>Sklandus ir kontroliuojamas judesys maksimaliam deltinio raumens \u012ftempimui<\/strong><\/strong><\/em><\/strong><\/p>\n\n\n\n<p>Evolve Prime Series laisv\u0173 svori\u0173 pe\u010di\u0173 \u0161onini\u0173 k\u0117lim\u0173 treniruoklis (PR-115) u\u017etikrina vadovaujam\u0105 jud\u0117jimo keli\u0105, kuris pa\u0161alina pagreit\u012f, leid\u017eia grie\u017etai laikytis formos ir nuosekliai \u012ftempti deltinius raumenis. Plok\u0161tel\u0117mis apkrauta sistema leid\u017eia pasiekti laipsni\u0161k\u0105 perkrov\u0105, tod\u0117l tinka visiems fizinio pasirengimo lygiams. D\u0117l ergonomi\u0161kos konstrukcijos naudotojai gali treniruotis patogiai, kartu u\u017etikrindami optimal\u0173 raumen\u0173 aktyvavim\u0105. Nesvarbu, ar siekiate esteti\u0161kai i\u0161vystyti pe\u010dius, ar pagerinti sportin\u012f rezultat\u0105, \u0161is treniruoklis u\u017etikrina itin veiksming\u0105 ir efektyvi\u0105 \u0161oninio pak\u0117limo treniruot\u0119.<\/p>\n<\/div>\n\n\n\n<div class=\"wp-block-column is-vertically-aligned-center is-layout-flow wp-block-column-is-layout-flow\">\n<figure class=\"wp-block-image size-large\"><img loading=\"lazy\" decoding=\"async\" width=\"1024\" height=\"1024\" src=\"https:\/\/store.evolve-fitness.eu\/wp-content\/uploads\/2025\/03\/EV-PL-PR-115-Evolve-Prime-Series-Plate-Loaded-Lateral-Raise-Recovered-2-1024x1024.png\" alt=\"\" class=\"wp-image-121641\" srcset=\"https:\/\/store.evolve-fitness.eu\/wp-content\/uploads\/2025\/03\/EV-PL-PR-115-Evolve-Prime-Series-Plate-Loaded-Lateral-Raise-Recovered-2-1024x1024.png 1024w, https:\/\/store.evolve-fitness.eu\/wp-content\/uploads\/2025\/03\/EV-PL-PR-115-Evolve-Prime-Series-Plate-Loaded-Lateral-Raise-Recovered-2-300x300.png 300w, https:\/\/store.evolve-fitness.eu\/wp-content\/uploads\/2025\/03\/EV-PL-PR-115-Evolve-Prime-Series-Plate-Loaded-Lateral-Raise-Recovered-2-150x150.png 150w, https:\/\/store.evolve-fitness.eu\/wp-content\/uploads\/2025\/03\/EV-PL-PR-115-Evolve-Prime-Series-Plate-Loaded-Lateral-Raise-Recovered-2-768x768.png 768w, https:\/\/store.evolve-fitness.eu\/wp-content\/uploads\/2025\/03\/EV-PL-PR-115-Evolve-Prime-Series-Plate-Loaded-Lateral-Raise-Recovered-2-1536x1536.png 1536w, https:\/\/store.evolve-fitness.eu\/wp-content\/uploads\/2025\/03\/EV-PL-PR-115-Evolve-Prime-Series-Plate-Loaded-Lateral-Raise-Recovered-2-2048x2048.png 2048w, https:\/\/store.evolve-fitness.eu\/wp-content\/uploads\/2025\/03\/EV-PL-PR-115-Evolve-Prime-Series-Plate-Loaded-Lateral-Raise-Recovered-2-600x600.png 600w, https:\/\/store.evolve-fitness.eu\/wp-content\/uploads\/2025\/03\/EV-PL-PR-115-Evolve-Prime-Series-Plate-Loaded-Lateral-Raise-Recovered-2-100x100.png 100w\" sizes=\"auto, (max-width: 1024px) 100vw, 1024px\" \/><\/figure>\n<\/div>\n<\/div>\n<\/section>\n<\/section>\n","protected":false},"excerpt":{"rendered":"<p>Evolve Prime Series laisv\u0173 svori\u0173 pe\u010di\u0173 \u0161onini\u0173 k\u0117lim\u0173 (PR-115) treniruoklis skirtas \u0161oniniams deltiniams raumenims izoliuoti ir lavinti, didinti pe\u010di\u0173 plot\u012f ir j\u0117g\u0105 naudojant kontroliuojam\u0105 pasiprie\u0161inim\u0105. \u0160is treniruoklis su ergonomi\u0161ka s\u0117dyne, reguliuojamomis rank\u0173 pagalv\u0117l\u0117mis ir skland\u017eia plok\u0161teli\u0173 pasiprie\u0161inimo sistema u\u017etikrina tinkam\u0105 biomechanik\u0105 ir veiksming\u0105 raumen\u0173 aktyvinim\u0105. D\u0117l tvirtos konstrukcijos ir tolygaus judesio \u0161is treniruoklis yra b\u016btinas bet kurios sporto sal\u0117s priedas naudotojams, norintiems pagerinti pe\u010di\u0173 apibr\u0117\u017et\u012f ir bendr\u0105 vir\u0161utin\u0117s k\u016bno dalies j\u0117g\u0105<\/p>\n","protected":false},"featured_media":121680,"template":"","meta":{"_acf_changed":true,"inline_featured_image":false},"product_cat":[129,226],"product_tag":[],"class_list":{"0":"post-118055","1":"product","2":"type-product","3":"status-publish","4":"has-post-thumbnail","6":"product_cat-laisvu-svoriu-treniruokliai","7":"product_cat-prime-series-laisvu-svoriu-treniruokliai","9":"first","10":"instock","11":"shipping-taxable","12":"purchasable","13":"product-type-simple"},"acf":[],"_links":{"self":[{"href":"https:\/\/store.evolve-fitness.eu\/lt\/wp-json\/wp\/v2\/product\/118055","targetHints":{"allow":["GET"]}}],"collection":[{"href":"https:\/\/store.evolve-fitness.eu\/lt\/wp-json\/wp\/v2\/product"}],"about":[{"href":"https:\/\/store.evolve-fitness.eu\/lt\/wp-json\/wp\/v2\/types\/product"}],"wp:featuredmedia":[{"embeddable":true,"href":"https:\/\/store.evolve-fitness.eu\/lt\/wp-json\/wp\/v2\/media\/121680"}],"wp:attachment":[{"href":"https:\/\/store.evolve-fitness.eu\/lt\/wp-json\/wp\/v2\/media?parent=118055"}],"wp:term":[{"taxonomy":"product_cat","embeddable":true,"href":"https:\/\/store.evolve-fitness.eu\/lt\/wp-json\/wp\/v2\/product_cat?post=118055"},{"taxonomy":"product_tag","embeddable":true,"href":"https:\/\/store.evolve-fitness.eu\/lt\/wp-json\/wp\/v2\/product_tag?post=118055"}],"curies":[{"name":"wp","href":"https:\/\/api.w.org\/{rel}","templated":true}]}}