{"id":117930,"date":"2025-03-12T09:26:26","date_gmt":"2025-03-12T09:26:26","guid":{"rendered":"https:\/\/store.evolve-fitness.eu\/?post_type=product&#038;p=117930"},"modified":"2025-04-04T06:08:06","modified_gmt":"2025-04-04T06:08:06","slug":"evolve-prime-series-plokstes-pakrauta-hack-squat","status":"publish","type":"product","link":"https:\/\/store.evolve-fitness.eu\/lt\/produktas\/evolve-prime-series-plokstes-pakrauta-hack-squat\/","title":{"rendered":"&#8222;Evolve Prime Series&#8221; plok\u0161t\u0117s pakrauta Hack Squat"},"content":{"rendered":"\n<section class=\"wp-block-group alignfull black-content has-white-color has-darkgray-background-color has-text-color has-background is-layout-constrained wp-block-group-is-layout-constrained\" style=\"padding-top:var(--wp--preset--spacing--section-bottom);padding-bottom:var(--wp--preset--spacing--section-bottom)\">\n<h3 class=\"wp-block-heading has-text-align-center\"><strong><strong>EVOLIUCIONUOJA PLOK\u0160TEL\u0116 SU PAGRINDINE \u012eKROVA<\/strong><\/strong><\/h3>\n\n\n\n<p>&#8222;Evolve Plate Loaded Prime Series&#8221; gaminiuose meistri\u0161kumas yra standartas. Pagerinkite savo j\u0117gos treniruotes su treniruokliais, sukurtais patogiai, patvariai ir na\u0161iai. I\u0161nagrin\u0117kite vis\u0105 linij\u0105 \u0161iandien ir i\u0161 naujo apibr\u0117\u017ekite savo fitneso kelion\u0119.  <\/p>\n\n\n\n<section class=\"wp-block-group alignfull black-content has-white-color has-darkgray-background-color has-text-color has-background is-layout-constrained wp-block-group-is-layout-constrained\" style=\"padding-top:var(--wp--preset--spacing--section-bottom);padding-bottom:var(--wp--preset--spacing--section-bottom)\">\n<div class=\"wp-block-columns alignwide mobile-reverse is-layout-flex wp-container-core-columns-is-layout-ca64bf2d wp-block-columns-is-layout-flex\" style=\"margin-bottom:var(--wp--preset--spacing--side-padding)\">\n<div class=\"wp-block-column is-vertically-aligned-center is-layout-flow wp-block-column-is-layout-flow\">\n<h3 class=\"wp-block-heading\" style=\"margin-bottom:var(--wp--preset--spacing--h-3-bottom)\"><strong><strong><strong><strong><strong><strong>&#8222;Evolve Prime Series&#8221; plok\u0161t\u0117s pakrauta Hack Squat<\/strong><\/strong><\/strong><\/strong><\/strong><\/strong><\/h3>\n\n\n\n<p><strong><em><strong>Maksimaliai padidinkite koj\u0173 j\u0117g\u0105 naudodami kontroliuojamas ir veiksmingas prit\u016bpim\u0173 treniruotes<\/strong><\/em><\/strong><\/p>\n\n\n\n<p style=\"margin-bottom:var(--wp--preset--spacing--tb-section-padding)\">&#8221; <strong>Evolve Prime Series&#8221; serijos &#8222;Plate Loaded Hack Squat&#8221;<\/strong> treniruoklis skirtas biomechani\u0161kai optimizuotai apatin\u0117s k\u016bno dalies treniruotei, kurios metu skland\u017eiai ir kontroliuojamai treniruojami keturgalviai, s\u0117dmenys ir \u0161launys. \u0160is treniruoklis su kampu pakreipta p\u0117da, ergonomi\u0161ka nugaros atrama ir plok\u0161teli\u0173 pasiprie\u0161inimo sistema u\u017etikrina tinkam\u0105 prit\u016bpim\u0173 mechanik\u0105 ir kartu ma\u017eina apatin\u0117s nugaros dalies ir s\u0105nari\u0173 apkrov\u0105. Sukurtas d\u0117l ilgaam\u017ei\u0161kumo ir stabilumo, jis leid\u017eia naudotojams saugiai per\u017eengti savo galimybi\u0173 ribas, tod\u0117l yra svarbi priemon\u0117 apatin\u0117s k\u016bno dalies j\u0117gai ir raumen\u0173 masei ugdyti.  <\/p>\n\n\n\n<h3 class=\"wp-block-heading\" style=\"margin-bottom:var(--wp--preset--spacing--h-3-bottom)\"><strong><strong><strong><strong><strong><strong>Stiprinkite koj\u0173 vystym\u0105si su tiksliu pasiprie\u0161inimu<\/strong><\/strong><\/strong><\/strong><\/strong><\/strong><\/h3>\n\n\n\n<p><strong><em><strong>Ergonomi\u0161kas dizainas saugiam ir veiksmingam mokymui<\/strong><\/em><\/strong><\/p>\n\n\n\n<p>&#8221; <strong>Evolve Prime Series&#8221; plok\u0161tel\u0117s &#8222;Plate Loaded Hack Squat<\/strong> &#8221; palaiko vis\u0105 judesi\u0173 diapazon\u0105, o vedamas jud\u0117jimo kelias u\u017etikrina nuosekl\u0173 pasiprie\u0161inim\u0105 ir tinkam\u0105 form\u0105. Plok\u0161t\u0117mis apkrauta sistema leid\u017eia pasiekti laipsni\u0161k\u0105 perkrov\u0105, tod\u0117l tinka ir pradedantiesiems, ir pa\u017eengusiems. Kampu pakreipta p\u0117d\u0173 platforma skatina keli\u0173 ir kulk\u0161ni\u0173 stabilum\u0105, o pamink\u0161tinta nugaros atrama padidina komfort\u0105 ir kontrol\u0119 atliekant sunkius pak\u0117limus. Nesvarbu, ar siekiate raumen\u0173 hipertrofijos, sportini\u0173 rezultat\u0173, ar bendros koj\u0173 j\u0117gos, \u0161is treniruoklis u\u017etikrina itin veiksming\u0105 ir efektyvi\u0105 prit\u016bpim\u0173 treniruot\u0119.   <\/p>\n<\/div>\n\n\n\n<div class=\"wp-block-column is-vertically-aligned-center is-layout-flow wp-block-column-is-layout-flow\">\n<figure class=\"wp-block-image size-large\"><img loading=\"lazy\" decoding=\"async\" width=\"1024\" height=\"1024\" src=\"https:\/\/store.evolve-fitness.eu\/wp-content\/uploads\/2025\/03\/EV-PL-PR-114-Evolve-Prime-Series-Plate-Loaded-Hack-Squat-Recovered-2-1024x1024.png\" alt=\"\" class=\"wp-image-118028\" srcset=\"https:\/\/store.evolve-fitness.eu\/wp-content\/uploads\/2025\/03\/EV-PL-PR-114-Evolve-Prime-Series-Plate-Loaded-Hack-Squat-Recovered-2-1024x1024.png 1024w, https:\/\/store.evolve-fitness.eu\/wp-content\/uploads\/2025\/03\/EV-PL-PR-114-Evolve-Prime-Series-Plate-Loaded-Hack-Squat-Recovered-2-300x300.png 300w, https:\/\/store.evolve-fitness.eu\/wp-content\/uploads\/2025\/03\/EV-PL-PR-114-Evolve-Prime-Series-Plate-Loaded-Hack-Squat-Recovered-2-150x150.png 150w, https:\/\/store.evolve-fitness.eu\/wp-content\/uploads\/2025\/03\/EV-PL-PR-114-Evolve-Prime-Series-Plate-Loaded-Hack-Squat-Recovered-2-768x768.png 768w, https:\/\/store.evolve-fitness.eu\/wp-content\/uploads\/2025\/03\/EV-PL-PR-114-Evolve-Prime-Series-Plate-Loaded-Hack-Squat-Recovered-2-1536x1536.png 1536w, https:\/\/store.evolve-fitness.eu\/wp-content\/uploads\/2025\/03\/EV-PL-PR-114-Evolve-Prime-Series-Plate-Loaded-Hack-Squat-Recovered-2-2048x2048.png 2048w, https:\/\/store.evolve-fitness.eu\/wp-content\/uploads\/2025\/03\/EV-PL-PR-114-Evolve-Prime-Series-Plate-Loaded-Hack-Squat-Recovered-2-600x600.png 600w, https:\/\/store.evolve-fitness.eu\/wp-content\/uploads\/2025\/03\/EV-PL-PR-114-Evolve-Prime-Series-Plate-Loaded-Hack-Squat-Recovered-2-100x100.png 100w\" sizes=\"auto, (max-width: 1024px) 100vw, 1024px\" \/><\/figure>\n<\/div>\n<\/div>\n<\/section>\n<\/section>\n","protected":false},"excerpt":{"rendered":"<p>&#8222;Evolve Prime Series&#8221; serijos &#8222;Plate Loaded Hack Squat&#8221; treniruoklis skirtas biomechani\u0161kai optimizuotai apatin\u0117s k\u016bno dalies treniruotei, kurios metu skland\u017eiai ir kontroliuojamai treniruojami keturgalviai, s\u0117dmenys ir \u0161launys. \u0160is treniruoklis su kampu pakreipta p\u0117da, ergonomi\u0161ka nugaros atrama ir plok\u0161teli\u0173 pasiprie\u0161inimo sistema u\u017etikrina tinkam\u0105 prit\u016bpim\u0173 mechanik\u0105 ir kartu ma\u017eina apatin\u0117s nugaros dalies ir s\u0105nari\u0173 apkrov\u0105. Sukurtas d\u0117l ilgaam\u017ei\u0161kumo ir stabilumo, jis leid\u017eia naudotojams saugiai per\u017eengti savo galimybi\u0173 ribas, tod\u0117l yra svarbi priemon\u0117 apatin\u0117s k\u016bno dalies j\u0117gai ir raumen\u0173 masei ugdyti.  <\/p>\n","protected":false},"featured_media":118017,"template":"","meta":{"_acf_changed":false,"inline_featured_image":false},"product_cat":[129,226],"product_tag":[],"class_list":{"0":"post-117930","1":"product","2":"type-product","3":"status-publish","4":"has-post-thumbnail","6":"product_cat-laisvu-svoriu-treniruokliai","7":"product_cat-prime-series-laisvu-svoriu-treniruokliai","9":"first","10":"instock","11":"shipping-taxable","12":"purchasable","13":"product-type-simple"},"acf":[],"_links":{"self":[{"href":"https:\/\/store.evolve-fitness.eu\/lt\/wp-json\/wp\/v2\/product\/117930","targetHints":{"allow":["GET"]}}],"collection":[{"href":"https:\/\/store.evolve-fitness.eu\/lt\/wp-json\/wp\/v2\/product"}],"about":[{"href":"https:\/\/store.evolve-fitness.eu\/lt\/wp-json\/wp\/v2\/types\/product"}],"wp:featuredmedia":[{"embeddable":true,"href":"https:\/\/store.evolve-fitness.eu\/lt\/wp-json\/wp\/v2\/media\/118017"}],"wp:attachment":[{"href":"https:\/\/store.evolve-fitness.eu\/lt\/wp-json\/wp\/v2\/media?parent=117930"}],"wp:term":[{"taxonomy":"product_cat","embeddable":true,"href":"https:\/\/store.evolve-fitness.eu\/lt\/wp-json\/wp\/v2\/product_cat?post=117930"},{"taxonomy":"product_tag","embeddable":true,"href":"https:\/\/store.evolve-fitness.eu\/lt\/wp-json\/wp\/v2\/product_tag?post=117930"}],"curies":[{"name":"wp","href":"https:\/\/api.w.org\/{rel}","templated":true}]}}