{"id":117804,"date":"2025-03-12T09:13:10","date_gmt":"2025-03-12T09:13:10","guid":{"rendered":"https:\/\/store.evolve-fitness.eu\/?post_type=product&#038;p=117804"},"modified":"2025-04-04T06:09:04","modified_gmt":"2025-04-04T06:09:04","slug":"evolve-prime-series-ploksciu-pakrautas-koju-presas-naujas-modelis","status":"publish","type":"product","link":"https:\/\/store.evolve-fitness.eu\/lt\/produktas\/evolve-prime-series-ploksciu-pakrautas-koju-presas-naujas-modelis\/","title":{"rendered":"&#8222;Evolve Prime Series&#8221; plok\u0161\u010di\u0173 pakrautas koj\u0173 presas Naujas modelis"},"content":{"rendered":"\n<section class=\"wp-block-group alignfull black-content has-white-color has-darkgray-background-color has-text-color has-background is-layout-constrained wp-block-group-is-layout-constrained\" style=\"padding-top:var(--wp--preset--spacing--section-bottom);padding-bottom:var(--wp--preset--spacing--section-bottom)\">\n<h3 class=\"wp-block-heading has-text-align-center\"><strong><strong>EVOLIUCIONUOJA PLOK\u0160TEL\u0116 SU PAGRINDINE \u012eKROVA<\/strong><\/strong><\/h3>\n\n\n\n<p>&#8222;Evolve Plate Loaded Prime Series&#8221; gaminiuose meistri\u0161kumas yra standartas. Pagerinkite savo j\u0117gos treniruotes su treniruokliais, sukurtais patogiai, patvariai ir na\u0161iai. I\u0161nagrin\u0117kite vis\u0105 linij\u0105 \u0161iandien ir i\u0161 naujo apibr\u0117\u017ekite savo fitneso kelion\u0119.  <\/p>\n\n\n\n<section class=\"wp-block-group alignfull black-content has-white-color has-darkgray-background-color has-text-color has-background is-layout-constrained wp-block-group-is-layout-constrained\" style=\"padding-top:var(--wp--preset--spacing--section-bottom);padding-bottom:var(--wp--preset--spacing--section-bottom)\">\n<div class=\"wp-block-columns alignwide mobile-reverse is-layout-flex wp-container-core-columns-is-layout-ca64bf2d wp-block-columns-is-layout-flex\" style=\"margin-bottom:var(--wp--preset--spacing--side-padding)\">\n<div class=\"wp-block-column is-vertically-aligned-center is-layout-flow wp-block-column-is-layout-flow\">\n<h3 class=\"wp-block-heading\" style=\"margin-bottom:var(--wp--preset--spacing--h-3-bottom)\"><strong><strong><strong><strong><strong>Pla\u010dios \u012fgyvendinimo galimyb\u0117s<\/strong><\/strong><\/strong><\/strong><\/strong><\/h3>\n\n\n\n<p><strong><em>I\u0161sami apatin\u0117s k\u016bno dalies treniruot\u0117<\/em><\/strong><\/p>\n\n\n\n<p style=\"margin-bottom:var(--wp--preset--spacing--tb-section-padding)\">&#8222;Evolve Prime Series&#8221; koj\u0173 presas su plok\u0161tel\u0117mis skirtas pagrindin\u0117ms raumen\u0173 grup\u0117ms, \u012fskaitant keturgalvius raumenis, str\u0117nas, s\u0117dmenis ir blauzdas. Atviro r\u0117mo konstrukcija leid\u017eia skland\u017eiai pereiti i\u0161 vienos treniruot\u0117s \u012f kit\u0105, taip pagerindama bendr\u0105 treniruo\u010di\u0173 patirt\u012f. <\/p>\n\n\n\n<h3 class=\"wp-block-heading\" style=\"margin-bottom:var(--wp--preset--spacing--h-3-bottom)\"><strong><strong><strong><strong><strong>Auk\u0161\u010diausios kokyb\u0117s funkcijos<\/strong><\/strong><\/strong><\/strong><\/strong><\/h3>\n\n\n\n<p><strong><em>Sukurtas siekiant i\u0161tverm\u0117s ir efektyvumo<\/em><\/strong><\/p>\n\n\n\n<p>\u0160is koj\u0173 spaudimo aparatas pasi\u017eymi auk\u0161tos kokyb\u0117s med\u017eiagomis, tokiomis kaip didelio atsparumo audinys ir ner\u016bdijan\u010dio plieno \u012franga, u\u017etikrinan\u010diomis ilgalaik\u012f naudojim\u0105. Termoreaktyvi\u0173j\u0173 milteli\u0173 elektrostatinio pur\u0161kimo technologija u\u017etikrina patvari\u0105 apdail\u0105, tod\u0117l ilgainiui i\u0161laikoma \u012frangos i\u0161vaizda. Be to, integruoti svori\u0173 plok\u0161\u010di\u0173 laikymo kai\u0161\u010diai padeda palaikyti treniruo\u010di\u0173 vietos tvark\u0105 ir efektyvum\u0105.  <\/p>\n<\/div>\n\n\n\n<div class=\"wp-block-column is-vertically-aligned-center is-layout-flow wp-block-column-is-layout-flow\">\n<figure class=\"wp-block-image size-large\"><img loading=\"lazy\" decoding=\"async\" width=\"1024\" height=\"1024\" src=\"https:\/\/store.evolve-fitness.eu\/wp-content\/uploads\/2025\/03\/EV-PL-PR-091-Evolve-Prime-Series-Plate-Loaded-Leg-Press-Recovered-3-1024x1024.png\" alt=\"\" class=\"wp-image-121564\" srcset=\"https:\/\/store.evolve-fitness.eu\/wp-content\/uploads\/2025\/03\/EV-PL-PR-091-Evolve-Prime-Series-Plate-Loaded-Leg-Press-Recovered-3-1024x1024.png 1024w, https:\/\/store.evolve-fitness.eu\/wp-content\/uploads\/2025\/03\/EV-PL-PR-091-Evolve-Prime-Series-Plate-Loaded-Leg-Press-Recovered-3-300x300.png 300w, https:\/\/store.evolve-fitness.eu\/wp-content\/uploads\/2025\/03\/EV-PL-PR-091-Evolve-Prime-Series-Plate-Loaded-Leg-Press-Recovered-3-150x150.png 150w, https:\/\/store.evolve-fitness.eu\/wp-content\/uploads\/2025\/03\/EV-PL-PR-091-Evolve-Prime-Series-Plate-Loaded-Leg-Press-Recovered-3-768x768.png 768w, https:\/\/store.evolve-fitness.eu\/wp-content\/uploads\/2025\/03\/EV-PL-PR-091-Evolve-Prime-Series-Plate-Loaded-Leg-Press-Recovered-3-1536x1536.png 1536w, https:\/\/store.evolve-fitness.eu\/wp-content\/uploads\/2025\/03\/EV-PL-PR-091-Evolve-Prime-Series-Plate-Loaded-Leg-Press-Recovered-3-2048x2048.png 2048w, https:\/\/store.evolve-fitness.eu\/wp-content\/uploads\/2025\/03\/EV-PL-PR-091-Evolve-Prime-Series-Plate-Loaded-Leg-Press-Recovered-3-600x600.png 600w, https:\/\/store.evolve-fitness.eu\/wp-content\/uploads\/2025\/03\/EV-PL-PR-091-Evolve-Prime-Series-Plate-Loaded-Leg-Press-Recovered-3-100x100.png 100w\" sizes=\"auto, (max-width: 1024px) 100vw, 1024px\" \/><\/figure>\n<\/div>\n<\/div>\n<\/section>\n<\/section>\n","protected":false},"excerpt":{"rendered":"<p>&#8222;Evolve Prime Series&#8221; plok\u0161te u\u017ekrautas koj\u0173 presas (EV-PL-PR-091) sukurtas taip, kad pagerint\u0173 j\u016bs\u0173 j\u0117gos treniruo\u010di\u0173 rutin\u0105. \u0160is komercin\u0117s klas\u0117s treniruoklis pasi\u017eymi ilgaam\u017ei\u0161kumu, patogumu ir na\u0161umu. Ergonomi\u0161kas dizainas ir reguliuojami komponentai u\u017etikrina, kad \u0161is treniruoklis b\u016bt\u0173 pritaikytas vis\u0173 fizinio pasirengimo lygi\u0173 naudotojams, tod\u0117l yra vertingas bet kurios profesionalios sporto sal\u0117s priedas.  <\/p>\n","protected":false},"featured_media":121603,"template":"","meta":{"_acf_changed":false,"inline_featured_image":false},"product_cat":[129,226],"product_tag":[],"class_list":{"0":"post-117804","1":"product","2":"type-product","3":"status-publish","4":"has-post-thumbnail","6":"product_cat-laisvu-svoriu-treniruokliai","7":"product_cat-prime-series-laisvu-svoriu-treniruokliai","9":"first","10":"instock","11":"shipping-taxable","12":"purchasable","13":"product-type-simple"},"acf":[],"_links":{"self":[{"href":"https:\/\/store.evolve-fitness.eu\/lt\/wp-json\/wp\/v2\/product\/117804","targetHints":{"allow":["GET"]}}],"collection":[{"href":"https:\/\/store.evolve-fitness.eu\/lt\/wp-json\/wp\/v2\/product"}],"about":[{"href":"https:\/\/store.evolve-fitness.eu\/lt\/wp-json\/wp\/v2\/types\/product"}],"wp:featuredmedia":[{"embeddable":true,"href":"https:\/\/store.evolve-fitness.eu\/lt\/wp-json\/wp\/v2\/media\/121603"}],"wp:attachment":[{"href":"https:\/\/store.evolve-fitness.eu\/lt\/wp-json\/wp\/v2\/media?parent=117804"}],"wp:term":[{"taxonomy":"product_cat","embeddable":true,"href":"https:\/\/store.evolve-fitness.eu\/lt\/wp-json\/wp\/v2\/product_cat?post=117804"},{"taxonomy":"product_tag","embeddable":true,"href":"https:\/\/store.evolve-fitness.eu\/lt\/wp-json\/wp\/v2\/product_tag?post=117804"}],"curies":[{"name":"wp","href":"https:\/\/api.w.org\/{rel}","templated":true}]}}