{"id":117704,"date":"2025-03-12T09:06:09","date_gmt":"2025-03-12T09:06:09","guid":{"rendered":"https:\/\/store.evolve-fitness.eu\/?post_type=product&#038;p=117704"},"modified":"2025-04-04T06:09:53","modified_gmt":"2025-04-04T06:09:53","slug":"evolve-prime-series-plokstes-pakrauta-ab-masina","status":"publish","type":"product","link":"https:\/\/store.evolve-fitness.eu\/lt\/produktas\/evolve-prime-series-plokstes-pakrauta-ab-masina\/","title":{"rendered":"&#8222;Evolve Prime Series&#8221; plok\u0161t\u0117s pakrauta Ab ma\u0161ina"},"content":{"rendered":"\n<section class=\"wp-block-group alignfull black-content has-white-color has-darkgray-background-color has-text-color has-background is-layout-constrained wp-block-group-is-layout-constrained\" style=\"padding-top:var(--wp--preset--spacing--section-bottom);padding-bottom:var(--wp--preset--spacing--section-bottom)\">\n<h3 class=\"wp-block-heading has-text-align-center\"><strong><strong>EVOLIUCIONUOJA PLOK\u0160TEL\u0116 SU PAGRINDINE \u012eKROVA<\/strong><\/strong><\/h3>\n\n\n\n<p>&#8222;Evolve Plate Loaded Prime Series&#8221; gaminiuose meistri\u0161kumas yra standartas. Pagerinkite savo j\u0117gos treniruotes su treniruokliais, sukurtais patogiai, patvariai ir na\u0161iai. I\u0161nagrin\u0117kite vis\u0105 linij\u0105 \u0161iandien ir i\u0161 naujo apibr\u0117\u017ekite savo fitneso kelion\u0119.  <\/p>\n\n\n\n<section class=\"wp-block-group alignfull black-content has-white-color has-darkgray-background-color has-text-color has-background is-layout-constrained wp-block-group-is-layout-constrained\" style=\"padding-top:var(--wp--preset--spacing--section-bottom);padding-bottom:var(--wp--preset--spacing--section-bottom)\">\n<div class=\"wp-block-columns alignwide mobile-reverse is-layout-flex wp-container-core-columns-is-layout-ca64bf2d wp-block-columns-is-layout-flex\" style=\"margin-bottom:var(--wp--preset--spacing--side-padding)\">\n<div class=\"wp-block-column is-vertically-aligned-center is-layout-flow wp-block-column-is-layout-flow\">\n<h3 class=\"wp-block-heading\" style=\"margin-bottom:var(--wp--preset--spacing--h-3-bottom)\"><strong><strong><strong><strong>&#8222;Evolve Prime Series&#8221; plok\u0161t\u0117s pakrauta Ab ma\u0161ina<\/strong><\/strong><\/strong><\/strong><\/h3>\n\n\n\n<p><strong><em><strong><strong>Stiprinkite pagrindin\u0119 j\u0117g\u0105 naudodami tikslines pasiprie\u0161inimo treniruotes<\/strong><\/strong><\/em><\/strong><\/p>\n\n\n\n<p style=\"margin-bottom:var(--wp--preset--spacing--tb-section-padding)\">&#8221; <strong>Evolve Prime Series&#8221; &#8222;Plate Loaded Ab Machine&#8221;<\/strong> skirtas pilvo raumenims izoliuoti ir stiprinti kontroliuojamais, pasiprie\u0161inimu pagr\u012fstais judesiais. \u0160is treniruoklis turi ergonomi\u0161k\u0105 s\u0117dyn\u0119, pamink\u0161tint\u0105 atram\u0105 ir tolygi\u0105 plok\u0161\u010di\u0173 pasiprie\u0161inimo sistem\u0105, tod\u0117l naudotojai gali efektyviai \u012fdarbinti pagrindin\u0119 k\u016bno dal\u012f ir kuo ma\u017eiau apkrauti apatin\u0119 nugaros dal\u012f. Tvirtas r\u0117mas ir reguliuojami nustatymai u\u017etikrina komfort\u0105 ir stabilum\u0105, tod\u0117l idealiai tinka vis\u0173 lygi\u0173 fitneso specialistams, norintiems pagerinti \u0161erdies j\u0117g\u0105 ir i\u0161tverm\u0119.  <\/p>\n\n\n\n<h3 class=\"wp-block-heading\" style=\"margin-bottom:var(--wp--preset--spacing--h-3-bottom)\"><strong><strong><strong><strong><strong>Maksimaliai padidinkite savo pagrindin\u012f \u012fsitraukim\u0105<\/strong><\/strong><\/strong><\/strong><\/strong><\/h3>\n\n\n\n<p><strong><em><strong>Sklandus ir kontroliuojamas judesys efektyviam pilvo preso treniravimui<\/strong><\/em><\/strong><\/p>\n\n\n\n<p>&#8221; <strong>Evolve Prime&#8221; serijos &#8222;Plate Loaded Ab&#8221; treniruoklyje \u012freng<\/strong> tas jud\u0117jimo kelias, u\u017etikrinantis pastov\u0173 pasiprie\u0161inim\u0105 visame judesi\u0173 diapazone. Naudodami plok\u0161tel\u0117mis apkraut\u0105 sistem\u0105, naudotojai gali palaipsniui didinti pasiprie\u0161inim\u0105, kad raumenys b\u016bt\u0173 nuolat lavinami. Ergonomi\u0161kas dizainas skatina taisykling\u0105 laikysen\u0105, ma\u017eina nereikaling\u0105 \u012ftamp\u0105 ir maksimaliai aktyvina \u0161erd\u012f. Nesvarbu, ar norite padidinti bendr\u0105 stabilum\u0105, sustiprinti pagrind\u0105, ar pagerinti sportinius rezultatus, \u0161is treniruoklis u\u017etikrina veiksming\u0105 ir efektyvi\u0105 pilvo treniruot\u0119.   <\/p>\n<\/div>\n\n\n\n<div class=\"wp-block-column is-vertically-aligned-center is-layout-flow wp-block-column-is-layout-flow\">\n<figure class=\"wp-block-image size-large\"><img loading=\"lazy\" decoding=\"async\" width=\"1024\" height=\"1024\" src=\"https:\/\/store.evolve-fitness.eu\/wp-content\/uploads\/2025\/03\/EV-PL-PR-072-Evolve-Prime-Series-Plate-Loaded-AB-Machine-1024x1024.png\" alt=\"\" class=\"wp-image-117727\" srcset=\"https:\/\/store.evolve-fitness.eu\/wp-content\/uploads\/2025\/03\/EV-PL-PR-072-Evolve-Prime-Series-Plate-Loaded-AB-Machine-1024x1024.png 1024w, https:\/\/store.evolve-fitness.eu\/wp-content\/uploads\/2025\/03\/EV-PL-PR-072-Evolve-Prime-Series-Plate-Loaded-AB-Machine-300x300.png 300w, https:\/\/store.evolve-fitness.eu\/wp-content\/uploads\/2025\/03\/EV-PL-PR-072-Evolve-Prime-Series-Plate-Loaded-AB-Machine-150x150.png 150w, https:\/\/store.evolve-fitness.eu\/wp-content\/uploads\/2025\/03\/EV-PL-PR-072-Evolve-Prime-Series-Plate-Loaded-AB-Machine-768x768.png 768w, https:\/\/store.evolve-fitness.eu\/wp-content\/uploads\/2025\/03\/EV-PL-PR-072-Evolve-Prime-Series-Plate-Loaded-AB-Machine-1536x1536.png 1536w, https:\/\/store.evolve-fitness.eu\/wp-content\/uploads\/2025\/03\/EV-PL-PR-072-Evolve-Prime-Series-Plate-Loaded-AB-Machine-2048x2048.png 2048w, https:\/\/store.evolve-fitness.eu\/wp-content\/uploads\/2025\/03\/EV-PL-PR-072-Evolve-Prime-Series-Plate-Loaded-AB-Machine-600x600.png 600w, https:\/\/store.evolve-fitness.eu\/wp-content\/uploads\/2025\/03\/EV-PL-PR-072-Evolve-Prime-Series-Plate-Loaded-AB-Machine-100x100.png 100w\" sizes=\"auto, (max-width: 1024px) 100vw, 1024px\" \/><\/figure>\n<\/div>\n<\/div>\n<\/section>\n<\/section>\n","protected":false},"excerpt":{"rendered":"<p>&#8222;Evolve Prime Series&#8221; &#8222;Plate Loaded Ab Machine&#8221; skirtas pilvo raumenims izoliuoti ir stiprinti kontroliuojamais, pasiprie\u0161inimu pagr\u012fstais judesiais. \u0160is treniruoklis turi ergonomi\u0161k\u0105 s\u0117dyn\u0119, pamink\u0161tint\u0105 atram\u0105 ir tolygi\u0105 plok\u0161\u010di\u0173 pasiprie\u0161inimo sistem\u0105, tod\u0117l naudotojai gali efektyviai \u012fdarbinti pagrindin\u0119 k\u016bno dal\u012f ir kuo ma\u017eiau apkrauti apatin\u0119 nugaros dal\u012f. Tvirtas r\u0117mas ir reguliuojami nustatymai u\u017etikrina komfort\u0105 ir stabilum\u0105, tod\u0117l idealiai tinka vis\u0173 lygi\u0173 fitneso specialistams, norintiems pagerinti \u0161erdies j\u0117g\u0105 ir i\u0161tverm\u0119.  <\/p>\n","protected":false},"featured_media":117741,"template":"","meta":{"_acf_changed":false,"inline_featured_image":false},"product_cat":[129,226],"product_tag":[],"class_list":{"0":"post-117704","1":"product","2":"type-product","3":"status-publish","4":"has-post-thumbnail","6":"product_cat-laisvu-svoriu-treniruokliai","7":"product_cat-prime-series-laisvu-svoriu-treniruokliai","9":"first","10":"instock","11":"shipping-taxable","12":"purchasable","13":"product-type-simple"},"acf":[],"_links":{"self":[{"href":"https:\/\/store.evolve-fitness.eu\/lt\/wp-json\/wp\/v2\/product\/117704","targetHints":{"allow":["GET"]}}],"collection":[{"href":"https:\/\/store.evolve-fitness.eu\/lt\/wp-json\/wp\/v2\/product"}],"about":[{"href":"https:\/\/store.evolve-fitness.eu\/lt\/wp-json\/wp\/v2\/types\/product"}],"wp:featuredmedia":[{"embeddable":true,"href":"https:\/\/store.evolve-fitness.eu\/lt\/wp-json\/wp\/v2\/media\/117741"}],"wp:attachment":[{"href":"https:\/\/store.evolve-fitness.eu\/lt\/wp-json\/wp\/v2\/media?parent=117704"}],"wp:term":[{"taxonomy":"product_cat","embeddable":true,"href":"https:\/\/store.evolve-fitness.eu\/lt\/wp-json\/wp\/v2\/product_cat?post=117704"},{"taxonomy":"product_tag","embeddable":true,"href":"https:\/\/store.evolve-fitness.eu\/lt\/wp-json\/wp\/v2\/product_tag?post=117704"}],"curies":[{"name":"wp","href":"https:\/\/api.w.org\/{rel}","templated":true}]}}