{"id":117603,"date":"2025-03-12T08:55:12","date_gmt":"2025-03-12T08:55:12","guid":{"rendered":"https:\/\/store.evolve-fitness.eu\/?post_type=product&#038;p=117603"},"modified":"2025-09-25T11:59:41","modified_gmt":"2025-09-25T11:59:41","slug":"evolve-prime-series-plokste-pakrauta-v-squat-naujas-modelis","status":"publish","type":"product","link":"https:\/\/store.evolve-fitness.eu\/lt\/produktas\/evolve-prime-series-plokste-pakrauta-v-squat-naujas-modelis\/","title":{"rendered":"&#8222;Evolve Prime Series&#8221; plok\u0161t\u0117 pakrauta V Squat Naujas modelis"},"content":{"rendered":"\n<section class=\"wp-block-group alignfull black-content has-white-color has-darkgray-background-color has-text-color has-background is-layout-constrained wp-block-group-is-layout-constrained\" style=\"padding-top:var(--wp--preset--spacing--section-bottom);padding-bottom:var(--wp--preset--spacing--section-bottom)\">\n<h3 class=\"wp-block-heading has-text-align-center\"><strong><strong>EVOLIUCIONUOJA PLOK\u0160TEL\u0116 SU PAGRINDINE \u012eKROVA<\/strong><\/strong><\/h3>\n\n\n\n<p>&#8222;Evolve Plate Loaded Prime Series&#8221; gaminiuose meistri\u0161kumas yra standartas. Pagerinkite savo j\u0117gos treniruotes su treniruokliais, sukurtais patogiai, patvariai ir na\u0161iai. I\u0161nagrin\u0117kite vis\u0105 linij\u0105 \u0161iandien ir i\u0161 naujo apibr\u0117\u017ekite savo fitneso kelion\u0119.  <\/p>\n\n\n\n<section class=\"wp-block-group alignfull black-content has-white-color has-darkgray-background-color has-text-color has-background is-layout-constrained wp-block-group-is-layout-constrained\" style=\"padding-top:var(--wp--preset--spacing--section-bottom);padding-bottom:var(--wp--preset--spacing--section-bottom)\">\n<div class=\"wp-block-columns alignwide mobile-reverse is-layout-flex wp-container-core-columns-is-layout-ca64bf2d wp-block-columns-is-layout-flex\" style=\"margin-bottom:var(--wp--preset--spacing--side-padding)\">\n<div class=\"wp-block-column is-vertically-aligned-center is-layout-flow wp-block-column-is-layout-flow\">\n<h3 class=\"wp-block-heading\" style=\"margin-bottom:var(--wp--preset--spacing--h-3-bottom)\"><strong><strong><strong>I\u0161samios vykdymo galimyb\u0117s<\/strong><\/strong><\/strong><\/h3>\n\n\n\n<p><strong><em><strong>Tikslin\u0117s apatin\u0117s k\u016bno dalies treniruot\u0117s<\/strong><\/em><\/strong><\/p>\n\n\n\n<p style=\"margin-bottom:var(--wp--preset--spacing--tb-section-padding)\">&#8222;Evolve Prime Series&#8221; &#8222;V&#8221; prit\u016bpimo treniruoklis su plok\u0161tel\u0117mis sukurtas taip, kad efektyviai veikt\u0173 keturgalvio raumens, str\u0117n\u0173, s\u0117dmen\u0173 ir blauzd\u0173 raumenys. Intuityvi treniruoklio reguliavimo sistema leid\u017eia lengvai nustatyti ir pereiti nuo vieno pratimo prie kito, tod\u0117l treniruot\u0117 yra universali. <\/p>\n\n\n\n<h3 class=\"wp-block-heading\" style=\"margin-bottom:var(--wp--preset--spacing--h-3-bottom)\"><strong><strong><strong><strong><strong>I\u0161pl\u0117stin\u0117s funkcijos<\/strong><\/strong><\/strong><\/strong><\/strong><\/h3>\n\n\n\n<p><strong><em>Ilgaam\u017ei\u0161kumas ir efektyvumas<\/em><\/strong><\/p>\n\n\n\n<p>\u0160is &#8222;V Squat&#8221; treniruoklis pagamintas i\u0161 auk\u0161\u010diausios kokyb\u0117s didelio atsparumo audinio ir ner\u016bdijan\u010dio plieno \u012frangos, tod\u0117l yra ilgaam\u017eis. Termoreaktyvi\u0173j\u0173 milteli\u0173 elektrostatinio pur\u0161kimo technologija u\u017etikrina atspari\u0105 apdail\u0105, tod\u0117l laikui b\u0117gant i\u0161laiko estetin\u012f patrauklum\u0105. Integruoti svori\u0173 plok\u0161\u010di\u0173 laikymo kai\u0161\u010diai padidina erdv\u0117s efektyvum\u0105, u\u017etikrindami netvarking\u0105 treniruo\u010di\u0173 aplink\u0105.  <\/p>\n<\/div>\n\n\n\n<div class=\"wp-block-column is-vertically-aligned-center is-layout-flow wp-block-column-is-layout-flow\">\n<figure class=\"wp-block-image size-large\"><img loading=\"lazy\" decoding=\"async\" width=\"1024\" height=\"1024\" src=\"https:\/\/store.evolve-fitness.eu\/wp-content\/uploads\/2025\/03\/EV-PL-PR-071-Evolve-Prime-Series-Plate-Loaded-V-Squat-Recovered-1-1024x1024.png\" alt=\"\" class=\"wp-image-117677\" srcset=\"https:\/\/store.evolve-fitness.eu\/wp-content\/uploads\/2025\/03\/EV-PL-PR-071-Evolve-Prime-Series-Plate-Loaded-V-Squat-Recovered-1-1024x1024.png 1024w, https:\/\/store.evolve-fitness.eu\/wp-content\/uploads\/2025\/03\/EV-PL-PR-071-Evolve-Prime-Series-Plate-Loaded-V-Squat-Recovered-1-300x300.png 300w, https:\/\/store.evolve-fitness.eu\/wp-content\/uploads\/2025\/03\/EV-PL-PR-071-Evolve-Prime-Series-Plate-Loaded-V-Squat-Recovered-1-150x150.png 150w, https:\/\/store.evolve-fitness.eu\/wp-content\/uploads\/2025\/03\/EV-PL-PR-071-Evolve-Prime-Series-Plate-Loaded-V-Squat-Recovered-1-768x768.png 768w, https:\/\/store.evolve-fitness.eu\/wp-content\/uploads\/2025\/03\/EV-PL-PR-071-Evolve-Prime-Series-Plate-Loaded-V-Squat-Recovered-1-1536x1536.png 1536w, https:\/\/store.evolve-fitness.eu\/wp-content\/uploads\/2025\/03\/EV-PL-PR-071-Evolve-Prime-Series-Plate-Loaded-V-Squat-Recovered-1-2048x2048.png 2048w, https:\/\/store.evolve-fitness.eu\/wp-content\/uploads\/2025\/03\/EV-PL-PR-071-Evolve-Prime-Series-Plate-Loaded-V-Squat-Recovered-1-600x600.png 600w, https:\/\/store.evolve-fitness.eu\/wp-content\/uploads\/2025\/03\/EV-PL-PR-071-Evolve-Prime-Series-Plate-Loaded-V-Squat-Recovered-1-100x100.png 100w\" sizes=\"auto, (max-width: 1024px) 100vw, 1024px\" \/><\/figure>\n<\/div>\n<\/div>\n<\/section>\n<\/section>\n","protected":false},"excerpt":{"rendered":"<p>&#8222;Evolve Prime Series&#8221; &#8222;Plate Loaded V Squat&#8221; (EV-PL-PR-071) &#8211; tai pa\u017eangiausia treniruokli\u0173 \u012franga, skirta pagerinti apatin\u0117s k\u016bno dalies treniruotes. \u0160is treniruoklis pagamintas i\u0161 komercin\u0117s klas\u0117s med\u017eiag\u0173, tod\u0117l u\u017etikrina neprilygstam\u0105 komfort\u0105, ilgaam\u017ei\u0161kum\u0105 ir na\u0161um\u0105. D\u0117l ergonomi\u0161kos konstrukcijos ir reguliuojam\u0173 funkcij\u0173 jis tinka visiems fizinio pasirengimo lygiams, tod\u0117l puikiai tinka profesionalioms sporto sal\u0117ms.  <\/p>\n","protected":false},"featured_media":117641,"template":"","meta":{"_acf_changed":false,"inline_featured_image":false},"product_cat":[129,226],"product_tag":[],"class_list":{"0":"post-117603","1":"product","2":"type-product","3":"status-publish","4":"has-post-thumbnail","6":"product_cat-laisvu-svoriu-treniruokliai","7":"product_cat-prime-series-laisvu-svoriu-treniruokliai","9":"first","10":"instock","11":"shipping-taxable","12":"purchasable","13":"product-type-simple"},"acf":[],"_links":{"self":[{"href":"https:\/\/store.evolve-fitness.eu\/lt\/wp-json\/wp\/v2\/product\/117603","targetHints":{"allow":["GET"]}}],"collection":[{"href":"https:\/\/store.evolve-fitness.eu\/lt\/wp-json\/wp\/v2\/product"}],"about":[{"href":"https:\/\/store.evolve-fitness.eu\/lt\/wp-json\/wp\/v2\/types\/product"}],"wp:featuredmedia":[{"embeddable":true,"href":"https:\/\/store.evolve-fitness.eu\/lt\/wp-json\/wp\/v2\/media\/117641"}],"wp:attachment":[{"href":"https:\/\/store.evolve-fitness.eu\/lt\/wp-json\/wp\/v2\/media?parent=117603"}],"wp:term":[{"taxonomy":"product_cat","embeddable":true,"href":"https:\/\/store.evolve-fitness.eu\/lt\/wp-json\/wp\/v2\/product_cat?post=117603"},{"taxonomy":"product_tag","embeddable":true,"href":"https:\/\/store.evolve-fitness.eu\/lt\/wp-json\/wp\/v2\/product_tag?post=117603"}],"curies":[{"name":"wp","href":"https:\/\/api.w.org\/{rel}","templated":true}]}}