{"id":117223,"date":"2025-03-12T08:25:54","date_gmt":"2025-03-12T08:25:54","guid":{"rendered":"https:\/\/store.evolve-fitness.eu\/?post_type=product&#038;p=117223"},"modified":"2025-09-25T11:59:34","modified_gmt":"2025-09-25T11:59:34","slug":"evolve-prime-series-plokstes-pakrautos-dvigubos-funkcijos-krutines-paspaudimas-ir-lat-pull-down","status":"publish","type":"product","link":"https:\/\/store.evolve-fitness.eu\/lt\/produktas\/evolve-prime-series-plokstes-pakrautos-dvigubos-funkcijos-krutines-paspaudimas-ir-lat-pull-down\/","title":{"rendered":"&#8222;Evolve Prime Series&#8221; plok\u0161t\u0117s pakrautos dvigubos funkcijos kr\u016btin\u0117s paspaudimas ir Lat Pull Down"},"content":{"rendered":"\n<section class=\"wp-block-group alignfull black-content has-white-color has-darkgray-background-color has-text-color has-background is-layout-constrained wp-block-group-is-layout-constrained\" style=\"padding-top:var(--wp--preset--spacing--section-bottom);padding-bottom:var(--wp--preset--spacing--section-bottom)\">\n<h3 class=\"wp-block-heading has-text-align-center\"><strong><strong>EVOLIUCIONUOJA PLOK\u0160TEL\u0116 SU PAGRINDINE \u012eKROVA<\/strong><\/strong><\/h3>\n\n\n\n<p>&#8222;Evolve Plate Loaded Prime Series&#8221; gaminiuose meistri\u0161kumas yra standartas. Pagerinkite savo j\u0117gos treniruotes su treniruokliais, sukurtais patogiai, patvariai ir na\u0161iai. I\u0161nagrin\u0117kite vis\u0105 linij\u0105 \u0161iandien ir i\u0161 naujo apibr\u0117\u017ekite savo fitneso kelion\u0119.  <\/p>\n\n\n\n<section class=\"wp-block-group alignfull black-content has-white-color has-darkgray-background-color has-text-color has-background is-layout-constrained wp-block-group-is-layout-constrained\" style=\"padding-top:var(--wp--preset--spacing--section-bottom);padding-bottom:var(--wp--preset--spacing--section-bottom)\">\n<div class=\"wp-block-columns alignwide mobile-reverse is-layout-flex wp-container-core-columns-is-layout-ca64bf2d wp-block-columns-is-layout-flex\" style=\"margin-bottom:var(--wp--preset--spacing--side-padding)\">\n<div class=\"wp-block-column is-vertically-aligned-center is-layout-flow wp-block-column-is-layout-flow\">\n<h3 class=\"wp-block-heading\" style=\"margin-bottom:var(--wp--preset--spacing--h-3-bottom)\"><strong><strong><strong><strong>&#8222;Evolve Prime Series&#8221; plok\u0161t\u0117s pakrautos dvigubos funkcijos kr\u016btin\u0117s paspaudimas ir Lat Pulldown<\/strong><\/strong><\/strong><\/strong><\/h3>\n\n\n\n<p><strong><strong>Universalus j\u0117gos mokymas vir\u0161utin\u0117s k\u016bno dalies galiai<\/strong><\/strong><\/p>\n\n\n\n<p style=\"margin-bottom:var(--wp--preset--spacing--tb-section-padding)\">&#8221; <strong>Evolve Prime Series&#8221; dvigubos funkcijos kr\u016btin\u0117s spaudimo ir tempimo<\/strong> treniruoklis yra daugiafunkcinis treniruoklis, skirtas maksimaliai padidinti st\u016bmimo ir traukimo j\u0117g\u0105 kompakti\u0161koje ir efektyvioje konstrukcijoje. \u0160i dvigubos funkcijos sistema leid\u017eia naudotojams kr\u016btin\u0117s spaudimo metu treniruoti kr\u016btin\u0119, pe\u010dius ir tricepsus, o lat pulldown treniruokliu &#8211; plat\u0117jan\u010dius raumenis, bicepsus ir vir\u0161utin\u0119 nugaros dal\u012f. \u0160is treniruoklis turi ergonomi\u0161k\u0105 s\u0117dyn\u0119, reguliuojamus nustatymus ir tolygi\u0105 plok\u0161teli\u0173 pasiprie\u0161inimo sistem\u0105, tod\u0117l u\u017etikrina nat\u016bral\u0173 judesi\u0173 diapazon\u0105 ir optimal\u0173 raumen\u0173 \u012fsitraukim\u0105, kad b\u016bt\u0173 atlikta i\u0161sami vir\u0161utin\u0117s k\u016bno dalies treniruot\u0117.  <\/p>\n\n\n\n<h3 class=\"wp-block-heading\" style=\"margin-bottom:var(--wp--preset--spacing--h-3-bottom)\"><strong><strong><strong><strong><strong>Du galingi pratimai vienoje ma\u0161inoje<\/strong><\/strong><\/strong><\/strong><\/strong><\/h3>\n\n\n\n<p><strong>Efektyvus dizainas subalansuotai vir\u0161utin\u0117s k\u016bno dalies j\u0117gai<\/strong><\/p>\n\n\n\n<p>&#8221; <strong>Evolve Prime Series&#8221; &#8222;Plate Loaded Double Function Chest Press&#8221; ir &#8222;Lat Pulldown&#8221;<\/strong> si\u016blo patog\u0173 dviej\u0173 pagrindini\u0173 pratim\u0173 atlikim\u0105 viename erdv\u0119 taupan\u010diame \u012frenginyje. Kr\u016btin\u0117s spaudimo funkcija u\u017etikrina kontroliuojam\u0105 st\u016bmimo judes\u012f vir\u0161utin\u0117s k\u016bno dalies j\u0117gai ugdyti, o lat pulldown funkcija leid\u017eia efektyviai stiprinti nugar\u0105 su tolygiu, pritaikomu pasiprie\u0161inimu. Nepriklausomas rank\u0173 jud\u0117jimas u\u017etikrina subalansuot\u0105 raumen\u0173 vystym\u0105si, o tvirtas r\u0117mas padidina stabilum\u0105 ir ilgaam\u017ei\u0161kum\u0105. \u0160is treniruoklis idealiai tinka tiek pradedantiesiems, tiek pa\u017eengusiems sportininkams, nes u\u017etikrina visapusi\u0161k\u0105 vir\u0161utin\u0117s k\u016bno dalies j\u0117gos treniruot\u0119.   <\/p>\n<\/div>\n\n\n\n<div class=\"wp-block-column is-vertically-aligned-center is-layout-flow wp-block-column-is-layout-flow\">\n<figure class=\"wp-block-image size-large is-resized is-style-rounded\"><img loading=\"lazy\" decoding=\"async\" width=\"1024\" height=\"1024\" src=\"https:\/\/store.evolve-fitness.eu\/wp-content\/uploads\/2025\/03\/EV-PL-PR-050-Evolve-Prime-Series-Plate-Loaded-Double-Function-Chest-Press-Lat-Pull-Down-3-1024x1024.png\" alt=\"\" class=\"wp-image-121336\" style=\"width:643px;height:706px\" srcset=\"https:\/\/store.evolve-fitness.eu\/wp-content\/uploads\/2025\/03\/EV-PL-PR-050-Evolve-Prime-Series-Plate-Loaded-Double-Function-Chest-Press-Lat-Pull-Down-3-1024x1024.png 1024w, https:\/\/store.evolve-fitness.eu\/wp-content\/uploads\/2025\/03\/EV-PL-PR-050-Evolve-Prime-Series-Plate-Loaded-Double-Function-Chest-Press-Lat-Pull-Down-3-300x300.png 300w, https:\/\/store.evolve-fitness.eu\/wp-content\/uploads\/2025\/03\/EV-PL-PR-050-Evolve-Prime-Series-Plate-Loaded-Double-Function-Chest-Press-Lat-Pull-Down-3-150x150.png 150w, https:\/\/store.evolve-fitness.eu\/wp-content\/uploads\/2025\/03\/EV-PL-PR-050-Evolve-Prime-Series-Plate-Loaded-Double-Function-Chest-Press-Lat-Pull-Down-3-768x768.png 768w, https:\/\/store.evolve-fitness.eu\/wp-content\/uploads\/2025\/03\/EV-PL-PR-050-Evolve-Prime-Series-Plate-Loaded-Double-Function-Chest-Press-Lat-Pull-Down-3-1536x1536.png 1536w, https:\/\/store.evolve-fitness.eu\/wp-content\/uploads\/2025\/03\/EV-PL-PR-050-Evolve-Prime-Series-Plate-Loaded-Double-Function-Chest-Press-Lat-Pull-Down-3-2048x2048.png 2048w, https:\/\/store.evolve-fitness.eu\/wp-content\/uploads\/2025\/03\/EV-PL-PR-050-Evolve-Prime-Series-Plate-Loaded-Double-Function-Chest-Press-Lat-Pull-Down-3-600x600.png 600w, https:\/\/store.evolve-fitness.eu\/wp-content\/uploads\/2025\/03\/EV-PL-PR-050-Evolve-Prime-Series-Plate-Loaded-Double-Function-Chest-Press-Lat-Pull-Down-3-100x100.png 100w\" sizes=\"auto, (max-width: 1024px) 100vw, 1024px\" \/><\/figure>\n<\/div>\n<\/div>\n<\/section>\n<\/section>\n","protected":false},"excerpt":{"rendered":"<p>&#8222;Evolve Prime Series&#8221; dvigubos funkcijos kr\u016btin\u0117s spaudimo ir atsispaudimo treniruoklis (EV-PL-PR-050) yra daugiafunkcinis treniruoklis, skirtas maksimaliai padidinti st\u016bmimo ir traukimo j\u0117g\u0105 kompakti\u0161koje ir efektyvioje konstrukcijoje. \u0160i dvigubos funkcijos sistema leid\u017eia naudotojams kr\u016btin\u0117s spaudimo metu treniruoti kr\u016btin\u0119, pe\u010dius ir tricepsus, o lat pulldown treniruokliu &#8211; platumos, bicepsus ir vir\u0161utin\u0119 nugaros dal\u012f. \u0160is treniruoklis turi ergonomi\u0161k\u0105 s\u0117dyn\u0119, reguliuojamus nustatymus ir tolygi\u0105 plok\u0161teli\u0173 pasiprie\u0161inimo sistem\u0105, tod\u0117l u\u017etikrina nat\u016bral\u0173 judesi\u0173 diapazon\u0105 ir optimal\u0173 raumen\u0173 \u012fsitraukim\u0105, kad b\u016bt\u0173 atlikta i\u0161sami vir\u0161utin\u0117s k\u016bno dalies treniruot\u0117.  <\/p>\n","protected":false},"featured_media":121528,"template":"","meta":{"_acf_changed":false,"inline_featured_image":false},"product_cat":[129,226],"product_tag":[],"class_list":{"0":"post-117223","1":"product","2":"type-product","3":"status-publish","4":"has-post-thumbnail","6":"product_cat-laisvu-svoriu-treniruokliai","7":"product_cat-prime-series-laisvu-svoriu-treniruokliai","9":"first","10":"outofstock","11":"shipping-taxable","12":"purchasable","13":"product-type-simple"},"acf":[],"_links":{"self":[{"href":"https:\/\/store.evolve-fitness.eu\/lt\/wp-json\/wp\/v2\/product\/117223","targetHints":{"allow":["GET"]}}],"collection":[{"href":"https:\/\/store.evolve-fitness.eu\/lt\/wp-json\/wp\/v2\/product"}],"about":[{"href":"https:\/\/store.evolve-fitness.eu\/lt\/wp-json\/wp\/v2\/types\/product"}],"wp:featuredmedia":[{"embeddable":true,"href":"https:\/\/store.evolve-fitness.eu\/lt\/wp-json\/wp\/v2\/media\/121528"}],"wp:attachment":[{"href":"https:\/\/store.evolve-fitness.eu\/lt\/wp-json\/wp\/v2\/media?parent=117223"}],"wp:term":[{"taxonomy":"product_cat","embeddable":true,"href":"https:\/\/store.evolve-fitness.eu\/lt\/wp-json\/wp\/v2\/product_cat?post=117223"},{"taxonomy":"product_tag","embeddable":true,"href":"https:\/\/store.evolve-fitness.eu\/lt\/wp-json\/wp\/v2\/product_tag?post=117223"}],"curies":[{"name":"wp","href":"https:\/\/api.w.org\/{rel}","templated":true}]}}