{"id":117123,"date":"2025-03-12T07:41:47","date_gmt":"2025-03-12T07:41:47","guid":{"rendered":"https:\/\/store.evolve-fitness.eu\/?post_type=product&#038;p=117123"},"modified":"2025-04-04T06:12:34","modified_gmt":"2025-04-04T06:12:34","slug":"evolve-prime-series-plokstes-pakrautos-sedimos-rankos-lenkimas","status":"publish","type":"product","link":"https:\/\/store.evolve-fitness.eu\/lt\/produktas\/evolve-prime-series-plokstes-pakrautos-sedimos-rankos-lenkimas\/","title":{"rendered":"&#8222;Evolve Prime Series&#8221; plok\u0161t\u0117s pakrautos s\u0117dimos rankos lenkimas"},"content":{"rendered":"\n<section class=\"wp-block-group alignfull black-content has-white-color has-darkgray-background-color has-text-color has-background is-layout-constrained wp-block-group-is-layout-constrained\" style=\"padding-top:var(--wp--preset--spacing--section-bottom);padding-bottom:var(--wp--preset--spacing--section-bottom)\">\n<h3 class=\"wp-block-heading has-text-align-center\"><strong><strong>EVOLIUCIONUOJA PLOK\u0160TEL\u0116 SU PAGRINDINE \u012eKROVA<\/strong><\/strong><\/h3>\n\n\n\n<p>&#8222;Evolve Plate Loaded Prime Series&#8221; gaminiuose meistri\u0161kumas yra standartas. Pagerinkite savo j\u0117gos treniruotes su treniruokliais, sukurtais patogiai, patvariai ir na\u0161iai. I\u0161nagrin\u0117kite vis\u0105 linij\u0105 \u0161iandien ir i\u0161 naujo apibr\u0117\u017ekite savo fitneso kelion\u0119.  <\/p>\n\n\n\n<section class=\"wp-block-group alignfull black-content has-white-color has-darkgray-background-color has-text-color has-background is-layout-constrained wp-block-group-is-layout-constrained\" style=\"padding-top:var(--wp--preset--spacing--section-bottom);padding-bottom:var(--wp--preset--spacing--section-bottom)\">\n<div class=\"wp-block-columns alignwide mobile-reverse is-layout-flex wp-container-core-columns-is-layout-ca64bf2d wp-block-columns-is-layout-flex\" style=\"margin-bottom:var(--wp--preset--spacing--side-padding)\">\n<div class=\"wp-block-column is-vertically-aligned-center is-layout-flow wp-block-column-is-layout-flow\">\n<h3 class=\"wp-block-heading\" style=\"margin-bottom:var(--wp--preset--spacing--h-3-bottom)\"><strong><strong><strong><strong>&#8222;Evolve Prime Series&#8221; plok\u0161t\u0117s pakrautos s\u0117dimos rankos lenkimas<\/strong><\/strong><\/strong><\/strong><\/h3>\n\n\n\n<p><strong>Izoliuokite ir stiprinkite bicepsus su tiksliu pasiprie\u0161inimu<\/strong><\/p>\n\n\n\n<p style=\"margin-bottom:var(--wp--preset--spacing--tb-section-padding)\">&#8221; <strong>Evolve Prime Series&#8221; serijos &#8222;Plate Load Seated Arm Curl&#8221;<\/strong> sukurtas taip, kad maksimaliai padidint\u0173 bicepso \u012fsitraukim\u0105 ir u\u017etikrint\u0173 skland\u0173, kontroliuojam\u0105 judesi\u0173 diapazon\u0105. \u0160is treniruoklis su ergonomi\u0161ka s\u0117dyne, kampu pakreipta rank\u0173 pagalve ir plok\u0161teli\u0173 pasiprie\u0161inimo sistema u\u017etikrina tinkam\u0105 form\u0105 ir raumen\u0173 izoliacij\u0105, suma\u017eina pagreit\u012f ir u\u017etikrina veiksmingesn\u0119 treniruot\u0119. D\u0117l tvirtos konstrukcijos ir reguliuojam\u0173 rankenos pad\u0117\u010di\u0173 treniruoklis tinka visiems fizinio pasirengimo lygiams, tod\u0117l yra patikimas ir veiksmingas b\u016bdas rank\u0173 j\u0117gai ir apibr\u0117\u017etumui ugdyti.  <\/p>\n\n\n\n<h3 class=\"wp-block-heading\" style=\"margin-bottom:var(--wp--preset--spacing--h-3-bottom)\"><strong><strong><strong><strong><strong>Pasiekite auk\u0161\u010diausi\u0105 dvigalvio \u017easto suaktyv\u0117jim\u0105<\/strong><\/strong><\/strong><\/strong><\/strong><\/h3>\n\n\n\n<p><strong>Sklandus ir kontroliuojamas garbanojimo judesys maksimaliam augimui<\/strong><\/p>\n\n\n\n<p>&#8221; <strong>Evolve Prime Series&#8221; plok\u0161tel\u0117mis apkrauta s\u0117dima rank\u0173 lenkimo treniruokl\u0117<\/strong> palaiko laipsni\u0161k\u0105 perkrov\u0105, tod\u0117l naudotojai gali palaipsniui didinti pasiprie\u0161inim\u0105, kad raumenys nuolat vystyt\u0173si. Pamink\u0161tinta rank\u0173 atrama stabilizuoja vir\u0161utin\u0119 k\u016bno dal\u012f ir u\u017etikrina grie\u017et\u0105 form\u0105 bei visi\u0161k\u0105 bicepso susitraukim\u0105 kiekvieno pakartojimo metu. \u0160is treniruoklis, sukurtas siekiant u\u017etikrinti ilgaam\u017ei\u0161kum\u0105 ir patogum\u0105, yra b\u016btinas bet kurios sporto sal\u0117s priedas, padedantis sportininkams ir fitneso entuziastams pasiekti stipresni\u0173, gerai suformuot\u0173 rank\u0173, naudojant tikslias ir veiksmingas pasiprie\u0161inimo treniruotes. <\/p>\n<\/div>\n\n\n\n<div class=\"wp-block-column is-vertically-aligned-center is-layout-flow wp-block-column-is-layout-flow\">\n<figure class=\"wp-block-image size-large is-resized is-style-rounded\"><img loading=\"lazy\" decoding=\"async\" width=\"1024\" height=\"1024\" src=\"https:\/\/store.evolve-fitness.eu\/wp-content\/uploads\/2025\/03\/EV-PL-PR-029-Evolve-Prime-Series-Plate-Loaded-Seated-Arm-Curl-Recovered-1024x1024.png\" alt=\"\" class=\"wp-image-117146\" style=\"width:643px;height:706px\" srcset=\"https:\/\/store.evolve-fitness.eu\/wp-content\/uploads\/2025\/03\/EV-PL-PR-029-Evolve-Prime-Series-Plate-Loaded-Seated-Arm-Curl-Recovered-1024x1024.png 1024w, https:\/\/store.evolve-fitness.eu\/wp-content\/uploads\/2025\/03\/EV-PL-PR-029-Evolve-Prime-Series-Plate-Loaded-Seated-Arm-Curl-Recovered-300x300.png 300w, https:\/\/store.evolve-fitness.eu\/wp-content\/uploads\/2025\/03\/EV-PL-PR-029-Evolve-Prime-Series-Plate-Loaded-Seated-Arm-Curl-Recovered-150x150.png 150w, https:\/\/store.evolve-fitness.eu\/wp-content\/uploads\/2025\/03\/EV-PL-PR-029-Evolve-Prime-Series-Plate-Loaded-Seated-Arm-Curl-Recovered-768x768.png 768w, https:\/\/store.evolve-fitness.eu\/wp-content\/uploads\/2025\/03\/EV-PL-PR-029-Evolve-Prime-Series-Plate-Loaded-Seated-Arm-Curl-Recovered-1536x1536.png 1536w, https:\/\/store.evolve-fitness.eu\/wp-content\/uploads\/2025\/03\/EV-PL-PR-029-Evolve-Prime-Series-Plate-Loaded-Seated-Arm-Curl-Recovered-2048x2048.png 2048w, https:\/\/store.evolve-fitness.eu\/wp-content\/uploads\/2025\/03\/EV-PL-PR-029-Evolve-Prime-Series-Plate-Loaded-Seated-Arm-Curl-Recovered-600x600.png 600w, https:\/\/store.evolve-fitness.eu\/wp-content\/uploads\/2025\/03\/EV-PL-PR-029-Evolve-Prime-Series-Plate-Loaded-Seated-Arm-Curl-Recovered-100x100.png 100w\" sizes=\"auto, (max-width: 1024px) 100vw, 1024px\" \/><\/figure>\n<\/div>\n<\/div>\n<\/section>\n<\/section>\n","protected":false},"excerpt":{"rendered":"<p>&#8222;Evolve Prime Series&#8221; serijos &#8222;Plate Load Seated Arm Curl&#8221; sukurtas taip, kad maksimaliai padidint\u0173 bicepso \u012fsitraukim\u0105 ir u\u017etikrint\u0173 skland\u0173, kontroliuojam\u0105 judesi\u0173 diapazon\u0105. \u0160is treniruoklis su ergonomi\u0161ka s\u0117dyne, kampu pakreipta rank\u0173 pagalve ir plok\u0161teli\u0173 pasiprie\u0161inimo sistema u\u017etikrina tinkam\u0105 form\u0105 ir raumen\u0173 izoliacij\u0105, suma\u017eina pagreit\u012f ir u\u017etikrina veiksmingesn\u0119 treniruot\u0119. D\u0117l tvirtos konstrukcijos ir reguliuojam\u0173 rankenos pad\u0117\u010di\u0173 treniruoklis tinka visiems fizinio pasirengimo lygiams, tod\u0117l yra patikimas ir veiksmingas b\u016bdas rank\u0173 j\u0117gai ir apibr\u0117\u017etumui ugdyti.  <\/p>\n","protected":false},"featured_media":117185,"template":"","meta":{"_acf_changed":false,"inline_featured_image":false},"product_cat":[129,226],"product_tag":[],"class_list":{"0":"post-117123","1":"product","2":"type-product","3":"status-publish","4":"has-post-thumbnail","6":"product_cat-laisvu-svoriu-treniruokliai","7":"product_cat-prime-series-laisvu-svoriu-treniruokliai","9":"first","10":"instock","11":"shipping-taxable","12":"purchasable","13":"product-type-simple"},"acf":[],"_links":{"self":[{"href":"https:\/\/store.evolve-fitness.eu\/lt\/wp-json\/wp\/v2\/product\/117123","targetHints":{"allow":["GET"]}}],"collection":[{"href":"https:\/\/store.evolve-fitness.eu\/lt\/wp-json\/wp\/v2\/product"}],"about":[{"href":"https:\/\/store.evolve-fitness.eu\/lt\/wp-json\/wp\/v2\/types\/product"}],"wp:featuredmedia":[{"embeddable":true,"href":"https:\/\/store.evolve-fitness.eu\/lt\/wp-json\/wp\/v2\/media\/117185"}],"wp:attachment":[{"href":"https:\/\/store.evolve-fitness.eu\/lt\/wp-json\/wp\/v2\/media?parent=117123"}],"wp:term":[{"taxonomy":"product_cat","embeddable":true,"href":"https:\/\/store.evolve-fitness.eu\/lt\/wp-json\/wp\/v2\/product_cat?post=117123"},{"taxonomy":"product_tag","embeddable":true,"href":"https:\/\/store.evolve-fitness.eu\/lt\/wp-json\/wp\/v2\/product_tag?post=117123"}],"curies":[{"name":"wp","href":"https:\/\/api.w.org\/{rel}","templated":true}]}}