{"id":117022,"date":"2025-03-12T07:33:11","date_gmt":"2025-03-12T07:33:11","guid":{"rendered":"https:\/\/store.evolve-fitness.eu\/?post_type=product&#038;p=117022"},"modified":"2025-09-25T11:59:25","modified_gmt":"2025-09-25T11:59:25","slug":"evolve-prime-series-vertikalus-koju-presas-naujas-modelis","status":"publish","type":"product","link":"https:\/\/store.evolve-fitness.eu\/lt\/produktas\/evolve-prime-series-vertikalus-koju-presas-naujas-modelis\/","title":{"rendered":"&#8222;Evolve Prime Series&#8221; vertikalus koj\u0173 presas Naujas modelis"},"content":{"rendered":"\n<section class=\"wp-block-group alignfull black-content has-white-color has-darkgray-background-color has-text-color has-background is-layout-constrained wp-block-group-is-layout-constrained\" style=\"padding-top:var(--wp--preset--spacing--section-bottom);padding-bottom:var(--wp--preset--spacing--section-bottom)\">\n<h3 class=\"wp-block-heading has-text-align-center\"><strong><strong>EVOLIUCIONUOJA PLOK\u0160TEL\u0116 SU PAGRINDINE \u012eKROVA<\/strong><\/strong><\/h3>\n\n\n\n<p>&#8222;Evolve Plate Loaded Prime Series&#8221; gaminiuose meistri\u0161kumas yra standartas. Pagerinkite savo j\u0117gos treniruotes su treniruokliais, sukurtais patogiai, patvariai ir na\u0161iai. I\u0161nagrin\u0117kite vis\u0105 linij\u0105 \u0161iandien ir i\u0161 naujo apibr\u0117\u017ekite savo fitneso kelion\u0119.  <\/p>\n\n\n\n<section class=\"wp-block-group alignfull black-content has-white-color has-darkgray-background-color has-text-color has-background is-layout-constrained wp-block-group-is-layout-constrained\" style=\"padding-top:var(--wp--preset--spacing--section-bottom);padding-bottom:var(--wp--preset--spacing--section-bottom)\">\n<div class=\"wp-block-columns alignwide mobile-reverse is-layout-flex wp-container-core-columns-is-layout-ca64bf2d wp-block-columns-is-layout-flex\" style=\"margin-bottom:var(--wp--preset--spacing--side-padding)\">\n<div class=\"wp-block-column is-vertically-aligned-center is-layout-flow wp-block-column-is-layout-flow\">\n<h3 class=\"wp-block-heading\" style=\"margin-bottom:var(--wp--preset--spacing--h-3-bottom)\"><strong><strong><strong>Maksimaliai pagerinkite koj\u0173 treniruotes naudodami vertikal\u0173 koj\u0173 pres\u0105<\/strong><\/strong><\/strong><\/h3>\n\n\n\n<p style=\"margin-bottom:var(--wp--preset--spacing--tb-section-padding)\"><strong>Vertikalusis koj\u0173 presas<\/strong> sukurtas taip, kad u\u017etikrint\u0173 neprilygstam\u0105 koj\u0173 treniruo\u010di\u0173 patirt\u012f, tiesiogiai ir izoliuotai treniruojant apatin\u0117s k\u016bno dalies raumenis. \u0160is treniruoklis skland\u017eiai veikia ir yra ergonomi\u0161kos konstrukcijos, tod\u0117l galite saugiai atlikti gilius, kontroliuojamus atsispaudimus, skirtus keturgalviams, \u0161launies raumenims ir s\u0117dmenims, kad pasiektum\u0117te maksimali\u0105 j\u0117g\u0105 ir vystym\u0105si. <\/p>\n\n\n\n<h3 class=\"wp-block-heading\" style=\"margin-bottom:var(--wp--preset--spacing--h-3-bottom)\"><strong><strong><strong><strong><strong>Sukurta siekiant stabilumo ir tikslumo<\/strong><\/strong><\/strong><\/strong><\/strong><\/h3>\n\n\n\n<p>Vertikalaus koj\u0173 spaudimo treniruoklio, pagaminto atsi\u017evelgiant \u012f ilgaam\u017ei\u0161kum\u0105, tvirtas r\u0117mas u\u017etikrina stabilum\u0105 visos treniruot\u0117s metu. D\u0117l kompakti\u0161ko dyd\u017eio jis idealiai tinka nam\u0173 sporto sal\u0117ms ar profesionaliems fitneso centrams, nes u\u017etikrina auk\u0161t\u0105 na\u0161um\u0105 nesuma\u017eindamas vietos. D\u0117l tikslaus koj\u0173 plok\u0161t\u0117s ir atlo\u0161o i\u0161lyginimo j\u016bs\u0173 k\u016bnas i\u0161lieka optimalioje pad\u0117tyje, kad treniruot\u0117 kaskart b\u016bt\u0173 saugi ir veiksminga.  <\/p>\n<\/div>\n\n\n\n<div class=\"wp-block-column is-vertically-aligned-center is-layout-flow wp-block-column-is-layout-flow\">\n<figure class=\"wp-block-image size-large is-resized is-style-rounded\"><img loading=\"lazy\" decoding=\"async\" width=\"1024\" height=\"1024\" src=\"https:\/\/store.evolve-fitness.eu\/wp-content\/uploads\/2025\/03\/EV-PL-PR-039-Evolve-Prime-Series-Plate-Loaded-Vertical-Leg-Press-2-1024x1024.png\" alt=\"\" class=\"wp-image-121260\" style=\"width:643px;height:706px\" srcset=\"https:\/\/store.evolve-fitness.eu\/wp-content\/uploads\/2025\/03\/EV-PL-PR-039-Evolve-Prime-Series-Plate-Loaded-Vertical-Leg-Press-2-1024x1024.png 1024w, https:\/\/store.evolve-fitness.eu\/wp-content\/uploads\/2025\/03\/EV-PL-PR-039-Evolve-Prime-Series-Plate-Loaded-Vertical-Leg-Press-2-300x300.png 300w, https:\/\/store.evolve-fitness.eu\/wp-content\/uploads\/2025\/03\/EV-PL-PR-039-Evolve-Prime-Series-Plate-Loaded-Vertical-Leg-Press-2-150x150.png 150w, https:\/\/store.evolve-fitness.eu\/wp-content\/uploads\/2025\/03\/EV-PL-PR-039-Evolve-Prime-Series-Plate-Loaded-Vertical-Leg-Press-2-768x768.png 768w, https:\/\/store.evolve-fitness.eu\/wp-content\/uploads\/2025\/03\/EV-PL-PR-039-Evolve-Prime-Series-Plate-Loaded-Vertical-Leg-Press-2-1536x1536.png 1536w, https:\/\/store.evolve-fitness.eu\/wp-content\/uploads\/2025\/03\/EV-PL-PR-039-Evolve-Prime-Series-Plate-Loaded-Vertical-Leg-Press-2-2048x2048.png 2048w, https:\/\/store.evolve-fitness.eu\/wp-content\/uploads\/2025\/03\/EV-PL-PR-039-Evolve-Prime-Series-Plate-Loaded-Vertical-Leg-Press-2-600x600.png 600w, https:\/\/store.evolve-fitness.eu\/wp-content\/uploads\/2025\/03\/EV-PL-PR-039-Evolve-Prime-Series-Plate-Loaded-Vertical-Leg-Press-2-100x100.png 100w\" sizes=\"auto, (max-width: 1024px) 100vw, 1024px\" \/><\/figure>\n<\/div>\n<\/div>\n<\/section>\n<\/section>\n","protected":false},"excerpt":{"rendered":"<p>&#8222;Evolve Prime Series&#8221; vertikalusis koj\u0173 presas (EV-PL-PR-039) yra kompakti\u0161kas, ta\u010diau galingas treniruoklis, skirtas veiksmingai apatin\u0117s k\u016bno dalies treniruotei, kurioje treniruojami keturgalviai, str\u0117n\u0173 raumenys ir s\u0117dmenys. Sukonstruotas su tvirtu, ma\u017eai vietos u\u017eiman\u010diu r\u0117mu, jis u\u017etikrina stabilum\u0105 ir ilgaam\u017ei\u0161kum\u0105 tiek nam\u0173, tiek profesionaliam naudojimui sporto sal\u0117je. D\u0117l tvirtos konstrukcijos ir d\u0117mesio saugai \u0161is treniruoklis idealiai tinka tiems, kurie nori stiprinti j\u0117g\u0105, didinti raumen\u0173 apibr\u0117\u017etum\u0105 ir bendr\u0105 apatin\u0117s k\u016bno dalies gali\u0105.  <\/p>\n","protected":false},"featured_media":121299,"template":"","meta":{"_acf_changed":false,"inline_featured_image":false},"product_cat":[129,226],"product_tag":[],"class_list":{"0":"post-117022","1":"product","2":"type-product","3":"status-publish","4":"has-post-thumbnail","6":"product_cat-laisvu-svoriu-treniruokliai","7":"product_cat-prime-series-laisvu-svoriu-treniruokliai","9":"first","10":"outofstock","11":"shipping-taxable","12":"purchasable","13":"product-type-simple"},"acf":[],"_links":{"self":[{"href":"https:\/\/store.evolve-fitness.eu\/lt\/wp-json\/wp\/v2\/product\/117022","targetHints":{"allow":["GET"]}}],"collection":[{"href":"https:\/\/store.evolve-fitness.eu\/lt\/wp-json\/wp\/v2\/product"}],"about":[{"href":"https:\/\/store.evolve-fitness.eu\/lt\/wp-json\/wp\/v2\/types\/product"}],"wp:featuredmedia":[{"embeddable":true,"href":"https:\/\/store.evolve-fitness.eu\/lt\/wp-json\/wp\/v2\/media\/121299"}],"wp:attachment":[{"href":"https:\/\/store.evolve-fitness.eu\/lt\/wp-json\/wp\/v2\/media?parent=117022"}],"wp:term":[{"taxonomy":"product_cat","embeddable":true,"href":"https:\/\/store.evolve-fitness.eu\/lt\/wp-json\/wp\/v2\/product_cat?post=117022"},{"taxonomy":"product_tag","embeddable":true,"href":"https:\/\/store.evolve-fitness.eu\/lt\/wp-json\/wp\/v2\/product_tag?post=117022"}],"curies":[{"name":"wp","href":"https:\/\/api.w.org\/{rel}","templated":true}]}}