{"id":116921,"date":"2025-03-12T06:11:43","date_gmt":"2025-03-12T06:11:43","guid":{"rendered":"https:\/\/store.evolve-fitness.eu\/?post_type=product&#038;p=116921"},"modified":"2025-09-25T11:59:18","modified_gmt":"2025-09-25T11:59:18","slug":"evolve-prime-series-plokstes-pakraunamos-horizontalios-krutines-spaudos-naujas-modelis","status":"publish","type":"product","link":"https:\/\/store.evolve-fitness.eu\/lt\/produktas\/evolve-prime-series-plokstes-pakraunamos-horizontalios-krutines-spaudos-naujas-modelis\/","title":{"rendered":"&#8222;Evolve Prime Series&#8221; plok\u0161t\u0117s pakraunamos horizontalios kr\u016btin\u0117s spaudos naujas modelis"},"content":{"rendered":"\n<section class=\"wp-block-group alignfull black-content has-white-color has-darkgray-background-color has-text-color has-background is-layout-constrained wp-block-group-is-layout-constrained\" style=\"padding-top:var(--wp--preset--spacing--section-bottom);padding-bottom:var(--wp--preset--spacing--section-bottom)\">\n<h3 class=\"wp-block-heading has-text-align-center\"><strong><strong>EVOLIUCIONUOJA PLOK\u0160TEL\u0116 SU PAGRINDINE \u012eKROVA<\/strong><\/strong><\/h3>\n\n\n\n<p>&#8222;Evolve Plate Loaded Prime Series&#8221; gaminiuose meistri\u0161kumas yra standartas. Pagerinkite savo j\u0117gos treniruotes su treniruokliais, sukurtais patogiai, patvariai ir na\u0161iai. I\u0161nagrin\u0117kite vis\u0105 linij\u0105 \u0161iandien ir i\u0161 naujo apibr\u0117\u017ekite savo fitneso kelion\u0119.  <\/p>\n\n\n\n<section class=\"wp-block-group alignfull black-content has-white-color has-darkgray-background-color has-text-color has-background is-layout-constrained wp-block-group-is-layout-constrained\" style=\"padding-top:var(--wp--preset--spacing--section-bottom);padding-bottom:var(--wp--preset--spacing--section-bottom)\">\n<div class=\"wp-block-columns alignwide mobile-reverse is-layout-flex wp-container-core-columns-is-layout-ca64bf2d wp-block-columns-is-layout-flex\" style=\"margin-bottom:var(--wp--preset--spacing--side-padding)\">\n<div class=\"wp-block-column is-vertically-aligned-center is-layout-flow wp-block-column-is-layout-flow\">\n<h3 class=\"wp-block-heading\" style=\"margin-bottom:var(--wp--preset--spacing--h-3-bottom)\"><strong><strong><strong>Efektyvios vir\u0161utin\u0117s k\u016bno dalies treniruot\u0117s<\/strong><\/strong><\/strong><\/h3>\n\n\n\n<p><strong><em><strong>Tikslingas raumen\u0173 \u012ftraukimas<\/strong><\/em><\/strong><\/p>\n\n\n\n<p style=\"margin-bottom:var(--wp--preset--spacing--tb-section-padding)\">&#8222;Evolve Prime Series&#8221; plok\u0161t\u0117mis apkrautas horizontalus kr\u016btin\u0117s presas sukurtas taip, kad efektyviai veikt\u0173 kr\u016btin\u0119, pe\u010dius ir tricepsus. Naudodami patogi\u0105 reguliavimo sistem\u0105, naudotojai gali lengvai nustatyti ir keisti pratimus, taip u\u017etikrindami \u012fvairiapus\u0119 treniruo\u010di\u0173 patirt\u012f. <\/p>\n\n\n\n<h3 class=\"wp-block-heading\" style=\"margin-bottom:var(--wp--preset--spacing--h-3-bottom)\"><strong><strong><strong><strong><strong>Auk\u0161\u010diausios kokyb\u0117s funkcijos<\/strong><\/strong><\/strong><\/strong><\/strong><\/h3>\n\n\n\n<p><strong><em>Ilgaam\u017ei\u0161kumas ir erdv\u0117s efektyvumas<\/em><\/strong><\/p>\n\n\n\n<p>\u0160i ma\u0161ina pagaminta i\u0161 auk\u0161tos kokyb\u0117s didelio atsparumo audinio ir ner\u016bdijan\u010dio plieno aparat\u016bros, tod\u0117l garantuoja ilgalaik\u012f naudojim\u0105. Termoreaktyvi\u0173j\u0173 milteli\u0173 elektrostatinio pur\u0161kimo technologija u\u017etikrina patvari\u0105 apdail\u0105, i\u0161laikan\u010di\u0105 \u012frangos i\u0161vaizd\u0105. <\/p>\n<\/div>\n\n\n\n<div class=\"wp-block-column is-vertically-aligned-center is-layout-flow wp-block-column-is-layout-flow\">\n<figure class=\"wp-block-image size-large\"><img loading=\"lazy\" decoding=\"async\" width=\"1024\" height=\"1024\" src=\"https:\/\/store.evolve-fitness.eu\/wp-content\/uploads\/2025\/03\/EV-PL-PR-028-Evolve-Prime-Series-Plate-Loaded-Iso-Lateral-Horizontal-Bench-Press-Recovered-2-1024x1024.png\" alt=\"\" class=\"wp-image-121185\" srcset=\"https:\/\/store.evolve-fitness.eu\/wp-content\/uploads\/2025\/03\/EV-PL-PR-028-Evolve-Prime-Series-Plate-Loaded-Iso-Lateral-Horizontal-Bench-Press-Recovered-2-1024x1024.png 1024w, https:\/\/store.evolve-fitness.eu\/wp-content\/uploads\/2025\/03\/EV-PL-PR-028-Evolve-Prime-Series-Plate-Loaded-Iso-Lateral-Horizontal-Bench-Press-Recovered-2-300x300.png 300w, https:\/\/store.evolve-fitness.eu\/wp-content\/uploads\/2025\/03\/EV-PL-PR-028-Evolve-Prime-Series-Plate-Loaded-Iso-Lateral-Horizontal-Bench-Press-Recovered-2-150x150.png 150w, https:\/\/store.evolve-fitness.eu\/wp-content\/uploads\/2025\/03\/EV-PL-PR-028-Evolve-Prime-Series-Plate-Loaded-Iso-Lateral-Horizontal-Bench-Press-Recovered-2-768x768.png 768w, https:\/\/store.evolve-fitness.eu\/wp-content\/uploads\/2025\/03\/EV-PL-PR-028-Evolve-Prime-Series-Plate-Loaded-Iso-Lateral-Horizontal-Bench-Press-Recovered-2-1536x1536.png 1536w, https:\/\/store.evolve-fitness.eu\/wp-content\/uploads\/2025\/03\/EV-PL-PR-028-Evolve-Prime-Series-Plate-Loaded-Iso-Lateral-Horizontal-Bench-Press-Recovered-2-2048x2048.png 2048w, https:\/\/store.evolve-fitness.eu\/wp-content\/uploads\/2025\/03\/EV-PL-PR-028-Evolve-Prime-Series-Plate-Loaded-Iso-Lateral-Horizontal-Bench-Press-Recovered-2-600x600.png 600w, https:\/\/store.evolve-fitness.eu\/wp-content\/uploads\/2025\/03\/EV-PL-PR-028-Evolve-Prime-Series-Plate-Loaded-Iso-Lateral-Horizontal-Bench-Press-Recovered-2-100x100.png 100w\" sizes=\"auto, (max-width: 1024px) 100vw, 1024px\" \/><\/figure>\n<\/div>\n<\/div>\n<\/section>\n<\/section>\n","protected":false},"excerpt":{"rendered":"<p>&#8222;Evolve Prime Series&#8221; horizontalus kr\u016btin\u0117s presas su plok\u0161t\u0117mis (EV-PL-PR-028) yra auk\u0161tos klas\u0117s treniruoklis, skirtas optimizuoti vir\u0161utin\u0117s k\u016bno dalies treniruotes. \u0160is treniruoklis pagamintas i\u0161 komercin\u0117s klas\u0117s med\u017eiag\u0173, tod\u0117l u\u017etikrina patogum\u0105, ilgaam\u017ei\u0161kum\u0105 ir na\u0161um\u0105. D\u0117l ergonomi\u0161ko dizaino ir reguliuojam\u0173 funkcij\u0173 jis idealiai tinka vis\u0173 fizinio pasirengimo lygi\u0173 naudotojams, puikiai tinka profesionalioms treniruokli\u0173 sal\u0117ms.  <\/p>\n","protected":false},"featured_media":121224,"template":"","meta":{"_acf_changed":false,"inline_featured_image":false},"product_cat":[129,226],"product_tag":[],"class_list":{"0":"post-116921","1":"product","2":"type-product","3":"status-publish","4":"has-post-thumbnail","6":"product_cat-laisvu-svoriu-treniruokliai","7":"product_cat-prime-series-laisvu-svoriu-treniruokliai","9":"first","10":"instock","11":"shipping-taxable","12":"purchasable","13":"product-type-simple"},"acf":[],"_links":{"self":[{"href":"https:\/\/store.evolve-fitness.eu\/lt\/wp-json\/wp\/v2\/product\/116921","targetHints":{"allow":["GET"]}}],"collection":[{"href":"https:\/\/store.evolve-fitness.eu\/lt\/wp-json\/wp\/v2\/product"}],"about":[{"href":"https:\/\/store.evolve-fitness.eu\/lt\/wp-json\/wp\/v2\/types\/product"}],"wp:featuredmedia":[{"embeddable":true,"href":"https:\/\/store.evolve-fitness.eu\/lt\/wp-json\/wp\/v2\/media\/121224"}],"wp:attachment":[{"href":"https:\/\/store.evolve-fitness.eu\/lt\/wp-json\/wp\/v2\/media?parent=116921"}],"wp:term":[{"taxonomy":"product_cat","embeddable":true,"href":"https:\/\/store.evolve-fitness.eu\/lt\/wp-json\/wp\/v2\/product_cat?post=116921"},{"taxonomy":"product_tag","embeddable":true,"href":"https:\/\/store.evolve-fitness.eu\/lt\/wp-json\/wp\/v2\/product_tag?post=116921"}],"curies":[{"name":"wp","href":"https:\/\/api.w.org\/{rel}","templated":true}]}}