{"id":116745,"date":"2025-03-10T13:42:02","date_gmt":"2025-03-10T13:42:02","guid":{"rendered":"https:\/\/store.evolve-fitness.eu\/?post_type=product&#038;p=116745"},"modified":"2025-10-31T12:33:52","modified_gmt":"2025-10-31T12:33:52","slug":"evolve-prime-series-plokstes-pakrauta-sumazejusi-krutines-lasta","status":"publish","type":"product","link":"https:\/\/store.evolve-fitness.eu\/lt\/produktas\/evolve-prime-series-plokstes-pakrauta-sumazejusi-krutines-lasta\/","title":{"rendered":"&#8222;Evolve Prime Series&#8221; plok\u0161t\u0117s pakrautas kr\u016bties spaudimas (PR-026)"},"content":{"rendered":"\n<section class=\"wp-block-group alignfull black-content has-white-color has-darkgray-background-color has-text-color has-background is-layout-constrained wp-block-group-is-layout-constrained\" style=\"padding-top:var(--wp--preset--spacing--section-bottom);padding-bottom:var(--wp--preset--spacing--section-bottom)\">\n<h3 class=\"wp-block-heading has-text-align-center\"><strong><strong>EVOLIUCIONUOJA PLOK\u0160TEL\u0116 SU PAGRINDINE \u012eKROVA<\/strong><\/strong><\/h3>\n\n\n\n<p>&#8222;Evolve Plate Loaded Prime Series&#8221; gaminiuose meistri\u0161kumas yra standartas. Pagerinkite savo j\u0117gos treniruotes su treniruokliais, sukurtais patogiai, patvariai ir na\u0161iai. I\u0161nagrin\u0117kite vis\u0105 linij\u0105 \u0161iandien ir i\u0161 naujo apibr\u0117\u017ekite savo fitneso kelion\u0119.  <\/p>\n\n\n\n<section class=\"wp-block-group alignfull black-content has-white-color has-darkgray-background-color has-text-color has-background is-layout-constrained wp-block-group-is-layout-constrained\" style=\"padding-top:var(--wp--preset--spacing--section-bottom);padding-bottom:var(--wp--preset--spacing--section-bottom)\">\n<div class=\"wp-block-columns alignwide mobile-reverse is-layout-flex wp-container-core-columns-is-layout-ca64bf2d wp-block-columns-is-layout-flex\" style=\"margin-bottom:var(--wp--preset--spacing--side-padding)\">\n<div class=\"wp-block-column is-vertically-aligned-center is-layout-flow wp-block-column-is-layout-flow\">\n<h3 class=\"wp-block-heading\" style=\"margin-bottom:var(--wp--preset--spacing--h-3-bottom)\"><strong><strong><strong><strong>&#8222;Evolve Prime Series&#8221; plok\u0161t\u0117s pakrauta suma\u017e\u0117jusi kr\u016btin\u0117s l\u0105sta<\/strong><\/strong><\/strong><\/strong><\/h3>\n\n\n\n<p><strong><em><strong><strong><strong><strong>Maksimaliai padidinkite apatin\u0117s kr\u016btin\u0117s dalies j\u0117g\u0105, naudodami puiki\u0105 biomechanik\u0105<\/strong><\/strong><\/strong><\/strong><\/em><\/strong><\/p>\n\n\n\n<p style=\"margin-bottom:var(--wp--preset--spacing--tb-section-padding)\">&#8221; <strong>Evolve Prime Series&#8221; plok\u0161t\u0117mis apkrautas kr\u016bties spaudimo trenir<\/strong> uoklis sukurtas taip, kad efektyviai veikt\u0173 apatin\u0119 kr\u016btin\u0117s l\u0105stos dal\u012f ir u\u017etikrint\u0173 nat\u016bral\u0173 bei kontroliuojam\u0105 spaudimo judes\u012f. Ergonomi\u0161ka s\u0117dyn\u0117, kampu pakreiptas atlo\u0161as ir plok\u0161tel\u0117mis apkrauta pasiprie\u0161inimo sistema leid\u017eia optimaliai \u012fdarbinti raumenis ir suma\u017einti s\u0105nari\u0173 apkrov\u0105. Nepriklausomas rank\u0173 jud\u0117jimas skatina subalansuot\u0105 vystym\u0105si, o tvirtas r\u0117mas u\u017etikrina ilgaam\u017ei\u0161kum\u0105 ir stabilum\u0105, tod\u0117l \u0161is treniruoklis yra esminis progresyvaus j\u0117gos lavinimo \u012frankis.  <\/p>\n\n\n\n<h3 class=\"wp-block-heading\" style=\"margin-bottom:var(--wp--preset--spacing--h-3-bottom)\"><strong><strong><strong><strong><strong><strong>Padidinkite savo apatin\u0117s kr\u016btin\u0117s apibr\u0117\u017eim\u0105<\/strong><\/strong><\/strong><\/strong><\/strong><\/strong><\/h3>\n\n\n\n<p><strong><em><strong>Sklandus, kontroliuojamas judesys maksimaliai suaktyvina raumenis<\/strong><\/em><\/strong><\/p>\n\n\n\n<p>&#8221; <strong>Evolve Prime Series&#8221; plok\u0161t\u0117mis apkrautas kr\u016bties spaudimo treniruoklis &#8222;Decline Chest Press&#8221;<\/strong> leid\u017eia naudotojams i\u0161vystyti sprogstam\u0105j\u0105 spaudimo j\u0117g\u0105 naudojant biomechani\u0161kai optimizuot\u0105 keli\u0105. Plok\u0161tel\u0117mis apkrauta sistema leid\u017eia pritaikyti pasiprie\u0161inimo lygius, tod\u0117l tinka tiek pradedantiesiems, tiek pa\u017eengusiems. Jos strategi\u0161kai suprojektuotas kritimo kampas didina apatin\u0117s kr\u016btin\u0117s l\u0105stos dalies aktyvacij\u0105 ir kartu ma\u017eina nereikaling\u0105 pe\u010di\u0173 apkrov\u0105. Nesvarbu, ar j\u016bs\u0173 tikslas yra j\u0117ga, raumen\u0173 augimas, ar i\u0161tverm\u0117, \u0161is treniruoklis u\u017etikrina labai veiksming\u0105 apatin\u0117s kr\u016btin\u0117s dalies treniruot\u0119 su skland\u017eiu ir efektyviu pasiprie\u0161inimu.   <\/p>\n<\/div>\n\n\n\n<div class=\"wp-block-column is-vertically-aligned-center is-layout-flow wp-block-column-is-layout-flow\">\n<figure class=\"wp-block-image size-large is-resized is-style-rounded\"><img loading=\"lazy\" decoding=\"async\" width=\"1024\" height=\"1024\" src=\"https:\/\/store.evolve-fitness.eu\/wp-content\/uploads\/2025\/03\/EV-PL-PR-026-Evolve-Prime-Series-Plate-Loaded-Decline-Chest-Press-Recovered-2-1024x1024.png\" alt=\"\" class=\"wp-image-121035\" style=\"width:643px;height:706px\" srcset=\"https:\/\/store.evolve-fitness.eu\/wp-content\/uploads\/2025\/03\/EV-PL-PR-026-Evolve-Prime-Series-Plate-Loaded-Decline-Chest-Press-Recovered-2-1024x1024.png 1024w, https:\/\/store.evolve-fitness.eu\/wp-content\/uploads\/2025\/03\/EV-PL-PR-026-Evolve-Prime-Series-Plate-Loaded-Decline-Chest-Press-Recovered-2-300x300.png 300w, https:\/\/store.evolve-fitness.eu\/wp-content\/uploads\/2025\/03\/EV-PL-PR-026-Evolve-Prime-Series-Plate-Loaded-Decline-Chest-Press-Recovered-2-150x150.png 150w, https:\/\/store.evolve-fitness.eu\/wp-content\/uploads\/2025\/03\/EV-PL-PR-026-Evolve-Prime-Series-Plate-Loaded-Decline-Chest-Press-Recovered-2-768x768.png 768w, https:\/\/store.evolve-fitness.eu\/wp-content\/uploads\/2025\/03\/EV-PL-PR-026-Evolve-Prime-Series-Plate-Loaded-Decline-Chest-Press-Recovered-2-1536x1536.png 1536w, https:\/\/store.evolve-fitness.eu\/wp-content\/uploads\/2025\/03\/EV-PL-PR-026-Evolve-Prime-Series-Plate-Loaded-Decline-Chest-Press-Recovered-2-2048x2048.png 2048w, https:\/\/store.evolve-fitness.eu\/wp-content\/uploads\/2025\/03\/EV-PL-PR-026-Evolve-Prime-Series-Plate-Loaded-Decline-Chest-Press-Recovered-2-600x600.png 600w, https:\/\/store.evolve-fitness.eu\/wp-content\/uploads\/2025\/03\/EV-PL-PR-026-Evolve-Prime-Series-Plate-Loaded-Decline-Chest-Press-Recovered-2-100x100.png 100w\" sizes=\"auto, (max-width: 1024px) 100vw, 1024px\" \/><\/figure>\n<\/div>\n<\/div>\n<\/section>\n<\/section>\n","protected":false},"excerpt":{"rendered":"<p>&#8222;Evolve Prime Series&#8221; plok\u0161t\u0117mis apkrautas kr\u016bties spaudimo treniruoklis yra skirtas apatiniams kr\u016btin\u0117s raumenims treniruoti, atliekant skland\u0173 ir kontroliuojam\u0105 spaudimo judes\u012f. \u0160is treniruoklis turi tvirt\u0105 r\u0117m\u0105, ergonomi\u0161k\u0105 s\u0117dyn\u0119 ir plok\u0161teli\u0173 pasiprie\u0161inimo sistem\u0105, tod\u0117l jo intensyvumas gali b\u016bti pritaikomas visiems fizinio pasirengimo lygiams. Idealiai tinka vir\u0161utin\u0117s k\u016bno dalies j\u0117gai ugdyti, u\u017etikrina veiksming\u0105 raumen\u0173 aktyvinim\u0105, o treniruot\u0117s metu u\u017etikrina stabilum\u0105 ir patogum\u0105. Puikiai tinka kr\u016btin\u0117s apibr\u0117\u017eimui ir bendrai vir\u0161utin\u0117s k\u016bno dalies galiai didinti.   <\/p>\n","protected":false},"featured_media":121074,"template":"","meta":{"_acf_changed":false,"inline_featured_image":false},"product_cat":[129,226],"product_tag":[],"class_list":{"0":"post-116745","1":"product","2":"type-product","3":"status-publish","4":"has-post-thumbnail","6":"product_cat-laisvu-svoriu-treniruokliai","7":"product_cat-prime-series-laisvu-svoriu-treniruokliai","9":"first","10":"instock","11":"shipping-taxable","12":"purchasable","13":"product-type-simple"},"acf":[],"_links":{"self":[{"href":"https:\/\/store.evolve-fitness.eu\/lt\/wp-json\/wp\/v2\/product\/116745","targetHints":{"allow":["GET"]}}],"collection":[{"href":"https:\/\/store.evolve-fitness.eu\/lt\/wp-json\/wp\/v2\/product"}],"about":[{"href":"https:\/\/store.evolve-fitness.eu\/lt\/wp-json\/wp\/v2\/types\/product"}],"wp:featuredmedia":[{"embeddable":true,"href":"https:\/\/store.evolve-fitness.eu\/lt\/wp-json\/wp\/v2\/media\/121074"}],"wp:attachment":[{"href":"https:\/\/store.evolve-fitness.eu\/lt\/wp-json\/wp\/v2\/media?parent=116745"}],"wp:term":[{"taxonomy":"product_cat","embeddable":true,"href":"https:\/\/store.evolve-fitness.eu\/lt\/wp-json\/wp\/v2\/product_cat?post=116745"},{"taxonomy":"product_tag","embeddable":true,"href":"https:\/\/store.evolve-fitness.eu\/lt\/wp-json\/wp\/v2\/product_tag?post=116745"}],"curies":[{"name":"wp","href":"https:\/\/api.w.org\/{rel}","templated":true}]}}