{"id":116469,"date":"2025-03-10T13:08:39","date_gmt":"2025-03-10T13:08:39","guid":{"rendered":"https:\/\/store.evolve-fitness.eu\/?post_type=product&#038;p=116469"},"modified":"2025-03-27T09:14:19","modified_gmt":"2025-03-27T09:14:19","slug":"evolve-prime-series-plokstes-pakrautas-peciu-presas","status":"publish","type":"product","link":"https:\/\/store.evolve-fitness.eu\/lt\/produktas\/evolve-prime-series-plokstes-pakrautas-peciu-presas\/","title":{"rendered":"&#8222;Evolve Prime Series&#8221; plok\u0161t\u0117s pakrautas pe\u010di\u0173 presas"},"content":{"rendered":"\n<section class=\"wp-block-group alignfull black-content has-white-color has-darkgray-background-color has-text-color has-background is-layout-constrained wp-block-group-is-layout-constrained\" style=\"padding-top:var(--wp--preset--spacing--section-bottom);padding-bottom:var(--wp--preset--spacing--section-bottom)\">\n<h3 class=\"wp-block-heading has-text-align-center\"><strong><strong>EVOLIUCIONUOJA PLOK\u0160TEL\u0116 SU PAGRINDINE \u012eKROVA<\/strong><\/strong><\/h3>\n\n\n\n<p>&#8222;Evolve Plate Loaded Prime Series&#8221; gaminiuose meistri\u0161kumas yra standartas. Pagerinkite savo j\u0117gos treniruotes su treniruokliais, sukurtais patogiai, patvariai ir na\u0161iai. I\u0161nagrin\u0117kite vis\u0105 linij\u0105 \u0161iandien ir i\u0161 naujo apibr\u0117\u017ekite savo fitneso kelion\u0119.  <\/p>\n\n\n\n<section class=\"wp-block-group alignfull black-content has-white-color has-darkgray-background-color has-text-color has-background is-layout-constrained wp-block-group-is-layout-constrained\" style=\"padding-top:var(--wp--preset--spacing--section-bottom);padding-bottom:var(--wp--preset--spacing--section-bottom)\">\n<div class=\"wp-block-columns alignwide mobile-reverse is-layout-flex wp-container-core-columns-is-layout-ca64bf2d wp-block-columns-is-layout-flex\" style=\"margin-bottom:var(--wp--preset--spacing--side-padding)\">\n<div class=\"wp-block-column is-vertically-aligned-center is-layout-flow wp-block-column-is-layout-flow\">\n<h3 class=\"wp-block-heading\" style=\"margin-bottom:var(--wp--preset--spacing--h-3-bottom)\"><strong><strong><strong>&#8222;Evolve Prime Series&#8221; plok\u0161t\u0117s pakrautas pe\u010di\u0173 presas<\/strong><\/strong><\/strong><\/h3>\n\n\n\n<p><strong><em><strong><strong><strong>Padidinkite pe\u010di\u0173 j\u0117g\u0105 ir padidinkite tikslum\u0105 bei gali\u0105<\/strong><\/strong><\/strong><\/em><\/strong><\/p>\n\n\n\n<p style=\"margin-bottom:var(--wp--preset--spacing--tb-section-padding)\">&#8221; <strong>Evolve Prime Series&#8221; plok\u0161tele apkrautas pe\u010di\u0173 presas<\/strong> skirtas kontroliuojamai ir efektyviai vir\u0161utin\u0117s k\u016bno dalies treniruotei, orientuotai \u012f deltinius raumenis, tricepsus ir vir\u0161utin\u0119 kr\u016btin\u0117s dal\u012f. Ergonomi\u0161ka s\u0117dyn\u0117, nepriklausomas rank\u0173 jud\u0117jimas ir plok\u0161teli\u0173 pasiprie\u0161inimo sistema leid\u017eia atlikti nat\u016bralius spaudimo judesius ir kuo ma\u017eiau apkrauti s\u0105narius. Tvirta konstrukcija u\u017etikrina ilgaam\u017ei\u0161kum\u0105, tod\u0117l \u0161is treniruoklis yra b\u016btinas bet kurios j\u0117gos treniruo\u010di\u0173 programos priedas. Nesvarbu, ar siekiate raumen\u0173 augimo, geresn\u0117s i\u0161tverm\u0117s, ar didesnio pe\u010di\u0173 stabilumo, \u0161is treniruoklis puikiai derina j\u0117g\u0105 ir tikslum\u0105.   <\/p>\n\n\n\n<h3 class=\"wp-block-heading\" style=\"margin-bottom:var(--wp--preset--spacing--h-3-bottom)\"><strong><strong><strong><strong><strong>Maksimaliai padidinkite pe\u010di\u0173 vystym\u0105si<\/strong><\/strong><\/strong><\/strong><\/strong><\/h3>\n\n\n\n<p><strong><em>Biomechani\u0161kai optimizuotas stiprumas ir saugumas<\/em><\/strong><\/p>\n\n\n\n<p>&#8221; <strong>Evolve Prime Series&#8221; pe\u010di\u0173 spaudimo \u012frenginys su plok\u0161tel\u0117mis<\/strong> pasi\u017eymi skland\u017eiu ir valdomu judesio keliu, u\u017etikrinan\u010diu tolyg\u0173 raumen\u0173 \u012ftempim\u0105 visame judesio diapazone. Reguliuojama s\u0117dyn\u0117 ir kelios rankenos pad\u0117tys leid\u017eia pritaikyti treniruotes skirtingiems k\u016bno tipams ir treniruo\u010di\u0173 pageidavimams. Plok\u0161t\u0117mis apkrauta sistema palaiko laipsni\u0161k\u0105 perkrov\u0105, tod\u0117l tinka ir pradedantiesiems, ir pa\u017eengusiems. \u0160is pe\u010di\u0173 spaudimo treniruoklis, sukurtas stabilumui ir na\u0161umui u\u017etikrinti, yra ideali priemon\u0117 stipriems, gerai suformuotiems pe\u010diams formuoti, naudojant kontroliuojam\u0105 ir veiksming\u0105 pasiprie\u0161inim\u0105.   <\/p>\n<\/div>\n\n\n\n<div class=\"wp-block-column is-vertically-aligned-center is-layout-flow wp-block-column-is-layout-flow\">\n<figure class=\"wp-block-image size-large is-resized is-style-rounded\"><img loading=\"lazy\" decoding=\"async\" width=\"1024\" height=\"1024\" src=\"https:\/\/store.evolve-fitness.eu\/wp-content\/uploads\/2025\/03\/EV-PL-PR-024-Evolve-Prime-Series-Plate-Loaded-Shoulder-Press-Recovered-2-1024x1024.png\" alt=\"\" class=\"wp-image-116542\" style=\"width:643px;height:706px\" srcset=\"https:\/\/store.evolve-fitness.eu\/wp-content\/uploads\/2025\/03\/EV-PL-PR-024-Evolve-Prime-Series-Plate-Loaded-Shoulder-Press-Recovered-2-1024x1024.png 1024w, https:\/\/store.evolve-fitness.eu\/wp-content\/uploads\/2025\/03\/EV-PL-PR-024-Evolve-Prime-Series-Plate-Loaded-Shoulder-Press-Recovered-2-300x300.png 300w, https:\/\/store.evolve-fitness.eu\/wp-content\/uploads\/2025\/03\/EV-PL-PR-024-Evolve-Prime-Series-Plate-Loaded-Shoulder-Press-Recovered-2-150x150.png 150w, https:\/\/store.evolve-fitness.eu\/wp-content\/uploads\/2025\/03\/EV-PL-PR-024-Evolve-Prime-Series-Plate-Loaded-Shoulder-Press-Recovered-2-768x768.png 768w, https:\/\/store.evolve-fitness.eu\/wp-content\/uploads\/2025\/03\/EV-PL-PR-024-Evolve-Prime-Series-Plate-Loaded-Shoulder-Press-Recovered-2-1536x1536.png 1536w, https:\/\/store.evolve-fitness.eu\/wp-content\/uploads\/2025\/03\/EV-PL-PR-024-Evolve-Prime-Series-Plate-Loaded-Shoulder-Press-Recovered-2-2048x2048.png 2048w, https:\/\/store.evolve-fitness.eu\/wp-content\/uploads\/2025\/03\/EV-PL-PR-024-Evolve-Prime-Series-Plate-Loaded-Shoulder-Press-Recovered-2-600x600.png 600w, https:\/\/store.evolve-fitness.eu\/wp-content\/uploads\/2025\/03\/EV-PL-PR-024-Evolve-Prime-Series-Plate-Loaded-Shoulder-Press-Recovered-2-100x100.png 100w\" sizes=\"auto, (max-width: 1024px) 100vw, 1024px\" \/><\/figure>\n<\/div>\n<\/div>\n<\/section>\n<\/section>\n","protected":false},"excerpt":{"rendered":"<p>&#8222;Evolve Prime Series&#8221; plok\u0161tele apkrautas pe\u010di\u0173 presas skirtas kontroliuojamai ir efektyviai vir\u0161utin\u0117s k\u016bno dalies treniruotei, orientuotai \u012f deltinius raumenis, tricepsus ir vir\u0161utin\u0119 kr\u016btin\u0117s dal\u012f. Ergonomi\u0161ka s\u0117dyn\u0117, nepriklausomas rank\u0173 jud\u0117jimas ir plok\u0161teli\u0173 pasiprie\u0161inimo sistema leid\u017eia atlikti nat\u016bralius spaudimo judesius ir kuo ma\u017eiau apkrauti s\u0105narius. Tvirta konstrukcija u\u017etikrina ilgaam\u017ei\u0161kum\u0105, tod\u0117l \u0161is treniruoklis yra b\u016btinas bet kurios j\u0117gos treniruo\u010di\u0173 programos priedas. Nesvarbu, ar siekiate raumen\u0173 augimo, geresn\u0117s i\u0161tverm\u0117s, ar pe\u010di\u0173 stabilumo, \u0161is treniruoklis &#8211; puikus galios ir tikslumo derinys.   <\/p>\n","protected":false},"featured_media":116506,"template":"","meta":{"_acf_changed":false,"inline_featured_image":false},"product_cat":[129,226],"product_tag":[],"class_list":{"0":"post-116469","1":"product","2":"type-product","3":"status-publish","4":"has-post-thumbnail","6":"product_cat-laisvu-svoriu-treniruokliai","7":"product_cat-prime-series-laisvu-svoriu-treniruokliai","9":"first","10":"instock","11":"shipping-taxable","12":"purchasable","13":"product-type-simple"},"acf":[],"_links":{"self":[{"href":"https:\/\/store.evolve-fitness.eu\/lt\/wp-json\/wp\/v2\/product\/116469","targetHints":{"allow":["GET"]}}],"collection":[{"href":"https:\/\/store.evolve-fitness.eu\/lt\/wp-json\/wp\/v2\/product"}],"about":[{"href":"https:\/\/store.evolve-fitness.eu\/lt\/wp-json\/wp\/v2\/types\/product"}],"wp:featuredmedia":[{"embeddable":true,"href":"https:\/\/store.evolve-fitness.eu\/lt\/wp-json\/wp\/v2\/media\/116506"}],"wp:attachment":[{"href":"https:\/\/store.evolve-fitness.eu\/lt\/wp-json\/wp\/v2\/media?parent=116469"}],"wp:term":[{"taxonomy":"product_cat","embeddable":true,"href":"https:\/\/store.evolve-fitness.eu\/lt\/wp-json\/wp\/v2\/product_cat?post=116469"},{"taxonomy":"product_tag","embeddable":true,"href":"https:\/\/store.evolve-fitness.eu\/lt\/wp-json\/wp\/v2\/product_tag?post=116469"}],"curies":[{"name":"wp","href":"https:\/\/api.w.org\/{rel}","templated":true}]}}