{"id":116369,"date":"2025-03-10T12:54:29","date_gmt":"2025-03-10T12:54:29","guid":{"rendered":"https:\/\/store.evolve-fitness.eu\/?post_type=product&#038;p=116369"},"modified":"2025-09-25T11:58:20","modified_gmt":"2025-09-25T11:58:20","slug":"evolve-prime-series-plokstes-pakrauta-sedima-blauzdos-pakelimas","status":"publish","type":"product","link":"https:\/\/store.evolve-fitness.eu\/lt\/produktas\/evolve-prime-series-plokstes-pakrauta-sedima-blauzdos-pakelimas\/","title":{"rendered":"&#8222;Evolve Prime Series&#8221; plok\u0161t\u0117s pakrauta s\u0117dima blauzdos pak\u0117limas"},"content":{"rendered":"\n<section class=\"wp-block-group alignfull black-content has-white-color has-darkgray-background-color has-text-color has-background is-layout-constrained wp-block-group-is-layout-constrained\" style=\"padding-top:var(--wp--preset--spacing--section-bottom);padding-bottom:var(--wp--preset--spacing--section-bottom)\">\n<h3 class=\"wp-block-heading has-text-align-center\"><strong><strong>EVOLIUCIONUOJA PLOK\u0160TEL\u0116 SU PAGRINDINE \u012eKROVA<\/strong><\/strong><\/h3>\n\n\n\n<p>&#8222;Evolve Plate Loaded Prime Series&#8221; gaminiuose meistri\u0161kumas yra standartas. Pagerinkite savo j\u0117gos treniruotes su treniruokliais, sukurtais patogiai, patvariai ir na\u0161iai. I\u0161nagrin\u0117kite vis\u0105 linij\u0105 \u0161iandien ir i\u0161 naujo apibr\u0117\u017ekite savo fitneso kelion\u0119.  <\/p>\n\n\n\n<section class=\"wp-block-group alignfull black-content has-white-color has-darkgray-background-color has-text-color has-background is-layout-constrained wp-block-group-is-layout-constrained\" style=\"padding-top:var(--wp--preset--spacing--section-bottom);padding-bottom:var(--wp--preset--spacing--section-bottom)\">\n<div class=\"wp-block-columns alignwide mobile-reverse is-layout-flex wp-container-core-columns-is-layout-ca64bf2d wp-block-columns-is-layout-flex\" style=\"margin-bottom:var(--wp--preset--spacing--side-padding)\">\n<div class=\"wp-block-column is-vertically-aligned-center is-layout-flow wp-block-column-is-layout-flow\">\n<h3 class=\"wp-block-heading\" style=\"margin-bottom:var(--wp--preset--spacing--h-3-bottom)\"><strong><strong><strong>&#8222;Evolve Prime Series&#8221; plok\u0161t\u0117s pakrauta s\u0117dima blauzdos pak\u0117limas<\/strong><\/strong><\/strong><\/h3>\n\n\n\n<p><strong><em><strong><strong>Stipresni\u0173 ir apibr\u0117\u017et\u0173 blauzd\u0173 formavimas su tiksliu pasiprie\u0161inimu<\/strong><\/strong><\/em><\/strong><\/p>\n\n\n\n<p style=\"margin-bottom:var(--wp--preset--spacing--tb-section-padding)\">&#8221; <strong>Evolve Prime Series&#8221; serijos &#8222;Plate Loaded Seated Calf Raise&#8221;<\/strong> treniruoklis skirtas efektyviai nukreipti ir stiprinti pado raumenis, taip u\u017etikrinant puik\u0173 blauzd\u0173 vystym\u0105si. Ergonomi\u0161ka s\u0117dyn\u0117, reguliuojamos \u0161laun\u0173 pagalv\u0117l\u0117s ir tolygi plok\u0161teli\u0173 pasiprie\u0161inimo sistema u\u017etikrina optimali\u0105 biomechanik\u0105, kad blauzdos susitraukimai b\u016bt\u0173 kontroliuojami ir stipr\u016bs. Sukurtas d\u0117l stabilumo ir patvarumo, jis leid\u017eia naudotojams palaipsniui apkrauti blauzd\u0173 raumenis, tod\u0117l yra b\u016btinas bet kokios j\u0117gos treniruo\u010di\u0173 programos priedas.  <\/p>\n\n\n\n<h3 class=\"wp-block-heading\" style=\"margin-bottom:var(--wp--preset--spacing--h-3-bottom)\"><strong><strong><strong><strong><strong>Didinkite blauzd\u0173 j\u0117g\u0105 ir i\u0161tverm\u0119<\/strong><\/strong><\/strong><\/strong><\/strong><\/h3>\n\n\n\n<p><strong><em>Sklandus, kontroliuojamas judesys efektyviam raumen\u0173 aktyvinimui<\/em><\/strong><\/p>\n\n\n\n<p>&#8221; <strong>Evolve Prime Series&#8221; plok\u0161t\u0117mis apkrautas s\u0117dimas blauzd\u0173 pak\u0117limas<\/strong> suteikia patogi\u0105, bet galing\u0105 treniruo\u010di\u0173 patirt\u012f, leid\u017eian\u010di\u0105 vartotojams tiksliai izoliuoti ir treniruoti blauzdas. Tvirta p\u0117d\u0173 platforma u\u017etikrina tinkam\u0105 p\u0117d\u0173 pad\u0117t\u012f, o plok\u0161teli\u0173 mechanizmas leid\u017eia pritaikyti pasiprie\u0161inim\u0105 visiems fizinio pasirengimo lygiams. Nesvarbu, ar norite pagerinti sportinius rezultatus, padidinti apatin\u0117s koj\u0173 dalies apibr\u0117\u017etum\u0105, ar padidinti i\u0161tverm\u0119, \u0161is treniruoklis u\u017etikrina labai veiksming\u0105 ir efektyvi\u0105 blauzd\u0173 treniruot\u0119.  <\/p>\n<\/div>\n\n\n\n<div class=\"wp-block-column is-vertically-aligned-center is-layout-flow wp-block-column-is-layout-flow\">\n<figure class=\"wp-block-image size-large is-resized is-style-rounded\"><img loading=\"lazy\" decoding=\"async\" width=\"1024\" height=\"1024\" src=\"https:\/\/store.evolve-fitness.eu\/wp-content\/uploads\/2025\/03\/EV-PL-PR-023-Evolve-Prime-Series-Plate-Loaded-Seated-Calf-Raise-Recovered-2-1024x1024.png\" alt=\"\" class=\"wp-image-120858\" style=\"width:643px;height:706px\" srcset=\"https:\/\/store.evolve-fitness.eu\/wp-content\/uploads\/2025\/03\/EV-PL-PR-023-Evolve-Prime-Series-Plate-Loaded-Seated-Calf-Raise-Recovered-2-1024x1024.png 1024w, https:\/\/store.evolve-fitness.eu\/wp-content\/uploads\/2025\/03\/EV-PL-PR-023-Evolve-Prime-Series-Plate-Loaded-Seated-Calf-Raise-Recovered-2-300x300.png 300w, https:\/\/store.evolve-fitness.eu\/wp-content\/uploads\/2025\/03\/EV-PL-PR-023-Evolve-Prime-Series-Plate-Loaded-Seated-Calf-Raise-Recovered-2-150x150.png 150w, https:\/\/store.evolve-fitness.eu\/wp-content\/uploads\/2025\/03\/EV-PL-PR-023-Evolve-Prime-Series-Plate-Loaded-Seated-Calf-Raise-Recovered-2-768x768.png 768w, https:\/\/store.evolve-fitness.eu\/wp-content\/uploads\/2025\/03\/EV-PL-PR-023-Evolve-Prime-Series-Plate-Loaded-Seated-Calf-Raise-Recovered-2-1536x1536.png 1536w, https:\/\/store.evolve-fitness.eu\/wp-content\/uploads\/2025\/03\/EV-PL-PR-023-Evolve-Prime-Series-Plate-Loaded-Seated-Calf-Raise-Recovered-2-2048x2048.png 2048w, https:\/\/store.evolve-fitness.eu\/wp-content\/uploads\/2025\/03\/EV-PL-PR-023-Evolve-Prime-Series-Plate-Loaded-Seated-Calf-Raise-Recovered-2-600x600.png 600w, https:\/\/store.evolve-fitness.eu\/wp-content\/uploads\/2025\/03\/EV-PL-PR-023-Evolve-Prime-Series-Plate-Loaded-Seated-Calf-Raise-Recovered-2-100x100.png 100w\" sizes=\"auto, (max-width: 1024px) 100vw, 1024px\" \/><\/figure>\n<\/div>\n<\/div>\n<\/section>\n<\/section>\n","protected":false},"excerpt":{"rendered":"<p>&#8222;Evolve Prime Series&#8221; trapecij\u0173 treniruoklis su plok\u0161tele yra elitinis treniruoklis, skirtas pagerinti vir\u0161utin\u0117s k\u016bno dalies treniruotes. \u0160is treniruoklis pagamintas i\u0161 komercin\u0117s klas\u0117s med\u017eiag\u0173, tod\u0117l u\u017etikrina auk\u0161\u010diausi\u0105 komfort\u0105, ilgaam\u017ei\u0161kum\u0105 ir na\u0161um\u0105. D\u0117l ergonomi\u0161ko dizaino ir reguliuojam\u0173 funkcij\u0173 jis tinka vis\u0173 fizinio pasirengimo lygi\u0173 naudotojams, puikiai tinka profesionaliose sporto sal\u0117se.  <\/p>\n","protected":false},"featured_media":120947,"template":"","meta":{"_acf_changed":false,"inline_featured_image":false},"product_cat":[129,226],"product_tag":[],"class_list":{"0":"post-116369","1":"product","2":"type-product","3":"status-publish","4":"has-post-thumbnail","6":"product_cat-laisvu-svoriu-treniruokliai","7":"product_cat-prime-series-laisvu-svoriu-treniruokliai","9":"first","10":"outofstock","11":"shipping-taxable","12":"purchasable","13":"product-type-simple"},"acf":[],"_links":{"self":[{"href":"https:\/\/store.evolve-fitness.eu\/lt\/wp-json\/wp\/v2\/product\/116369","targetHints":{"allow":["GET"]}}],"collection":[{"href":"https:\/\/store.evolve-fitness.eu\/lt\/wp-json\/wp\/v2\/product"}],"about":[{"href":"https:\/\/store.evolve-fitness.eu\/lt\/wp-json\/wp\/v2\/types\/product"}],"wp:featuredmedia":[{"embeddable":true,"href":"https:\/\/store.evolve-fitness.eu\/lt\/wp-json\/wp\/v2\/media\/120947"}],"wp:attachment":[{"href":"https:\/\/store.evolve-fitness.eu\/lt\/wp-json\/wp\/v2\/media?parent=116369"}],"wp:term":[{"taxonomy":"product_cat","embeddable":true,"href":"https:\/\/store.evolve-fitness.eu\/lt\/wp-json\/wp\/v2\/product_cat?post=116369"},{"taxonomy":"product_tag","embeddable":true,"href":"https:\/\/store.evolve-fitness.eu\/lt\/wp-json\/wp\/v2\/product_tag?post=116369"}],"curies":[{"name":"wp","href":"https:\/\/api.w.org\/{rel}","templated":true}]}}