{"id":116218,"date":"2025-03-10T12:40:49","date_gmt":"2025-03-10T12:40:49","guid":{"rendered":"https:\/\/store.evolve-fitness.eu\/?post_type=product&#038;p=116218"},"modified":"2025-04-04T06:19:22","modified_gmt":"2025-04-04T06:19:22","slug":"evolve-prime-serijos-ploksciu-pakrauta-trapecijos-masina-naujas-modelis","status":"publish","type":"product","link":"https:\/\/store.evolve-fitness.eu\/lt\/produktas\/evolve-prime-serijos-ploksciu-pakrauta-trapecijos-masina-naujas-modelis\/","title":{"rendered":"&#8222;Evolve Prime&#8221; serijos plok\u0161\u010di\u0173 pakrauta trapecijos ma\u0161ina Naujas modelis"},"content":{"rendered":"\n<section class=\"wp-block-group alignfull black-content has-white-color has-darkgray-background-color has-text-color has-background is-layout-constrained wp-block-group-is-layout-constrained\" style=\"padding-top:var(--wp--preset--spacing--section-bottom);padding-bottom:var(--wp--preset--spacing--section-bottom)\">\n<h3 class=\"wp-block-heading has-text-align-center\"><strong><strong>EVOLIUCIONUOJA PLOK\u0160TEL\u0116 SU PAGRINDINE \u012eKROVA<\/strong><\/strong><\/h3>\n\n\n\n<p>&#8222;Evolve Plate Loaded Prime Series&#8221; gaminiuose meistri\u0161kumas yra standartas. Pagerinkite savo j\u0117gos treniruotes su treniruokliais, sukurtais patogiai, patvariai ir na\u0161iai. I\u0161nagrin\u0117kite vis\u0105 linij\u0105 \u0161iandien ir i\u0161 naujo apibr\u0117\u017ekite savo fitneso kelion\u0119.  <\/p>\n\n\n\n<section class=\"wp-block-group alignfull black-content has-white-color has-darkgray-background-color has-text-color has-background is-layout-constrained wp-block-group-is-layout-constrained\" style=\"padding-top:var(--wp--preset--spacing--section-bottom);padding-bottom:var(--wp--preset--spacing--section-bottom)\">\n<div class=\"wp-block-columns alignwide mobile-reverse is-layout-flex wp-container-core-columns-is-layout-ca64bf2d wp-block-columns-is-layout-flex\" style=\"margin-bottom:var(--wp--preset--spacing--side-padding)\">\n<div class=\"wp-block-column is-vertically-aligned-center is-layout-flow wp-block-column-is-layout-flow\">\n<h3 class=\"wp-block-heading\" style=\"margin-bottom:var(--wp--preset--spacing--h-3-bottom)\"><strong><strong><strong>Tikslin\u0117s vir\u0161utin\u0117s k\u016bno dalies treniruot\u0117s<\/strong><\/strong><\/strong><\/h3>\n\n\n\n<p><strong><em><strong>Tikslingas raumen\u0173 \u012ftraukimas<\/strong><\/em><\/strong><\/p>\n\n\n\n<p style=\"margin-bottom:var(--wp--preset--spacing--tb-section-padding)\">&#8222;Evolve Prime Series&#8221; trapecinio raumens treniruoklis su plok\u0161tel\u0117mis veiksmingai treniruoja trapecin\u012f ir vir\u0161utin\u0117s nugaros dalies raumenis. Patogi reguliavimo sistema ir ry\u0161kiai geltonos spalvos komponentai leid\u017eia lengvai nustatyti ir keisti pratimus, tod\u0117l treniruot\u0117s yra universalios. <\/p>\n\n\n\n<h3 class=\"wp-block-heading\" style=\"margin-bottom:var(--wp--preset--spacing--h-3-bottom)\"><strong><strong><strong><strong><strong>Auk\u0161tos kokyb\u0117s funkcijos<\/strong><\/strong><\/strong><\/strong><\/strong><\/h3>\n\n\n\n<p><strong><em>Ilgaam\u017ei\u0161kumas ir erdv\u0117s efektyvumas<\/em><\/strong><\/p>\n\n\n\n<p>\u0160i ma\u0161ina pagaminta i\u0161 auk\u0161tos kokyb\u0117s didelio atsparumo audinio ir ner\u016bdijan\u010dio plieno aparat\u016bros, tod\u0117l garantuoja ilgalaik\u012f naudojim\u0105. Termoreaktyvi\u0173j\u0173 milteli\u0173 elektrostatinio pur\u0161kimo technologija u\u017etikrina patvari\u0105 apdail\u0105, i\u0161laikan\u010di\u0105 \u012frangos i\u0161vaizd\u0105.  Integruoti svori\u0173 plok\u0161\u010di\u0173 laikymo kai\u0161\u010diai padidina erdv\u0117s efektyvum\u0105, tod\u0117l treniruo\u010di\u0173 erdv\u0117 bus tvarkinga.<\/p>\n<\/div>\n\n\n\n<div class=\"wp-block-column is-vertically-aligned-center is-layout-flow wp-block-column-is-layout-flow\">\n<figure class=\"wp-block-image size-large is-resized is-style-rounded\"><img loading=\"lazy\" decoding=\"async\" width=\"1024\" height=\"1024\" src=\"https:\/\/store.evolve-fitness.eu\/wp-content\/uploads\/2025\/03\/EV-PL-PR-022-Evolve-Prime-Series-Plate-Loaded-Iso-Lateral-Squat-Lunge-Recovered-2-1024x1024.png\" alt=\"\" class=\"wp-image-116317\" style=\"width:643px;height:706px\" srcset=\"https:\/\/store.evolve-fitness.eu\/wp-content\/uploads\/2025\/03\/EV-PL-PR-022-Evolve-Prime-Series-Plate-Loaded-Iso-Lateral-Squat-Lunge-Recovered-2-1024x1024.png 1024w, https:\/\/store.evolve-fitness.eu\/wp-content\/uploads\/2025\/03\/EV-PL-PR-022-Evolve-Prime-Series-Plate-Loaded-Iso-Lateral-Squat-Lunge-Recovered-2-300x300.png 300w, https:\/\/store.evolve-fitness.eu\/wp-content\/uploads\/2025\/03\/EV-PL-PR-022-Evolve-Prime-Series-Plate-Loaded-Iso-Lateral-Squat-Lunge-Recovered-2-150x150.png 150w, https:\/\/store.evolve-fitness.eu\/wp-content\/uploads\/2025\/03\/EV-PL-PR-022-Evolve-Prime-Series-Plate-Loaded-Iso-Lateral-Squat-Lunge-Recovered-2-768x768.png 768w, https:\/\/store.evolve-fitness.eu\/wp-content\/uploads\/2025\/03\/EV-PL-PR-022-Evolve-Prime-Series-Plate-Loaded-Iso-Lateral-Squat-Lunge-Recovered-2-1536x1536.png 1536w, https:\/\/store.evolve-fitness.eu\/wp-content\/uploads\/2025\/03\/EV-PL-PR-022-Evolve-Prime-Series-Plate-Loaded-Iso-Lateral-Squat-Lunge-Recovered-2-2048x2048.png 2048w, https:\/\/store.evolve-fitness.eu\/wp-content\/uploads\/2025\/03\/EV-PL-PR-022-Evolve-Prime-Series-Plate-Loaded-Iso-Lateral-Squat-Lunge-Recovered-2-600x600.png 600w, https:\/\/store.evolve-fitness.eu\/wp-content\/uploads\/2025\/03\/EV-PL-PR-022-Evolve-Prime-Series-Plate-Loaded-Iso-Lateral-Squat-Lunge-Recovered-2-100x100.png 100w\" sizes=\"auto, (max-width: 1024px) 100vw, 1024px\" \/><\/figure>\n<\/div>\n<\/div>\n<\/section>\n<\/section>\n","protected":false},"excerpt":{"rendered":"<p>&#8222;Evolve Prime Series&#8221; trapecij\u0173 treniruoklis su plok\u0161tele yra elitinis treniruoklis, skirtas pagerinti vir\u0161utin\u0117s k\u016bno dalies treniruotes. \u0160is treniruoklis pagamintas i\u0161 komercin\u0117s klas\u0117s med\u017eiag\u0173, tod\u0117l u\u017etikrina auk\u0161\u010diausi\u0105 komfort\u0105, ilgaam\u017ei\u0161kum\u0105 ir na\u0161um\u0105. D\u0117l ergonomi\u0161ko dizaino ir reguliuojam\u0173 funkcij\u0173 jis tinka vis\u0173 fizinio pasirengimo lygi\u0173 naudotojams, puikiai tinka profesionaliose sporto sal\u0117se.  <\/p>\n","protected":false},"featured_media":116356,"template":"","meta":{"_acf_changed":false,"inline_featured_image":false},"product_cat":[129,226],"product_tag":[],"class_list":{"0":"post-116218","1":"product","2":"type-product","3":"status-publish","4":"has-post-thumbnail","6":"product_cat-laisvu-svoriu-treniruokliai","7":"product_cat-prime-series-laisvu-svoriu-treniruokliai","9":"first","10":"instock","11":"shipping-taxable","12":"purchasable","13":"product-type-simple"},"acf":[],"_links":{"self":[{"href":"https:\/\/store.evolve-fitness.eu\/lt\/wp-json\/wp\/v2\/product\/116218","targetHints":{"allow":["GET"]}}],"collection":[{"href":"https:\/\/store.evolve-fitness.eu\/lt\/wp-json\/wp\/v2\/product"}],"about":[{"href":"https:\/\/store.evolve-fitness.eu\/lt\/wp-json\/wp\/v2\/types\/product"}],"wp:featuredmedia":[{"embeddable":true,"href":"https:\/\/store.evolve-fitness.eu\/lt\/wp-json\/wp\/v2\/media\/116356"}],"wp:attachment":[{"href":"https:\/\/store.evolve-fitness.eu\/lt\/wp-json\/wp\/v2\/media?parent=116218"}],"wp:term":[{"taxonomy":"product_cat","embeddable":true,"href":"https:\/\/store.evolve-fitness.eu\/lt\/wp-json\/wp\/v2\/product_cat?post=116218"},{"taxonomy":"product_tag","embeddable":true,"href":"https:\/\/store.evolve-fitness.eu\/lt\/wp-json\/wp\/v2\/product_tag?post=116218"}],"curies":[{"name":"wp","href":"https:\/\/api.w.org\/{rel}","templated":true}]}}