{"id":115938,"date":"2025-03-10T08:57:00","date_gmt":"2025-03-10T08:57:00","guid":{"rendered":"https:\/\/store.evolve-fitness.eu\/?post_type=product&#038;p=115938"},"modified":"2025-04-04T06:21:45","modified_gmt":"2025-04-04T06:21:45","slug":"evolve-prime-series-plokstes-pakrauta-priekine-lat-pull-down","status":"publish","type":"product","link":"https:\/\/store.evolve-fitness.eu\/lt\/produktas\/evolve-prime-series-plokstes-pakrauta-priekine-lat-pull-down\/","title":{"rendered":"&#8222;Evolve Prime Series&#8221; plok\u0161t\u0117s pakrauta priekin\u0117 Lat Pull Down"},"content":{"rendered":"\n<section class=\"wp-block-group alignfull black-content has-white-color has-darkgray-background-color has-text-color has-background is-layout-constrained wp-block-group-is-layout-constrained\" style=\"padding-top:var(--wp--preset--spacing--section-bottom);padding-bottom:var(--wp--preset--spacing--section-bottom)\">\n<h3 class=\"wp-block-heading has-text-align-center\"><strong><strong>EVOLIUCIONUOJA PLOK\u0160TEL\u0116 SU PAGRINDINE \u012eKROVA<\/strong><\/strong><\/h3>\n\n\n\n<p>&#8222;Evolve Plate Loaded Prime Series&#8221; gaminiuose meistri\u0161kumas yra standartas. Pagerinkite savo j\u0117gos treniruotes su treniruokliais, sukurtais patogiai, patvariai ir na\u0161iai. I\u0161nagrin\u0117kite vis\u0105 linij\u0105 \u0161iandien ir i\u0161 naujo apibr\u0117\u017ekite savo fitneso kelion\u0119.  <\/p>\n\n\n\n<section class=\"wp-block-group alignfull black-content has-white-color has-darkgray-background-color has-text-color has-background is-layout-constrained wp-block-group-is-layout-constrained\" style=\"padding-top:var(--wp--preset--spacing--section-bottom);padding-bottom:var(--wp--preset--spacing--section-bottom)\">\n<div class=\"wp-block-columns alignwide mobile-reverse is-layout-flex wp-container-core-columns-is-layout-ca64bf2d wp-block-columns-is-layout-flex\" style=\"margin-bottom:var(--wp--preset--spacing--side-padding)\">\n<div class=\"wp-block-column is-vertically-aligned-center is-layout-flow wp-block-column-is-layout-flow\">\n<h3 class=\"wp-block-heading\" style=\"margin-bottom:var(--wp--preset--spacing--h-3-bottom)\"><strong><strong><strong><strong><strong><strong><strong><strong>&#8222;Evolve Prime Series&#8221; plok\u0161t\u0117s pakrauta priekin\u0117 Lat Pulldown<\/strong><\/strong><\/strong><\/strong><\/strong><\/strong><\/strong><\/strong><\/h3>\n\n\n\n<p><em><strong><em><strong><strong><strong><strong>I\u0161laisvinkite puiki\u0105 nugaros j\u0117g\u0105 naudodami tiksli\u0105 traukimo mechanik\u0105<\/strong><\/strong><\/strong><\/strong><\/em><\/strong><\/em><\/p>\n\n\n\n<p style=\"margin-bottom:var(--wp--preset--spacing--tb-section-padding)\">&#8221; <strong>Evolve Prime Series&#8221; plok\u0161t\u0117mis apkrautas priekinis Lat Pulldown<\/strong> pratimas sukurtas taip, kad maksimaliai padidint\u0173 latak\u0173 \u012fsitraukim\u0105 ir vir\u0161utin\u0117s k\u016bno dalies j\u0117g\u0105 atliekant nat\u016bral\u0173 ir kontroliuojam\u0105 traukimo judes\u012f. \u0160is treniruoklis su ergonomi\u0161ka s\u0117dyne, reguliuojamomis \u0161laun\u0173 pagalv\u0117l\u0117mis ir plok\u0161teli\u0173 pasiprie\u0161inimo sistema leid\u017eia pasiekti laipsni\u0161k\u0105 perkrov\u0105, kad b\u016bt\u0173 pritaikytas visiems fizinio pasirengimo lygiams. Jo sklandus ir biomechani\u0161kai optimizuotas jud\u0117jimo kelias u\u017etikrina veiksming\u0105 raumen\u0173 aktyvinim\u0105, kartu suma\u017einant s\u0105nari\u0173 apkrov\u0105. Idealiai tinka pla\u010diai ir stipriai nugarai formuoti, tod\u0117l \u0161is lat pulldown treniruoklis yra pagrindinis bet kurios j\u0117gos treniruo\u010di\u0173 programos elementas.   <\/p>\n\n\n\n<h3 class=\"wp-block-heading\" style=\"margin-bottom:var(--wp--preset--spacing--h-3-bottom)\"><strong><strong><strong><strong><strong><strong><strong>Tiksli Lat aktyvacija maksimaliam pelnui pasiekti<\/strong><\/strong><\/strong><\/strong><\/strong><\/strong><\/strong><\/h3>\n\n\n\n<p><strong><em><strong><strong><strong><strong>Kontroliuojamas, efektyvus ir pritaikomas pasiprie\u0161inimas<\/strong><\/strong><\/strong><\/strong><\/em><\/strong><\/p>\n\n\n\n<p>&#8221; <strong>Evolve Prime Series&#8221; plok\u0161te u\u017ekrautas priekinis Lat Pulldown prat<\/strong> imas pasi\u017eymi nepriklausomu rank\u0173 judesiu, kuris u\u017etikrina subalansuot\u0105 raumen\u0173 vystym\u0105si, o kampu pasuktos rankenos suteikia daugyb\u0119 su\u0117mimo variant\u0173, kad b\u016bt\u0173 galima treniruoti \u012fvairias nugaros sritis. Tvirtas r\u0117mas ir tolygi plok\u0161\u010di\u0173 sistema u\u017etikrina pastov\u0173 pasiprie\u0161inim\u0105, tod\u0117l naudotojai gali saugiai ir efektyviai i\u0161naudoti savo galimybi\u0173 ribas. Nesvarbu, ar norite sustiprinti vir\u0161utin\u0117s k\u016bno dalies j\u0117g\u0105, pagerinti laikysen\u0105, ar suformuoti gerai i\u0161ry\u0161kint\u0105 nugar\u0105, \u0161is treniruoklis &#8211; puikus stabilumo, patogumo ir na\u0161umo derinys.  <\/p>\n<\/div>\n\n\n\n<div class=\"wp-block-column is-vertically-aligned-center is-layout-flow wp-block-column-is-layout-flow\">\n<figure class=\"wp-block-image size-large\"><img loading=\"lazy\" decoding=\"async\" width=\"1024\" height=\"1024\" src=\"https:\/\/store.evolve-fitness.eu\/wp-content\/uploads\/2025\/03\/EV-PL-PR-016-Evolve-Prime-Series-Plate-Loaded-Fron-Lat-Pull-Down-Recovered-1024x1024.png\" alt=\"\" class=\"wp-image-115961\" srcset=\"https:\/\/store.evolve-fitness.eu\/wp-content\/uploads\/2025\/03\/EV-PL-PR-016-Evolve-Prime-Series-Plate-Loaded-Fron-Lat-Pull-Down-Recovered-1024x1024.png 1024w, https:\/\/store.evolve-fitness.eu\/wp-content\/uploads\/2025\/03\/EV-PL-PR-016-Evolve-Prime-Series-Plate-Loaded-Fron-Lat-Pull-Down-Recovered-300x300.png 300w, https:\/\/store.evolve-fitness.eu\/wp-content\/uploads\/2025\/03\/EV-PL-PR-016-Evolve-Prime-Series-Plate-Loaded-Fron-Lat-Pull-Down-Recovered-150x150.png 150w, https:\/\/store.evolve-fitness.eu\/wp-content\/uploads\/2025\/03\/EV-PL-PR-016-Evolve-Prime-Series-Plate-Loaded-Fron-Lat-Pull-Down-Recovered-768x768.png 768w, https:\/\/store.evolve-fitness.eu\/wp-content\/uploads\/2025\/03\/EV-PL-PR-016-Evolve-Prime-Series-Plate-Loaded-Fron-Lat-Pull-Down-Recovered-1536x1536.png 1536w, https:\/\/store.evolve-fitness.eu\/wp-content\/uploads\/2025\/03\/EV-PL-PR-016-Evolve-Prime-Series-Plate-Loaded-Fron-Lat-Pull-Down-Recovered-2048x2048.png 2048w, https:\/\/store.evolve-fitness.eu\/wp-content\/uploads\/2025\/03\/EV-PL-PR-016-Evolve-Prime-Series-Plate-Loaded-Fron-Lat-Pull-Down-Recovered-600x600.png 600w, https:\/\/store.evolve-fitness.eu\/wp-content\/uploads\/2025\/03\/EV-PL-PR-016-Evolve-Prime-Series-Plate-Loaded-Fron-Lat-Pull-Down-Recovered-100x100.png 100w\" sizes=\"auto, (max-width: 1024px) 100vw, 1024px\" \/><\/figure>\n<\/div>\n<\/div>\n<\/section>\n<\/section>\n","protected":false},"excerpt":{"rendered":"<p>&#8222;Evolve Prime Series&#8221; plok\u0161t\u0117mis apkrautas priekinis Lat Pulldown pratimas sukurtas taip, kad maksimaliai padidint\u0173 latak\u0173 \u012fsitraukim\u0105 ir vir\u0161utin\u0117s k\u016bno dalies j\u0117g\u0105 atliekant nat\u016bral\u0173 ir kontroliuojam\u0105 traukimo judes\u012f. \u0160is treniruoklis su ergonomi\u0161ka s\u0117dyne, reguliuojamomis \u0161laun\u0173 pagalv\u0117l\u0117mis ir plok\u0161teli\u0173 pasiprie\u0161inimo sistema leid\u017eia pasiekti laipsni\u0161k\u0105 perkrov\u0105, kad b\u016bt\u0173 pritaikytas visiems fizinio pasirengimo lygiams. Jo sklandus ir biomechani\u0161kai optimizuotas jud\u0117jimo kelias u\u017etikrina veiksming\u0105 raumen\u0173 aktyvinim\u0105, kartu suma\u017einant s\u0105nari\u0173 apkrov\u0105. Idealiai tinka pla\u010diai ir stipriai nugarai formuoti, tod\u0117l \u0161is lat pulldown treniruoklis yra pagrindinis bet kurios j\u0117gos treniruo\u010di\u0173 programos elementas.   <\/p>\n","protected":false},"featured_media":115975,"template":"","meta":{"_acf_changed":false,"inline_featured_image":false},"product_cat":[129,226],"product_tag":[],"class_list":{"0":"post-115938","1":"product","2":"type-product","3":"status-publish","4":"has-post-thumbnail","6":"product_cat-laisvu-svoriu-treniruokliai","7":"product_cat-prime-series-laisvu-svoriu-treniruokliai","9":"first","10":"instock","11":"shipping-taxable","12":"purchasable","13":"product-type-simple"},"acf":[],"_links":{"self":[{"href":"https:\/\/store.evolve-fitness.eu\/lt\/wp-json\/wp\/v2\/product\/115938","targetHints":{"allow":["GET"]}}],"collection":[{"href":"https:\/\/store.evolve-fitness.eu\/lt\/wp-json\/wp\/v2\/product"}],"about":[{"href":"https:\/\/store.evolve-fitness.eu\/lt\/wp-json\/wp\/v2\/types\/product"}],"wp:featuredmedia":[{"embeddable":true,"href":"https:\/\/store.evolve-fitness.eu\/lt\/wp-json\/wp\/v2\/media\/115975"}],"wp:attachment":[{"href":"https:\/\/store.evolve-fitness.eu\/lt\/wp-json\/wp\/v2\/media?parent=115938"}],"wp:term":[{"taxonomy":"product_cat","embeddable":true,"href":"https:\/\/store.evolve-fitness.eu\/lt\/wp-json\/wp\/v2\/product_cat?post=115938"},{"taxonomy":"product_tag","embeddable":true,"href":"https:\/\/store.evolve-fitness.eu\/lt\/wp-json\/wp\/v2\/product_tag?post=115938"}],"curies":[{"name":"wp","href":"https:\/\/api.w.org\/{rel}","templated":true}]}}