{"id":115762,"date":"2025-03-10T08:29:17","date_gmt":"2025-03-10T08:29:17","guid":{"rendered":"https:\/\/store.evolve-fitness.eu\/?post_type=product&#038;p=115762"},"modified":"2025-11-03T08:09:26","modified_gmt":"2025-11-03T08:09:26","slug":"evolve-prime-series-plokstes-pakrautos-didelio-nuolydzio-krutines-spaudimas","status":"publish","type":"product","link":"https:\/\/store.evolve-fitness.eu\/lt\/produktas\/evolve-prime-series-plokstes-pakrautos-didelio-nuolydzio-krutines-spaudimas\/","title":{"rendered":"&#8222;Evolve Prime Series&#8221; plok\u0161t\u0117s su dideliu kr\u016btin\u0117s spaudimu (PR-010)"},"content":{"rendered":"\n<section class=\"wp-block-group alignfull black-content has-white-color has-darkgray-background-color has-text-color has-background is-layout-constrained wp-block-group-is-layout-constrained\" style=\"padding-top:var(--wp--preset--spacing--section-bottom);padding-bottom:var(--wp--preset--spacing--section-bottom)\">\n<h3 class=\"wp-block-heading has-text-align-center\"><strong><strong>EVOLIUCIONUOJA PLOK\u0160TEL\u0116 SU PAGRINDINE \u012eKROVA<\/strong><\/strong><\/h3>\n\n\n\n<p>&#8222;Evolve Plate Loaded Prime Series&#8221; gaminiuose meistri\u0161kumas yra standartas. Pagerinkite savo j\u0117gos treniruotes su treniruokliais, sukurtais patogiai, patvariai ir na\u0161iai. I\u0161nagrin\u0117kite vis\u0105 linij\u0105 \u0161iandien ir i\u0161 naujo apibr\u0117\u017ekite savo fitneso kelion\u0119.  <\/p>\n\n\n\n<section class=\"wp-block-group alignfull black-content has-white-color has-darkgray-background-color has-text-color has-background is-layout-constrained wp-block-group-is-layout-constrained\" style=\"padding-top:var(--wp--preset--spacing--section-bottom);padding-bottom:var(--wp--preset--spacing--section-bottom)\">\n<div class=\"wp-block-columns alignwide mobile-reverse is-layout-flex wp-container-core-columns-is-layout-ca64bf2d wp-block-columns-is-layout-flex\" style=\"margin-bottom:var(--wp--preset--spacing--side-padding)\">\n<div class=\"wp-block-column is-vertically-aligned-center is-layout-flow wp-block-column-is-layout-flow\">\n<h3 class=\"wp-block-heading\" style=\"margin-bottom:var(--wp--preset--spacing--h-3-bottom)\"><strong><strong><strong><strong><strong><strong><strong>&#8222;Evolve Prime Series&#8221; plok\u0161t\u0117s pakrautos didelio nuolyd\u017eio kr\u016btin\u0117s spaudimas<\/strong><\/strong><\/strong><\/strong><\/strong><\/strong><\/strong><\/h3>\n\n\n\n<p><em><strong><em><strong><strong><strong>Padidinkite vir\u0161utin\u0117s kr\u016btin\u0117s l\u0105stos dalies vystym\u0105si, naudodami optimali\u0105 biomechanik\u0105<\/strong><\/strong><\/strong><\/em><\/strong><\/em><\/p>\n\n\n\n<p style=\"margin-bottom:var(--wp--preset--spacing--tb-section-padding)\">&#8221; <strong>Evolve Prime Series&#8221; plok\u0161t\u0117mis pakrautas didelio nuolyd\u017eio kr\u016btin\u0117s presas<\/strong> yra skirtas tiksliai treniruoti vir\u0161utin\u0119 kr\u016btin\u0117s dal\u012f, pe\u010dius ir tricepsus. \u0160is treniruoklis, sukurtas su kampiniu spaudimo judesiu, imituoja nat\u016brali\u0105 nuo\u017eulnaus suolo spaudimo biomechanik\u0105 ir kartu u\u017etikrina stabilum\u0105 bei saugum\u0105, kur\u012f u\u017etikrina vedamas kelias. Jo plok\u0161teli\u0173 pasiprie\u0161inimo sistema leid\u017eia pasiekti laipsni\u0161k\u0105 perkrov\u0105, tod\u0117l jis idealiai tinka vis\u0173 fizinio pasirengimo lygi\u0173 naudotojams. Ergonomi\u0161ka s\u0117dyn\u0117 ir reguliuojamos rankenos pad\u0117tys u\u017etikrina maksimal\u0173 komfort\u0105 ir efektyvum\u0105, tod\u0117l naudotojai gali dr\u0105siai per\u017eengti savo galimybi\u0173 ribas.   <\/p>\n\n\n\n<h3 class=\"wp-block-heading\" style=\"margin-bottom:var(--wp--preset--spacing--h-3-bottom)\"><strong><strong><strong><strong><strong><strong>Maksimaliai padidinkite vir\u0161utin\u0117s k\u016bno dalies j\u0117g\u0105<\/strong><\/strong><\/strong><\/strong><\/strong><\/strong><\/h3>\n\n\n\n<p><strong><em><strong><strong><strong>Sklandus ir kontroliuojamas judesys, u\u017etikrinantis puik\u0173 raumen\u0173 aktyvinim\u0105<\/strong><\/strong><\/strong><\/em><\/strong><\/p>\n\n\n\n<p>&#8221; <strong>Evolve Prime Series&#8221; plok\u0161tel\u0117mis pakrautas didelio nuolyd\u017eio kr\u016btin\u0117s presas<\/strong> skirtas sportininkams ir fitneso entuziastams, norintiems padidinti vir\u0161utin\u0117s kr\u016btin\u0117s dalies j\u0117g\u0105 ir apibr\u0117\u017et\u012f. Nepriklausomas rank\u0173 jud\u0117jimas skatina subalansuot\u0105 raumen\u0173 vystym\u0105si, o optimizuotas spaudimo kampas suma\u017eina pe\u010di\u0173 apkrov\u0105. Stiprus r\u0117mas ir sklandus pasiprie\u0161inimo mechanizmas u\u017etikrina ilgaam\u017ei\u0161kum\u0105 ir na\u0161um\u0105 bet kurioje sporto sal\u0117je. Nesvarbu, ar j\u016bs\u0173 tikslas yra raumen\u0173 hipertrofija, j\u0117gos stiprinimas, ar bendras vir\u0161utin\u0117s k\u016bno dalies parengimas, \u0161is treniruoklis u\u017etikrina veiksming\u0105 ir kontroliuojam\u0105 treniruot\u0119.   <\/p>\n<\/div>\n\n\n\n<div class=\"wp-block-column is-vertically-aligned-center is-layout-flow wp-block-column-is-layout-flow\">\n<figure class=\"wp-block-image size-large\"><img loading=\"lazy\" decoding=\"async\" width=\"1024\" height=\"1024\" src=\"https:\/\/store.evolve-fitness.eu\/wp-content\/uploads\/2025\/03\/EV-PL-PR-010-Evolve-Prime-Series-Plate-Loaded-High-Incline-Chest-Press-Recovered-1024x1024.png\" alt=\"\" class=\"wp-image-115785\" srcset=\"https:\/\/store.evolve-fitness.eu\/wp-content\/uploads\/2025\/03\/EV-PL-PR-010-Evolve-Prime-Series-Plate-Loaded-High-Incline-Chest-Press-Recovered-1024x1024.png 1024w, https:\/\/store.evolve-fitness.eu\/wp-content\/uploads\/2025\/03\/EV-PL-PR-010-Evolve-Prime-Series-Plate-Loaded-High-Incline-Chest-Press-Recovered-300x300.png 300w, https:\/\/store.evolve-fitness.eu\/wp-content\/uploads\/2025\/03\/EV-PL-PR-010-Evolve-Prime-Series-Plate-Loaded-High-Incline-Chest-Press-Recovered-150x150.png 150w, https:\/\/store.evolve-fitness.eu\/wp-content\/uploads\/2025\/03\/EV-PL-PR-010-Evolve-Prime-Series-Plate-Loaded-High-Incline-Chest-Press-Recovered-768x768.png 768w, https:\/\/store.evolve-fitness.eu\/wp-content\/uploads\/2025\/03\/EV-PL-PR-010-Evolve-Prime-Series-Plate-Loaded-High-Incline-Chest-Press-Recovered-1536x1536.png 1536w, https:\/\/store.evolve-fitness.eu\/wp-content\/uploads\/2025\/03\/EV-PL-PR-010-Evolve-Prime-Series-Plate-Loaded-High-Incline-Chest-Press-Recovered-2048x2048.png 2048w, https:\/\/store.evolve-fitness.eu\/wp-content\/uploads\/2025\/03\/EV-PL-PR-010-Evolve-Prime-Series-Plate-Loaded-High-Incline-Chest-Press-Recovered-600x600.png 600w, https:\/\/store.evolve-fitness.eu\/wp-content\/uploads\/2025\/03\/EV-PL-PR-010-Evolve-Prime-Series-Plate-Loaded-High-Incline-Chest-Press-Recovered-100x100.png 100w\" sizes=\"auto, (max-width: 1024px) 100vw, 1024px\" \/><\/figure>\n<\/div>\n<\/div>\n<\/section>\n<\/section>\n","protected":false},"excerpt":{"rendered":"<p>&#8222;Evolve Prime Series&#8221; &#8222;Evolve Prime&#8221; serijos treniruoklis &#8222;High Incline Chest Press&#8221; (EV-PL-PR-010) yra meistri\u0161kai suprojektuotas vir\u0161utinei kr\u016btin\u0117s, pe\u010di\u0173 ir triceps\u0173 daliai stiprinti, tod\u0117l atliekamas galingas ir kontroliuojamas spaudimo judesys. D\u0117l didelio pasvirimo kampo \u0161is treniruoklis akcentuoja kr\u016btin\u0117s raumen\u0173 raktikaulin\u0119 dal\u012f, taip skatindamas puik\u0173 vir\u0161utin\u0117s k\u016bno dalies vystym\u0105si. Sukurtas skland\u017eiam jud\u0117jimui ir ergonomi\u0161kai pad\u0117\u010diai, jis u\u017etikrina optimali\u0105 biomechanik\u0105, tod\u0117l naudotojai gali treniruotis saugiai ir efektyviai. Nesvarbu, ar j\u016bs\u0173 tikslas yra auginti raumen\u0173 mas\u0119, didinti j\u0117g\u0105, ar gerinti presavimo rezultatus, \u0161is plok\u0161t\u0117mis apkrautas treniruoklis yra pagrindinis bet kokios pa\u017eangios treniruo\u010di\u0173 \u012frangos priedas.   <\/p>\n","protected":false},"featured_media":115799,"template":"","meta":{"_acf_changed":false,"inline_featured_image":false},"product_cat":[129,226],"product_tag":[],"class_list":{"0":"post-115762","1":"product","2":"type-product","3":"status-publish","4":"has-post-thumbnail","6":"product_cat-laisvu-svoriu-treniruokliai","7":"product_cat-prime-series-laisvu-svoriu-treniruokliai","9":"first","10":"instock","11":"shipping-taxable","12":"purchasable","13":"product-type-simple"},"acf":[],"_links":{"self":[{"href":"https:\/\/store.evolve-fitness.eu\/lt\/wp-json\/wp\/v2\/product\/115762","targetHints":{"allow":["GET"]}}],"collection":[{"href":"https:\/\/store.evolve-fitness.eu\/lt\/wp-json\/wp\/v2\/product"}],"about":[{"href":"https:\/\/store.evolve-fitness.eu\/lt\/wp-json\/wp\/v2\/types\/product"}],"wp:featuredmedia":[{"embeddable":true,"href":"https:\/\/store.evolve-fitness.eu\/lt\/wp-json\/wp\/v2\/media\/115799"}],"wp:attachment":[{"href":"https:\/\/store.evolve-fitness.eu\/lt\/wp-json\/wp\/v2\/media?parent=115762"}],"wp:term":[{"taxonomy":"product_cat","embeddable":true,"href":"https:\/\/store.evolve-fitness.eu\/lt\/wp-json\/wp\/v2\/product_cat?post=115762"},{"taxonomy":"product_tag","embeddable":true,"href":"https:\/\/store.evolve-fitness.eu\/lt\/wp-json\/wp\/v2\/product_tag?post=115762"}],"curies":[{"name":"wp","href":"https:\/\/api.w.org\/{rel}","templated":true}]}}