{"id":115662,"date":"2025-03-10T07:56:06","date_gmt":"2025-03-10T07:56:06","guid":{"rendered":"https:\/\/store.evolve-fitness.eu\/?post_type=product&#038;p=115662"},"modified":"2025-04-04T06:23:41","modified_gmt":"2025-04-04T06:23:41","slug":"evolve-prime-series-plokstes-pakrauta-sedimoji-dy-eilute-atgauta","status":"publish","type":"product","link":"https:\/\/store.evolve-fitness.eu\/lt\/produktas\/evolve-prime-series-plokstes-pakrauta-sedimoji-dy-eilute-atgauta\/","title":{"rendered":"&#8222;Evolve Prime Series&#8221; plok\u0161t\u0117s pakrauta s\u0117dimoji DY eilut\u0117 atgauta"},"content":{"rendered":"\n<section class=\"wp-block-group alignfull black-content has-white-color has-darkgray-background-color has-text-color has-background is-layout-constrained wp-block-group-is-layout-constrained\" style=\"padding-top:var(--wp--preset--spacing--section-bottom);padding-bottom:var(--wp--preset--spacing--section-bottom)\">\n<h3 class=\"wp-block-heading has-text-align-center\"><strong><strong>EVOLIUCIONUOJA PLOK\u0160TEL\u0116 SU PAGRINDINE \u012eKROVA<\/strong><\/strong><\/h3>\n\n\n\n<p>&#8222;Evolve Plate Loaded Prime Series&#8221; gaminiuose meistri\u0161kumas yra standartas. Pagerinkite savo j\u0117gos treniruotes su treniruokliais, sukurtais patogiai, patvariai ir na\u0161iai. I\u0161nagrin\u0117kite vis\u0105 linij\u0105 \u0161iandien ir i\u0161 naujo apibr\u0117\u017ekite savo fitneso kelion\u0119.  <\/p>\n\n\n\n<section class=\"wp-block-group alignfull black-content has-white-color has-darkgray-background-color has-text-color has-background is-layout-constrained wp-block-group-is-layout-constrained\" style=\"padding-top:var(--wp--preset--spacing--section-bottom);padding-bottom:var(--wp--preset--spacing--section-bottom)\">\n<div class=\"wp-block-columns alignwide mobile-reverse is-layout-flex wp-container-core-columns-is-layout-ca64bf2d wp-block-columns-is-layout-flex\" style=\"margin-bottom:var(--wp--preset--spacing--side-padding)\">\n<div class=\"wp-block-column is-vertically-aligned-center is-layout-flow wp-block-column-is-layout-flow\">\n<h3 class=\"wp-block-heading\" style=\"margin-bottom:var(--wp--preset--spacing--h-3-bottom)\"><strong><strong><strong><strong><strong><strong>&#8222;Evolve Prime Series&#8221; plok\u0161t\u0117s pakrauta s\u0117dimoji DY eilut\u0117<\/strong><\/strong><\/strong><\/strong><\/strong><\/strong><\/h3>\n\n\n\n<p><em><strong><em><strong><strong>Puikus nugaros \u012ftempimas ir tiksli biomechanika<\/strong><\/strong><\/em><\/strong><\/em><\/p>\n\n\n\n<p style=\"margin-bottom:var(--wp--preset--spacing--tb-section-padding)\">&#8221; <strong>Evolve Prime Series&#8221; serijos &#8222;Plate Loaded Seated DY Row<\/strong> &#8221; pratimas skirtas maksimaliai aktyvuoti nugaros raumenis, i\u0161laikant tinkam\u0105 form\u0105 ir kontrol\u0119. \u0160is treniruoklis su ergonomi\u0161ka s\u0117dyne, kampu pakreipta kr\u016btin\u0117s l\u0105sta ir plok\u0161teli\u0173 pasiprie\u0161inimo sistema tiksliai treniruoja tiesiamuosius raumenis, trapecinius raumenis ir galinius deltinius raumenis. Nepriklausomas rank\u0173 jud\u0117jimas skatina subalansuot\u0105 raumen\u0173 vystym\u0105si, o reguliuojamos rankenos pritaikytos \u012fvairioms su\u0117mimo pad\u0117tims, kad treniruot\u0117 b\u016bt\u0173 individuali. Sukurtas d\u0117l j\u0117gos ir patvarumo, \u0161is irklavimo treniruoklis idealiai tinka sportininkams ir fitneso entuziastams, norintiems padidinti vir\u0161utin\u0117s k\u016bno dalies gali\u0105.   <\/p>\n\n\n\n<h3 class=\"wp-block-heading\" style=\"margin-bottom:var(--wp--preset--spacing--h-3-bottom)\"><strong><strong><strong><strong><strong><strong>Neprilygstamai efektyviai apdorokite nugar\u0105<\/strong><\/strong><\/strong><\/strong><\/strong><\/strong><\/h3>\n\n\n\n<p><strong><em><strong><strong>Biomechani\u0161kai optimizuotas maksimaliai raumen\u0173 aktyvacijai<\/strong><\/strong><\/em><\/strong><\/p>\n\n\n\n<p>&#8221; <strong>Evolve Prime Series&#8221; plok\u0161t\u0117mis apkrauta s\u0117dima DY eil\u0117<\/strong> u\u017etikrina nat\u016bral\u0173 traukimo judes\u012f, kuris pagerina nugaros \u012fsitraukim\u0105 ir suma\u017eina nereikaling\u0105 \u012ftamp\u0105. Kr\u016btin\u0117s atrama stabilizuoja liemen\u012f, tod\u0117l naudotojai gali sutelkti vis\u0105 d\u0117mes\u012f \u012f susitraukim\u0105 ir kontrol\u0119. Plok\u0161tel\u0117mis apkrauta sistema u\u017etikrina laipsni\u0161k\u0105 pasiprie\u0161inim\u0105, tod\u0117l tinka visiems fizinio pasirengimo lygiams. Nesvarbu, ar stiprinate j\u0117g\u0105, gerinate laikysen\u0105, ar didinate raumen\u0173 mas\u0119, \u0161is treniruoklis su kiekvienu pakartojimu u\u017etikrina galing\u0105 ir veiksming\u0105 nugaros treniruot\u0119.   <\/p>\n<\/div>\n\n\n\n<div class=\"wp-block-column is-vertically-aligned-center is-layout-flow wp-block-column-is-layout-flow\">\n<figure class=\"wp-block-image size-large\"><img loading=\"lazy\" decoding=\"async\" width=\"1024\" height=\"1024\" src=\"https:\/\/store.evolve-fitness.eu\/wp-content\/uploads\/2025\/03\/EV-PL-PR-013-Evolve-Prime-Series-Plate-Loaded-Seated-DY-Row-Recovered-1-1024x1024.png\" alt=\"\" class=\"wp-image-115710\" srcset=\"https:\/\/store.evolve-fitness.eu\/wp-content\/uploads\/2025\/03\/EV-PL-PR-013-Evolve-Prime-Series-Plate-Loaded-Seated-DY-Row-Recovered-1-1024x1024.png 1024w, https:\/\/store.evolve-fitness.eu\/wp-content\/uploads\/2025\/03\/EV-PL-PR-013-Evolve-Prime-Series-Plate-Loaded-Seated-DY-Row-Recovered-1-300x300.png 300w, https:\/\/store.evolve-fitness.eu\/wp-content\/uploads\/2025\/03\/EV-PL-PR-013-Evolve-Prime-Series-Plate-Loaded-Seated-DY-Row-Recovered-1-150x150.png 150w, https:\/\/store.evolve-fitness.eu\/wp-content\/uploads\/2025\/03\/EV-PL-PR-013-Evolve-Prime-Series-Plate-Loaded-Seated-DY-Row-Recovered-1-768x768.png 768w, https:\/\/store.evolve-fitness.eu\/wp-content\/uploads\/2025\/03\/EV-PL-PR-013-Evolve-Prime-Series-Plate-Loaded-Seated-DY-Row-Recovered-1-1536x1536.png 1536w, https:\/\/store.evolve-fitness.eu\/wp-content\/uploads\/2025\/03\/EV-PL-PR-013-Evolve-Prime-Series-Plate-Loaded-Seated-DY-Row-Recovered-1-2048x2048.png 2048w, https:\/\/store.evolve-fitness.eu\/wp-content\/uploads\/2025\/03\/EV-PL-PR-013-Evolve-Prime-Series-Plate-Loaded-Seated-DY-Row-Recovered-1-600x600.png 600w, https:\/\/store.evolve-fitness.eu\/wp-content\/uploads\/2025\/03\/EV-PL-PR-013-Evolve-Prime-Series-Plate-Loaded-Seated-DY-Row-Recovered-1-100x100.png 100w\" sizes=\"auto, (max-width: 1024px) 100vw, 1024px\" \/><\/figure>\n<\/div>\n<\/div>\n<\/section>\n<\/section>\n","protected":false},"excerpt":{"rendered":"<p>&#8222;Evolve Prime Series&#8221; serijos &#8222;Plate Loaded Seated DY Row&#8221; pratimas skirtas maksimaliai aktyvuoti nugaros raumenis, i\u0161laikant tinkam\u0105 form\u0105 ir kontrol\u0119. \u0160is treniruoklis su ergonomi\u0161ka s\u0117dyne, kampu pakreipta kr\u016btin\u0117s l\u0105sta ir plok\u0161teli\u0173 pasiprie\u0161inimo sistema tiksliai treniruoja tiesiamuosius raumenis, trapecinius raumenis ir galinius deltinius raumenis. Nepriklausomas rank\u0173 jud\u0117jimas skatina subalansuot\u0105 raumen\u0173 vystym\u0105si, o reguliuojamos rankenos pritaikytos \u012fvairioms su\u0117mimo pad\u0117tims, kad treniruot\u0117 b\u016bt\u0173 individuali. Sukurtas d\u0117l j\u0117gos ir patvarumo, \u0161is irklavimo treniruoklis idealiai tinka sportininkams ir fitneso entuziastams, norintiems padidinti vir\u0161utin\u0117s k\u016bno dalies gali\u0105.   <\/p>\n","protected":false},"featured_media":115699,"template":"","meta":{"_acf_changed":false,"inline_featured_image":false},"product_cat":[129,226],"product_tag":[],"class_list":{"0":"post-115662","1":"product","2":"type-product","3":"status-publish","4":"has-post-thumbnail","6":"product_cat-laisvu-svoriu-treniruokliai","7":"product_cat-prime-series-laisvu-svoriu-treniruokliai","9":"first","10":"instock","11":"shipping-taxable","12":"purchasable","13":"product-type-simple"},"acf":[],"_links":{"self":[{"href":"https:\/\/store.evolve-fitness.eu\/lt\/wp-json\/wp\/v2\/product\/115662","targetHints":{"allow":["GET"]}}],"collection":[{"href":"https:\/\/store.evolve-fitness.eu\/lt\/wp-json\/wp\/v2\/product"}],"about":[{"href":"https:\/\/store.evolve-fitness.eu\/lt\/wp-json\/wp\/v2\/types\/product"}],"wp:featuredmedia":[{"embeddable":true,"href":"https:\/\/store.evolve-fitness.eu\/lt\/wp-json\/wp\/v2\/media\/115699"}],"wp:attachment":[{"href":"https:\/\/store.evolve-fitness.eu\/lt\/wp-json\/wp\/v2\/media?parent=115662"}],"wp:term":[{"taxonomy":"product_cat","embeddable":true,"href":"https:\/\/store.evolve-fitness.eu\/lt\/wp-json\/wp\/v2\/product_cat?post=115662"},{"taxonomy":"product_tag","embeddable":true,"href":"https:\/\/store.evolve-fitness.eu\/lt\/wp-json\/wp\/v2\/product_tag?post=115662"}],"curies":[{"name":"wp","href":"https:\/\/api.w.org\/{rel}","templated":true}]}}