{"id":115512,"date":"2025-03-10T07:29:56","date_gmt":"2025-03-10T07:29:56","guid":{"rendered":"https:\/\/store.evolve-fitness.eu\/?post_type=product&#038;p=115512"},"modified":"2025-04-04T06:24:42","modified_gmt":"2025-04-04T06:24:42","slug":"evolve-prime-series-plokstes-pakrauta-skverno-iskyla","status":"publish","type":"product","link":"https:\/\/store.evolve-fitness.eu\/lt\/produktas\/evolve-prime-series-plokstes-pakrauta-skverno-iskyla\/","title":{"rendered":"&#8222;Evolve Prime Series&#8221; plok\u0161t\u0117s pakrauta skverno i\u0161kyla"},"content":{"rendered":"\n<section class=\"wp-block-group alignfull black-content has-white-color has-darkgray-background-color has-text-color has-background is-layout-constrained wp-block-group-is-layout-constrained\" style=\"padding-top:var(--wp--preset--spacing--section-bottom);padding-bottom:var(--wp--preset--spacing--section-bottom)\">\n<h3 class=\"wp-block-heading has-text-align-center\"><strong><strong>EVOLIUCIONUOJA PLOK\u0160TEL\u0116 SU PAGRINDINE \u012eKROVA<\/strong><\/strong><\/h3>\n\n\n\n<p>&#8222;Evolve Plate Loaded Prime Series&#8221; gaminiuose meistri\u0161kumas yra standartas. Pagerinkite savo j\u0117gos treniruotes su treniruokliais, sukurtais patogiai, patvariai ir na\u0161iai. I\u0161nagrin\u0117kite vis\u0105 linij\u0105 \u0161iandien ir i\u0161 naujo apibr\u0117\u017ekite savo fitneso kelion\u0119.  <\/p>\n\n\n\n<section class=\"wp-block-group alignfull black-content has-white-color has-darkgray-background-color has-text-color has-background is-layout-constrained wp-block-group-is-layout-constrained\" style=\"padding-top:var(--wp--preset--spacing--section-bottom);padding-bottom:var(--wp--preset--spacing--section-bottom)\">\n<div class=\"wp-block-columns alignwide mobile-reverse is-layout-flex wp-container-core-columns-is-layout-ca64bf2d wp-block-columns-is-layout-flex\" style=\"margin-bottom:var(--wp--preset--spacing--side-padding)\">\n<div class=\"wp-block-column is-vertically-aligned-center is-layout-flow wp-block-column-is-layout-flow\">\n<h3 class=\"wp-block-heading\" style=\"margin-bottom:var(--wp--preset--spacing--h-3-bottom)\"><strong><strong><strong><strong><strong>&#8222;Evolve Prime Series&#8221; plok\u0161t\u0117s pakrauta skverno i\u0161kyla<\/strong><\/strong><\/strong><\/strong><\/strong><\/h3>\n\n\n\n<p><em><strong><em><strong>Stiprinkite koj\u0173 j\u0117g\u0105 naudodami dinamin\u0119 prit\u016bpim\u0173 ir atsilenkim\u0173 treniruot\u0119<\/strong><\/em><\/strong><\/em><\/p>\n\n\n\n<p style=\"margin-bottom:var(--wp--preset--spacing--tb-section-padding)\">&#8221; <strong>Evolve Prime&#8221; serijos treniruoklis &#8222;Squat Lunge&#8221;<\/strong> yra universalus apatin\u0117s k\u016bno dalies treniruoklis, skirtas maksimaliai padidinti j\u0117g\u0105, stabilum\u0105 ir raumen\u0173 aktyvinim\u0105. Naudodami plok\u0161tele apkraut\u0105 pasiprie\u0161inimo sistem\u0105, naudotojai gali atlikti prit\u016bpimus ir atsilenkimus kontroliuojamais judesiais ir optimalia biomechanika. Ergonomi\u0161ka p\u0117da ir tvirtas r\u0117mas u\u017etikrina tinkam\u0105 pad\u0117t\u012f, suma\u017eina s\u0105nari\u0173 apkrov\u0105 ir kartu efektyviai veikia keturgalvius, s\u0117dmenis ir \u0161launies raumenis. \u0160is treniruoklis idealiai tinka progresyvioms j\u0117gos treniruot\u0117ms, tod\u0117l juo galima efektyviai ugdyti apatin\u0117s k\u016bno dalies j\u0117g\u0105 ir i\u0161tverm\u0119.   <\/p>\n\n\n\n<h3 class=\"wp-block-heading\" style=\"margin-bottom:var(--wp--preset--spacing--h-3-bottom)\"><strong><strong><strong><strong><strong>Galingas apatin\u0117s k\u016bno dalies vystymasis<\/strong><\/strong><\/strong><\/strong><\/strong><\/h3>\n\n\n\n<p><strong><em><strong>Tiksliai suprojektuotas, kad b\u016bt\u0173 tvirtas ir stabilus<\/strong><\/em><\/strong><\/p>\n\n\n\n<p>&#8221; <strong>Evolve Prime Series&#8221;<\/strong> treniruoklyje &#8221; <strong>Squat Lunge&#8221; su plok\u0161tele<\/strong> derinami dviej\u0173 pagrindini\u0173 apatin\u0117s k\u016bno dalies pratim\u0173 &#8211; prit\u016bpim\u0173 ir atsilenkim\u0173 &#8211; privalumai. Jo konstrukcija su plok\u0161tel\u0117mis leid\u017eia reguliuoti pasiprie\u0161inim\u0105, tod\u0117l jis tinka visiems fizinio pasirengimo lygiams. Kampu pakreipta p\u0117d\u0173 platforma skatina tinkam\u0105 biomechanik\u0105, o vedamas jud\u0117jimo kelias padidina saugum\u0105 ir kontrol\u0119. Nesvarbu, ar daugiausia d\u0117mesio skiriate j\u0117gai, raumen\u0173 hipertrofijai, ar funkcinei treniruotei, \u0161is treniruoklis u\u017etikrina i\u0161skirtinius rezultatus, tod\u0117l yra vertingas bet kurios sporto sal\u0117s priedas.   <\/p>\n<\/div>\n\n\n\n<div class=\"wp-block-column is-vertically-aligned-center is-layout-flow wp-block-column-is-layout-flow\">\n<figure class=\"wp-block-image size-large\"><img loading=\"lazy\" decoding=\"async\" width=\"1024\" height=\"1024\" src=\"https:\/\/store.evolve-fitness.eu\/wp-content\/uploads\/2025\/03\/EV-PL-PR-008-Evolve-Prime-Series-Plate-Loaded-Squat-Lunge-Recovered-1024x1024.png\" alt=\"\" class=\"wp-image-115535\" srcset=\"https:\/\/store.evolve-fitness.eu\/wp-content\/uploads\/2025\/03\/EV-PL-PR-008-Evolve-Prime-Series-Plate-Loaded-Squat-Lunge-Recovered-1024x1024.png 1024w, https:\/\/store.evolve-fitness.eu\/wp-content\/uploads\/2025\/03\/EV-PL-PR-008-Evolve-Prime-Series-Plate-Loaded-Squat-Lunge-Recovered-300x300.png 300w, https:\/\/store.evolve-fitness.eu\/wp-content\/uploads\/2025\/03\/EV-PL-PR-008-Evolve-Prime-Series-Plate-Loaded-Squat-Lunge-Recovered-150x150.png 150w, https:\/\/store.evolve-fitness.eu\/wp-content\/uploads\/2025\/03\/EV-PL-PR-008-Evolve-Prime-Series-Plate-Loaded-Squat-Lunge-Recovered-768x768.png 768w, https:\/\/store.evolve-fitness.eu\/wp-content\/uploads\/2025\/03\/EV-PL-PR-008-Evolve-Prime-Series-Plate-Loaded-Squat-Lunge-Recovered-1536x1536.png 1536w, https:\/\/store.evolve-fitness.eu\/wp-content\/uploads\/2025\/03\/EV-PL-PR-008-Evolve-Prime-Series-Plate-Loaded-Squat-Lunge-Recovered-2048x2048.png 2048w, https:\/\/store.evolve-fitness.eu\/wp-content\/uploads\/2025\/03\/EV-PL-PR-008-Evolve-Prime-Series-Plate-Loaded-Squat-Lunge-Recovered-600x600.png 600w, https:\/\/store.evolve-fitness.eu\/wp-content\/uploads\/2025\/03\/EV-PL-PR-008-Evolve-Prime-Series-Plate-Loaded-Squat-Lunge-Recovered-100x100.png 100w\" sizes=\"auto, (max-width: 1024px) 100vw, 1024px\" \/><\/figure>\n<\/div>\n<\/div>\n<\/section>\n<\/section>\n","protected":false},"excerpt":{"rendered":"<p>&#8222;Evolve Prime&#8221; serijos treniruoklis &#8222;Squat Lunge&#8221; yra universalus apatin\u0117s k\u016bno dalies treniruoklis, skirtas maksimaliai padidinti j\u0117g\u0105, stabilum\u0105 ir raumen\u0173 aktyvinim\u0105. Naudodami plok\u0161tele apkraut\u0105 pasiprie\u0161inimo sistem\u0105, naudotojai gali atlikti prit\u016bpimus ir atsilenkimus kontroliuojamais judesiais ir optimalia biomechanika. Ergonomi\u0161ka p\u0117da ir tvirtas r\u0117mas u\u017etikrina tinkam\u0105 pad\u0117t\u012f, suma\u017eina s\u0105nari\u0173 apkrov\u0105 ir kartu efektyviai veikia keturgalvius, s\u0117dmenis ir \u0161launies raumenis. \u0160is treniruoklis idealiai tinka progresyvioms j\u0117gos treniruot\u0117ms, tod\u0117l juo galima efektyviai ugdyti apatin\u0117s k\u016bno dalies j\u0117g\u0105 ir i\u0161tverm\u0119.   <\/p>\n","protected":false},"featured_media":115549,"template":"","meta":{"_acf_changed":false,"inline_featured_image":false},"product_cat":[129,226],"product_tag":[],"class_list":{"0":"post-115512","1":"product","2":"type-product","3":"status-publish","4":"has-post-thumbnail","6":"product_cat-laisvu-svoriu-treniruokliai","7":"product_cat-prime-series-laisvu-svoriu-treniruokliai","9":"first","10":"instock","11":"shipping-taxable","12":"purchasable","13":"product-type-simple"},"acf":[],"_links":{"self":[{"href":"https:\/\/store.evolve-fitness.eu\/lt\/wp-json\/wp\/v2\/product\/115512","targetHints":{"allow":["GET"]}}],"collection":[{"href":"https:\/\/store.evolve-fitness.eu\/lt\/wp-json\/wp\/v2\/product"}],"about":[{"href":"https:\/\/store.evolve-fitness.eu\/lt\/wp-json\/wp\/v2\/types\/product"}],"wp:featuredmedia":[{"embeddable":true,"href":"https:\/\/store.evolve-fitness.eu\/lt\/wp-json\/wp\/v2\/media\/115549"}],"wp:attachment":[{"href":"https:\/\/store.evolve-fitness.eu\/lt\/wp-json\/wp\/v2\/media?parent=115512"}],"wp:term":[{"taxonomy":"product_cat","embeddable":true,"href":"https:\/\/store.evolve-fitness.eu\/lt\/wp-json\/wp\/v2\/product_cat?post=115512"},{"taxonomy":"product_tag","embeddable":true,"href":"https:\/\/store.evolve-fitness.eu\/lt\/wp-json\/wp\/v2\/product_tag?post=115512"}],"curies":[{"name":"wp","href":"https:\/\/api.w.org\/{rel}","templated":true}]}}