{"id":115209,"date":"2025-03-10T07:08:12","date_gmt":"2025-03-10T07:08:12","guid":{"rendered":"https:\/\/store.evolve-fitness.eu\/?post_type=product&#038;p=115209"},"modified":"2025-04-04T06:25:30","modified_gmt":"2025-04-04T06:25:30","slug":"evolve-prime-series-plokste-pakrauta-lat-pull-down","status":"publish","type":"product","link":"https:\/\/store.evolve-fitness.eu\/lt\/produktas\/evolve-prime-series-plokste-pakrauta-lat-pull-down\/","title":{"rendered":"&#8222;Evolve Prime Series&#8221; plok\u0161t\u0117 pakrauta lat pull down"},"content":{"rendered":"\n<section class=\"wp-block-group alignfull black-content has-white-color has-darkgray-background-color has-text-color has-background is-layout-constrained wp-block-group-is-layout-constrained\" style=\"padding-top:var(--wp--preset--spacing--section-bottom);padding-bottom:var(--wp--preset--spacing--section-bottom)\">\n<h3 class=\"wp-block-heading has-text-align-center\"><strong><strong>EVOLIUCIONUOJA PLOK\u0160TEL\u0116 SU PAGRINDINE \u012eKROVA<\/strong><\/strong><\/h3>\n\n\n\n<p>&#8222;Evolve Plate Loaded Prime Series&#8221; gaminiuose meistri\u0161kumas yra standartas. Pagerinkite savo j\u0117gos treniruotes su treniruokliais, sukurtais patogiai, patvariai ir na\u0161iai. I\u0161nagrin\u0117kite vis\u0105 linij\u0105 \u0161iandien ir i\u0161 naujo apibr\u0117\u017ekite savo fitneso kelion\u0119.  <\/p>\n\n\n\n<section class=\"wp-block-group alignfull black-content has-white-color has-darkgray-background-color has-text-color has-background is-layout-constrained wp-block-group-is-layout-constrained\" style=\"padding-top:var(--wp--preset--spacing--section-bottom);padding-bottom:var(--wp--preset--spacing--section-bottom)\">\n<div class=\"wp-block-columns alignwide mobile-reverse is-layout-flex wp-container-core-columns-is-layout-ca64bf2d wp-block-columns-is-layout-flex\" style=\"margin-bottom:var(--wp--preset--spacing--side-padding)\">\n<div class=\"wp-block-column is-vertically-aligned-center is-layout-flow wp-block-column-is-layout-flow\">\n<h3 class=\"wp-block-heading\" style=\"margin-bottom:var(--wp--preset--spacing--h-3-bottom)\"><strong><strong><strong><strong>Auk\u0161\u010diausios kokyb\u0117s j\u0117gos treniruot\u0117s, skirtos galingai nugaros pl\u0117trai<\/strong><\/strong><\/strong><\/strong><\/h3>\n\n\n\n<p style=\"margin-bottom:var(--wp--preset--spacing--tb-section-padding)\">&#8221; <strong>Evolve Prime Series&#8221; plok\u0161tel\u0117mis apkrautas Lat Pulldown<\/strong> treniruoklis sukurtas taip, kad optimaliai \u012fdarbint\u0173 nugar\u0105 ir u\u017etikrint\u0173 skland\u0173 bei kontroliuojam\u0105 judes\u012f, kuris efektyviai aktyvuoja lat\u0117s raumenis. \u0160is treniruoklis turi tvirt\u0105 r\u0117m\u0105, ergonomi\u0161k\u0105 s\u0117dyn\u0119 ir plok\u0161teli\u0173 pasiprie\u0161inimo sistem\u0105, tod\u0117l jo intensyvumas gali b\u016bti pritaikomas visiems fizinio pasirengimo lygiams. Biomechani\u0161kai optimizuota konstrukcija u\u017etikrina maksimal\u0173 judesi\u0173 diapazon\u0105, i\u0161laikant stabilum\u0105 ir komfort\u0105. Idealiai tinkantis stiprinant tiesiosios rankos raumenis, trapecinius raumenis ir pe\u010dius, \u0161is lat pulldown treniruoklis yra b\u016btinas rimtoms j\u0117gos treniruot\u0117ms.   <\/p>\n\n\n\n<h3 class=\"wp-block-heading\" style=\"margin-bottom:var(--wp--preset--spacing--h-3-bottom)\"><strong><strong><strong><strong><strong>Tiksliai nukreipkite savo kr\u016btin\u0117s liemen\u012f<\/strong><\/strong><\/strong><\/strong><\/strong><\/h3>\n\n\n\n<p><strong><em><strong>Efektyvus plok\u0161\u010di\u0173 pasiprie\u0161inimas, u\u017etikrinantis neprilygstam\u0105 na\u0161um\u0105<\/strong><\/em><\/strong><\/p>\n\n\n\n<p>&#8221; <strong>Evolve Prime Series&#8221; &#8222;Plate Loaded Lat Pulldown<\/strong> &#8221; si\u016blo profesionali\u0105 treniruo\u010di\u0173 patirt\u012f d\u0117l sklandaus, nat\u016bralaus traukimo judesio. Nepriklausoma rank\u0173 konstrukcija skatina subalansuot\u0105 raumen\u0173 vystym\u0105si, o reguliuojamos \u0161laun\u0173 pagalv\u0117l\u0117s u\u017etikrina saug\u0173 ir patog\u0173 prisitvirtinim\u0105 atliekant sunkius pak\u0117limus. \u0160is treniruoklis sukurtas siekiant didelio na\u0161umo, tod\u0117l naudotojai gali tiksliai sureguliuoti pasiprie\u0161inim\u0105 naudodami svorio plok\u0161tes, tod\u0117l jis tinka laipsni\u0161kos perkrovos treniruot\u0117ms. Nesvarbu, ar norite sustiprinti nugaros j\u0117g\u0105, ar pagerinti vir\u0161utin\u0117s k\u016bno dalies estetik\u0105, \u0161is lat pulldown treniruoklis u\u017etikrina auk\u0161\u010diausio lygio rezultatus.   <\/p>\n<\/div>\n\n\n\n<div class=\"wp-block-column is-vertically-aligned-center is-layout-flow wp-block-column-is-layout-flow\">\n<figure class=\"wp-block-image size-large\"><img loading=\"lazy\" decoding=\"async\" width=\"1024\" height=\"1024\" src=\"https:\/\/store.evolve-fitness.eu\/wp-content\/uploads\/2025\/03\/EV-PL-PR-002-Evolve-Prime-Series-Plate-Loaded-Lat-Pull-Down-3-1024x1024.png\" alt=\"\" class=\"wp-image-120352\" srcset=\"https:\/\/store.evolve-fitness.eu\/wp-content\/uploads\/2025\/03\/EV-PL-PR-002-Evolve-Prime-Series-Plate-Loaded-Lat-Pull-Down-3-1024x1024.png 1024w, https:\/\/store.evolve-fitness.eu\/wp-content\/uploads\/2025\/03\/EV-PL-PR-002-Evolve-Prime-Series-Plate-Loaded-Lat-Pull-Down-3-300x300.png 300w, https:\/\/store.evolve-fitness.eu\/wp-content\/uploads\/2025\/03\/EV-PL-PR-002-Evolve-Prime-Series-Plate-Loaded-Lat-Pull-Down-3-150x150.png 150w, https:\/\/store.evolve-fitness.eu\/wp-content\/uploads\/2025\/03\/EV-PL-PR-002-Evolve-Prime-Series-Plate-Loaded-Lat-Pull-Down-3-768x768.png 768w, https:\/\/store.evolve-fitness.eu\/wp-content\/uploads\/2025\/03\/EV-PL-PR-002-Evolve-Prime-Series-Plate-Loaded-Lat-Pull-Down-3-1536x1536.png 1536w, https:\/\/store.evolve-fitness.eu\/wp-content\/uploads\/2025\/03\/EV-PL-PR-002-Evolve-Prime-Series-Plate-Loaded-Lat-Pull-Down-3-2048x2048.png 2048w, https:\/\/store.evolve-fitness.eu\/wp-content\/uploads\/2025\/03\/EV-PL-PR-002-Evolve-Prime-Series-Plate-Loaded-Lat-Pull-Down-3-600x600.png 600w, https:\/\/store.evolve-fitness.eu\/wp-content\/uploads\/2025\/03\/EV-PL-PR-002-Evolve-Prime-Series-Plate-Loaded-Lat-Pull-Down-3-100x100.png 100w\" sizes=\"auto, (max-width: 1024px) 100vw, 1024px\" \/><\/figure>\n<\/div>\n<\/div>\n<\/section>\n<\/section>\n","protected":false},"excerpt":{"rendered":"<p>&#8222;Evolve Prime Series&#8221; plok\u0161tel\u0117mis apkrautas Lat Pulldown treniruoklis sukurtas taip, kad optimaliai \u012fdarbint\u0173 nugar\u0105 ir u\u017etikrint\u0173 skland\u0173 bei kontroliuojam\u0105 judes\u012f, kuris efektyviai aktyvuoja lat\u0117s raumenis. \u0160is treniruoklis turi tvirt\u0105 r\u0117m\u0105, ergonomi\u0161k\u0105 s\u0117dyn\u0119 ir plok\u0161teli\u0173 pasiprie\u0161inimo sistem\u0105, tod\u0117l jo intensyvum\u0105 galima pritaikyti visiems fizinio pasirengimo lygiams. Biomechani\u0161kai optimizuota konstrukcija u\u017etikrina maksimal\u0173 judesi\u0173 diapazon\u0105, i\u0161laikant stabilum\u0105 ir komfort\u0105. Idealiai tinkantis stiprinant tiesiosios rankos raumenis, trapecinius raumenis ir pe\u010dius, \u0161is lat pulldown treniruoklis yra b\u016btinas rimtoms j\u0117gos treniruot\u0117ms.   <\/p>\n","protected":false},"featured_media":120341,"template":"","meta":{"_acf_changed":false,"inline_featured_image":false},"product_cat":[129,226],"product_tag":[],"class_list":{"0":"post-115209","1":"product","2":"type-product","3":"status-publish","4":"has-post-thumbnail","6":"product_cat-laisvu-svoriu-treniruokliai","7":"product_cat-prime-series-laisvu-svoriu-treniruokliai","9":"first","10":"instock","11":"shipping-taxable","12":"purchasable","13":"product-type-simple"},"acf":[],"_links":{"self":[{"href":"https:\/\/store.evolve-fitness.eu\/lt\/wp-json\/wp\/v2\/product\/115209","targetHints":{"allow":["GET"]}}],"collection":[{"href":"https:\/\/store.evolve-fitness.eu\/lt\/wp-json\/wp\/v2\/product"}],"about":[{"href":"https:\/\/store.evolve-fitness.eu\/lt\/wp-json\/wp\/v2\/types\/product"}],"wp:featuredmedia":[{"embeddable":true,"href":"https:\/\/store.evolve-fitness.eu\/lt\/wp-json\/wp\/v2\/media\/120341"}],"wp:attachment":[{"href":"https:\/\/store.evolve-fitness.eu\/lt\/wp-json\/wp\/v2\/media?parent=115209"}],"wp:term":[{"taxonomy":"product_cat","embeddable":true,"href":"https:\/\/store.evolve-fitness.eu\/lt\/wp-json\/wp\/v2\/product_cat?post=115209"},{"taxonomy":"product_tag","embeddable":true,"href":"https:\/\/store.evolve-fitness.eu\/lt\/wp-json\/wp\/v2\/product_tag?post=115209"}],"curies":[{"name":"wp","href":"https:\/\/api.w.org\/{rel}","templated":true}]}}