{"id":114679,"date":"2025-03-07T14:20:26","date_gmt":"2025-03-07T14:20:26","guid":{"rendered":"https:\/\/store.evolve-fitness.eu\/?post_type=product&#038;p=114679"},"modified":"2025-10-08T09:05:59","modified_gmt":"2025-10-08T09:05:59","slug":"evolve-ultra-series-laisvu-svoriu-sedmenu-klubu-treniruoklis-su-dirzu-ul-315","status":"publish","type":"product","link":"https:\/\/store.evolve-fitness.eu\/lt\/produktas\/evolve-ultra-series-laisvu-svoriu-sedmenu-klubu-treniruoklis-su-dirzu-ul-315\/","title":{"rendered":"Evolve Ultra Series laisv\u0173 svori\u0173 s\u0117dmen\u0173\/klub\u0173 treniruoklis su dir\u017eu (UL-315)"},"content":{"rendered":"","protected":false},"excerpt":{"rendered":"<p>Maksimaliai pagerinkite s\u0117dmen\u0173 ir apatin\u0117s k\u016bno dalies treniruotes naudodami Evolve Ultra Series klub\u0173 traukos treniruokl\u012f su dir\u017eu. \u0160is treniruoklis skirtas tiek pradedantiesiems, tiek pa\u017eengusiems sportininkams, jis u\u017etikrina saug\u0173 ir veiksming\u0105 b\u016bd\u0105 stiprinti j\u0117g\u0105, gali\u0105 ir raumen\u0173 apibr\u0117\u017etum\u0105. Pasiprie\u0161inimo sistema su dir\u017eu u\u017etikrina optimal\u0173 komfort\u0105 ir stabilum\u0105, kartu suma\u017eindama apatin\u0117s nugaros dalies apkrov\u0105, tod\u0117l \u0161is treniruoklis yra puikus pasirinkimas laipsni\u0161kai perkrovai ir funkcin\u0117ms treniruot\u0117ms.<\/p>\n","protected":false},"featured_media":114716,"template":"","meta":{"_acf_changed":true,"inline_featured_image":false},"product_cat":[129,130],"product_tag":[],"class_list":{"0":"post-114679","1":"product","2":"type-product","3":"status-publish","4":"has-post-thumbnail","6":"product_cat-laisvu-svoriu-treniruokliai","7":"product_cat-ultra-series-laisvu-svoriu-treniruokliai","9":"first","10":"instock","11":"shipping-taxable","12":"purchasable","13":"product-type-simple"},"acf":[],"_links":{"self":[{"href":"https:\/\/store.evolve-fitness.eu\/lt\/wp-json\/wp\/v2\/product\/114679","targetHints":{"allow":["GET"]}}],"collection":[{"href":"https:\/\/store.evolve-fitness.eu\/lt\/wp-json\/wp\/v2\/product"}],"about":[{"href":"https:\/\/store.evolve-fitness.eu\/lt\/wp-json\/wp\/v2\/types\/product"}],"wp:featuredmedia":[{"embeddable":true,"href":"https:\/\/store.evolve-fitness.eu\/lt\/wp-json\/wp\/v2\/media\/114716"}],"wp:attachment":[{"href":"https:\/\/store.evolve-fitness.eu\/lt\/wp-json\/wp\/v2\/media?parent=114679"}],"wp:term":[{"taxonomy":"product_cat","embeddable":true,"href":"https:\/\/store.evolve-fitness.eu\/lt\/wp-json\/wp\/v2\/product_cat?post=114679"},{"taxonomy":"product_tag","embeddable":true,"href":"https:\/\/store.evolve-fitness.eu\/lt\/wp-json\/wp\/v2\/product_tag?post=114679"}],"curies":[{"name":"wp","href":"https:\/\/api.w.org\/{rel}","templated":true}]}}