{"id":108974,"date":"2025-02-11T07:22:33","date_gmt":"2025-02-11T07:22:33","guid":{"rendered":"https:\/\/store.evolve-fitness.eu\/?post_type=product&#038;p=108974"},"modified":"2025-03-27T08:29:26","modified_gmt":"2025-03-27T08:29:26","slug":"evolve-complete-home-rig-1","status":"publish","type":"product","link":"https:\/\/store.evolve-fitness.eu\/lt\/produktas\/evolve-complete-home-rig-1\/","title":{"rendered":"&#8222;Evolve Complete Home Rig"},"content":{"rendered":"","protected":false},"excerpt":{"rendered":"<p>Pakeiskite treniruotes namuose naudodami vis\u0105 treniruokl\u012f, kuris pasi\u017eymi neprilygstamu universalumu, ilgaam\u017ei\u0161kumu ir na\u0161umu. Sukurta j\u0117gos treniruo\u010di\u0173 entuziastams, \u0161i &#8222;viskas viename&#8221; sistema palaiko daugyb\u0119 pratim\u0173 &#8211; nuo prit\u016bpim\u0173 ir atsispaudim\u0173 ant suoliuko iki prisitraukim\u0173 ir funkcini\u0173 treniruo\u010di\u0173. D\u0117l pritaikom\u0173 pried\u0173 ir reguliuojamo auk\u0161\u010dio ji prisitaiko prie skirting\u0173 fizinio pasirengimo lygi\u0173, u\u017etikrindama optimali\u0105 ergonomik\u0105 ir saugum\u0105. Pagaminta i\u0161 didelio atsparumo plieno ir kompakti\u0161ko, bet erdvaus dizaino, \u0161i platforma padidina treniruo\u010di\u0173 efektyvum\u0105, i\u0161laikydama stabilum\u0105 atliekant sunkius pak\u0117limus. Nesvarbu, ar daugiausia d\u0117mesio skiriate j\u0117gai, i\u0161tvermei, ar funkciniam fitnesui, \u0161is treniruoklis &#8211; tai j\u016bs\u0173 universalus sprendimas profesionaliai nam\u0173 sporto salei.<\/p>\n","protected":false},"featured_media":114589,"template":"","meta":{"_acf_changed":false,"inline_featured_image":false},"product_cat":[117,119,149],"product_tag":[],"class_list":{"0":"post-108974","1":"product","2":"type-product","3":"status-publish","4":"has-post-thumbnail","6":"product_cat-pagrindinis-puslapis","7":"product_cat-kryzminis-ir-funkcinis","8":"product_cat-visiskai-sukomplektuotos-platformu-sarankos","10":"first","11":"instock","12":"shipping-taxable","13":"purchasable","14":"product-type-simple"},"acf":[],"_links":{"self":[{"href":"https:\/\/store.evolve-fitness.eu\/lt\/wp-json\/wp\/v2\/product\/108974","targetHints":{"allow":["GET"]}}],"collection":[{"href":"https:\/\/store.evolve-fitness.eu\/lt\/wp-json\/wp\/v2\/product"}],"about":[{"href":"https:\/\/store.evolve-fitness.eu\/lt\/wp-json\/wp\/v2\/types\/product"}],"wp:featuredmedia":[{"embeddable":true,"href":"https:\/\/store.evolve-fitness.eu\/lt\/wp-json\/wp\/v2\/media\/114589"}],"wp:attachment":[{"href":"https:\/\/store.evolve-fitness.eu\/lt\/wp-json\/wp\/v2\/media?parent=108974"}],"wp:term":[{"taxonomy":"product_cat","embeddable":true,"href":"https:\/\/store.evolve-fitness.eu\/lt\/wp-json\/wp\/v2\/product_cat?post=108974"},{"taxonomy":"product_tag","embeddable":true,"href":"https:\/\/store.evolve-fitness.eu\/lt\/wp-json\/wp\/v2\/product_tag?post=108974"}],"curies":[{"name":"wp","href":"https:\/\/api.w.org\/{rel}","templated":true}]}}