{"id":106284,"date":"2025-02-10T14:25:45","date_gmt":"2025-02-10T14:25:45","guid":{"rendered":"https:\/\/store.evolve-fitness.eu\/?post_type=product&#038;p=106284"},"modified":"2025-10-13T08:07:01","modified_gmt":"2025-10-13T08:07:01","slug":"evolve-prime-series-plokstes-pakrauta-plati-krutines-lasta","status":"publish","type":"product","link":"https:\/\/store.evolve-fitness.eu\/lt\/produktas\/evolve-prime-series-plokstes-pakrauta-plati-krutines-lasta\/","title":{"rendered":"Evolve Prime Series laisv\u0173 svori\u0173 platus kr\u016btin\u0117s spaudimo treniruoklis"},"content":{"rendered":"\n<section class=\"wp-block-group alignfull black-content has-white-color has-darkgray-background-color has-text-color has-background is-layout-constrained wp-block-group-is-layout-constrained\" style=\"padding-top:var(--wp--preset--spacing--section-bottom);padding-bottom:var(--wp--preset--spacing--section-bottom)\">\n<h3 class=\"wp-block-heading has-text-align-center\"><strong><strong>Evoliucionuojanti laisv\u0173 svori\u0173 \u012franga<\/strong><\/strong><\/h3>\n\n\n\n<p>Evolve Plate Loaded Prime Series gaminiuose meistri\u0161kumas yra standartas. Pagerinkite savo j\u0117gos treniruotes su treniruokliais, sukurtais patogiai, patvariai ir na\u0161iai. I\u0161nagrin\u0117kite vis\u0105 linij\u0105 \u0161iandien ir i\u0161 naujo apibr\u0117\u017ekite savo fitneso kelion\u0119.<\/p>\n\n\n\n<section class=\"wp-block-group alignfull black-content has-white-color has-darkgray-background-color has-text-color has-background is-layout-constrained wp-block-group-is-layout-constrained\" style=\"padding-top:var(--wp--preset--spacing--section-bottom);padding-bottom:var(--wp--preset--spacing--section-bottom)\">\n<div class=\"wp-block-columns alignwide mobile-reverse is-layout-flex wp-container-core-columns-is-layout-ca64bf2d wp-block-columns-is-layout-flex\" style=\"margin-bottom:var(--wp--preset--spacing--side-padding)\">\n<div class=\"wp-block-column is-vertically-aligned-center is-layout-flow wp-block-column-is-layout-flow\">\n<h3 class=\"wp-block-heading\" style=\"margin-bottom:var(--wp--preset--spacing--h-3-bottom)\"><strong><strong><strong>Novatori\u0161kas dizainas maksimaliam kr\u016btin\u0117s l\u0105stos i\u0161vystymui<\/strong><\/strong><\/strong><\/h3>\n\n\n\n<p style=\"margin-bottom:var(--wp--preset--spacing--tb-section-padding)\">Evolve Prime Series Evolve Prime Series laisv\u0173 svori\u0173 platus kr\u016btin\u0117s spaudimo treniruoklis skirtas vir\u0161utinei k\u016bno daliai treniruoti, tiksliai ir efektyviai treniruojant kr\u016btin\u0117s raumenis. Ergonomi\u0161kos pla\u010dios rankenos u\u017etikrina nat\u016bral\u0173 judesi\u0173 keli\u0105, kuris stimuliuoja kr\u016btin\u0117s raumenis ir kartu ma\u017eina pe\u010di\u0173 ir s\u0105nari\u0173 apkrov\u0105. Plok\u0161t\u0117s konstrukcija leid\u017eia reguliuoti pasiprie\u0161inim\u0105, tod\u0117l idealiai tinka vis\u0173 fizinio pasirengimo lygi\u0173 naudotojams. \u0160is tvirtas \u012frenginys turi tvirt\u0105 r\u0117m\u0105 su auk\u0161\u010diausios kokyb\u0117s pamink\u0161tinimu, kuris u\u017etikrina ir patogum\u0105, ir patvarum\u0105, tod\u0117l galima intensyviai treniruotis sporto sal\u0117je arba namuose.<\/p>\n\n\n\n<h3 class=\"wp-block-heading\" style=\"margin-bottom:var(--wp--preset--spacing--h-3-bottom)\"><strong><strong><strong><strong><strong>Patobulintas veikimas ir pritaikymas<\/strong><\/strong><\/strong><\/strong><\/strong><\/h3>\n\n\n\n<p>Evolve Prime Series laisv\u0173 svori\u0173 platus kr\u016btin\u0117s spaudimo treniruoklis sukurtas rimtiems j\u0117gos treneriams, tod\u0117l galima laisvai pritaikyti pasiprie\u0161inim\u0105 pagal individualius poreikius. Kampu pasvir\u0119s atlo\u0161as ir reguliuojama s\u0117dyn\u0117 u\u017etikrina tinkam\u0105 pad\u0117t\u012f, padeda naudotojams i\u0161laikyti optimali\u0105 laikysen\u0105, kad b\u016bt\u0173 tikslingai \u012fdarbinti raumenys ir pasiekta geresni\u0173 rezultat\u0173. \u0160i \u012franga pagaminta i\u0161 komercin\u0117s klas\u0117s med\u017eiag\u0173, tod\u0117l pasi\u017eymi ypatingu stabilumu ir ilgaam\u017ei\u0161kumu net ir da\u017enai naudojant. Nesvarbu, ar norite didinti raumen\u0173 mas\u0119, ar tonizuoti kr\u016btin\u0119, \u0161is treniruoklis d\u0117l savo vientiso funkcionalumo ir modernios estetikos yra b\u016btinas bet kurios treniruokli\u0173 sal\u0117s priedas.<\/p>\n<\/div>\n\n\n\n<div class=\"wp-block-column is-vertically-aligned-center is-layout-flow wp-block-column-is-layout-flow\">\n<figure class=\"wp-block-image size-large is-resized is-style-rounded\"><img loading=\"lazy\" decoding=\"async\" width=\"1024\" height=\"1024\" src=\"https:\/\/store.evolve-fitness.eu\/wp-content\/uploads\/2025\/02\/EV-PL-PR-007-Evolve-Prime-Series-Plate-Loaded-Wide-Chest-Press-6-1024x1024.png\" alt=\"\" class=\"wp-image-120757\" style=\"width:643px;height:706px\" srcset=\"https:\/\/store.evolve-fitness.eu\/wp-content\/uploads\/2025\/02\/EV-PL-PR-007-Evolve-Prime-Series-Plate-Loaded-Wide-Chest-Press-6-1024x1024.png 1024w, https:\/\/store.evolve-fitness.eu\/wp-content\/uploads\/2025\/02\/EV-PL-PR-007-Evolve-Prime-Series-Plate-Loaded-Wide-Chest-Press-6-300x300.png 300w, https:\/\/store.evolve-fitness.eu\/wp-content\/uploads\/2025\/02\/EV-PL-PR-007-Evolve-Prime-Series-Plate-Loaded-Wide-Chest-Press-6-150x150.png 150w, https:\/\/store.evolve-fitness.eu\/wp-content\/uploads\/2025\/02\/EV-PL-PR-007-Evolve-Prime-Series-Plate-Loaded-Wide-Chest-Press-6-768x768.png 768w, https:\/\/store.evolve-fitness.eu\/wp-content\/uploads\/2025\/02\/EV-PL-PR-007-Evolve-Prime-Series-Plate-Loaded-Wide-Chest-Press-6-1536x1536.png 1536w, https:\/\/store.evolve-fitness.eu\/wp-content\/uploads\/2025\/02\/EV-PL-PR-007-Evolve-Prime-Series-Plate-Loaded-Wide-Chest-Press-6-2048x2048.png 2048w, https:\/\/store.evolve-fitness.eu\/wp-content\/uploads\/2025\/02\/EV-PL-PR-007-Evolve-Prime-Series-Plate-Loaded-Wide-Chest-Press-6-600x600.png 600w, https:\/\/store.evolve-fitness.eu\/wp-content\/uploads\/2025\/02\/EV-PL-PR-007-Evolve-Prime-Series-Plate-Loaded-Wide-Chest-Press-6-100x100.png 100w\" sizes=\"auto, (max-width: 1024px) 100vw, 1024px\" \/><\/figure>\n<\/div>\n<\/div>\n<\/section>\n<\/section>\n","protected":false},"excerpt":{"rendered":"<p>Evolve Prime Series laisv\u0173 svori\u0173 platus kr\u016btin\u0117s spaudimo treniruoklis (EV-PL-PR-007) skirtas vir\u0161utinei k\u016bno daliai stiprinti, daugiausia d\u0117mesio skiriant kr\u016btin\u0117s raumenims su ergonomi\u0161ka, pla\u010dia ranken\u0173 sistema. D\u0117l reguliuojamo plok\u0161teli\u0173 apkrovos pasiprie\u0161inimo jis tinka visiems fizinio pasirengimo lygiams. Sukurtas atsi\u017evelgiant \u012f ilgaam\u017ei\u0161kum\u0105, turi tvirt\u0105 metalin\u012f r\u0117m\u0105, auk\u0161\u010diausios kokyb\u0117s pamink\u0161tinim\u0105 ir reguliuojam\u0105 s\u0117dyn\u0119, kad b\u016bt\u0173 u\u017etikrintas optimalus komfortas ir na\u0161umas. Kompakti\u0161kas \u0161io treniruoklio dizainas leid\u017eia j\u012f naudoti ir namuose, ir sporto sal\u0117je, u\u017etikrinant tiksling\u0105 raumen\u0173 \u012ftempim\u0105 ir geresn\u0119 laikysen\u0105 treniruo\u010di\u0173 metu.<\/p>\n","protected":false},"featured_media":120619,"template":"","meta":{"_acf_changed":true,"inline_featured_image":false},"product_cat":[117,129,226],"product_tag":[],"class_list":{"0":"post-106284","1":"product","2":"type-product","3":"status-publish","4":"has-post-thumbnail","6":"product_cat-pagrindinis-puslapis","7":"product_cat-laisvu-svoriu-treniruokliai","8":"product_cat-prime-series-laisvu-svoriu-treniruokliai","10":"first","11":"instock","12":"shipping-taxable","13":"purchasable","14":"product-type-simple"},"acf":[],"_links":{"self":[{"href":"https:\/\/store.evolve-fitness.eu\/lt\/wp-json\/wp\/v2\/product\/106284","targetHints":{"allow":["GET"]}}],"collection":[{"href":"https:\/\/store.evolve-fitness.eu\/lt\/wp-json\/wp\/v2\/product"}],"about":[{"href":"https:\/\/store.evolve-fitness.eu\/lt\/wp-json\/wp\/v2\/types\/product"}],"wp:featuredmedia":[{"embeddable":true,"href":"https:\/\/store.evolve-fitness.eu\/lt\/wp-json\/wp\/v2\/media\/120619"}],"wp:attachment":[{"href":"https:\/\/store.evolve-fitness.eu\/lt\/wp-json\/wp\/v2\/media?parent=106284"}],"wp:term":[{"taxonomy":"product_cat","embeddable":true,"href":"https:\/\/store.evolve-fitness.eu\/lt\/wp-json\/wp\/v2\/product_cat?post=106284"},{"taxonomy":"product_tag","embeddable":true,"href":"https:\/\/store.evolve-fitness.eu\/lt\/wp-json\/wp\/v2\/product_tag?post=106284"}],"curies":[{"name":"wp","href":"https:\/\/api.w.org\/{rel}","templated":true}]}}